{"id":4652,"date":"2026-04-01T20:29:00","date_gmt":"2026-04-01T20:29:00","guid":{"rendered":"http:\/\/limit-tools.local\/product\/laser-krzyzowy-z-zielona-wiazka-limit-1000-g\/"},"modified":"2026-04-01T20:29:00","modified_gmt":"2026-04-01T20:29:00","slug":"4652","status":"publish","type":"product","link":"https:\/\/limittools.test.consids5.se\/pl\/product\/4652\/","title":{"rendered":""},"content":{"rendered":"<p>Kompaktowy, lekki laser krzy\u017cowo-liniowy z zielonym promieniem, generuj\u0105cy jedn\u0105 lini\u0105 poziom\u0105 i jedn\u0105 pionow\u0105. Samopoziomuj\u0105cy, z magnetycznym t\u0142umieniem waha\u0144. Samopoziomowanie mo\u017cna wy\u0142\u0105czy\u0107, aby m\u00f3c wy\u015bwietla\u0107 lini\u0119 przechylon\u0105 pod dowolnym k\u0105tem. Mechaniczne blokowanie wahad\u0142a dzia\u0142a zar\u00f3wno jako wy\u0142\u0105cznik g\u0142\u00f3wny, jak i blokada transportowa. Dwie diody laserowe klasy 2M. Mo\u017cna u\u017cywa\u0107 do zawieszenia obraz\u00f3w, p\u00f3\u0142ek, szafek kuchennych, uk\u0142adania p\u0142ytek, budowy schod\u00f3w itp., w pomieszczeniach. Dostarczany w mi\u0119kkim futerale, z dwiema bateriami AA. Do akcesori\u00f3w 181120106, 200570109, 178680104 i 178690103 mo\u017ce by\u0107 potrzebny \u0142\u0105cznik po\u015bredni 181120205.<\/p>\n","protected":false},"excerpt":{"rendered":"Kompaktowy, lekki laser krzy\u017cowo-liniowy z zielonym promieniem, generuj\u0105cy jedn\u0105 lini\u0105 poziom\u0105 i jedn\u0105 pionow\u0105. Samopoziomuj\u0105cy, z magnetycznym t\u0142umieniem waha\u0144. Samopoziomowanie [&hellip;]","protected":false},"featured_media":0,"comment_status":"closed","ping_status":"closed","template":"","meta":{"_acf_changed":false},"product_cat":[282,441],"product_tag":[],"class_list":{"0":"post-4652","1":"product","2":"type-product","3":"status-publish","5":"product_cat-przyrzady-laserowe-pl","6":"product_cat-lasery-krzyzowe-pl","8":"first","9":"instock","10":"shipping-taxable","11":"product-type-simple"},"acf":[],"yoast_head":"<!-- This site is optimized with the Yoast SEO plugin v23.2 - https:\/\/yoast.com\/wordpress\/plugins\/seo\/ -->\n<title>- Precision measuring instruments | Limit<\/title>\n<meta name=\"robots\" content=\"index, follow, max-snippet:-1, max-image-preview:large, max-video-preview:-1\" \/>\n<link rel=\"canonical\" href=\"https:\/\/limittools.test.consids5.se\/pl\/product\/4652\/\" \/>\n<meta property=\"og:locale\" content=\"pl_PL\" \/>\n<meta property=\"og:type\" content=\"article\" \/>\n<meta property=\"og:title\" content=\"- Precision measuring instruments | Limit\" \/>\n<meta property=\"og:description\" content=\"Kompaktowy, lekki laser krzy\u017cowo-liniowy z zielonym promieniem, generuj\u0105cy jedn\u0105 lini\u0105 poziom\u0105 i jedn\u0105 pionow\u0105. Samopoziomuj\u0105cy, z magnetycznym t\u0142umieniem waha\u0144. Samopoziomowanie [&hellip;]\" \/>\n<meta property=\"og:url\" content=\"https:\/\/limittools.test.consids5.se\/pl\/product\/4652\/\" \/>\n<meta property=\"og:site_name\" content=\"Precision measuring instruments | Limit\" \/>\n<meta property=\"article:publisher\" content=\"https:\/\/www.facebook.com\/limittools\/\" \/>\n<meta name=\"twitter:card\" content=\"summary_large_image\" \/>\n<meta name=\"twitter:label1\" content=\"Est. reading time\" \/>\n\t<meta name=\"twitter:data1\" content=\"1 minute\" \/>\n<script type=\"application\/ld+json\" class=\"yoast-schema-graph\">{\"@context\":\"https:\/\/schema.org\",\"@graph\":[{\"@type\":\"WebPage\",\"@id\":\"https:\/\/limittools.test.consids5.se\/pl\/product\/4652\/\",\"url\":\"https:\/\/limittools.test.consids5.se\/pl\/product\/4652\/\",\"name\":\"- Precision measuring instruments | Limit\",\"isPartOf\":{\"@id\":\"https:\/\/limittools.test.consids5.se\/#website\"},\"datePublished\":\"2026-04-01T20:29:00+00:00\",\"dateModified\":\"2026-04-01T20:29:00+00:00\",\"inLanguage\":\"pl-PL\",\"potentialAction\":[{\"@type\":\"ReadAction\",\"target\":[\"https:\/\/limittools.test.consids5.se\/pl\/product\/4652\/\"]}]},{\"@type\":\"WebSite\",\"@id\":\"https:\/\/limittools.test.consids5.se\/#website\",\"url\":\"https:\/\/limittools.test.consids5.se\/\",\"name\":\"Precision measuring instruments | Limit\",\"description\":\"Everything can be measured\",\"potentialAction\":[{\"@type\":\"SearchAction\",\"target\":{\"@type\":\"EntryPoint\",\"urlTemplate\":\"https:\/\/limittools.test.consids5.se\/?s={search_term_string}\"},\"query-input\":\"required name=search_term_string\"}],\"inLanguage\":\"pl-PL\"}]}<\/script>\n<!-- \/ Yoast SEO plugin. -->","yoast_head_json":{"title":"- Precision measuring instruments | Limit","robots":{"index":"index","follow":"follow","max-snippet":"max-snippet:-1","max-image-preview":"max-image-preview:large","max-video-preview":"max-video-preview:-1"},"canonical":"https:\/\/limittools.test.consids5.se\/pl\/product\/4652\/","og_locale":"pl_PL","og_type":"article","og_title":"- Precision measuring instruments | Limit","og_description":"Kompaktowy, lekki laser krzy\u017cowo-liniowy z zielonym promieniem, generuj\u0105cy jedn\u0105 lini\u0105 poziom\u0105 i jedn\u0105 pionow\u0105. Samopoziomuj\u0105cy, z magnetycznym t\u0142umieniem waha\u0144. Samopoziomowanie [&hellip;]","og_url":"https:\/\/limittools.test.consids5.se\/pl\/product\/4652\/","og_site_name":"Precision measuring instruments | Limit","article_publisher":"https:\/\/www.facebook.com\/limittools\/","twitter_card":"summary_large_image","twitter_misc":{"Est. reading time":"1 minute"},"schema":{"@context":"https:\/\/schema.org","@graph":[{"@type":"WebPage","@id":"https:\/\/limittools.test.consids5.se\/pl\/product\/4652\/","url":"https:\/\/limittools.test.consids5.se\/pl\/product\/4652\/","name":"- Precision measuring instruments | Limit","isPartOf":{"@id":"https:\/\/limittools.test.consids5.se\/#website"},"datePublished":"2026-04-01T20:29:00+00:00","dateModified":"2026-04-01T20:29:00+00:00","inLanguage":"pl-PL","potentialAction":[{"@type":"ReadAction","target":["https:\/\/limittools.test.consids5.se\/pl\/product\/4652\/"]}]},{"@type":"WebSite","@id":"https:\/\/limittools.test.consids5.se\/#website","url":"https:\/\/limittools.test.consids5.se\/","name":"Precision measuring instruments | Limit","description":"Everything can be measured","potentialAction":[{"@type":"SearchAction","target":{"@type":"EntryPoint","urlTemplate":"https:\/\/limittools.test.consids5.se\/?s={search_term_string}"},"query-input":"required name=search_term_string"}],"inLanguage":"pl-PL"}]}},"_links":{"self":[{"href":"https:\/\/limittools.test.consids5.se\/pl\/wp-json\/wp\/v2\/product\/4652"}],"collection":[{"href":"https:\/\/limittools.test.consids5.se\/pl\/wp-json\/wp\/v2\/product"}],"about":[{"href":"https:\/\/limittools.test.consids5.se\/pl\/wp-json\/wp\/v2\/types\/product"}],"replies":[{"embeddable":true,"href":"https:\/\/limittools.test.consids5.se\/pl\/wp-json\/wp\/v2\/comments?post=4652"}],"wp:attachment":[{"href":"https:\/\/limittools.test.consids5.se\/pl\/wp-json\/wp\/v2\/media?parent=4652"}],"wp:term":[{"taxonomy":"product_cat","embeddable":true,"href":"https:\/\/limittools.test.consids5.se\/pl\/wp-json\/wp\/v2\/product_cat?post=4652"},{"taxonomy":"product_tag","embeddable":true,"href":"https:\/\/limittools.test.consids5.se\/pl\/wp-json\/wp\/v2\/product_tag?post=4652"}],"curies":[{"name":"wp","href":"https:\/\/api.w.org\/{rel}","templated":true}]}}