{"id":4673,"date":"2026-04-01T20:28:56","date_gmt":"2026-04-01T20:28:56","guid":{"rendered":"http:\/\/localhost:8080\/product\/4673\/"},"modified":"2026-04-01T20:28:56","modified_gmt":"2026-04-01T20:28:56","slug":"4673","status":"publish","type":"product","link":"https:\/\/limittools.test.consids5.se\/pl\/product\/4673\/","title":{"rendered":""},"content":{"rendered":"<p>Poziomnica cyfrowa, kt\u00f3ra podaje wynik pomiaru k\u0105ta w \u00b0, mm\/m, %, in\/ft (cale\/stop\u0119). Zakres pomiarowy 0\u00b0- 360\u00b0, sygnalizacja akustyczna przy 0\u00b0 i 90\u00b0, dok\u0142adno\u015b\u0107 \u00b10.05\u02da przy 0\u02da i 90, w pozosta\u0142ych cz\u0119\u015bciach zakresu \u00b10.2\u02da. Du\u017cy wy\u015bwietlacz z pod\u015bwietleniem. Magnesy od spodu umo\u017cliwiaj\u0105 mocowanie do metalowych obiekt\u00f3w.  Wykonana z profilu aluminiowego ulepszonego cieplnie, nie podatnego na wypaczenia, 54 \u00d7 26 mm. Niet\u0142uk\u0105ce libelle o mo\u017cliwo\u015bci\u0105 odczytu z ka\u017cdej strony. Dostarczana z futera\u0142em i 2 bateriami 1.5 V.<\/p>\n","protected":false},"excerpt":{"rendered":"Poziomnica cyfrowa, kt\u00f3ra podaje wynik pomiaru k\u0105ta w \u00b0, mm\/m, %, in\/ft (cale\/stop\u0119). Zakres pomiarowy 0\u00b0- 360\u00b0, sygnalizacja akustyczna przy [&hellip;]","protected":false},"featured_media":0,"comment_status":"closed","ping_status":"closed","template":"","meta":{"_acf_changed":false},"product_cat":[247,391],"product_tag":[],"class_list":{"0":"post-4673","1":"product","2":"type-product","3":"status-publish","5":"product_cat-pomiary-warsztatowe-pl","6":"product_cat-poziomnica-maszynowa-pl","8":"first","9":"instock","10":"shipping-taxable","11":"product-type-simple"},"acf":[],"yoast_head":"<!-- This site is optimized with the Yoast SEO plugin v23.2 - https:\/\/yoast.com\/wordpress\/plugins\/seo\/ -->\n<title>- Precision measuring instruments | Limit<\/title>\n<meta name=\"robots\" content=\"index, follow, max-snippet:-1, max-image-preview:large, max-video-preview:-1\" \/>\n<link rel=\"canonical\" href=\"https:\/\/limittools.test.consids5.se\/pl\/product\/4673\/\" \/>\n<meta property=\"og:locale\" content=\"pl_PL\" \/>\n<meta property=\"og:type\" content=\"article\" \/>\n<meta property=\"og:title\" content=\"- Precision measuring instruments | Limit\" \/>\n<meta property=\"og:description\" content=\"Poziomnica cyfrowa, kt\u00f3ra podaje wynik pomiaru k\u0105ta w \u00b0, mm\/m, %, in\/ft (cale\/stop\u0119). Zakres pomiarowy 0\u00b0- 360\u00b0, sygnalizacja akustyczna przy [&hellip;]\" \/>\n<meta property=\"og:url\" content=\"https:\/\/limittools.test.consids5.se\/pl\/product\/4673\/\" \/>\n<meta property=\"og:site_name\" content=\"Precision measuring instruments | Limit\" \/>\n<meta property=\"article:publisher\" content=\"https:\/\/www.facebook.com\/limittools\/\" \/>\n<meta name=\"twitter:card\" content=\"summary_large_image\" \/>\n<script type=\"application\/ld+json\" class=\"yoast-schema-graph\">{\"@context\":\"https:\/\/schema.org\",\"@graph\":[{\"@type\":\"WebPage\",\"@id\":\"https:\/\/limittools.test.consids5.se\/pl\/product\/4673\/\",\"url\":\"https:\/\/limittools.test.consids5.se\/pl\/product\/4673\/\",\"name\":\"- Precision measuring instruments | Limit\",\"isPartOf\":{\"@id\":\"https:\/\/limittools.test.consids5.se\/#website\"},\"datePublished\":\"2026-04-01T20:28:56+00:00\",\"dateModified\":\"2026-04-01T20:28:56+00:00\",\"inLanguage\":\"pl-PL\",\"potentialAction\":[{\"@type\":\"ReadAction\",\"target\":[\"https:\/\/limittools.test.consids5.se\/pl\/product\/4673\/\"]}]},{\"@type\":\"WebSite\",\"@id\":\"https:\/\/limittools.test.consids5.se\/#website\",\"url\":\"https:\/\/limittools.test.consids5.se\/\",\"name\":\"Precision measuring instruments | Limit\",\"description\":\"Everything can be measured\",\"potentialAction\":[{\"@type\":\"SearchAction\",\"target\":{\"@type\":\"EntryPoint\",\"urlTemplate\":\"https:\/\/limittools.test.consids5.se\/?s={search_term_string}\"},\"query-input\":\"required name=search_term_string\"}],\"inLanguage\":\"pl-PL\"}]}<\/script>\n<!-- \/ Yoast SEO plugin. -->","yoast_head_json":{"title":"- Precision measuring instruments | Limit","robots":{"index":"index","follow":"follow","max-snippet":"max-snippet:-1","max-image-preview":"max-image-preview:large","max-video-preview":"max-video-preview:-1"},"canonical":"https:\/\/limittools.test.consids5.se\/pl\/product\/4673\/","og_locale":"pl_PL","og_type":"article","og_title":"- Precision measuring instruments | Limit","og_description":"Poziomnica cyfrowa, kt\u00f3ra podaje wynik pomiaru k\u0105ta w \u00b0, mm\/m, %, in\/ft (cale\/stop\u0119). Zakres pomiarowy 0\u00b0- 360\u00b0, sygnalizacja akustyczna przy [&hellip;]","og_url":"https:\/\/limittools.test.consids5.se\/pl\/product\/4673\/","og_site_name":"Precision measuring instruments | Limit","article_publisher":"https:\/\/www.facebook.com\/limittools\/","twitter_card":"summary_large_image","schema":{"@context":"https:\/\/schema.org","@graph":[{"@type":"WebPage","@id":"https:\/\/limittools.test.consids5.se\/pl\/product\/4673\/","url":"https:\/\/limittools.test.consids5.se\/pl\/product\/4673\/","name":"- Precision measuring instruments | Limit","isPartOf":{"@id":"https:\/\/limittools.test.consids5.se\/#website"},"datePublished":"2026-04-01T20:28:56+00:00","dateModified":"2026-04-01T20:28:56+00:00","inLanguage":"pl-PL","potentialAction":[{"@type":"ReadAction","target":["https:\/\/limittools.test.consids5.se\/pl\/product\/4673\/"]}]},{"@type":"WebSite","@id":"https:\/\/limittools.test.consids5.se\/#website","url":"https:\/\/limittools.test.consids5.se\/","name":"Precision measuring instruments | Limit","description":"Everything can be measured","potentialAction":[{"@type":"SearchAction","target":{"@type":"EntryPoint","urlTemplate":"https:\/\/limittools.test.consids5.se\/?s={search_term_string}"},"query-input":"required name=search_term_string"}],"inLanguage":"pl-PL"}]}},"_links":{"self":[{"href":"https:\/\/limittools.test.consids5.se\/pl\/wp-json\/wp\/v2\/product\/4673"}],"collection":[{"href":"https:\/\/limittools.test.consids5.se\/pl\/wp-json\/wp\/v2\/product"}],"about":[{"href":"https:\/\/limittools.test.consids5.se\/pl\/wp-json\/wp\/v2\/types\/product"}],"replies":[{"embeddable":true,"href":"https:\/\/limittools.test.consids5.se\/pl\/wp-json\/wp\/v2\/comments?post=4673"}],"wp:attachment":[{"href":"https:\/\/limittools.test.consids5.se\/pl\/wp-json\/wp\/v2\/media?parent=4673"}],"wp:term":[{"taxonomy":"product_cat","embeddable":true,"href":"https:\/\/limittools.test.consids5.se\/pl\/wp-json\/wp\/v2\/product_cat?post=4673"},{"taxonomy":"product_tag","embeddable":true,"href":"https:\/\/limittools.test.consids5.se\/pl\/wp-json\/wp\/v2\/product_tag?post=4673"}],"curies":[{"name":"wp","href":"https:\/\/api.w.org\/{rel}","templated":true}]}}