{"id":4733,"date":"2026-04-01T20:29:25","date_gmt":"2026-04-01T20:29:25","guid":{"rendered":"http:\/\/localhost:8080\/product\/4733\/"},"modified":"2026-04-01T20:29:25","modified_gmt":"2026-04-01T20:29:25","slug":"4733","status":"publish","type":"product","link":"https:\/\/limittools.test.consids5.se\/pl\/product\/4733\/","title":{"rendered":""},"content":{"rendered":"<p>Obrotomierz z wy\u015bwietlaczem cyfrowym. Umo\u017cliwia zar\u00f3wno pomiar metod\u0105 bezkontaktow\u0105 optyczn\u0105, jak i mechaniczn\u0105 z wykorzystaniem k\u00f3\u0142ka pomiarowego.<br \/>\nDok\u0142adno\u015b\u0107 pomiaru obrot\u00f3w: 0.1 (w zakresie 2.5\u2013999.9), 1 (powy\u017cej 1 000) obr\/min<br \/>\nDok\u0142adno\u015b\u0107 pomiaru pr\u0119dko\u015bci powierzchniowej: \u00b1 (0.01% warto\u015bci mierzonej + 0.03) m\/min<br \/>\nZakres pomiarowy:<br \/>\nPomiar optyczny pr\u0119dko\u015bci obrotowej: 2.5\u201399 999 obr\/min,<br \/>\nPomiar kontaktowy pr\u0119dko\u015bci obrotowej: 2.5\u201319\u00a0999 obr\/min<br \/>\nPr\u0119dko\u015b\u0107 powierzchniowa: 0.05\u20131 999.9 m\/min, Cz\u0119stotliwo\u015b\u0107: 0.04\u20131 666.65 Hz<\/p>\n","protected":false},"excerpt":{"rendered":"Obrotomierz z wy\u015bwietlaczem cyfrowym. Umo\u017cliwia zar\u00f3wno pomiar metod\u0105 bezkontaktow\u0105 optyczn\u0105, jak i mechaniczn\u0105 z wykorzystaniem k\u00f3\u0142ka pomiarowego. Dok\u0142adno\u015b\u0107 pomiaru obrot\u00f3w: [&hellip;]","protected":false},"featured_media":0,"comment_status":"closed","ping_status":"closed","template":"","meta":{"_acf_changed":false},"product_cat":[322,323],"product_tag":[],"class_list":{"0":"post-4733","1":"product","2":"type-product","3":"status-publish","5":"product_cat-inspekcja-pl","6":"product_cat-obrotomierze-pl","8":"first","9":"instock","10":"shipping-taxable","11":"product-type-simple"},"acf":[],"yoast_head":"<!-- This site is optimized with the Yoast SEO plugin v23.2 - https:\/\/yoast.com\/wordpress\/plugins\/seo\/ -->\n<title>- Precision measuring instruments | Limit<\/title>\n<meta name=\"robots\" content=\"index, follow, max-snippet:-1, max-image-preview:large, max-video-preview:-1\" \/>\n<link rel=\"canonical\" href=\"https:\/\/limittools.test.consids5.se\/pl\/product\/4733\/\" \/>\n<meta property=\"og:locale\" content=\"pl_PL\" \/>\n<meta property=\"og:type\" content=\"article\" \/>\n<meta property=\"og:title\" content=\"- Precision measuring instruments | Limit\" \/>\n<meta property=\"og:description\" content=\"Obrotomierz z wy\u015bwietlaczem cyfrowym. Umo\u017cliwia zar\u00f3wno pomiar metod\u0105 bezkontaktow\u0105 optyczn\u0105, jak i mechaniczn\u0105 z wykorzystaniem k\u00f3\u0142ka pomiarowego. Dok\u0142adno\u015b\u0107 pomiaru obrot\u00f3w: [&hellip;]\" \/>\n<meta property=\"og:url\" content=\"https:\/\/limittools.test.consids5.se\/pl\/product\/4733\/\" \/>\n<meta property=\"og:site_name\" content=\"Precision measuring instruments | Limit\" \/>\n<meta property=\"article:publisher\" content=\"https:\/\/www.facebook.com\/limittools\/\" \/>\n<meta name=\"twitter:card\" content=\"summary_large_image\" \/>\n<script type=\"application\/ld+json\" class=\"yoast-schema-graph\">{\"@context\":\"https:\/\/schema.org\",\"@graph\":[{\"@type\":\"WebPage\",\"@id\":\"https:\/\/limittools.test.consids5.se\/pl\/product\/4733\/\",\"url\":\"https:\/\/limittools.test.consids5.se\/pl\/product\/4733\/\",\"name\":\"- Precision measuring instruments | Limit\",\"isPartOf\":{\"@id\":\"https:\/\/limittools.test.consids5.se\/#website\"},\"datePublished\":\"2026-04-01T20:29:25+00:00\",\"dateModified\":\"2026-04-01T20:29:25+00:00\",\"inLanguage\":\"pl-PL\",\"potentialAction\":[{\"@type\":\"ReadAction\",\"target\":[\"https:\/\/limittools.test.consids5.se\/pl\/product\/4733\/\"]}]},{\"@type\":\"WebSite\",\"@id\":\"https:\/\/limittools.test.consids5.se\/#website\",\"url\":\"https:\/\/limittools.test.consids5.se\/\",\"name\":\"Precision measuring instruments | Limit\",\"description\":\"Everything can be measured\",\"potentialAction\":[{\"@type\":\"SearchAction\",\"target\":{\"@type\":\"EntryPoint\",\"urlTemplate\":\"https:\/\/limittools.test.consids5.se\/?s={search_term_string}\"},\"query-input\":\"required name=search_term_string\"}],\"inLanguage\":\"pl-PL\"}]}<\/script>\n<!-- \/ Yoast SEO plugin. -->","yoast_head_json":{"title":"- Precision measuring instruments | Limit","robots":{"index":"index","follow":"follow","max-snippet":"max-snippet:-1","max-image-preview":"max-image-preview:large","max-video-preview":"max-video-preview:-1"},"canonical":"https:\/\/limittools.test.consids5.se\/pl\/product\/4733\/","og_locale":"pl_PL","og_type":"article","og_title":"- Precision measuring instruments | Limit","og_description":"Obrotomierz z wy\u015bwietlaczem cyfrowym. Umo\u017cliwia zar\u00f3wno pomiar metod\u0105 bezkontaktow\u0105 optyczn\u0105, jak i mechaniczn\u0105 z wykorzystaniem k\u00f3\u0142ka pomiarowego. Dok\u0142adno\u015b\u0107 pomiaru obrot\u00f3w: [&hellip;]","og_url":"https:\/\/limittools.test.consids5.se\/pl\/product\/4733\/","og_site_name":"Precision measuring instruments | Limit","article_publisher":"https:\/\/www.facebook.com\/limittools\/","twitter_card":"summary_large_image","schema":{"@context":"https:\/\/schema.org","@graph":[{"@type":"WebPage","@id":"https:\/\/limittools.test.consids5.se\/pl\/product\/4733\/","url":"https:\/\/limittools.test.consids5.se\/pl\/product\/4733\/","name":"- Precision measuring instruments | Limit","isPartOf":{"@id":"https:\/\/limittools.test.consids5.se\/#website"},"datePublished":"2026-04-01T20:29:25+00:00","dateModified":"2026-04-01T20:29:25+00:00","inLanguage":"pl-PL","potentialAction":[{"@type":"ReadAction","target":["https:\/\/limittools.test.consids5.se\/pl\/product\/4733\/"]}]},{"@type":"WebSite","@id":"https:\/\/limittools.test.consids5.se\/#website","url":"https:\/\/limittools.test.consids5.se\/","name":"Precision measuring instruments | Limit","description":"Everything can be measured","potentialAction":[{"@type":"SearchAction","target":{"@type":"EntryPoint","urlTemplate":"https:\/\/limittools.test.consids5.se\/?s={search_term_string}"},"query-input":"required name=search_term_string"}],"inLanguage":"pl-PL"}]}},"_links":{"self":[{"href":"https:\/\/limittools.test.consids5.se\/pl\/wp-json\/wp\/v2\/product\/4733"}],"collection":[{"href":"https:\/\/limittools.test.consids5.se\/pl\/wp-json\/wp\/v2\/product"}],"about":[{"href":"https:\/\/limittools.test.consids5.se\/pl\/wp-json\/wp\/v2\/types\/product"}],"replies":[{"embeddable":true,"href":"https:\/\/limittools.test.consids5.se\/pl\/wp-json\/wp\/v2\/comments?post=4733"}],"wp:attachment":[{"href":"https:\/\/limittools.test.consids5.se\/pl\/wp-json\/wp\/v2\/media?parent=4733"}],"wp:term":[{"taxonomy":"product_cat","embeddable":true,"href":"https:\/\/limittools.test.consids5.se\/pl\/wp-json\/wp\/v2\/product_cat?post=4733"},{"taxonomy":"product_tag","embeddable":true,"href":"https:\/\/limittools.test.consids5.se\/pl\/wp-json\/wp\/v2\/product_tag?post=4733"}],"curies":[{"name":"wp","href":"https:\/\/api.w.org\/{rel}","templated":true}]}}