{"id":4883,"date":"2026-04-01T20:30:05","date_gmt":"2026-04-01T20:30:05","guid":{"rendered":"https:\/\/limittools.test.consids5.se\/product\/4883\/"},"modified":"2026-04-01T20:30:05","modified_gmt":"2026-04-01T20:30:05","slug":"4883","status":"publish","type":"product","link":"https:\/\/limittools.test.consids5.se\/pl\/product\/4883\/","title":{"rendered":""},"content":{"rendered":"<p>Laser krzy\u017cowy wielopromieniowy, rzutuj\u0105cy w zakresie 360\u00b0 trzy bardzo jasne linie w kolorze zielonym. Jedna linia pozioma dookolna 360\u00b0 i dwie linie pionowe 360\u00b0, wy\u015bwietlane pod wzajemnym k\u0105tem 90 stopni. Linie mog\u0105 by\u0107 pod\u015bwietlane pojedynczo lub razem. Laser z bardzo jasnym \u015bwiat\u0142em zielonym, kt\u00f3re jest czterokrotnie silniejsze od czerwonego, dzi\u0119ki czemu idealnie nadaje si\u0119 do stosowania w jasnym otoczeniu i\/lub na du\u017ce odleg\u0142o\u015bci. Funkcja samopoziomowania ostrzega sygna\u0142em akustycznym i migaj\u0105cymi liniami, gdy nachylenie przekracza zakres samopoziomowania. Istnieje mo\u017cliwo\u015b\u0107 wy\u0142\u0105czenia samopoziomowania aby m\u00f3c wy\u015bwietli\u0107 lini\u0119 przechylon\u0105. Zablokowanie mechanizmu wahad\u0142owego spe\u0142nia funkcj\u0119 zar\u00f3wno wy\u0142\u0105cznika g\u0142\u00f3wnego jak i blokady transportowej. Limit 1180 posiada r\u00f3wnie\u017c pulsuj\u0105ce \u015bwiat\u0142o do stosowania w jasnym otoczeniu i\/lub na du\u017cych odleg\u0142o\u015bciach przy wykorzystaniu oddzielnego detektora laserowego 244652517 (brak w zestawie). Zasilany akumulatorem litowo-jonowym. W zestawie z akumulatorem z \u0142adowark\u0105 i kablem USB, magnetycznym uchwytem \u015bciennym i odblaskow\u0105 tarcz\u0105 celownicz\u0105 w mi\u0119kkiej torbie.\u00a0Adapter 244652418 jest potrzebny do akcesori\u00f3w 181120106, 200570109, 178650800, 178680104 i 178690103.<\/p>\n","protected":false},"excerpt":{"rendered":"Laser krzy\u017cowy wielopromieniowy, rzutuj\u0105cy w zakresie 360\u00b0 trzy bardzo jasne linie w kolorze zielonym. Jedna linia pozioma dookolna 360\u00b0 i [&hellip;]","protected":false},"featured_media":0,"comment_status":"closed","ping_status":"closed","template":"","meta":{"_acf_changed":false},"product_cat":[282,441],"product_tag":[],"class_list":{"0":"post-4883","1":"product","2":"type-product","3":"status-publish","5":"product_cat-przyrzady-laserowe-pl","6":"product_cat-lasery-krzyzowe-pl","8":"first","9":"instock","10":"shipping-taxable","11":"product-type-simple"},"acf":[],"yoast_head":"<!-- This site is optimized with the Yoast SEO plugin v23.2 - https:\/\/yoast.com\/wordpress\/plugins\/seo\/ -->\n<title>- Precision measuring instruments | Limit<\/title>\n<meta name=\"robots\" content=\"index, follow, max-snippet:-1, max-image-preview:large, max-video-preview:-1\" \/>\n<link rel=\"canonical\" href=\"https:\/\/limittools.test.consids5.se\/pl\/product\/4883\/\" \/>\n<meta property=\"og:locale\" content=\"pl_PL\" \/>\n<meta property=\"og:type\" content=\"article\" \/>\n<meta property=\"og:title\" content=\"- Precision measuring instruments | Limit\" \/>\n<meta property=\"og:description\" content=\"Laser krzy\u017cowy wielopromieniowy, rzutuj\u0105cy w zakresie 360\u00b0 trzy bardzo jasne linie w kolorze zielonym. Jedna linia pozioma dookolna 360\u00b0 i [&hellip;]\" \/>\n<meta property=\"og:url\" content=\"https:\/\/limittools.test.consids5.se\/pl\/product\/4883\/\" \/>\n<meta property=\"og:site_name\" content=\"Precision measuring instruments | Limit\" \/>\n<meta property=\"article:publisher\" content=\"https:\/\/www.facebook.com\/limittools\/\" \/>\n<meta name=\"twitter:card\" content=\"summary_large_image\" \/>\n<meta name=\"twitter:label1\" content=\"Est. reading time\" \/>\n\t<meta name=\"twitter:data1\" content=\"1 minute\" \/>\n<script type=\"application\/ld+json\" class=\"yoast-schema-graph\">{\"@context\":\"https:\/\/schema.org\",\"@graph\":[{\"@type\":\"WebPage\",\"@id\":\"https:\/\/limittools.test.consids5.se\/pl\/product\/4883\/\",\"url\":\"https:\/\/limittools.test.consids5.se\/pl\/product\/4883\/\",\"name\":\"- Precision measuring instruments | Limit\",\"isPartOf\":{\"@id\":\"https:\/\/limittools.test.consids5.se\/#website\"},\"datePublished\":\"2026-04-01T20:30:05+00:00\",\"dateModified\":\"2026-04-01T20:30:05+00:00\",\"inLanguage\":\"pl-PL\",\"potentialAction\":[{\"@type\":\"ReadAction\",\"target\":[\"https:\/\/limittools.test.consids5.se\/pl\/product\/4883\/\"]}]},{\"@type\":\"WebSite\",\"@id\":\"https:\/\/limittools.test.consids5.se\/#website\",\"url\":\"https:\/\/limittools.test.consids5.se\/\",\"name\":\"Precision measuring instruments | Limit\",\"description\":\"Everything can be measured\",\"potentialAction\":[{\"@type\":\"SearchAction\",\"target\":{\"@type\":\"EntryPoint\",\"urlTemplate\":\"https:\/\/limittools.test.consids5.se\/?s={search_term_string}\"},\"query-input\":\"required name=search_term_string\"}],\"inLanguage\":\"pl-PL\"}]}<\/script>\n<!-- \/ Yoast SEO plugin. -->","yoast_head_json":{"title":"- Precision measuring instruments | Limit","robots":{"index":"index","follow":"follow","max-snippet":"max-snippet:-1","max-image-preview":"max-image-preview:large","max-video-preview":"max-video-preview:-1"},"canonical":"https:\/\/limittools.test.consids5.se\/pl\/product\/4883\/","og_locale":"pl_PL","og_type":"article","og_title":"- Precision measuring instruments | Limit","og_description":"Laser krzy\u017cowy wielopromieniowy, rzutuj\u0105cy w zakresie 360\u00b0 trzy bardzo jasne linie w kolorze zielonym. Jedna linia pozioma dookolna 360\u00b0 i [&hellip;]","og_url":"https:\/\/limittools.test.consids5.se\/pl\/product\/4883\/","og_site_name":"Precision measuring instruments | Limit","article_publisher":"https:\/\/www.facebook.com\/limittools\/","twitter_card":"summary_large_image","twitter_misc":{"Est. reading time":"1 minute"},"schema":{"@context":"https:\/\/schema.org","@graph":[{"@type":"WebPage","@id":"https:\/\/limittools.test.consids5.se\/pl\/product\/4883\/","url":"https:\/\/limittools.test.consids5.se\/pl\/product\/4883\/","name":"- Precision measuring instruments | Limit","isPartOf":{"@id":"https:\/\/limittools.test.consids5.se\/#website"},"datePublished":"2026-04-01T20:30:05+00:00","dateModified":"2026-04-01T20:30:05+00:00","inLanguage":"pl-PL","potentialAction":[{"@type":"ReadAction","target":["https:\/\/limittools.test.consids5.se\/pl\/product\/4883\/"]}]},{"@type":"WebSite","@id":"https:\/\/limittools.test.consids5.se\/#website","url":"https:\/\/limittools.test.consids5.se\/","name":"Precision measuring instruments | Limit","description":"Everything can be measured","potentialAction":[{"@type":"SearchAction","target":{"@type":"EntryPoint","urlTemplate":"https:\/\/limittools.test.consids5.se\/?s={search_term_string}"},"query-input":"required name=search_term_string"}],"inLanguage":"pl-PL"}]}},"_links":{"self":[{"href":"https:\/\/limittools.test.consids5.se\/pl\/wp-json\/wp\/v2\/product\/4883"}],"collection":[{"href":"https:\/\/limittools.test.consids5.se\/pl\/wp-json\/wp\/v2\/product"}],"about":[{"href":"https:\/\/limittools.test.consids5.se\/pl\/wp-json\/wp\/v2\/types\/product"}],"replies":[{"embeddable":true,"href":"https:\/\/limittools.test.consids5.se\/pl\/wp-json\/wp\/v2\/comments?post=4883"}],"wp:attachment":[{"href":"https:\/\/limittools.test.consids5.se\/pl\/wp-json\/wp\/v2\/media?parent=4883"}],"wp:term":[{"taxonomy":"product_cat","embeddable":true,"href":"https:\/\/limittools.test.consids5.se\/pl\/wp-json\/wp\/v2\/product_cat?post=4883"},{"taxonomy":"product_tag","embeddable":true,"href":"https:\/\/limittools.test.consids5.se\/pl\/wp-json\/wp\/v2\/product_tag?post=4883"}],"curies":[{"name":"wp","href":"https:\/\/api.w.org\/{rel}","templated":true}]}}