{"id":4893,"date":"2026-04-01T20:30:08","date_gmt":"2026-04-01T20:30:08","guid":{"rendered":"https:\/\/limittools.test.consids5.se\/product\/4893\/"},"modified":"2026-04-01T20:30:08","modified_gmt":"2026-04-01T20:30:08","slug":"4893","status":"publish","type":"product","link":"https:\/\/limittools.test.consids5.se\/pl\/product\/4893\/","title":{"rendered":""},"content":{"rendered":"<p>Multimetr Limit DM 410 to r\u0119czny multimetr cyfrowy RMS o wysokiej niezawodno\u015bci i bezpiecze\u0144stwie (4000 zlicze\u0144). Du\u017cy pod\u015bwietlany wy\u015bwietlacz LCD z cyframi 17,5 MM u\u0142atwiaj\u0105cymi odczyt w ciemnym otoczeniu, zabezpieczenie przed przeci\u0105\u017ceniem i unikalna konstrukcja sprawiaj\u0105, \u017ce jest to bardzo praktyczny multimetr cyfrowy. Miernik mo\u017ce mierzy\u0107 napi\u0119cie\/pr\u0105d AC\/DC, rezystancj\u0119, ci\u0105g\u0142o\u015b\u0107, pojemno\u015b\u0107, cz\u0119stotliwo\u015b\u0107, temperatur\u0119 \u00b0C\/\u00b0F i mo\u017ce by\u0107 u\u017cywany do testowania diod itp. Wyposa\u017cony w funkcje zatrzymywania danych, pomiaru warto\u015bci minimalnej, maksymalnej i wzgl\u0119dnej, wska\u017anik niskiego poziomu baterii, automatyczne wy\u0142\u0105czanie zasilania, wykrywanie fazy i bezdotykowe wykrywanie napi\u0119cia (NCV), miernik jest idealny do wielu zastosowa\u0144. Gumowa os\u0142ona i rozk\u0142adany wspornik sto\u0142owy. Klasa izolacji CAT III 600V.<\/p>\n","protected":false},"excerpt":{"rendered":"Multimetr Limit DM 410 to r\u0119czny multimetr cyfrowy RMS o wysokiej niezawodno\u015bci i bezpiecze\u0144stwie (4000 zlicze\u0144). Du\u017cy pod\u015bwietlany wy\u015bwietlacz LCD [&hellip;]","protected":false},"featured_media":0,"comment_status":"closed","ping_status":"closed","template":"","meta":{"_acf_changed":false},"product_cat":[341,419],"product_tag":[],"class_list":{"0":"post-4893","1":"product","2":"type-product","3":"status-publish","5":"product_cat-testy-instalacji-elektrycznych-pl","6":"product_cat-multimetry-pl","8":"first","9":"instock","10":"shipping-taxable","11":"product-type-simple"},"acf":[],"yoast_head":"<!-- This site is optimized with the Yoast SEO plugin v23.2 - https:\/\/yoast.com\/wordpress\/plugins\/seo\/ -->\n<title>- Precision measuring instruments | Limit<\/title>\n<meta name=\"robots\" content=\"index, follow, max-snippet:-1, max-image-preview:large, max-video-preview:-1\" \/>\n<link rel=\"canonical\" href=\"https:\/\/limittools.test.consids5.se\/pl\/product\/4893\/\" \/>\n<meta property=\"og:locale\" content=\"pl_PL\" \/>\n<meta property=\"og:type\" content=\"article\" \/>\n<meta property=\"og:title\" content=\"- Precision measuring instruments | Limit\" \/>\n<meta property=\"og:description\" content=\"Multimetr Limit DM 410 to r\u0119czny multimetr cyfrowy RMS o wysokiej niezawodno\u015bci i bezpiecze\u0144stwie (4000 zlicze\u0144). Du\u017cy pod\u015bwietlany wy\u015bwietlacz LCD [&hellip;]\" \/>\n<meta property=\"og:url\" content=\"https:\/\/limittools.test.consids5.se\/pl\/product\/4893\/\" \/>\n<meta property=\"og:site_name\" content=\"Precision measuring instruments | Limit\" \/>\n<meta property=\"article:publisher\" content=\"https:\/\/www.facebook.com\/limittools\/\" \/>\n<meta name=\"twitter:card\" content=\"summary_large_image\" \/>\n<meta name=\"twitter:label1\" content=\"Est. reading time\" \/>\n\t<meta name=\"twitter:data1\" content=\"1 minute\" \/>\n<script type=\"application\/ld+json\" class=\"yoast-schema-graph\">{\"@context\":\"https:\/\/schema.org\",\"@graph\":[{\"@type\":\"WebPage\",\"@id\":\"https:\/\/limittools.test.consids5.se\/pl\/product\/4893\/\",\"url\":\"https:\/\/limittools.test.consids5.se\/pl\/product\/4893\/\",\"name\":\"- Precision measuring instruments | Limit\",\"isPartOf\":{\"@id\":\"https:\/\/limittools.test.consids5.se\/#website\"},\"datePublished\":\"2026-04-01T20:30:08+00:00\",\"dateModified\":\"2026-04-01T20:30:08+00:00\",\"inLanguage\":\"pl-PL\",\"potentialAction\":[{\"@type\":\"ReadAction\",\"target\":[\"https:\/\/limittools.test.consids5.se\/pl\/product\/4893\/\"]}]},{\"@type\":\"WebSite\",\"@id\":\"https:\/\/limittools.test.consids5.se\/#website\",\"url\":\"https:\/\/limittools.test.consids5.se\/\",\"name\":\"Precision measuring instruments | Limit\",\"description\":\"Everything can be measured\",\"potentialAction\":[{\"@type\":\"SearchAction\",\"target\":{\"@type\":\"EntryPoint\",\"urlTemplate\":\"https:\/\/limittools.test.consids5.se\/?s={search_term_string}\"},\"query-input\":\"required name=search_term_string\"}],\"inLanguage\":\"pl-PL\"}]}<\/script>\n<!-- \/ Yoast SEO plugin. -->","yoast_head_json":{"title":"- Precision measuring instruments | Limit","robots":{"index":"index","follow":"follow","max-snippet":"max-snippet:-1","max-image-preview":"max-image-preview:large","max-video-preview":"max-video-preview:-1"},"canonical":"https:\/\/limittools.test.consids5.se\/pl\/product\/4893\/","og_locale":"pl_PL","og_type":"article","og_title":"- Precision measuring instruments | Limit","og_description":"Multimetr Limit DM 410 to r\u0119czny multimetr cyfrowy RMS o wysokiej niezawodno\u015bci i bezpiecze\u0144stwie (4000 zlicze\u0144). Du\u017cy pod\u015bwietlany wy\u015bwietlacz LCD [&hellip;]","og_url":"https:\/\/limittools.test.consids5.se\/pl\/product\/4893\/","og_site_name":"Precision measuring instruments | Limit","article_publisher":"https:\/\/www.facebook.com\/limittools\/","twitter_card":"summary_large_image","twitter_misc":{"Est. reading time":"1 minute"},"schema":{"@context":"https:\/\/schema.org","@graph":[{"@type":"WebPage","@id":"https:\/\/limittools.test.consids5.se\/pl\/product\/4893\/","url":"https:\/\/limittools.test.consids5.se\/pl\/product\/4893\/","name":"- Precision measuring instruments | Limit","isPartOf":{"@id":"https:\/\/limittools.test.consids5.se\/#website"},"datePublished":"2026-04-01T20:30:08+00:00","dateModified":"2026-04-01T20:30:08+00:00","inLanguage":"pl-PL","potentialAction":[{"@type":"ReadAction","target":["https:\/\/limittools.test.consids5.se\/pl\/product\/4893\/"]}]},{"@type":"WebSite","@id":"https:\/\/limittools.test.consids5.se\/#website","url":"https:\/\/limittools.test.consids5.se\/","name":"Precision measuring instruments | Limit","description":"Everything can be measured","potentialAction":[{"@type":"SearchAction","target":{"@type":"EntryPoint","urlTemplate":"https:\/\/limittools.test.consids5.se\/?s={search_term_string}"},"query-input":"required name=search_term_string"}],"inLanguage":"pl-PL"}]}},"_links":{"self":[{"href":"https:\/\/limittools.test.consids5.se\/pl\/wp-json\/wp\/v2\/product\/4893"}],"collection":[{"href":"https:\/\/limittools.test.consids5.se\/pl\/wp-json\/wp\/v2\/product"}],"about":[{"href":"https:\/\/limittools.test.consids5.se\/pl\/wp-json\/wp\/v2\/types\/product"}],"replies":[{"embeddable":true,"href":"https:\/\/limittools.test.consids5.se\/pl\/wp-json\/wp\/v2\/comments?post=4893"}],"wp:attachment":[{"href":"https:\/\/limittools.test.consids5.se\/pl\/wp-json\/wp\/v2\/media?parent=4893"}],"wp:term":[{"taxonomy":"product_cat","embeddable":true,"href":"https:\/\/limittools.test.consids5.se\/pl\/wp-json\/wp\/v2\/product_cat?post=4893"},{"taxonomy":"product_tag","embeddable":true,"href":"https:\/\/limittools.test.consids5.se\/pl\/wp-json\/wp\/v2\/product_tag?post=4893"}],"curies":[{"name":"wp","href":"https:\/\/api.w.org\/{rel}","templated":true}]}}