{"id":4900,"date":"2026-04-01T20:30:10","date_gmt":"2026-04-01T20:30:10","guid":{"rendered":"https:\/\/limittools.test.consids5.se\/product\/4900\/"},"modified":"2026-04-01T20:30:10","modified_gmt":"2026-04-01T20:30:10","slug":"4900","status":"publish","type":"product","link":"https:\/\/limittools.test.consids5.se\/pl\/product\/4900\/","title":{"rendered":""},"content":{"rendered":"<p>Laser krzy\u017cowy Limit z bardzo jasnym czerwonym \u015bwiat\u0142em, kt\u00f3ry zapewnia lini\u0119 poziom\u0105 i pionow\u0105. Linia pionowa przebiega pod k\u0105tem 120 stopni a\u017c do sufitu. Linie mog\u0105 by\u0107 pod\u015bwietlane pojedynczo lub razem. Funkcja samopoziomowania ostrzega migaj\u0105cymi liniami, gdy nachylenie przekracza zakres samopoziomowania. Istnieje mo\u017cliwo\u015b\u0107 wy\u0142\u0105czenia samopoziomowania aby m\u00f3c wy\u015bwietli\u0107 lini\u0119 przechylon\u0105. Zablokowanie mechanizmu wahad\u0142owego spe\u0142nia funkcj\u0119 zar\u00f3wno wy\u0142\u0105cznika g\u0142\u00f3wnego jak i blokady transportowej. 2 diody laserowe klasy 2, &lt;1mw 520 nm. Praca w jasnych pomieszczeniach jest mo\u017cliwa przy wykorzystaniu oddzielnego detektora laserowego\u00a0244652517 (brak w zestawie) na odleg\u0142o\u015b\u0107 do 50 metr\u00f3w. W zestawie z akumulatorem z \u0142adowark\u0105 i kablem USB, magnetycznym uchwytem \u015bciennym i odblaskow\u0105 tarcz\u0105 celownicz\u0105 w mi\u0119kkiej torbie. Adapter 244652418 b\u0119dzie potrzebny do akcesori\u00f3w 181120106, 200570109, 178650800, 178680104 i 178690103.<\/p>\n","protected":false},"excerpt":{"rendered":"Laser krzy\u017cowy Limit z bardzo jasnym czerwonym \u015bwiat\u0142em, kt\u00f3ry zapewnia lini\u0119 poziom\u0105 i pionow\u0105. Linia pionowa przebiega pod k\u0105tem 120 [&hellip;]","protected":false},"featured_media":0,"comment_status":"closed","ping_status":"closed","template":"","meta":{"_acf_changed":false},"product_cat":[282,441],"product_tag":[],"class_list":{"0":"post-4900","1":"product","2":"type-product","3":"status-publish","5":"product_cat-przyrzady-laserowe-pl","6":"product_cat-lasery-krzyzowe-pl","8":"first","9":"instock","10":"shipping-taxable","11":"product-type-simple"},"acf":[],"yoast_head":"<!-- This site is optimized with the Yoast SEO plugin v23.2 - https:\/\/yoast.com\/wordpress\/plugins\/seo\/ -->\n<title>- Precision measuring instruments | Limit<\/title>\n<meta name=\"robots\" content=\"index, follow, max-snippet:-1, max-image-preview:large, max-video-preview:-1\" \/>\n<link rel=\"canonical\" href=\"https:\/\/limittools.test.consids5.se\/pl\/product\/4900\/\" \/>\n<meta property=\"og:locale\" content=\"pl_PL\" \/>\n<meta property=\"og:type\" content=\"article\" \/>\n<meta property=\"og:title\" content=\"- Precision measuring instruments | Limit\" \/>\n<meta property=\"og:description\" content=\"Laser krzy\u017cowy Limit z bardzo jasnym czerwonym \u015bwiat\u0142em, kt\u00f3ry zapewnia lini\u0119 poziom\u0105 i pionow\u0105. Linia pionowa przebiega pod k\u0105tem 120 [&hellip;]\" \/>\n<meta property=\"og:url\" content=\"https:\/\/limittools.test.consids5.se\/pl\/product\/4900\/\" \/>\n<meta property=\"og:site_name\" content=\"Precision measuring instruments | Limit\" \/>\n<meta property=\"article:publisher\" content=\"https:\/\/www.facebook.com\/limittools\/\" \/>\n<meta name=\"twitter:card\" content=\"summary_large_image\" \/>\n<meta name=\"twitter:label1\" content=\"Est. reading time\" \/>\n\t<meta name=\"twitter:data1\" content=\"1 minute\" \/>\n<script type=\"application\/ld+json\" class=\"yoast-schema-graph\">{\"@context\":\"https:\/\/schema.org\",\"@graph\":[{\"@type\":\"WebPage\",\"@id\":\"https:\/\/limittools.test.consids5.se\/pl\/product\/4900\/\",\"url\":\"https:\/\/limittools.test.consids5.se\/pl\/product\/4900\/\",\"name\":\"- Precision measuring instruments | Limit\",\"isPartOf\":{\"@id\":\"https:\/\/limittools.test.consids5.se\/#website\"},\"datePublished\":\"2026-04-01T20:30:10+00:00\",\"dateModified\":\"2026-04-01T20:30:10+00:00\",\"inLanguage\":\"pl-PL\",\"potentialAction\":[{\"@type\":\"ReadAction\",\"target\":[\"https:\/\/limittools.test.consids5.se\/pl\/product\/4900\/\"]}]},{\"@type\":\"WebSite\",\"@id\":\"https:\/\/limittools.test.consids5.se\/#website\",\"url\":\"https:\/\/limittools.test.consids5.se\/\",\"name\":\"Precision measuring instruments | Limit\",\"description\":\"Everything can be measured\",\"potentialAction\":[{\"@type\":\"SearchAction\",\"target\":{\"@type\":\"EntryPoint\",\"urlTemplate\":\"https:\/\/limittools.test.consids5.se\/?s={search_term_string}\"},\"query-input\":\"required name=search_term_string\"}],\"inLanguage\":\"pl-PL\"}]}<\/script>\n<!-- \/ Yoast SEO plugin. -->","yoast_head_json":{"title":"- Precision measuring instruments | Limit","robots":{"index":"index","follow":"follow","max-snippet":"max-snippet:-1","max-image-preview":"max-image-preview:large","max-video-preview":"max-video-preview:-1"},"canonical":"https:\/\/limittools.test.consids5.se\/pl\/product\/4900\/","og_locale":"pl_PL","og_type":"article","og_title":"- Precision measuring instruments | Limit","og_description":"Laser krzy\u017cowy Limit z bardzo jasnym czerwonym \u015bwiat\u0142em, kt\u00f3ry zapewnia lini\u0119 poziom\u0105 i pionow\u0105. Linia pionowa przebiega pod k\u0105tem 120 [&hellip;]","og_url":"https:\/\/limittools.test.consids5.se\/pl\/product\/4900\/","og_site_name":"Precision measuring instruments | Limit","article_publisher":"https:\/\/www.facebook.com\/limittools\/","twitter_card":"summary_large_image","twitter_misc":{"Est. reading time":"1 minute"},"schema":{"@context":"https:\/\/schema.org","@graph":[{"@type":"WebPage","@id":"https:\/\/limittools.test.consids5.se\/pl\/product\/4900\/","url":"https:\/\/limittools.test.consids5.se\/pl\/product\/4900\/","name":"- Precision measuring instruments | Limit","isPartOf":{"@id":"https:\/\/limittools.test.consids5.se\/#website"},"datePublished":"2026-04-01T20:30:10+00:00","dateModified":"2026-04-01T20:30:10+00:00","inLanguage":"pl-PL","potentialAction":[{"@type":"ReadAction","target":["https:\/\/limittools.test.consids5.se\/pl\/product\/4900\/"]}]},{"@type":"WebSite","@id":"https:\/\/limittools.test.consids5.se\/#website","url":"https:\/\/limittools.test.consids5.se\/","name":"Precision measuring instruments | Limit","description":"Everything can be measured","potentialAction":[{"@type":"SearchAction","target":{"@type":"EntryPoint","urlTemplate":"https:\/\/limittools.test.consids5.se\/?s={search_term_string}"},"query-input":"required name=search_term_string"}],"inLanguage":"pl-PL"}]}},"_links":{"self":[{"href":"https:\/\/limittools.test.consids5.se\/pl\/wp-json\/wp\/v2\/product\/4900"}],"collection":[{"href":"https:\/\/limittools.test.consids5.se\/pl\/wp-json\/wp\/v2\/product"}],"about":[{"href":"https:\/\/limittools.test.consids5.se\/pl\/wp-json\/wp\/v2\/types\/product"}],"replies":[{"embeddable":true,"href":"https:\/\/limittools.test.consids5.se\/pl\/wp-json\/wp\/v2\/comments?post=4900"}],"wp:attachment":[{"href":"https:\/\/limittools.test.consids5.se\/pl\/wp-json\/wp\/v2\/media?parent=4900"}],"wp:term":[{"taxonomy":"product_cat","embeddable":true,"href":"https:\/\/limittools.test.consids5.se\/pl\/wp-json\/wp\/v2\/product_cat?post=4900"},{"taxonomy":"product_tag","embeddable":true,"href":"https:\/\/limittools.test.consids5.se\/pl\/wp-json\/wp\/v2\/product_tag?post=4900"}],"curies":[{"name":"wp","href":"https:\/\/api.w.org\/{rel}","templated":true}]}}