{"id":4916,"date":"2026-04-01T20:30:15","date_gmt":"2026-04-01T20:30:15","guid":{"rendered":"https:\/\/limittools.test.consids5.se\/product\/4916\/"},"modified":"2026-04-01T20:30:15","modified_gmt":"2026-04-01T20:30:15","slug":"4916","status":"publish","type":"product","link":"https:\/\/limittools.test.consids5.se\/pl\/product\/4916\/","title":{"rendered":""},"content":{"rendered":"<p>Cyfrowy przymiar spawalniczy do pomiar\u00f3w naro\u017cnik\u00f3w lub spoin spawalniczych w zakresie 60\u00b0 &#8211; 70\u00b0 &#8211; 80\u00b0 i 90\u00b0 z du\u017cym wy\u015bwietlaczem LCD i cyframi 13 mm. Szybkie odczyty z pr\u0119dko\u015bci\u0105 aktualizacji 3,0 m\/s i skal\u0105 ze stali nierdzewnej. Pomiary bezwzgl\u0119dne i wzgl\u0119dne, odczyty w mm, calach i u\u0142amkach cala. Automatyczne wy\u0142\u0105czanie. Wyprodukowano zgodnie z norm\u0105 DIN 862. W zestawie bateria typu CR 2032.<\/p>\n","protected":false},"excerpt":{"rendered":"Cyfrowy przymiar spawalniczy do pomiar\u00f3w naro\u017cnik\u00f3w lub spoin spawalniczych w zakresie 60\u00b0 &#8211; 70\u00b0 &#8211; 80\u00b0 i 90\u00b0 z du\u017cym [&hellip;]","protected":false},"featured_media":0,"comment_status":"closed","ping_status":"closed","template":"","meta":{"_acf_changed":false},"product_cat":[247,487],"product_tag":[],"class_list":{"0":"post-4916","1":"product","2":"type-product","3":"status-publish","5":"product_cat-pomiary-warsztatowe-pl","6":"product_cat-przymiary-spawalnicze-pl","8":"first","9":"instock","10":"shipping-taxable","11":"product-type-simple"},"acf":[],"yoast_head":"<!-- This site is optimized with the Yoast SEO plugin v23.2 - https:\/\/yoast.com\/wordpress\/plugins\/seo\/ -->\n<title>- Precision measuring instruments | Limit<\/title>\n<meta name=\"robots\" content=\"index, follow, max-snippet:-1, max-image-preview:large, max-video-preview:-1\" \/>\n<link rel=\"canonical\" href=\"https:\/\/limittools.test.consids5.se\/pl\/product\/4916\/\" \/>\n<meta property=\"og:locale\" content=\"pl_PL\" \/>\n<meta property=\"og:type\" content=\"article\" \/>\n<meta property=\"og:title\" content=\"- Precision measuring instruments | Limit\" \/>\n<meta property=\"og:description\" content=\"Cyfrowy przymiar spawalniczy do pomiar\u00f3w naro\u017cnik\u00f3w lub spoin spawalniczych w zakresie 60\u00b0 &#8211; 70\u00b0 &#8211; 80\u00b0 i 90\u00b0 z du\u017cym [&hellip;]\" \/>\n<meta property=\"og:url\" content=\"https:\/\/limittools.test.consids5.se\/pl\/product\/4916\/\" \/>\n<meta property=\"og:site_name\" content=\"Precision measuring instruments | Limit\" \/>\n<meta property=\"article:publisher\" content=\"https:\/\/www.facebook.com\/limittools\/\" \/>\n<meta name=\"twitter:card\" content=\"summary_large_image\" \/>\n<script type=\"application\/ld+json\" class=\"yoast-schema-graph\">{\"@context\":\"https:\/\/schema.org\",\"@graph\":[{\"@type\":\"WebPage\",\"@id\":\"https:\/\/limittools.test.consids5.se\/pl\/product\/4916\/\",\"url\":\"https:\/\/limittools.test.consids5.se\/pl\/product\/4916\/\",\"name\":\"- Precision measuring instruments | Limit\",\"isPartOf\":{\"@id\":\"https:\/\/limittools.test.consids5.se\/#website\"},\"datePublished\":\"2026-04-01T20:30:15+00:00\",\"dateModified\":\"2026-04-01T20:30:15+00:00\",\"inLanguage\":\"pl-PL\",\"potentialAction\":[{\"@type\":\"ReadAction\",\"target\":[\"https:\/\/limittools.test.consids5.se\/pl\/product\/4916\/\"]}]},{\"@type\":\"WebSite\",\"@id\":\"https:\/\/limittools.test.consids5.se\/#website\",\"url\":\"https:\/\/limittools.test.consids5.se\/\",\"name\":\"Precision measuring instruments | Limit\",\"description\":\"Everything can be measured\",\"potentialAction\":[{\"@type\":\"SearchAction\",\"target\":{\"@type\":\"EntryPoint\",\"urlTemplate\":\"https:\/\/limittools.test.consids5.se\/?s={search_term_string}\"},\"query-input\":\"required name=search_term_string\"}],\"inLanguage\":\"pl-PL\"}]}<\/script>\n<!-- \/ Yoast SEO plugin. -->","yoast_head_json":{"title":"- Precision measuring instruments | Limit","robots":{"index":"index","follow":"follow","max-snippet":"max-snippet:-1","max-image-preview":"max-image-preview:large","max-video-preview":"max-video-preview:-1"},"canonical":"https:\/\/limittools.test.consids5.se\/pl\/product\/4916\/","og_locale":"pl_PL","og_type":"article","og_title":"- Precision measuring instruments | Limit","og_description":"Cyfrowy przymiar spawalniczy do pomiar\u00f3w naro\u017cnik\u00f3w lub spoin spawalniczych w zakresie 60\u00b0 &#8211; 70\u00b0 &#8211; 80\u00b0 i 90\u00b0 z du\u017cym [&hellip;]","og_url":"https:\/\/limittools.test.consids5.se\/pl\/product\/4916\/","og_site_name":"Precision measuring instruments | Limit","article_publisher":"https:\/\/www.facebook.com\/limittools\/","twitter_card":"summary_large_image","schema":{"@context":"https:\/\/schema.org","@graph":[{"@type":"WebPage","@id":"https:\/\/limittools.test.consids5.se\/pl\/product\/4916\/","url":"https:\/\/limittools.test.consids5.se\/pl\/product\/4916\/","name":"- Precision measuring instruments | Limit","isPartOf":{"@id":"https:\/\/limittools.test.consids5.se\/#website"},"datePublished":"2026-04-01T20:30:15+00:00","dateModified":"2026-04-01T20:30:15+00:00","inLanguage":"pl-PL","potentialAction":[{"@type":"ReadAction","target":["https:\/\/limittools.test.consids5.se\/pl\/product\/4916\/"]}]},{"@type":"WebSite","@id":"https:\/\/limittools.test.consids5.se\/#website","url":"https:\/\/limittools.test.consids5.se\/","name":"Precision measuring instruments | Limit","description":"Everything can be measured","potentialAction":[{"@type":"SearchAction","target":{"@type":"EntryPoint","urlTemplate":"https:\/\/limittools.test.consids5.se\/?s={search_term_string}"},"query-input":"required name=search_term_string"}],"inLanguage":"pl-PL"}]}},"_links":{"self":[{"href":"https:\/\/limittools.test.consids5.se\/pl\/wp-json\/wp\/v2\/product\/4916"}],"collection":[{"href":"https:\/\/limittools.test.consids5.se\/pl\/wp-json\/wp\/v2\/product"}],"about":[{"href":"https:\/\/limittools.test.consids5.se\/pl\/wp-json\/wp\/v2\/types\/product"}],"replies":[{"embeddable":true,"href":"https:\/\/limittools.test.consids5.se\/pl\/wp-json\/wp\/v2\/comments?post=4916"}],"wp:attachment":[{"href":"https:\/\/limittools.test.consids5.se\/pl\/wp-json\/wp\/v2\/media?parent=4916"}],"wp:term":[{"taxonomy":"product_cat","embeddable":true,"href":"https:\/\/limittools.test.consids5.se\/pl\/wp-json\/wp\/v2\/product_cat?post=4916"},{"taxonomy":"product_tag","embeddable":true,"href":"https:\/\/limittools.test.consids5.se\/pl\/wp-json\/wp\/v2\/product_tag?post=4916"}],"curies":[{"name":"wp","href":"https:\/\/api.w.org\/{rel}","templated":true}]}}