{"id":1246,"date":"2018-12-14T13:02:57","date_gmt":"2018-12-14T13:02:57","guid":{"rendered":"http:\/\/limit-tools.local\/about-limit\/"},"modified":"2019-04-29T08:35:31","modified_gmt":"2019-04-29T08:35:31","slug":"about-limit","status":"publish","type":"page","link":"https:\/\/limittools.test.consids5.se\/sv\/about-limit\/","title":{"rendered":"Om Limit"},"content":{"rendered":"<div class=\"wpb-content-wrapper\"><p>[vc_row][vc_column][vc_column_text]Limit har arbetat med precisionsm\u00e4tning \u00e4nda sedan starten f\u00f6r 90 \u00e5r sedan. Du kan alltid <strong>lita<\/strong> p\u00e5 v\u00e5ra m\u00e4tverktyg! Vi har <strong>l\u00e4ttanv\u00e4nda<\/strong> verktyg av <strong>h\u00f6gsta kvalitet<\/strong> f\u00f6r nedanst\u00e5ende anv\u00e4ndningsomr\u00e5den:<\/p>\n<ul>\n<li>Verkstadsm\u00e4tning<\/li>\n<li>Elm\u00e4tning<\/li>\n<li>Klimat- och milj\u00f6instrument<\/li>\n<li>Laserprodukter<\/li>\n<li>V\u00e5gar och v\u00e4gning<\/li>\n<li>Inspektionsinstrument<\/li>\n<\/ul>\n<p>Luna Group lanserade Limit 1993. Idag \u00e4r vi ett frist\u00e5ende varum\u00e4rke som levererar m\u00e4tinstrument f\u00f6r precisionsm\u00e4tning till kunder i fler \u00e4n 30 l\u00e4nder.[\/vc_column_text]\n        <div class=\"block block--image align-image--center image-size--large\"><figure><img loading=\"lazy\" decoding=\"async\" width=\"640\" height=\"480\" src=\"https:\/\/limittools.test.consids5.se\/wp-content\/uploads\/2019\/01\/laser-2.jpg\" class=\"attachment-full size-full\" alt=\"Product image Limit\" srcset=\"https:\/\/limittools.test.consids5.se\/wp-content\/uploads\/2019\/01\/laser-2.jpg 640w, https:\/\/limittools.test.consids5.se\/wp-content\/uploads\/2019\/01\/laser-2-250x188.jpg 250w, https:\/\/limittools.test.consids5.se\/wp-content\/uploads\/2019\/01\/laser-2-120x90.jpg 120w, https:\/\/limittools.test.consids5.se\/wp-content\/uploads\/2019\/01\/laser-2-600x450.jpg 600w\" sizes=\"(max-width: 640px) 100vw, 640px\" \/><\/figure><\/div>[\/vc_column][\/vc_row]<\/p>\n<\/div>","protected":false},"excerpt":{"rendered":"[vc_row][vc_column][vc_column_text]Limit har arbetat med precisionsm\u00e4tning \u00e4nda sedan starten f\u00f6r 90 \u00e5r sedan. Du kan alltid lita p\u00e5 v\u00e5ra m\u00e4tverktyg! Vi [&hellip;]","protected":false},"author":1,"featured_media":0,"parent":0,"menu_order":0,"comment_status":"closed","ping_status":"closed","template":"","meta":{"_acf_changed":false,"footnotes":""},"class_list":["post-1246","page","type-page","status-publish","hentry"],"acf":[],"yoast_head":"<!-- This site is optimized with the Yoast SEO plugin v23.2 - https:\/\/yoast.com\/wordpress\/plugins\/seo\/ -->\n<title>Om Limit - Precision measuring instruments | Limit<\/title>\n<meta name=\"description\" content=\"Limit has been dedicated to precision measurements from the start, 90 years ago. Our tools give you the confidence to make the right decisions, every time.\" \/>\n<meta name=\"robots\" content=\"index, follow, max-snippet:-1, max-image-preview:large, max-video-preview:-1\" \/>\n<link rel=\"canonical\" href=\"https:\/\/limittools.test.consids5.se\/sv\/about-limit\/\" \/>\n<meta property=\"og:locale\" content=\"sv_SE\" \/>\n<meta property=\"og:type\" content=\"article\" \/>\n<meta property=\"og:title\" content=\"Om Limit - Precision measuring instruments | Limit\" \/>\n<meta property=\"og:description\" content=\"Limit has been dedicated to precision measurements from the start, 90 years ago. Our tools give you the confidence to make the right decisions, every time.\" \/>\n<meta property=\"og:url\" content=\"https:\/\/limittools.test.consids5.se\/sv\/about-limit\/\" \/>\n<meta property=\"og:site_name\" content=\"Precision measuring instruments | Limit\" \/>\n<meta property=\"article:publisher\" content=\"https:\/\/www.facebook.com\/limittools\/\" \/>\n<meta property=\"article:modified_time\" content=\"2019-04-29T08:35:31+00:00\" \/>\n<meta name=\"twitter:card\" content=\"summary_large_image\" \/>\n<meta name=\"twitter:label1\" content=\"Est. reading time\" \/>\n\t<meta name=\"twitter:data1\" content=\"1 minute\" \/>\n<script type=\"application\/ld+json\" class=\"yoast-schema-graph\">{\"@context\":\"https:\/\/schema.org\",\"@graph\":[{\"@type\":\"WebPage\",\"@id\":\"https:\/\/limittools.test.consids5.se\/sv\/about-limit\/\",\"url\":\"https:\/\/limittools.test.consids5.se\/sv\/about-limit\/\",\"name\":\"Om Limit - Precision measuring instruments | Limit\",\"isPartOf\":{\"@id\":\"https:\/\/limittools.test.consids5.se\/#website\"},\"datePublished\":\"2018-12-14T13:02:57+00:00\",\"dateModified\":\"2019-04-29T08:35:31+00:00\",\"description\":\"Limit has been dedicated to precision measurements from the start, 90 years ago. Our tools give you the confidence to make the right decisions, every time.\",\"inLanguage\":\"sv-SE\",\"potentialAction\":[{\"@type\":\"ReadAction\",\"target\":[\"https:\/\/limittools.test.consids5.se\/sv\/about-limit\/\"]}]},{\"@type\":\"WebSite\",\"@id\":\"https:\/\/limittools.test.consids5.se\/#website\",\"url\":\"https:\/\/limittools.test.consids5.se\/\",\"name\":\"Precision measuring instruments | Limit\",\"description\":\"Everything can be measured\",\"potentialAction\":[{\"@type\":\"SearchAction\",\"target\":{\"@type\":\"EntryPoint\",\"urlTemplate\":\"https:\/\/limittools.test.consids5.se\/?s={search_term_string}\"},\"query-input\":\"required name=search_term_string\"}],\"inLanguage\":\"sv-SE\"}]}<\/script>\n<!-- \/ Yoast SEO plugin. -->","yoast_head_json":{"title":"Om Limit - Precision measuring instruments | Limit","description":"Limit has been dedicated to precision measurements from the start, 90 years ago. Our tools give you the confidence to make the right decisions, every time.","robots":{"index":"index","follow":"follow","max-snippet":"max-snippet:-1","max-image-preview":"max-image-preview:large","max-video-preview":"max-video-preview:-1"},"canonical":"https:\/\/limittools.test.consids5.se\/sv\/about-limit\/","og_locale":"sv_SE","og_type":"article","og_title":"Om Limit - Precision measuring instruments | Limit","og_description":"Limit has been dedicated to precision measurements from the start, 90 years ago. Our tools give you the confidence to make the right decisions, every time.","og_url":"https:\/\/limittools.test.consids5.se\/sv\/about-limit\/","og_site_name":"Precision measuring instruments | Limit","article_publisher":"https:\/\/www.facebook.com\/limittools\/","article_modified_time":"2019-04-29T08:35:31+00:00","twitter_card":"summary_large_image","twitter_misc":{"Est. reading time":"1 minute"},"schema":{"@context":"https:\/\/schema.org","@graph":[{"@type":"WebPage","@id":"https:\/\/limittools.test.consids5.se\/sv\/about-limit\/","url":"https:\/\/limittools.test.consids5.se\/sv\/about-limit\/","name":"Om Limit - Precision measuring instruments | Limit","isPartOf":{"@id":"https:\/\/limittools.test.consids5.se\/#website"},"datePublished":"2018-12-14T13:02:57+00:00","dateModified":"2019-04-29T08:35:31+00:00","description":"Limit has been dedicated to precision measurements from the start, 90 years ago. Our tools give you the confidence to make the right decisions, every time.","inLanguage":"sv-SE","potentialAction":[{"@type":"ReadAction","target":["https:\/\/limittools.test.consids5.se\/sv\/about-limit\/"]}]},{"@type":"WebSite","@id":"https:\/\/limittools.test.consids5.se\/#website","url":"https:\/\/limittools.test.consids5.se\/","name":"Precision measuring instruments | Limit","description":"Everything can be measured","potentialAction":[{"@type":"SearchAction","target":{"@type":"EntryPoint","urlTemplate":"https:\/\/limittools.test.consids5.se\/?s={search_term_string}"},"query-input":"required name=search_term_string"}],"inLanguage":"sv-SE"}]}},"_links":{"self":[{"href":"https:\/\/limittools.test.consids5.se\/sv\/wp-json\/wp\/v2\/pages\/1246"}],"collection":[{"href":"https:\/\/limittools.test.consids5.se\/sv\/wp-json\/wp\/v2\/pages"}],"about":[{"href":"https:\/\/limittools.test.consids5.se\/sv\/wp-json\/wp\/v2\/types\/page"}],"author":[{"embeddable":true,"href":"https:\/\/limittools.test.consids5.se\/sv\/wp-json\/wp\/v2\/users\/1"}],"replies":[{"embeddable":true,"href":"https:\/\/limittools.test.consids5.se\/sv\/wp-json\/wp\/v2\/comments?post=1246"}],"version-history":[{"count":2,"href":"https:\/\/limittools.test.consids5.se\/sv\/wp-json\/wp\/v2\/pages\/1246\/revisions"}],"predecessor-version":[{"id":1248,"href":"https:\/\/limittools.test.consids5.se\/sv\/wp-json\/wp\/v2\/pages\/1246\/revisions\/1248"}],"wp:attachment":[{"href":"https:\/\/limittools.test.consids5.se\/sv\/wp-json\/wp\/v2\/media?parent=1246"}],"curies":[{"name":"wp","href":"https:\/\/api.w.org\/{rel}","templated":true}]}}