{"id":1262,"date":"2018-12-10T12:26:19","date_gmt":"2018-12-10T12:26:19","guid":{"rendered":"http:\/\/limit-tools.local\/limit\/"},"modified":"2019-04-29T08:35:33","modified_gmt":"2019-04-29T08:35:33","slug":"limit","status":"publish","type":"page","link":"https:\/\/limittools.test.consids5.se\/sv\/","title":{"rendered":"Start"},"content":{"rendered":"<div class=\"wpb-content-wrapper\"><p>[vc_row full_width=&#8221;stretch_row_content_no_spaces&#8221;][vc_column]\n        <div class=\"block block--hero-video\">\n            <div class=\"video-hero\">\n                <div class=\"video-hero__video\"><video src=\"https:\/\/limittools.test.consids5.se\/wp-content\/uploads\/2019\/01\/limit_final.mp4\" poster=\"https:\/\/limittools.test.consids5.se\/wp-content\/uploads\/2019\/01\/Limit_startbild_mobilversion.jpg\" muted autoplay loop><\/video><img decoding=\"async\" src=\"https:\/\/limittools.test.consids5.se\/wp-content\/uploads\/2019\/01\/Limit_startbild_mobilversion.jpg\" alt=\"\" class=\"video-hero__placeholder\"><\/div>\n                <div class=\"hero__content\"><div class=\"video-hero__content\"><h1>Everything can be <em>measured<\/em><\/h1><\/div><\/div>\n            <\/div>\n        <\/div>\n        <div class=\"block block--spacer space--medium\"><\/div>\n        <div class=\"product-category-grid product-category-grid--start-fit\">\n            <a class=\"product-category\" href=\"https:\/\/limittools.test.consids5.se\/sv\/product-category\/klimat-och-miljomat-instrument-sv\/\">\n                    <div class=\"product-category__image\">\n                        <img decoding=\"async\" src=\"\">\n                    <\/div>\n                        <h3 class=\"product-category__name\">Klimat- och milj\u00f6m\u00e4t instrument<\/h3>\n                    <\/a><a class=\"product-category\" href=\"https:\/\/limittools.test.consids5.se\/sv\/product-category\/eltest-sv\/\">\n                    <div class=\"product-category__image\">\n                        <img decoding=\"async\" src=\"https:\/\/limittools.test.consids5.se\/wp-content\/uploads\/2019\/01\/electrical.jpg\">\n                    <\/div>\n                        <h3 class=\"product-category__name\">Eltest<\/h3>\n                    <\/a><a class=\"product-category\" href=\"https:\/\/limittools.test.consids5.se\/sv\/product-category\/inspektion-sv\/\">\n                    <div class=\"product-category__image\">\n                        <img decoding=\"async\" src=\"https:\/\/limittools.test.consids5.se\/wp-content\/uploads\/2019\/01\/inspection.jpg\">\n                    <\/div>\n                        <h3 class=\"product-category__name\">Inspektion<\/h3>\n                    <\/a><a class=\"product-category\" href=\"https:\/\/limittools.test.consids5.se\/sv\/product-category\/klimat-och-miljomat-sv\/\">\n                    <div class=\"product-category__image\">\n                        <img decoding=\"async\" src=\"https:\/\/limittools.test.consids5.se\/wp-content\/uploads\/2019\/01\/climate.jpg\">\n                    <\/div>\n                        <h3 class=\"product-category__name\">Klimat- och milj\u00f6m\u00e4t<\/h3>\n                    <\/a><a class=\"product-category\" href=\"https:\/\/limittools.test.consids5.se\/sv\/product-category\/laserinstrument-sv\/\">\n                    <div class=\"product-category__image\">\n                        <img decoding=\"async\" src=\"https:\/\/limittools.test.consids5.se\/wp-content\/uploads\/2019\/01\/laser.jpg\">\n                    <\/div>\n                        <h3 class=\"product-category__name\">Laserinstrument<\/h3>\n                    <\/a><a class=\"product-category\" href=\"https:\/\/limittools.test.consids5.se\/sv\/product-category\/vagar-sv\/\">\n                    <div class=\"product-category__image\">\n                        <img decoding=\"async\" src=\"https:\/\/limittools.test.consids5.se\/wp-content\/uploads\/2019\/01\/scales.jpg\">\n                    <\/div>\n                        <h3 class=\"product-category__name\">V\u00e5gar<\/h3>\n                    <\/a><a class=\"product-category\" href=\"https:\/\/limittools.test.consids5.se\/sv\/product-category\/verkstadsmat-sv\/\">\n                    <div class=\"product-category__image\">\n                        <img decoding=\"async\" src=\"https:\/\/limittools.test.consids5.se\/wp-content\/uploads\/2019\/01\/wmt.jpg\">\n                    <\/div>\n                        <h3 class=\"product-category__name\">Verkstadsm\u00e4t<\/h3>\n                    <\/a>\n        <\/div>\n            <div class=\"block block--promo align-left size-default text-default with-image\">\n                <div class=\"promo promo--none\">\n                    <div class=\"promo__image\">\n                        <img decoding=\"async\" src=\"https:\/\/limittools.test.consids5.se\/wp-content\/uploads\/2019\/01\/limit-spotlight-laser1a.jpg\" alt=\"B\u00e4ttre synlighet med gr\u00f6n laser\"\/>\n                    <\/div>\n                    <div class=\"promo-content promo-content--none\">\n                        <h3 class=\"promo__subtitle\">Limit 1080-G Gr\u00f6n Laser<\/h3>\n                        <h2 class=\"promo__title\">B\u00e4ttre synlighet med gr\u00f6n laser<\/h2>\n                        <div class=\"promo__text\">Gr\u00f6n laser har laserlinjer med h\u00f6gre noggrannhet som \u00e4r upp till fyra g\u00e5nger s\u00e5 synliga f\u00f6r det m\u00e4nskliga \u00f6gat. Gr\u00f6n laser \u00e4r ocks\u00e5 l\u00e4ttare att arbeta med.<\/div><a href=\"http:\/\/limit-tools.local\/product\/multi-crossl-laser-limit1080-g\/\" class=\"promo__action btn\">L\u00e4s mer<\/a><\/div>\n                <\/div>\n            <\/div>\n            <div class=\"block block--promo align-left size-default text-default with-image\">\n                <div class=\"promo promo--none\">\n                    <div class=\"promo__image\">\n                        <img decoding=\"async\" src=\"https:\/\/limittools.test.consids5.se\/wp-content\/uploads\/2019\/01\/about-limit-lemon.jpg\" alt=\"Om limit\"\/>\n                    <\/div>\n                    <div class=\"promo-content promo-content--none\">\n                        <h3 class=\"promo__subtitle\"><\/h3>\n                        <h2 class=\"promo__title\">Om limit<\/h2>\n                        <div class=\"promo__text\">Vi har inte ord som ungef\u00e4r och sv\u00e5rt i v\u00e5rt ordf\u00f6rr\u00e5d. D\u00e4remot kommer du att h\u00f6ra oss prata mycket om noggrannhet och enkelhet. Du f\u00e5r g\u00e4rna kalla oss f\u00f6r n\u00f6rdar, men vi \u00e4r v\u00e4ldigt noga med att allting \u00e4r korrekt och enkelt. Eller f\u00f6r att vara n\u00f6rdig \u2013 v\u00e4ldigt noga med att allting blir exakt.<\/div><a href=\"http:\/\/limit-tools.local\/about-limit\/\" class=\"promo__action btn\">L\u00e4s mer<\/a><\/div>\n                <\/div>\n            <\/div>[\/vc_column][\/vc_row]<\/p>\n<\/div>","protected":false},"excerpt":{"rendered":"[vc_row full_width=&#8221;stretch_row_content_no_spaces&#8221;][vc_column][\/vc_column][\/vc_row]","protected":false},"author":1,"featured_media":0,"parent":0,"menu_order":0,"comment_status":"closed","ping_status":"closed","template":"","meta":{"_acf_changed":false,"footnotes":""},"class_list":["post-1262","page","type-page","status-publish","hentry"],"acf":[],"yoast_head":"<!-- This site is optimized with the Yoast SEO plugin v23.2 - https:\/\/yoast.com\/wordpress\/plugins\/seo\/ -->\n<title>Start - Precision measuring instruments | Limit<\/title>\n<meta name=\"robots\" content=\"index, follow, max-snippet:-1, max-image-preview:large, max-video-preview:-1\" \/>\n<link rel=\"canonical\" href=\"https:\/\/limittools.test.consids5.se\/sv\/\" \/>\n<meta property=\"og:locale\" content=\"sv_SE\" \/>\n<meta property=\"og:type\" content=\"article\" \/>\n<meta property=\"og:title\" content=\"Start - Precision measuring instruments | Limit\" \/>\n<meta property=\"og:description\" content=\"[vc_row full_width=&#8221;stretch_row_content_no_spaces&#8221;][vc_column][\/vc_column][\/vc_row]\" \/>\n<meta property=\"og:url\" content=\"https:\/\/limittools.test.consids5.se\/sv\/\" \/>\n<meta property=\"og:site_name\" content=\"Precision measuring instruments | Limit\" \/>\n<meta property=\"article:publisher\" content=\"https:\/\/www.facebook.com\/limittools\/\" \/>\n<meta property=\"article:modified_time\" content=\"2019-04-29T08:35:33+00:00\" \/>\n<meta name=\"twitter:card\" content=\"summary_large_image\" \/>\n<meta name=\"twitter:label1\" content=\"Est. reading time\" \/>\n\t<meta name=\"twitter:data1\" content=\"1 minute\" \/>\n<script type=\"application\/ld+json\" class=\"yoast-schema-graph\">{\"@context\":\"https:\/\/schema.org\",\"@graph\":[{\"@type\":\"WebPage\",\"@id\":\"https:\/\/limittools.test.consids5.se\/sv\/\",\"url\":\"https:\/\/limittools.test.consids5.se\/sv\/\",\"name\":\"Start - Precision measuring instruments | Limit\",\"isPartOf\":{\"@id\":\"https:\/\/limittools.test.consids5.se\/#website\"},\"datePublished\":\"2018-12-10T12:26:19+00:00\",\"dateModified\":\"2019-04-29T08:35:33+00:00\",\"inLanguage\":\"sv-SE\",\"potentialAction\":[{\"@type\":\"ReadAction\",\"target\":[\"https:\/\/limittools.test.consids5.se\/sv\/\"]}]},{\"@type\":\"WebSite\",\"@id\":\"https:\/\/limittools.test.consids5.se\/#website\",\"url\":\"https:\/\/limittools.test.consids5.se\/\",\"name\":\"Precision measuring instruments | Limit\",\"description\":\"Everything can be measured\",\"potentialAction\":[{\"@type\":\"SearchAction\",\"target\":{\"@type\":\"EntryPoint\",\"urlTemplate\":\"https:\/\/limittools.test.consids5.se\/?s={search_term_string}\"},\"query-input\":\"required name=search_term_string\"}],\"inLanguage\":\"sv-SE\"}]}<\/script>\n<!-- \/ Yoast SEO plugin. -->","yoast_head_json":{"title":"Start - Precision measuring instruments | Limit","robots":{"index":"index","follow":"follow","max-snippet":"max-snippet:-1","max-image-preview":"max-image-preview:large","max-video-preview":"max-video-preview:-1"},"canonical":"https:\/\/limittools.test.consids5.se\/sv\/","og_locale":"sv_SE","og_type":"article","og_title":"Start - Precision measuring instruments | Limit","og_description":"[vc_row full_width=&#8221;stretch_row_content_no_spaces&#8221;][vc_column][\/vc_column][\/vc_row]","og_url":"https:\/\/limittools.test.consids5.se\/sv\/","og_site_name":"Precision measuring instruments | Limit","article_publisher":"https:\/\/www.facebook.com\/limittools\/","article_modified_time":"2019-04-29T08:35:33+00:00","twitter_card":"summary_large_image","twitter_misc":{"Est. reading time":"1 minute"},"schema":{"@context":"https:\/\/schema.org","@graph":[{"@type":"WebPage","@id":"https:\/\/limittools.test.consids5.se\/sv\/","url":"https:\/\/limittools.test.consids5.se\/sv\/","name":"Start - Precision measuring instruments | Limit","isPartOf":{"@id":"https:\/\/limittools.test.consids5.se\/#website"},"datePublished":"2018-12-10T12:26:19+00:00","dateModified":"2019-04-29T08:35:33+00:00","inLanguage":"sv-SE","potentialAction":[{"@type":"ReadAction","target":["https:\/\/limittools.test.consids5.se\/sv\/"]}]},{"@type":"WebSite","@id":"https:\/\/limittools.test.consids5.se\/#website","url":"https:\/\/limittools.test.consids5.se\/","name":"Precision measuring instruments | Limit","description":"Everything can be measured","potentialAction":[{"@type":"SearchAction","target":{"@type":"EntryPoint","urlTemplate":"https:\/\/limittools.test.consids5.se\/?s={search_term_string}"},"query-input":"required name=search_term_string"}],"inLanguage":"sv-SE"}]}},"_links":{"self":[{"href":"https:\/\/limittools.test.consids5.se\/sv\/wp-json\/wp\/v2\/pages\/1262"}],"collection":[{"href":"https:\/\/limittools.test.consids5.se\/sv\/wp-json\/wp\/v2\/pages"}],"about":[{"href":"https:\/\/limittools.test.consids5.se\/sv\/wp-json\/wp\/v2\/types\/page"}],"author":[{"embeddable":true,"href":"https:\/\/limittools.test.consids5.se\/sv\/wp-json\/wp\/v2\/users\/1"}],"replies":[{"embeddable":true,"href":"https:\/\/limittools.test.consids5.se\/sv\/wp-json\/wp\/v2\/comments?post=1262"}],"version-history":[{"count":3,"href":"https:\/\/limittools.test.consids5.se\/sv\/wp-json\/wp\/v2\/pages\/1262\/revisions"}],"predecessor-version":[{"id":1266,"href":"https:\/\/limittools.test.consids5.se\/sv\/wp-json\/wp\/v2\/pages\/1262\/revisions\/1266"}],"wp:attachment":[{"href":"https:\/\/limittools.test.consids5.se\/sv\/wp-json\/wp\/v2\/media?parent=1262"}],"curies":[{"name":"wp","href":"https:\/\/api.w.org\/{rel}","templated":true}]}}