{"id":1268,"date":"2018-12-10T09:21:03","date_gmt":"2018-12-10T09:21:03","guid":{"rendered":"http:\/\/limit-tools.local\/tips-and-tricks\/"},"modified":"2019-04-29T08:35:34","modified_gmt":"2019-04-29T08:35:34","slug":"tips-and-tricks","status":"publish","type":"page","link":"https:\/\/limittools.test.consids5.se\/sv\/tips-and-tricks\/","title":{"rendered":"Tips och tricks"},"content":{"rendered":"<div class=\"wpb-content-wrapper\"><p>[vc_row][vc_column]\n        <div class=\"block block--chapter\">\n            <div class=\"salvattore salvattore--2col\" data-columns>\n                \n                    <div class=\"salvattore__item chapter\"><div class=\"chapter__image\"><a href=\"https:\/\/limittools.test.consids5.se\/sv\/tips-and-tricks\/about-rms\/\"><img decoding=\"async\" src=\"https:\/\/limittools.test.consids5.se\/wp-content\/uploads\/2019\/01\/Default_tipsTricks_image-700x420.jpg\" alt=\"OM RMS\" \/><\/a><\/div><h4 class=\"chapter__title small\">\n                            <a href=\"https:\/\/limittools.test.consids5.se\/sv\/tips-and-tricks\/about-rms\/\">OM RMS<\/a>\n                        <\/h4><a class=\"btn btn--comp\" href=\"https:\/\/limittools.test.consids5.se\/sv\/tips-and-tricks\/about-rms\/\">L\u00e4s mer<\/a><\/div>\n                    <div class=\"salvattore__item chapter\"><div class=\"chapter__image\"><a href=\"https:\/\/limittools.test.consids5.se\/sv\/tips-and-tricks\/how-to-find-the-right-sensor-for-the-temperature-gauge\/\"><img decoding=\"async\" src=\"https:\/\/limittools.test.consids5.se\/wp-content\/uploads\/2018\/12\/Good-Choice_Sign-700x649.jpg\" alt=\"Hur man hittar ra\u0308tt givare till sin temperaturma\u0308tare\" \/><\/a><\/div><h4 class=\"chapter__title small\">\n                            <a href=\"https:\/\/limittools.test.consids5.se\/sv\/tips-and-tricks\/how-to-find-the-right-sensor-for-the-temperature-gauge\/\">Hur man hittar ra\u0308tt givare till sin temperaturma\u0308tare<\/a>\n                        <\/h4><p class=\"chapter__description\">Om temperaturgivare<\/p><a class=\"btn btn--comp\" href=\"https:\/\/limittools.test.consids5.se\/sv\/tips-and-tricks\/how-to-find-the-right-sensor-for-the-temperature-gauge\/\">L\u00e4s mer<\/a><\/div>\n                    <div class=\"salvattore__item chapter\"><div class=\"chapter__image\"><a href=\"https:\/\/limittools.test.consids5.se\/sv\/tips-and-tricks\/about-moisture\/\"><img decoding=\"async\" src=\"https:\/\/limittools.test.consids5.se\/wp-content\/uploads\/2018\/12\/PH_moisture.png\" alt=\"Vad \u00e4r en fuktm\u00e4tare och hur fungerar den?\" \/><\/a><\/div><h4 class=\"chapter__title small\">\n                            <a href=\"https:\/\/limittools.test.consids5.se\/sv\/tips-and-tricks\/about-moisture\/\">Vad \u00e4r en fuktm\u00e4tare och hur fungerar den?<\/a>\n                        <\/h4><p class=\"chapter__description\">Om fukt<\/p><a class=\"btn btn--comp\" href=\"https:\/\/limittools.test.consids5.se\/sv\/tips-and-tricks\/about-moisture\/\">L\u00e4s mer<\/a><\/div>\n                    <div class=\"salvattore__item chapter\"><div class=\"chapter__image\"><a href=\"https:\/\/limittools.test.consids5.se\/sv\/tips-and-tricks\/about-electrical-safety\/\"><img decoding=\"async\" src=\"https:\/\/limittools.test.consids5.se\/wp-content\/uploads\/2018\/12\/illustration-mat-700x555.jpg\" alt=\"OM ELS\u00c4KERHET\" \/><\/a><\/div><h4 class=\"chapter__title small\">\n                            <a href=\"https:\/\/limittools.test.consids5.se\/sv\/tips-and-tricks\/about-electrical-safety\/\">OM ELS\u00c4KERHET<\/a>\n                        <\/h4><p class=\"chapter__description\">L\u00e4r dig mer om \u00f6versp\u00e4nning och hur du kan skydda dig mot elektriskt relaterade risker.<\/p><a class=\"btn btn--comp\" href=\"https:\/\/limittools.test.consids5.se\/sv\/tips-and-tricks\/about-electrical-safety\/\">L\u00e4s mer<\/a><\/div>\n                    <div class=\"salvattore__item chapter\"><div class=\"chapter__image\"><a href=\"https:\/\/limittools.test.consids5.se\/sv\/tips-and-tricks\/about-ir-measuring-of-temperature\/\"><img decoding=\"async\" src=\"https:\/\/limittools.test.consids5.se\/wp-content\/uploads\/2019\/01\/Default_tipsTricks_image-700x420.jpg\" alt=\"Om IR-m\u00e4tning av temperatur\" \/><\/a><\/div><h4 class=\"chapter__title small\">\n                            <a href=\"https:\/\/limittools.test.consids5.se\/sv\/tips-and-tricks\/about-ir-measuring-of-temperature\/\">Om IR-m\u00e4tning av temperatur<\/a>\n                        <\/h4><a class=\"btn btn--comp\" href=\"https:\/\/limittools.test.consids5.se\/sv\/tips-and-tricks\/about-ir-measuring-of-temperature\/\">L\u00e4s mer<\/a><\/div>\n            <\/div>\n        <\/div>[\/vc_column][\/vc_row]<\/p>\n<\/div>","protected":false},"excerpt":{"rendered":"[vc_row][vc_column][\/vc_column][\/vc_row]","protected":false},"author":1,"featured_media":0,"parent":0,"menu_order":0,"comment_status":"closed","ping_status":"closed","template":"","meta":{"_acf_changed":false,"footnotes":""},"class_list":["post-1268","page","type-page","status-publish","hentry"],"acf":[],"yoast_head":"<!-- This site is optimized with the Yoast SEO plugin v23.2 - https:\/\/yoast.com\/wordpress\/plugins\/seo\/ -->\n<title>Tips och tricks - Precision measuring instruments | Limit<\/title>\n<meta name=\"robots\" content=\"index, follow, max-snippet:-1, max-image-preview:large, max-video-preview:-1\" \/>\n<link rel=\"canonical\" href=\"https:\/\/limittools.test.consids5.se\/sv\/tips-and-tricks\/\" \/>\n<meta property=\"og:locale\" content=\"sv_SE\" \/>\n<meta property=\"og:type\" content=\"article\" \/>\n<meta property=\"og:title\" content=\"Tips och tricks - Precision measuring instruments | Limit\" \/>\n<meta property=\"og:description\" content=\"[vc_row][vc_column][\/vc_column][\/vc_row]\" \/>\n<meta property=\"og:url\" content=\"https:\/\/limittools.test.consids5.se\/sv\/tips-and-tricks\/\" \/>\n<meta property=\"og:site_name\" content=\"Precision measuring instruments | Limit\" \/>\n<meta property=\"article:publisher\" content=\"https:\/\/www.facebook.com\/limittools\/\" \/>\n<meta property=\"article:modified_time\" content=\"2019-04-29T08:35:34+00:00\" \/>\n<meta name=\"twitter:card\" content=\"summary_large_image\" \/>\n<script type=\"application\/ld+json\" class=\"yoast-schema-graph\">{\"@context\":\"https:\/\/schema.org\",\"@graph\":[{\"@type\":\"WebPage\",\"@id\":\"https:\/\/limittools.test.consids5.se\/sv\/tips-and-tricks\/\",\"url\":\"https:\/\/limittools.test.consids5.se\/sv\/tips-and-tricks\/\",\"name\":\"Tips och tricks - Precision measuring instruments | Limit\",\"isPartOf\":{\"@id\":\"https:\/\/limittools.test.consids5.se\/#website\"},\"datePublished\":\"2018-12-10T09:21:03+00:00\",\"dateModified\":\"2019-04-29T08:35:34+00:00\",\"inLanguage\":\"sv-SE\",\"potentialAction\":[{\"@type\":\"ReadAction\",\"target\":[\"https:\/\/limittools.test.consids5.se\/sv\/tips-and-tricks\/\"]}]},{\"@type\":\"WebSite\",\"@id\":\"https:\/\/limittools.test.consids5.se\/#website\",\"url\":\"https:\/\/limittools.test.consids5.se\/\",\"name\":\"Precision measuring instruments | Limit\",\"description\":\"Everything can be measured\",\"potentialAction\":[{\"@type\":\"SearchAction\",\"target\":{\"@type\":\"EntryPoint\",\"urlTemplate\":\"https:\/\/limittools.test.consids5.se\/?s={search_term_string}\"},\"query-input\":\"required name=search_term_string\"}],\"inLanguage\":\"sv-SE\"}]}<\/script>\n<!-- \/ Yoast SEO plugin. -->","yoast_head_json":{"title":"Tips och tricks - Precision measuring instruments | Limit","robots":{"index":"index","follow":"follow","max-snippet":"max-snippet:-1","max-image-preview":"max-image-preview:large","max-video-preview":"max-video-preview:-1"},"canonical":"https:\/\/limittools.test.consids5.se\/sv\/tips-and-tricks\/","og_locale":"sv_SE","og_type":"article","og_title":"Tips och tricks - Precision measuring instruments | Limit","og_description":"[vc_row][vc_column][\/vc_column][\/vc_row]","og_url":"https:\/\/limittools.test.consids5.se\/sv\/tips-and-tricks\/","og_site_name":"Precision measuring instruments | Limit","article_publisher":"https:\/\/www.facebook.com\/limittools\/","article_modified_time":"2019-04-29T08:35:34+00:00","twitter_card":"summary_large_image","schema":{"@context":"https:\/\/schema.org","@graph":[{"@type":"WebPage","@id":"https:\/\/limittools.test.consids5.se\/sv\/tips-and-tricks\/","url":"https:\/\/limittools.test.consids5.se\/sv\/tips-and-tricks\/","name":"Tips och tricks - Precision measuring instruments | Limit","isPartOf":{"@id":"https:\/\/limittools.test.consids5.se\/#website"},"datePublished":"2018-12-10T09:21:03+00:00","dateModified":"2019-04-29T08:35:34+00:00","inLanguage":"sv-SE","potentialAction":[{"@type":"ReadAction","target":["https:\/\/limittools.test.consids5.se\/sv\/tips-and-tricks\/"]}]},{"@type":"WebSite","@id":"https:\/\/limittools.test.consids5.se\/#website","url":"https:\/\/limittools.test.consids5.se\/","name":"Precision measuring instruments | Limit","description":"Everything can be measured","potentialAction":[{"@type":"SearchAction","target":{"@type":"EntryPoint","urlTemplate":"https:\/\/limittools.test.consids5.se\/?s={search_term_string}"},"query-input":"required name=search_term_string"}],"inLanguage":"sv-SE"}]}},"_links":{"self":[{"href":"https:\/\/limittools.test.consids5.se\/sv\/wp-json\/wp\/v2\/pages\/1268"}],"collection":[{"href":"https:\/\/limittools.test.consids5.se\/sv\/wp-json\/wp\/v2\/pages"}],"about":[{"href":"https:\/\/limittools.test.consids5.se\/sv\/wp-json\/wp\/v2\/types\/page"}],"author":[{"embeddable":true,"href":"https:\/\/limittools.test.consids5.se\/sv\/wp-json\/wp\/v2\/users\/1"}],"replies":[{"embeddable":true,"href":"https:\/\/limittools.test.consids5.se\/sv\/wp-json\/wp\/v2\/comments?post=1268"}],"version-history":[{"count":2,"href":"https:\/\/limittools.test.consids5.se\/sv\/wp-json\/wp\/v2\/pages\/1268\/revisions"}],"predecessor-version":[{"id":1270,"href":"https:\/\/limittools.test.consids5.se\/sv\/wp-json\/wp\/v2\/pages\/1268\/revisions\/1270"}],"wp:attachment":[{"href":"https:\/\/limittools.test.consids5.se\/sv\/wp-json\/wp\/v2\/media?parent=1268"}],"curies":[{"name":"wp","href":"https:\/\/api.w.org\/{rel}","templated":true}]}}