{"id":1272,"date":"2018-12-17T13:22:24","date_gmt":"2018-12-17T13:22:24","guid":{"rendered":"http:\/\/limit-tools.local\/tips-and-tricks\/about-electrical-safety\/"},"modified":"2019-04-29T08:35:35","modified_gmt":"2019-04-29T08:35:35","slug":"about-electrical-safety","status":"publish","type":"page","link":"https:\/\/limittools.test.consids5.se\/sv\/tips-and-tricks\/about-electrical-safety\/","title":{"rendered":"OM ELS\u00c4KERHET"},"content":{"rendered":"<div class=\"wpb-content-wrapper\"><p>[vc_row][vc_column][vc_column_text]<\/p>\n<div class=\"page\" title=\"Page 1\">\n<div class=\"section\">\n<div class=\"layoutArea\">\n<div class=\"column\">\n<div class=\"page\" title=\"Page 1\">\n<div class=\"section\">\n<div class=\"layoutArea\">\n<div class=\"column\">\n<p>I takt med att distributionssystem och belastning blir alltmer komplexa \u00f6kar risken fo\u0308r o\u0308verspa\u0308nningstransienter. Motorer, kondensatorer och utrustning fo\u0308r stro\u0308mkonvertering, som motorstyrningar med variabel hastighet, kan ge upphov till ljusba\u030agar. Blixtnedslag i kraftledningar utomhus kan orsaka extremt farliga transienter med ho\u0308g energi. Na\u0308r du utfo\u0308r ma\u0308tningar pa\u030a elektriska system utgo\u0308r dessa transienter en \u201cosynlig\u201d och i stort sett oundviklig fara. de uppsta\u030ar regelbundet i la\u030agspa\u0308nningskretsar och kan n\u00e5 toppv\u00e4rden p\u00e5 tusentals volt. f\u00f6r att du ska kunna skydda dig mot transienter ma\u030aste sa\u0308kerheten finnas inbyggd i testutrustningen.<\/p>\n<\/div>\n<\/div>\n<\/div>\n<\/div>\n<\/div>\n<\/div>\n<\/div>\n<\/div>\n<p>[\/vc_column_text]\n        <div class=\"block block--image align-image--left image-size--large\"><figure><img loading=\"lazy\" decoding=\"async\" width=\"1146\" height=\"909\" src=\"https:\/\/limittools.test.consids5.se\/wp-content\/uploads\/2018\/12\/illustration-mat.jpg\" class=\"attachment-full size-full\" alt=\"Overvoltage illustration picture\" srcset=\"https:\/\/limittools.test.consids5.se\/wp-content\/uploads\/2018\/12\/illustration-mat.jpg 1146w, https:\/\/limittools.test.consids5.se\/wp-content\/uploads\/2018\/12\/illustration-mat-250x198.jpg 250w, https:\/\/limittools.test.consids5.se\/wp-content\/uploads\/2018\/12\/illustration-mat-768x609.jpg 768w, https:\/\/limittools.test.consids5.se\/wp-content\/uploads\/2018\/12\/illustration-mat-700x555.jpg 700w, https:\/\/limittools.test.consids5.se\/wp-content\/uploads\/2018\/12\/illustration-mat-120x95.jpg 120w, https:\/\/limittools.test.consids5.se\/wp-content\/uploads\/2018\/12\/illustration-mat-600x476.jpg 600w\" sizes=\"(max-width: 1146px) 100vw, 1146px\" \/><figcaption>I texter och tabeller har vi angivit sa\u0308kerhetsklassen fo\u0308r respektive instrument sa\u030a att du kan va\u0308lja ra\u0308tt niva\u030a fo\u0308r dina arbeten.<\/figcaption><\/figure><\/div>[\/vc_column][\/vc_row][vc_row css_animation=&#8221;bounceIn&#8221; css=&#8221;.vc_custom_1545052763468{border-radius: 2px !important;}&#8221;][vc_column width=&#8221;1\/3&#8243;][vc_column_text]<\/p>\n<h4>\u00d6versp\u00e4nning<\/h4>\n<p>[\/vc_column_text][vc_column_text]<strong>KAT IV<\/strong>[\/vc_column_text][\/vc_column][vc_column width=&#8221;1\/3&#8243;][vc_column_text]<\/p>\n<h4>Sammanfattning<\/h4>\n<p>[\/vc_column_text][vc_column_text]Trefas p\u00e5 prim\u00e4r niv\u00e5, alla ledare f\u00f6r utomhusbruk.[\/vc_column_text][\/vc_column][vc_column width=&#8221;1\/3&#8243;][vc_column_text]<\/p>\n<h4>Exempel<\/h4>\n<p>[\/vc_column_text][vc_column_text]<\/p>\n<ul>\n<li>Ha\u0308nvisar till \u201cinstallationens ursprung\u201d, dvs. da\u0308r la\u030agspa\u0308nningsanslutningen anslo\u0308ts till eluttaget.<\/li>\n<li>Elma\u0308tare, prima\u0308ra o\u0308verslagsskyddsutrustningar<\/li>\n<li>Utomhus och pa\u030a serviceniva\u030a, serviceledningar fra\u030an pol till byggnad, ga\u030ar mellan ma\u0308tare och panel.<\/li>\n<li>Luftfo\u0308rbindelse med friliggande byggnad, markfo\u0308rbindelse med brunnspump.<\/li>\n<\/ul>\n<p>[\/vc_column_text][\/vc_column][\/vc_row][vc_row][vc_column width=&#8221;1\/3&#8243;][vc_column_text]<strong>KAT III<\/strong>[\/vc_column_text][\/vc_column][vc_column width=&#8221;1\/3&#8243;][vc_column_text]Trefasdistribution, inklusive enfasig kommersiell belysning.[\/vc_column_text][\/vc_column][vc_column width=&#8221;1\/3&#8243;][vc_column_text]<\/p>\n<ul>\n<li>Utrustning i fasta installationer, t.ex. kontrollutrustning och flerfasmotorer.<\/li>\n<li>Buss och matning vid industrianla\u0308ggningar.<\/li>\n<li>Matarkablar och korta huvudspa\u0308nningskretsar, distributionspanelsenheter.<\/li>\n<li>Belysningssystem i sto\u0308rre byggnader<\/li>\n<li>Apparatuttag med korta anslutningar till serviceniva\u030an.<\/li>\n<\/ul>\n<p>[\/vc_column_text][\/vc_column][\/vc_row][vc_row][vc_column width=&#8221;1\/3&#8243;][vc_column_text]<strong>KAT II<\/strong>[\/vc_column_text][\/vc_column][vc_column width=&#8221;1\/3&#8243;][vc_column_text]<\/p>\n<div>Enfas kontaktanslutna belastningar<\/div>\n<p>[\/vc_column_text][\/vc_column][vc_column width=&#8221;1\/3&#8243;][vc_column_text]<\/p>\n<ul>\n<li>Utrustning, b\u00e4rbara verktyg samt hush\u00e5lls- och andra belastningar.<\/li>\n<li>Uttag och la\u030anga huvudspa\u0308nningskretsar.<\/li>\n<li>Uttag vid mer a\u0308n 10 meter fra\u030an KAT III-ka\u0308llan.<\/li>\n<li>Uttag vid mer a\u0308n 20 meter fra\u030an KAT IV-ka\u0308llan.<\/li>\n<\/ul>\n<p>[\/vc_column_text][\/vc_column][\/vc_row]<\/p>\n<\/div>","protected":false},"excerpt":{"rendered":"[vc_row][vc_column][vc_column_text] I takt med att distributionssystem och belastning blir alltmer komplexa \u00f6kar risken fo\u0308r o\u0308verspa\u0308nningstransienter. Motorer, kondensatorer och utrustning fo\u0308r [&hellip;]","protected":false},"author":2,"featured_media":1273,"parent":1268,"menu_order":0,"comment_status":"closed","ping_status":"closed","template":"","meta":{"_acf_changed":false,"footnotes":""},"class_list":["post-1272","page","type-page","status-publish","has-post-thumbnail","hentry"],"acf":[],"yoast_head":"<!-- This site is optimized with the Yoast SEO plugin v23.2 - https:\/\/yoast.com\/wordpress\/plugins\/seo\/ -->\n<title>OM ELS\u00c4KERHET - Precision measuring instruments | Limit<\/title>\n<meta name=\"robots\" content=\"index, follow, max-snippet:-1, max-image-preview:large, max-video-preview:-1\" \/>\n<link rel=\"canonical\" href=\"https:\/\/limittools.test.consids5.se\/sv\/tips-and-tricks\/about-electrical-safety\/\" \/>\n<meta property=\"og:locale\" content=\"sv_SE\" \/>\n<meta property=\"og:type\" content=\"article\" \/>\n<meta property=\"og:title\" content=\"OM ELS\u00c4KERHET - Precision measuring instruments | Limit\" \/>\n<meta property=\"og:description\" content=\"[vc_row][vc_column][vc_column_text] I takt med att distributionssystem och belastning blir alltmer komplexa \u00f6kar risken fo\u0308r o\u0308verspa\u0308nningstransienter. Motorer, kondensatorer och utrustning fo\u0308r [&hellip;]\" \/>\n<meta property=\"og:url\" content=\"https:\/\/limittools.test.consids5.se\/sv\/tips-and-tricks\/about-electrical-safety\/\" \/>\n<meta property=\"og:site_name\" content=\"Precision measuring instruments | Limit\" \/>\n<meta property=\"article:publisher\" content=\"https:\/\/www.facebook.com\/limittools\/\" \/>\n<meta property=\"article:modified_time\" content=\"2019-04-29T08:35:35+00:00\" \/>\n<meta property=\"og:image\" content=\"https:\/\/limittools.test.consids5.se\/wp-content\/uploads\/2018\/12\/illustration-mat.jpg\" \/>\n\t<meta property=\"og:image:width\" content=\"1146\" \/>\n\t<meta property=\"og:image:height\" content=\"909\" \/>\n\t<meta property=\"og:image:type\" content=\"image\/jpeg\" \/>\n<meta name=\"twitter:card\" content=\"summary_large_image\" \/>\n<meta name=\"twitter:label1\" content=\"Est. reading time\" \/>\n\t<meta name=\"twitter:data1\" content=\"2 minutes\" \/>\n<script type=\"application\/ld+json\" class=\"yoast-schema-graph\">{\"@context\":\"https:\/\/schema.org\",\"@graph\":[{\"@type\":\"WebPage\",\"@id\":\"https:\/\/limittools.test.consids5.se\/sv\/tips-and-tricks\/about-electrical-safety\/\",\"url\":\"https:\/\/limittools.test.consids5.se\/sv\/tips-and-tricks\/about-electrical-safety\/\",\"name\":\"OM ELS\u00c4KERHET - Precision measuring instruments | Limit\",\"isPartOf\":{\"@id\":\"https:\/\/limittools.test.consids5.se\/#website\"},\"primaryImageOfPage\":{\"@id\":\"https:\/\/limittools.test.consids5.se\/sv\/tips-and-tricks\/about-electrical-safety\/#primaryimage\"},\"image\":{\"@id\":\"https:\/\/limittools.test.consids5.se\/sv\/tips-and-tricks\/about-electrical-safety\/#primaryimage\"},\"thumbnailUrl\":\"https:\/\/limittools.test.consids5.se\/wp-content\/uploads\/2018\/12\/illustration-mat.jpg\",\"datePublished\":\"2018-12-17T13:22:24+00:00\",\"dateModified\":\"2019-04-29T08:35:35+00:00\",\"breadcrumb\":{\"@id\":\"https:\/\/limittools.test.consids5.se\/sv\/tips-and-tricks\/about-electrical-safety\/#breadcrumb\"},\"inLanguage\":\"sv-SE\",\"potentialAction\":[{\"@type\":\"ReadAction\",\"target\":[\"https:\/\/limittools.test.consids5.se\/sv\/tips-and-tricks\/about-electrical-safety\/\"]}]},{\"@type\":\"ImageObject\",\"inLanguage\":\"sv-SE\",\"@id\":\"https:\/\/limittools.test.consids5.se\/sv\/tips-and-tricks\/about-electrical-safety\/#primaryimage\",\"url\":\"https:\/\/limittools.test.consids5.se\/wp-content\/uploads\/2018\/12\/illustration-mat.jpg\",\"contentUrl\":\"https:\/\/limittools.test.consids5.se\/wp-content\/uploads\/2018\/12\/illustration-mat.jpg\",\"width\":1146,\"height\":909},{\"@type\":\"BreadcrumbList\",\"@id\":\"https:\/\/limittools.test.consids5.se\/sv\/tips-and-tricks\/about-electrical-safety\/#breadcrumb\",\"itemListElement\":[{\"@type\":\"ListItem\",\"position\":1,\"name\":\"Tips och tricks\",\"item\":\"https:\/\/limittools.test.consids5.se\/sv\/tips-and-tricks\/\"},{\"@type\":\"ListItem\",\"position\":2,\"name\":\"OM ELS\u00c4KERHET\"}]},{\"@type\":\"WebSite\",\"@id\":\"https:\/\/limittools.test.consids5.se\/#website\",\"url\":\"https:\/\/limittools.test.consids5.se\/\",\"name\":\"Precision measuring instruments | Limit\",\"description\":\"Everything can be measured\",\"potentialAction\":[{\"@type\":\"SearchAction\",\"target\":{\"@type\":\"EntryPoint\",\"urlTemplate\":\"https:\/\/limittools.test.consids5.se\/?s={search_term_string}\"},\"query-input\":\"required name=search_term_string\"}],\"inLanguage\":\"sv-SE\"}]}<\/script>\n<!-- \/ Yoast SEO plugin. -->","yoast_head_json":{"title":"OM ELS\u00c4KERHET - Precision measuring instruments | Limit","robots":{"index":"index","follow":"follow","max-snippet":"max-snippet:-1","max-image-preview":"max-image-preview:large","max-video-preview":"max-video-preview:-1"},"canonical":"https:\/\/limittools.test.consids5.se\/sv\/tips-and-tricks\/about-electrical-safety\/","og_locale":"sv_SE","og_type":"article","og_title":"OM ELS\u00c4KERHET - Precision measuring instruments | Limit","og_description":"[vc_row][vc_column][vc_column_text] I takt med att distributionssystem och belastning blir alltmer komplexa \u00f6kar risken fo\u0308r o\u0308verspa\u0308nningstransienter. Motorer, kondensatorer och utrustning fo\u0308r [&hellip;]","og_url":"https:\/\/limittools.test.consids5.se\/sv\/tips-and-tricks\/about-electrical-safety\/","og_site_name":"Precision measuring instruments | Limit","article_publisher":"https:\/\/www.facebook.com\/limittools\/","article_modified_time":"2019-04-29T08:35:35+00:00","og_image":[{"width":1146,"height":909,"url":"https:\/\/limittools.test.consids5.se\/wp-content\/uploads\/2018\/12\/illustration-mat.jpg","type":"image\/jpeg"}],"twitter_card":"summary_large_image","twitter_misc":{"Est. reading time":"2 minutes"},"schema":{"@context":"https:\/\/schema.org","@graph":[{"@type":"WebPage","@id":"https:\/\/limittools.test.consids5.se\/sv\/tips-and-tricks\/about-electrical-safety\/","url":"https:\/\/limittools.test.consids5.se\/sv\/tips-and-tricks\/about-electrical-safety\/","name":"OM ELS\u00c4KERHET - Precision measuring instruments | Limit","isPartOf":{"@id":"https:\/\/limittools.test.consids5.se\/#website"},"primaryImageOfPage":{"@id":"https:\/\/limittools.test.consids5.se\/sv\/tips-and-tricks\/about-electrical-safety\/#primaryimage"},"image":{"@id":"https:\/\/limittools.test.consids5.se\/sv\/tips-and-tricks\/about-electrical-safety\/#primaryimage"},"thumbnailUrl":"https:\/\/limittools.test.consids5.se\/wp-content\/uploads\/2018\/12\/illustration-mat.jpg","datePublished":"2018-12-17T13:22:24+00:00","dateModified":"2019-04-29T08:35:35+00:00","breadcrumb":{"@id":"https:\/\/limittools.test.consids5.se\/sv\/tips-and-tricks\/about-electrical-safety\/#breadcrumb"},"inLanguage":"sv-SE","potentialAction":[{"@type":"ReadAction","target":["https:\/\/limittools.test.consids5.se\/sv\/tips-and-tricks\/about-electrical-safety\/"]}]},{"@type":"ImageObject","inLanguage":"sv-SE","@id":"https:\/\/limittools.test.consids5.se\/sv\/tips-and-tricks\/about-electrical-safety\/#primaryimage","url":"https:\/\/limittools.test.consids5.se\/wp-content\/uploads\/2018\/12\/illustration-mat.jpg","contentUrl":"https:\/\/limittools.test.consids5.se\/wp-content\/uploads\/2018\/12\/illustration-mat.jpg","width":1146,"height":909},{"@type":"BreadcrumbList","@id":"https:\/\/limittools.test.consids5.se\/sv\/tips-and-tricks\/about-electrical-safety\/#breadcrumb","itemListElement":[{"@type":"ListItem","position":1,"name":"Tips och tricks","item":"https:\/\/limittools.test.consids5.se\/sv\/tips-and-tricks\/"},{"@type":"ListItem","position":2,"name":"OM ELS\u00c4KERHET"}]},{"@type":"WebSite","@id":"https:\/\/limittools.test.consids5.se\/#website","url":"https:\/\/limittools.test.consids5.se\/","name":"Precision measuring instruments | Limit","description":"Everything can be measured","potentialAction":[{"@type":"SearchAction","target":{"@type":"EntryPoint","urlTemplate":"https:\/\/limittools.test.consids5.se\/?s={search_term_string}"},"query-input":"required name=search_term_string"}],"inLanguage":"sv-SE"}]}},"_links":{"self":[{"href":"https:\/\/limittools.test.consids5.se\/sv\/wp-json\/wp\/v2\/pages\/1272"}],"collection":[{"href":"https:\/\/limittools.test.consids5.se\/sv\/wp-json\/wp\/v2\/pages"}],"about":[{"href":"https:\/\/limittools.test.consids5.se\/sv\/wp-json\/wp\/v2\/types\/page"}],"author":[{"embeddable":true,"href":"https:\/\/limittools.test.consids5.se\/sv\/wp-json\/wp\/v2\/users\/2"}],"replies":[{"embeddable":true,"href":"https:\/\/limittools.test.consids5.se\/sv\/wp-json\/wp\/v2\/comments?post=1272"}],"version-history":[{"count":3,"href":"https:\/\/limittools.test.consids5.se\/sv\/wp-json\/wp\/v2\/pages\/1272\/revisions"}],"predecessor-version":[{"id":1276,"href":"https:\/\/limittools.test.consids5.se\/sv\/wp-json\/wp\/v2\/pages\/1272\/revisions\/1276"}],"up":[{"embeddable":true,"href":"https:\/\/limittools.test.consids5.se\/sv\/wp-json\/wp\/v2\/pages\/1268"}],"wp:featuredmedia":[{"embeddable":true,"href":"https:\/\/limittools.test.consids5.se\/sv\/wp-json\/wp\/v2\/media\/1273"}],"wp:attachment":[{"href":"https:\/\/limittools.test.consids5.se\/sv\/wp-json\/wp\/v2\/media?parent=1272"}],"curies":[{"name":"wp","href":"https:\/\/api.w.org\/{rel}","templated":true}]}}