{"id":1288,"date":"2018-12-19T08:33:41","date_gmt":"2018-12-19T08:33:41","guid":{"rendered":"http:\/\/limit-tools.local\/tips-and-tricks\/how-to-find-the-right-sensor-for-the-temperature-gauge\/"},"modified":"2019-04-29T08:35:34","modified_gmt":"2019-04-29T08:35:34","slug":"how-to-find-the-right-sensor-for-the-temperature-gauge","status":"publish","type":"page","link":"https:\/\/limittools.test.consids5.se\/sv\/tips-and-tricks\/how-to-find-the-right-sensor-for-the-temperature-gauge\/","title":{"rendered":"Hur man hittar ra\u0308tt givare till sin temperaturma\u0308tare"},"content":{"rendered":"<div class=\"wpb-content-wrapper\"><p>[vc_row][vc_column][vc_column_text]<\/p>\n<div class=\"page\" title=\"Page 1\">\n<div class=\"section\">\n<div class=\"layoutArea\">\n<div class=\"column\">\n<p><strong>TUMREGEL:<\/strong> Givare med <strong>termoelement<\/strong> a\u0308r <strong>snabba<\/strong> och har ett <strong>brett<\/strong> <strong>ma\u0308tomra\u030ade<\/strong>. Motsta\u030ands- och <strong>NTCgivare<\/strong> a\u0308r <strong>la\u030angsammare<\/strong> men mer <strong>noggranna<\/strong>. Ju bredare ma\u0308tomra\u030ade desto mer generella tilla\u0308mpningar.<\/p>\n<\/div>\n<\/div>\n<\/div>\n<\/div>\n<p>[\/vc_column_text][\/vc_column][\/vc_row][vc_row][vc_column width=&#8221;1\/2&#8243;][vc_column_text]<img loading=\"lazy\" decoding=\"async\" class=\"wp-image-944 alignnone\" src=\"http:\/\/limit-tools.local\/wp-content\/uploads\/2018\/12\/Ska\u0308rmavbild-2018-12-19-kl.-09.19.08.png\" alt=\"Icon Immersion and insert sensors\" width=\"15\" height=\"44\" \/> D<strong>opp- och insticksgivare\u00a0<\/strong><br \/>\ndoppgivare (Typ K, Pt100, NTC) fo\u0308r ma\u0308tningar i va\u0308tska, men ocksa\u030a fo\u0308r ma\u0308tningar i gas och luft.[\/vc_column_text][vc_column_text]<img loading=\"lazy\" decoding=\"async\" class=\" wp-image-953 alignnone\" src=\"http:\/\/limit-tools.local\/wp-content\/uploads\/2018\/12\/Ska\u0308rmavbild-2018-12-19-kl.-09.20.39.png\" alt=\"Icon insert sensors\" width=\"15\" height=\"42\" \/>\u00a0\u00a0<strong>INSTICKSGIVARE<br \/>\n<\/strong>Insticksgivare (Typ K, Pt100, NTC) fo\u0308r ma\u0308tningar i plastiska eller halvfasta material.[\/vc_column_text][vc_column_text]<img loading=\"lazy\" decoding=\"async\" class=\" wp-image-956 alignnone\" src=\"http:\/\/limit-tools.local\/wp-content\/uploads\/2018\/12\/Ska\u0308rmavbild-2018-12-19-kl.-09.21.28.png\" alt=\"Icon Air sensors\" width=\"15\" height=\"74\" \/> <strong>LUFTGIVARE<br \/>\n<\/strong>Luftgivare (Typ K, Pt100, NTC).<br \/>\nFo\u0308r att underla\u0308tta snabba ma\u0308tningar har sensorn oftast en oskyddad placering.<\/p>\n<ul>\n<li>Den angivna svarstiden t99 a\u0308r uppma\u0308tt i vindtunnel vid 2m\/s och 60\u00b0C.<\/li>\n<li>Dopp-\/insticksgivare kan anva\u0308ndas fo\u0308r luftma\u0308tning ar. svarstiden a\u0308r 40 till 60 ga\u030anger la\u0308ngre a\u0308n det angivna va\u0308rdet som uppma\u0308tts i vatten.<\/li>\n<\/ul>\n<p>[\/vc_column_text][vc_column_text]<img loading=\"lazy\" decoding=\"async\" class=\" wp-image-955 alignnone\" src=\"http:\/\/limit-tools.local\/wp-content\/uploads\/2018\/12\/Ska\u0308rmavbild-2018-12-19-kl.-09.22.06.png\" alt=\"Icon surface temperature sensors\" width=\"15\" height=\"35\" \/> \u00a0<strong>YTTEMPERATURGIVARE<\/strong><strong><br \/>\n<\/strong>Givarkonstruktioner: Typ K, CuCuNi, Pt100, NTC. Med ma\u0308tspets fo\u0308r ma\u0308tningar pa\u030a plana ytor. Fo\u0308r en optimal funktion rekommenderar vi silikon- baserad va\u0308rmeledningspasta (Tmax 260\u00b0 C).[\/vc_column_text][vc_column_text css=&#8221;.vc_custom_1555492915642{padding-top: 20px !important;padding-right: 20px !important;padding-bottom: 20px !important;padding-left: 20px !important;background-color: #ffce00 !important;border-radius: 2px !important;}&#8221;]<\/p>\n<div class=\"OneUp-slide\" role=\"presentation\" data-bind=\"control: component\">\n<div class=\"OneUp-pdf OneUp-pdf--loaded\" data-bind=\"css: { 'OneUp-pdf--loaded': hasPdfLoaded() &amp;&amp; isSlideCurrent() }\">\n<div class=\"od-OneUpPdf-content\" data-bind=\"control: pdfViewerComponent\">\n<div class=\"od-PdfViewer\" role=\"presentation\" data-bind=\"activate: render, pan: panBindingParams, scrollContainer: {}\" data-is-scrollable=\"true\">\n<div class=\"od-PdfViewer-container\" dir=\"ltr\" tabindex=\"0\" role=\"document\" data-bind=\"attr: { 'aria-label': itemName }, hasFocus: hasFocus, style: contentStyle\" aria-label=\"Mat_Temperaturgivare_UK.pdf\">\n<div class=\"page\" data-page-number=\"1\" data-loaded=\"true\">\n<div class=\"textLayer\">\n<div><strong>F\u00d6RDELAR\u00a0 MED NTC:<\/strong><\/div>\n<ul>\n<li>Robust konstruktion.<\/li>\n<li>H\u00f6gre sensornoggrannhet.<\/li>\n<\/ul>\n<div><strong>NACKDELAR MED NTC:<\/strong><\/div>\n<ul>\n<li>L\u00e5ng svarstid.<\/li>\n<li>Noggrant handhavande kr\u00e4vs.<\/li>\n<li>Enbart l\u00e4mplig f\u00f6r sl\u00e4ta ytor med h\u00f6g v\u00e4rmekapacitet, t.ex. stora metallobjekt.<\/li>\n<\/ul>\n<\/div>\n<\/div>\n<\/div>\n<\/div>\n<\/div>\n<\/div>\n<\/div>\n<p>[\/vc_column_text][\/vc_column][vc_column width=&#8221;1\/2&#8243;][vc_column_text]<img loading=\"lazy\" decoding=\"async\" class=\" wp-image-957 alignnone\" src=\"http:\/\/limit-tools.local\/wp-content\/uploads\/2018\/12\/Ska\u0308rmavbild-2018-12-19-kl.-09.19.54.png\" alt=\"Icon Type K sensor design\" width=\"15\" height=\"46\" \/> <strong>TYP K-GIVARNAS KONSTRUKTION<br \/>\n<\/strong>Vi rekommenderar det patenterade ma\u0308thuvudet med fja\u0308drande termoelementband fo\u0308r snabba ma\u0308tningar, a\u0308ven pa\u030a oja\u0308mna ytor. Termoelementbanden ma\u0308ter den faktiska temperaturen pa\u030a ma\u0308tobjektet inom na\u030agra fa\u030a sekunder:<\/p>\n<ul>\n<li>Enkel att anva\u0308nda (utan silikonbaserad va\u0308rmeledningspasta).<\/li>\n<li>Snabba m\u00e4tresultat.<\/li>\n<\/ul>\n<p>[\/vc_column_text][vc_column_text el_id=&#8221;MoreInfo&#8221; el_class=&#8221;MoreInfo1&#8243; css=&#8221;.vc_custom_1555493082530{padding-top: 20px !important;padding-right: 20px !important;padding-bottom: 20px !important;padding-left: 20px !important;background-color: #ffce00 !important;border-radius: 5px !important;}&#8221;]<strong>MER INFORMATION<\/strong><\/p>\n<ul>\n<li>Den angivna svarstiden t99 a\u0308r uppma\u0308tt i va\u0308tska i ro\u0308relse (vatten) vid 60 \u00b0C.<\/li>\n<li>I allma\u0308nhet ga\u0308ller att ju tunnare givare, desto snabbare svar, vilket betyder mindre tid i ma\u0308t- objektet.<\/li>\n<li>Givaren ma\u030aste vara instucken i ma\u0308tobjektet minst 10 ggr givarens diameter (15 x dia- metern a\u0308r ba\u0308ttre), fo\u0308r att ma\u0308ta den faktiska temperatren.<\/li>\n<li>Ju tunnare en givare a\u0308r, desto mer fo\u0308rsiktig ma\u030aste du dock vara med den.<\/li>\n<\/ul>\n<p>[\/vc_column_text][\/vc_column][\/vc_row]<\/p>\n<\/div>","protected":false},"excerpt":{"rendered":"[vc_row][vc_column][vc_column_text] TUMREGEL: Givare med termoelement a\u0308r snabba och har ett brett ma\u0308tomra\u030ade. Motsta\u030ands- och NTCgivare a\u0308r la\u030angsammare men mer noggranna. [&hellip;]","protected":false},"author":2,"featured_media":1290,"parent":1268,"menu_order":0,"comment_status":"closed","ping_status":"closed","template":"","meta":{"_acf_changed":false,"footnotes":""},"class_list":["post-1288","page","type-page","status-publish","has-post-thumbnail","hentry"],"acf":[],"yoast_head":"<!-- This site is optimized with the Yoast SEO plugin v23.2 - https:\/\/yoast.com\/wordpress\/plugins\/seo\/ -->\n<title>Hur man hittar ra\u0308tt givare till sin temperaturma\u0308tare - Precision measuring instruments | Limit<\/title>\n<meta name=\"robots\" content=\"index, follow, max-snippet:-1, max-image-preview:large, max-video-preview:-1\" \/>\n<link rel=\"canonical\" href=\"https:\/\/limittools.test.consids5.se\/sv\/tips-and-tricks\/how-to-find-the-right-sensor-for-the-temperature-gauge\/\" \/>\n<meta property=\"og:locale\" content=\"sv_SE\" \/>\n<meta property=\"og:type\" content=\"article\" \/>\n<meta property=\"og:title\" content=\"Hur man hittar ra\u0308tt givare till sin temperaturma\u0308tare - Precision measuring instruments | Limit\" \/>\n<meta property=\"og:description\" content=\"[vc_row][vc_column][vc_column_text] TUMREGEL: Givare med termoelement a\u0308r snabba och har ett brett ma\u0308tomra\u030ade. Motsta\u030ands- och NTCgivare a\u0308r la\u030angsammare men mer noggranna. [&hellip;]\" \/>\n<meta property=\"og:url\" content=\"https:\/\/limittools.test.consids5.se\/sv\/tips-and-tricks\/how-to-find-the-right-sensor-for-the-temperature-gauge\/\" \/>\n<meta property=\"og:site_name\" content=\"Precision measuring instruments | Limit\" \/>\n<meta property=\"article:publisher\" content=\"https:\/\/www.facebook.com\/limittools\/\" \/>\n<meta property=\"article:modified_time\" content=\"2019-04-29T08:35:34+00:00\" \/>\n<meta property=\"og:image\" content=\"https:\/\/limittools.test.consids5.se\/wp-content\/uploads\/2018\/12\/Good-Choice_Sign.jpg\" \/>\n\t<meta property=\"og:image:width\" content=\"700\" \/>\n\t<meta property=\"og:image:height\" content=\"649\" \/>\n\t<meta property=\"og:image:type\" content=\"image\/jpeg\" \/>\n<meta name=\"twitter:card\" content=\"summary_large_image\" \/>\n<meta name=\"twitter:label1\" content=\"Est. reading time\" \/>\n\t<meta name=\"twitter:data1\" content=\"2 minutes\" \/>\n<script type=\"application\/ld+json\" class=\"yoast-schema-graph\">{\"@context\":\"https:\/\/schema.org\",\"@graph\":[{\"@type\":\"WebPage\",\"@id\":\"https:\/\/limittools.test.consids5.se\/sv\/tips-and-tricks\/how-to-find-the-right-sensor-for-the-temperature-gauge\/\",\"url\":\"https:\/\/limittools.test.consids5.se\/sv\/tips-and-tricks\/how-to-find-the-right-sensor-for-the-temperature-gauge\/\",\"name\":\"Hur man hittar ra\u0308tt givare till sin temperaturma\u0308tare - Precision measuring instruments | Limit\",\"isPartOf\":{\"@id\":\"https:\/\/limittools.test.consids5.se\/#website\"},\"primaryImageOfPage\":{\"@id\":\"https:\/\/limittools.test.consids5.se\/sv\/tips-and-tricks\/how-to-find-the-right-sensor-for-the-temperature-gauge\/#primaryimage\"},\"image\":{\"@id\":\"https:\/\/limittools.test.consids5.se\/sv\/tips-and-tricks\/how-to-find-the-right-sensor-for-the-temperature-gauge\/#primaryimage\"},\"thumbnailUrl\":\"https:\/\/limittools.test.consids5.se\/wp-content\/uploads\/2018\/12\/Good-Choice_Sign.jpg\",\"datePublished\":\"2018-12-19T08:33:41+00:00\",\"dateModified\":\"2019-04-29T08:35:34+00:00\",\"breadcrumb\":{\"@id\":\"https:\/\/limittools.test.consids5.se\/sv\/tips-and-tricks\/how-to-find-the-right-sensor-for-the-temperature-gauge\/#breadcrumb\"},\"inLanguage\":\"sv-SE\",\"potentialAction\":[{\"@type\":\"ReadAction\",\"target\":[\"https:\/\/limittools.test.consids5.se\/sv\/tips-and-tricks\/how-to-find-the-right-sensor-for-the-temperature-gauge\/\"]}]},{\"@type\":\"ImageObject\",\"inLanguage\":\"sv-SE\",\"@id\":\"https:\/\/limittools.test.consids5.se\/sv\/tips-and-tricks\/how-to-find-the-right-sensor-for-the-temperature-gauge\/#primaryimage\",\"url\":\"https:\/\/limittools.test.consids5.se\/wp-content\/uploads\/2018\/12\/Good-Choice_Sign.jpg\",\"contentUrl\":\"https:\/\/limittools.test.consids5.se\/wp-content\/uploads\/2018\/12\/Good-Choice_Sign.jpg\",\"width\":700,\"height\":649},{\"@type\":\"BreadcrumbList\",\"@id\":\"https:\/\/limittools.test.consids5.se\/sv\/tips-and-tricks\/how-to-find-the-right-sensor-for-the-temperature-gauge\/#breadcrumb\",\"itemListElement\":[{\"@type\":\"ListItem\",\"position\":1,\"name\":\"Tips och tricks\",\"item\":\"https:\/\/limittools.test.consids5.se\/sv\/tips-and-tricks\/\"},{\"@type\":\"ListItem\",\"position\":2,\"name\":\"Hur man hittar ra\u0308tt givare till sin temperaturma\u0308tare\"}]},{\"@type\":\"WebSite\",\"@id\":\"https:\/\/limittools.test.consids5.se\/#website\",\"url\":\"https:\/\/limittools.test.consids5.se\/\",\"name\":\"Precision measuring instruments | Limit\",\"description\":\"Everything can be measured\",\"potentialAction\":[{\"@type\":\"SearchAction\",\"target\":{\"@type\":\"EntryPoint\",\"urlTemplate\":\"https:\/\/limittools.test.consids5.se\/?s={search_term_string}\"},\"query-input\":\"required name=search_term_string\"}],\"inLanguage\":\"sv-SE\"}]}<\/script>\n<!-- \/ Yoast SEO plugin. -->","yoast_head_json":{"title":"Hur man hittar ra\u0308tt givare till sin temperaturma\u0308tare - Precision measuring instruments | Limit","robots":{"index":"index","follow":"follow","max-snippet":"max-snippet:-1","max-image-preview":"max-image-preview:large","max-video-preview":"max-video-preview:-1"},"canonical":"https:\/\/limittools.test.consids5.se\/sv\/tips-and-tricks\/how-to-find-the-right-sensor-for-the-temperature-gauge\/","og_locale":"sv_SE","og_type":"article","og_title":"Hur man hittar ra\u0308tt givare till sin temperaturma\u0308tare - Precision measuring instruments | Limit","og_description":"[vc_row][vc_column][vc_column_text] TUMREGEL: Givare med termoelement a\u0308r snabba och har ett brett ma\u0308tomra\u030ade. Motsta\u030ands- och NTCgivare a\u0308r la\u030angsammare men mer noggranna. [&hellip;]","og_url":"https:\/\/limittools.test.consids5.se\/sv\/tips-and-tricks\/how-to-find-the-right-sensor-for-the-temperature-gauge\/","og_site_name":"Precision measuring instruments | Limit","article_publisher":"https:\/\/www.facebook.com\/limittools\/","article_modified_time":"2019-04-29T08:35:34+00:00","og_image":[{"width":700,"height":649,"url":"https:\/\/limittools.test.consids5.se\/wp-content\/uploads\/2018\/12\/Good-Choice_Sign.jpg","type":"image\/jpeg"}],"twitter_card":"summary_large_image","twitter_misc":{"Est. reading time":"2 minutes"},"schema":{"@context":"https:\/\/schema.org","@graph":[{"@type":"WebPage","@id":"https:\/\/limittools.test.consids5.se\/sv\/tips-and-tricks\/how-to-find-the-right-sensor-for-the-temperature-gauge\/","url":"https:\/\/limittools.test.consids5.se\/sv\/tips-and-tricks\/how-to-find-the-right-sensor-for-the-temperature-gauge\/","name":"Hur man hittar ra\u0308tt givare till sin temperaturma\u0308tare - Precision measuring instruments | Limit","isPartOf":{"@id":"https:\/\/limittools.test.consids5.se\/#website"},"primaryImageOfPage":{"@id":"https:\/\/limittools.test.consids5.se\/sv\/tips-and-tricks\/how-to-find-the-right-sensor-for-the-temperature-gauge\/#primaryimage"},"image":{"@id":"https:\/\/limittools.test.consids5.se\/sv\/tips-and-tricks\/how-to-find-the-right-sensor-for-the-temperature-gauge\/#primaryimage"},"thumbnailUrl":"https:\/\/limittools.test.consids5.se\/wp-content\/uploads\/2018\/12\/Good-Choice_Sign.jpg","datePublished":"2018-12-19T08:33:41+00:00","dateModified":"2019-04-29T08:35:34+00:00","breadcrumb":{"@id":"https:\/\/limittools.test.consids5.se\/sv\/tips-and-tricks\/how-to-find-the-right-sensor-for-the-temperature-gauge\/#breadcrumb"},"inLanguage":"sv-SE","potentialAction":[{"@type":"ReadAction","target":["https:\/\/limittools.test.consids5.se\/sv\/tips-and-tricks\/how-to-find-the-right-sensor-for-the-temperature-gauge\/"]}]},{"@type":"ImageObject","inLanguage":"sv-SE","@id":"https:\/\/limittools.test.consids5.se\/sv\/tips-and-tricks\/how-to-find-the-right-sensor-for-the-temperature-gauge\/#primaryimage","url":"https:\/\/limittools.test.consids5.se\/wp-content\/uploads\/2018\/12\/Good-Choice_Sign.jpg","contentUrl":"https:\/\/limittools.test.consids5.se\/wp-content\/uploads\/2018\/12\/Good-Choice_Sign.jpg","width":700,"height":649},{"@type":"BreadcrumbList","@id":"https:\/\/limittools.test.consids5.se\/sv\/tips-and-tricks\/how-to-find-the-right-sensor-for-the-temperature-gauge\/#breadcrumb","itemListElement":[{"@type":"ListItem","position":1,"name":"Tips och tricks","item":"https:\/\/limittools.test.consids5.se\/sv\/tips-and-tricks\/"},{"@type":"ListItem","position":2,"name":"Hur man hittar ra\u0308tt givare till sin temperaturma\u0308tare"}]},{"@type":"WebSite","@id":"https:\/\/limittools.test.consids5.se\/#website","url":"https:\/\/limittools.test.consids5.se\/","name":"Precision measuring instruments | Limit","description":"Everything can be measured","potentialAction":[{"@type":"SearchAction","target":{"@type":"EntryPoint","urlTemplate":"https:\/\/limittools.test.consids5.se\/?s={search_term_string}"},"query-input":"required name=search_term_string"}],"inLanguage":"sv-SE"}]}},"_links":{"self":[{"href":"https:\/\/limittools.test.consids5.se\/sv\/wp-json\/wp\/v2\/pages\/1288"}],"collection":[{"href":"https:\/\/limittools.test.consids5.se\/sv\/wp-json\/wp\/v2\/pages"}],"about":[{"href":"https:\/\/limittools.test.consids5.se\/sv\/wp-json\/wp\/v2\/types\/page"}],"author":[{"embeddable":true,"href":"https:\/\/limittools.test.consids5.se\/sv\/wp-json\/wp\/v2\/users\/2"}],"replies":[{"embeddable":true,"href":"https:\/\/limittools.test.consids5.se\/sv\/wp-json\/wp\/v2\/comments?post=1288"}],"version-history":[{"count":2,"href":"https:\/\/limittools.test.consids5.se\/sv\/wp-json\/wp\/v2\/pages\/1288\/revisions"}],"predecessor-version":[{"id":1292,"href":"https:\/\/limittools.test.consids5.se\/sv\/wp-json\/wp\/v2\/pages\/1288\/revisions\/1292"}],"up":[{"embeddable":true,"href":"https:\/\/limittools.test.consids5.se\/sv\/wp-json\/wp\/v2\/pages\/1268"}],"wp:featuredmedia":[{"embeddable":true,"href":"https:\/\/limittools.test.consids5.se\/sv\/wp-json\/wp\/v2\/media\/1290"}],"wp:attachment":[{"href":"https:\/\/limittools.test.consids5.se\/sv\/wp-json\/wp\/v2\/media?parent=1288"}],"curies":[{"name":"wp","href":"https:\/\/api.w.org\/{rel}","templated":true}]}}