{"id":1299,"date":"2018-12-19T13:48:21","date_gmt":"2018-12-19T13:48:21","guid":{"rendered":"http:\/\/limit-tools.local\/tips-and-tricks\/about-moisture\/"},"modified":"2019-04-29T08:35:36","modified_gmt":"2019-04-29T08:35:36","slug":"about-moisture","status":"publish","type":"page","link":"https:\/\/limittools.test.consids5.se\/sv\/tips-and-tricks\/about-moisture\/","title":{"rendered":"Vad \u00e4r en fuktm\u00e4tare och hur fungerar den?"},"content":{"rendered":"<div class=\"wpb-content-wrapper\"><p>[vc_row][vc_column width=&#8221;1\/2&#8243;][vc_column_text]<strong>RELATIV LUFTFUKTUGHET (RF)<br \/>\n<\/strong>Luftens fo\u0308rma\u030aga att ta upp vatten varierar med temperaturen. Ju ho\u0308gre temperatur desto mer vatten kan luften absorbera. Fo\u0308r att uttrycka fukttillsta\u030andet i luft anger man den relativa fuktigheten i enheten % RF.[\/vc_column_text][vc_column_text]<strong>DAGGPUNKT<br \/>\n<\/strong>daggpunkten uttrycks i \u00b0C och anger den temperatur da\u030a luftfuktigheten uppna\u030ar 100 % rF och vattena\u030anga (kondens) bildas.[\/vc_column_text][vc_column_text]<strong>FUKT I MATERIAL<\/strong><br \/>\nFuktkvoten (% FK) a\u0308r skillnaden i procent mellan vattnets vikt i fuktigt material och det torkade materia- lets vikt. Fuktkvoten kan besta\u0308mmas genom va\u0308gning- torkning-va\u0308gning. I tra\u0308 kan fuktkvoten dessutom ma\u0308tas med elektroniska fuktkvotsma\u0308tare eftersom de elektriska egenskaperna varierar med fuktkvoten. I betong kan fuktkvoten ma\u0308tas genom att man borrar ett ha\u030al, dammsuger rent, ta\u0308tar det och la\u030ater det sta\u030a na\u030agra dygn tills ja\u0308mvikt ra\u030ader (se fuktbalans). da\u0308refter[\/vc_column_text][\/vc_column][vc_column width=&#8221;1\/2&#8243;][vc_column_text]kan man ma\u0308ta relativa luftfuktigheten i borrha\u030alet vilket i sin tur kan ge fuktkvoten i betongen, da\u030a man ka\u0308nner till sorbtionskurvan fo\u0308r just den betongsorten. det a\u0308r viktigt att man dammsuger noggrant, ta\u0308tar ordentligt runt fuktgivaren och la\u030ater den sta\u030a i borrha\u030alet tills ja\u0308mvikt ra\u030ader. Borrha\u030alet bo\u0308r vila i ca 48 timmar innan ma\u0308tning go\u0308rs fo\u0308r att ra\u0308tt ja\u0308mviktsfuktkvot ska uppna\u030as. Va\u0308nta minst en halvtimme efter att proben fo\u0308rts in i ha\u030alet innan avla\u0308sning av ma\u0308tva\u0308rdet sker.[\/vc_column_text][vc_column_text]<strong>VAL AV FUKTM\u00c4TARE<br \/>\n<\/strong><\/p>\n<div class=\"page\" title=\"Page 1\">\n<div class=\"section\">\n<div class=\"layoutArea\">\n<div class=\"column\">\n<p>Fo\u0308ljande fra\u030agor a\u0308r bra att sta\u0308lla sig innan man va\u0308ljer fuktma\u0308tare:<\/p>\n<\/div>\n<\/div>\n<\/div>\n<\/div>\n<ul>\n<li>Vilket material skall jag ma\u0308ta pa\u030a?<\/li>\n<li>Hur la\u030angt in i materialet beho\u0308ver jag ma\u0308ta?<\/li>\n<li>Vilken konstruktion skall jag ma\u0308ta pa\u030a?<\/li>\n<li>Med vilken noggrannhet och pa\u030a vilken fuktniva\u030a kommer jag att beho\u0308va ma\u0308ta?<\/li>\n<li>Ta reda pa\u030a fa\u0308rgtillverkarens rekommendationer pa\u030a maximal fuktkvot\/fukthalt fo\u0308re ytbehandling.<\/li>\n<\/ul>\n<p>[\/vc_column_text][\/vc_column][\/vc_row][vc_row css=&#8221;.vc_custom_1545225846786{margin-top: -130px !important;}&#8221;][vc_column]\n        <div class=\"block block--image align-image--left image-size--large\"><figure><img loading=\"lazy\" decoding=\"async\" width=\"1000\" height=\"500\" src=\"https:\/\/limittools.test.consids5.se\/wp-content\/uploads\/2018\/12\/Moisture_meter_picture.png\" class=\"attachment-full size-full\" alt=\"Moisture_meter_picture\" srcset=\"https:\/\/limittools.test.consids5.se\/wp-content\/uploads\/2018\/12\/Moisture_meter_picture.png 1000w, https:\/\/limittools.test.consids5.se\/wp-content\/uploads\/2018\/12\/Moisture_meter_picture-250x125.png 250w, https:\/\/limittools.test.consids5.se\/wp-content\/uploads\/2018\/12\/Moisture_meter_picture-768x384.png 768w, https:\/\/limittools.test.consids5.se\/wp-content\/uploads\/2018\/12\/Moisture_meter_picture-700x350.png 700w, https:\/\/limittools.test.consids5.se\/wp-content\/uploads\/2018\/12\/Moisture_meter_picture-120x60.png 120w, https:\/\/limittools.test.consids5.se\/wp-content\/uploads\/2018\/12\/Moisture_meter_picture-600x300.png 600w\" sizes=\"(max-width: 1000px) 100vw, 1000px\" \/><\/figure><\/div>[vc_column_text]<b>STIFTM\u00c4TARE<br \/>\n<\/b>En s.k. stiftma\u0308tare ma\u0308ter indirekt fukten genom att ma\u0308ta resistansen (konduktansen) med en elektrisk stro\u0308m som ga\u030ar fra\u030an det ena stiftet till det andra. En stiftma\u0308tare ma\u0308ter fukten sa\u030a la\u030angt in som stiften fo\u0308rs in. Va\u0308lj la\u0308ngre ma\u0308tstift fo\u0308r att kontrollera fukt la\u0308ngre in i tra\u0308et. Fo\u0308r att ma\u0308ta s.k. fuktgradienter kra\u0308vs teflonisolerade ma\u0308tstift.strin.[\/vc_column_text]\n        <div class=\"block block--dual  media-right\">\n            <div class=\"gridsystem valign--top\">\n                <div class=\"block__image block__col\">\n                    <img loading=\"lazy\" decoding=\"async\" width=\"320\" height=\"195\" src=\"https:\/\/limittools.test.consids5.se\/wp-content\/uploads\/2018\/12\/Bild2_1.png\" class=\"attachment-full size-full\" alt=\"Pin meters picture\" srcset=\"https:\/\/limittools.test.consids5.se\/wp-content\/uploads\/2018\/12\/Bild2_1.png 320w, https:\/\/limittools.test.consids5.se\/wp-content\/uploads\/2018\/12\/Bild2_1-250x152.png 250w, https:\/\/limittools.test.consids5.se\/wp-content\/uploads\/2018\/12\/Bild2_1-120x73.png 120w\" sizes=\"(max-width: 320px) 100vw, 320px\" \/>\n                <\/div>\n                <div class=\"block__content block__col\">\n                    <div class=\"block__content__content\">\n                        \n                        <strong>F\u00d6RDELAR MED STIFTM\u00c4TARE:<\/strong><\/p>\n<ul>\n<li>Bepr\u00f6vad metod som l\u00e4nge anv\u00e4nts i tr\u00e4- och byggindustrin.<\/li>\n<li>Snabb. M\u00e4tresultat visas direkt p\u00e5 display<\/li>\n<li>M\u00f6jlighet att detektera fuktgradienter.<\/li>\n<li>Bra vid oj\u00e4mna materialytor.<\/li>\n<\/ul>\n<p><strong>NACKDELAR MED STIFTM\u00c4TARE:<\/strong><\/p>\n<ul>\n<li>Fo\u0308rsto\u0308rande ma\u0308tmetod. Stiften ma\u030aste tra\u0308nga in i materialet fo\u0308r att kunna ma\u0308ta.<\/li>\n<li>Vid ho\u0308ga fuktkvotshalter i tra\u0308 kan vattnet tillsammans med ka\u030adan joniseras. detta medfo\u0308r att fuktkvoten tycks variera.<\/li>\n<li>A\u0308r temperaturberoende kra\u0308ver temperaturkompensation fo\u0308r ba\u0308sta noggrannhet.<\/li>\n<li>M\u00e4tresultat kan p\u00e5verkas av impregneringsmedel.<\/li>\n<\/ul>\n<p><strong>ATT T\u00c4NKA P\u00c5:<\/strong><\/p>\n<ul>\n<li>En slaghammare g\u00f6r livet enklare via m\u00e4tningar med teflonisolderade m\u00e4tstift.<\/li>\n<li>F\u00f6r in stiften vinkelr\u00e4tt mot tr\u00e4ets \u00e5dring.<\/li>\n<li>M\u00e4t inte i \u00e4ndtr\u00e4et, cellstrukturen i virket g\u00f6r att fuktkvoten i \u00e4ndarna kan variera kraftigt j\u00e4mf\u00f6rt med fuktkvoten l\u00e4ngre in i tr\u00e4\u00e4mnet.<\/li>\n<li>Vid upprepade m\u00e4tningar, vid exempelvis efterkontroller av fuktskador, sl\u00e5 in stiften i nya h\u00e5l, gamla stifth\u00e5l oxiderar och visar l\u00e4gre m\u00e4tv\u00e4rde.<strong><br \/>\n<\/strong><\/li>\n<\/ul>\n<p>\n                    <\/div>\n                <\/div>\n            <\/div>\n        <\/div>[vc_row_inner][vc_column_inner][vc_column_text]<strong>KAPACITIV\/OF\u00d6RST\u00d6RANDE FUKTM\u00c4TARE<\/strong><br \/>\nEn kapacitiv\/of\u00f6rst\u00f6rande fuktm\u00e4tare m\u00e4ter f\u00f6r\u00e4ndringar i materialets kapacitans som varierar beroende p\u00e5 fuktinneh\u00e5llet. Instrumentet s\u00e4nder ut en h\u00f6gfrekvent signal. Den elektriska signalens frekvens kommer att variera p\u00e5 grund av materialets kapacitans.[\/vc_column_text][\/vc_column_inner][\/vc_row_inner][vc_row_inner][vc_column_inner width=&#8221;1\/2&#8243;][vc_column_text css=&#8221;.vc_custom_1555503800848{padding-top: 20px !important;padding-right: 20px !important;padding-bottom: 20px !important;padding-left: 20px !important;background-color: #ffce00 !important;border-radius: 2px !important;}&#8221;]<strong>ADVANTAGES OF CAPACITIVE MOISTURE METERS:<\/strong><\/p>\n<ul>\n<li>Ofo\u0308rsto\u0308rande ma\u0308tmetod, ingen a\u030averkan pa\u030a ma\u0308tobjektet.<\/li>\n<li>Snabb. Ma\u0308tresultat direkt, ma\u0308t pa\u030a sa\u030a ma\u030anga sta\u0308llen som beho\u0308vs.<\/li>\n<li>Oberoende av temperatur, kra\u0308ver ingen temperaturkompensation.<\/li>\n<\/ul>\n<p>[\/vc_column_text][\/vc_column_inner][vc_column_inner width=&#8221;1\/2&#8243;][vc_column_text css=&#8221;.vc_custom_1555503866154{padding-top: 20px !important;padding-right: 20px !important;padding-bottom: 20px !important;padding-left: 20px !important;background-color: #ffce00 !important;border-radius: 2px !important;}&#8221;]<strong>NACKDELAR MED KAPACITIV FUKTM\u00c4TARE:<\/strong><\/p>\n<ul>\n<li>Densitetsberoende, fo\u0308r ba\u0308sta noggrannhet kra\u0308vs materialinsta\u0308llning.<\/li>\n<li>Detekterar armeringsja\u0308rn och andra metaller som fo\u0308rho\u0308jd fuktkvot om dessa a\u0308r inom ma\u0308tdjup och avka\u0308nningsomra\u030ade.<\/li>\n<li>Kra\u0308ver god anla\u0308ggning av sensorerna mot materialet.<\/li>\n<\/ul>\n<p>[\/vc_column_text][\/vc_column_inner][\/vc_row_inner][\/vc_column][\/vc_row]<\/p>\n<\/div>","protected":false},"excerpt":{"rendered":"[vc_row][vc_column width=&#8221;1\/2&#8243;][vc_column_text]RELATIV LUFTFUKTUGHET (RF) Luftens fo\u0308rma\u030aga att ta upp vatten varierar med temperaturen. Ju ho\u0308gre temperatur desto mer vatten kan [&hellip;]","protected":false},"author":2,"featured_media":1301,"parent":1268,"menu_order":0,"comment_status":"closed","ping_status":"closed","template":"","meta":{"_acf_changed":false,"footnotes":""},"class_list":["post-1299","page","type-page","status-publish","has-post-thumbnail","hentry"],"acf":[],"yoast_head":"<!-- This site is optimized with the Yoast SEO plugin v23.2 - https:\/\/yoast.com\/wordpress\/plugins\/seo\/ -->\n<title>Vad \u00e4r en fuktm\u00e4tare och hur fungerar den? - Precision measuring instruments | Limit<\/title>\n<meta name=\"robots\" content=\"index, follow, max-snippet:-1, max-image-preview:large, max-video-preview:-1\" \/>\n<link rel=\"canonical\" href=\"https:\/\/limittools.test.consids5.se\/sv\/tips-and-tricks\/about-moisture\/\" \/>\n<meta property=\"og:locale\" content=\"sv_SE\" \/>\n<meta property=\"og:type\" content=\"article\" \/>\n<meta property=\"og:title\" content=\"Vad \u00e4r en fuktm\u00e4tare och hur fungerar den? - Precision measuring instruments | Limit\" \/>\n<meta property=\"og:description\" content=\"[vc_row][vc_column width=&#8221;1\/2&#8243;][vc_column_text]RELATIV LUFTFUKTUGHET (RF) Luftens fo\u0308rma\u030aga att ta upp vatten varierar med temperaturen. Ju ho\u0308gre temperatur desto mer vatten kan [&hellip;]\" \/>\n<meta property=\"og:url\" content=\"https:\/\/limittools.test.consids5.se\/sv\/tips-and-tricks\/about-moisture\/\" \/>\n<meta property=\"og:site_name\" content=\"Precision measuring instruments | Limit\" \/>\n<meta property=\"article:publisher\" content=\"https:\/\/www.facebook.com\/limittools\/\" \/>\n<meta property=\"article:modified_time\" content=\"2019-04-29T08:35:36+00:00\" \/>\n<meta property=\"og:image\" content=\"https:\/\/limittools.test.consids5.se\/wp-content\/uploads\/2018\/12\/PH_moisture.png\" \/>\n\t<meta property=\"og:image:width\" content=\"500\" \/>\n\t<meta property=\"og:image:height\" content=\"500\" \/>\n\t<meta property=\"og:image:type\" content=\"image\/png\" \/>\n<meta name=\"twitter:card\" content=\"summary_large_image\" \/>\n<meta name=\"twitter:label1\" content=\"Est. reading time\" \/>\n\t<meta name=\"twitter:data1\" content=\"4 minutes\" \/>\n<script type=\"application\/ld+json\" class=\"yoast-schema-graph\">{\"@context\":\"https:\/\/schema.org\",\"@graph\":[{\"@type\":\"WebPage\",\"@id\":\"https:\/\/limittools.test.consids5.se\/sv\/tips-and-tricks\/about-moisture\/\",\"url\":\"https:\/\/limittools.test.consids5.se\/sv\/tips-and-tricks\/about-moisture\/\",\"name\":\"Vad \u00e4r en fuktm\u00e4tare och hur fungerar den? - Precision measuring instruments | Limit\",\"isPartOf\":{\"@id\":\"https:\/\/limittools.test.consids5.se\/#website\"},\"primaryImageOfPage\":{\"@id\":\"https:\/\/limittools.test.consids5.se\/sv\/tips-and-tricks\/about-moisture\/#primaryimage\"},\"image\":{\"@id\":\"https:\/\/limittools.test.consids5.se\/sv\/tips-and-tricks\/about-moisture\/#primaryimage\"},\"thumbnailUrl\":\"https:\/\/limittools.test.consids5.se\/wp-content\/uploads\/2018\/12\/PH_moisture.png\",\"datePublished\":\"2018-12-19T13:48:21+00:00\",\"dateModified\":\"2019-04-29T08:35:36+00:00\",\"breadcrumb\":{\"@id\":\"https:\/\/limittools.test.consids5.se\/sv\/tips-and-tricks\/about-moisture\/#breadcrumb\"},\"inLanguage\":\"sv-SE\",\"potentialAction\":[{\"@type\":\"ReadAction\",\"target\":[\"https:\/\/limittools.test.consids5.se\/sv\/tips-and-tricks\/about-moisture\/\"]}]},{\"@type\":\"ImageObject\",\"inLanguage\":\"sv-SE\",\"@id\":\"https:\/\/limittools.test.consids5.se\/sv\/tips-and-tricks\/about-moisture\/#primaryimage\",\"url\":\"https:\/\/limittools.test.consids5.se\/wp-content\/uploads\/2018\/12\/PH_moisture.png\",\"contentUrl\":\"https:\/\/limittools.test.consids5.se\/wp-content\/uploads\/2018\/12\/PH_moisture.png\",\"width\":500,\"height\":500},{\"@type\":\"BreadcrumbList\",\"@id\":\"https:\/\/limittools.test.consids5.se\/sv\/tips-and-tricks\/about-moisture\/#breadcrumb\",\"itemListElement\":[{\"@type\":\"ListItem\",\"position\":1,\"name\":\"Tips och tricks\",\"item\":\"https:\/\/limittools.test.consids5.se\/sv\/tips-and-tricks\/\"},{\"@type\":\"ListItem\",\"position\":2,\"name\":\"Vad \u00e4r en fuktm\u00e4tare och hur fungerar den?\"}]},{\"@type\":\"WebSite\",\"@id\":\"https:\/\/limittools.test.consids5.se\/#website\",\"url\":\"https:\/\/limittools.test.consids5.se\/\",\"name\":\"Precision measuring instruments | Limit\",\"description\":\"Everything can be measured\",\"potentialAction\":[{\"@type\":\"SearchAction\",\"target\":{\"@type\":\"EntryPoint\",\"urlTemplate\":\"https:\/\/limittools.test.consids5.se\/?s={search_term_string}\"},\"query-input\":\"required name=search_term_string\"}],\"inLanguage\":\"sv-SE\"}]}<\/script>\n<!-- \/ Yoast SEO plugin. -->","yoast_head_json":{"title":"Vad \u00e4r en fuktm\u00e4tare och hur fungerar den? - Precision measuring instruments | Limit","robots":{"index":"index","follow":"follow","max-snippet":"max-snippet:-1","max-image-preview":"max-image-preview:large","max-video-preview":"max-video-preview:-1"},"canonical":"https:\/\/limittools.test.consids5.se\/sv\/tips-and-tricks\/about-moisture\/","og_locale":"sv_SE","og_type":"article","og_title":"Vad \u00e4r en fuktm\u00e4tare och hur fungerar den? - Precision measuring instruments | Limit","og_description":"[vc_row][vc_column width=&#8221;1\/2&#8243;][vc_column_text]RELATIV LUFTFUKTUGHET (RF) Luftens fo\u0308rma\u030aga att ta upp vatten varierar med temperaturen. Ju ho\u0308gre temperatur desto mer vatten kan [&hellip;]","og_url":"https:\/\/limittools.test.consids5.se\/sv\/tips-and-tricks\/about-moisture\/","og_site_name":"Precision measuring instruments | Limit","article_publisher":"https:\/\/www.facebook.com\/limittools\/","article_modified_time":"2019-04-29T08:35:36+00:00","og_image":[{"width":500,"height":500,"url":"https:\/\/limittools.test.consids5.se\/wp-content\/uploads\/2018\/12\/PH_moisture.png","type":"image\/png"}],"twitter_card":"summary_large_image","twitter_misc":{"Est. reading time":"4 minutes"},"schema":{"@context":"https:\/\/schema.org","@graph":[{"@type":"WebPage","@id":"https:\/\/limittools.test.consids5.se\/sv\/tips-and-tricks\/about-moisture\/","url":"https:\/\/limittools.test.consids5.se\/sv\/tips-and-tricks\/about-moisture\/","name":"Vad \u00e4r en fuktm\u00e4tare och hur fungerar den? - Precision measuring instruments | Limit","isPartOf":{"@id":"https:\/\/limittools.test.consids5.se\/#website"},"primaryImageOfPage":{"@id":"https:\/\/limittools.test.consids5.se\/sv\/tips-and-tricks\/about-moisture\/#primaryimage"},"image":{"@id":"https:\/\/limittools.test.consids5.se\/sv\/tips-and-tricks\/about-moisture\/#primaryimage"},"thumbnailUrl":"https:\/\/limittools.test.consids5.se\/wp-content\/uploads\/2018\/12\/PH_moisture.png","datePublished":"2018-12-19T13:48:21+00:00","dateModified":"2019-04-29T08:35:36+00:00","breadcrumb":{"@id":"https:\/\/limittools.test.consids5.se\/sv\/tips-and-tricks\/about-moisture\/#breadcrumb"},"inLanguage":"sv-SE","potentialAction":[{"@type":"ReadAction","target":["https:\/\/limittools.test.consids5.se\/sv\/tips-and-tricks\/about-moisture\/"]}]},{"@type":"ImageObject","inLanguage":"sv-SE","@id":"https:\/\/limittools.test.consids5.se\/sv\/tips-and-tricks\/about-moisture\/#primaryimage","url":"https:\/\/limittools.test.consids5.se\/wp-content\/uploads\/2018\/12\/PH_moisture.png","contentUrl":"https:\/\/limittools.test.consids5.se\/wp-content\/uploads\/2018\/12\/PH_moisture.png","width":500,"height":500},{"@type":"BreadcrumbList","@id":"https:\/\/limittools.test.consids5.se\/sv\/tips-and-tricks\/about-moisture\/#breadcrumb","itemListElement":[{"@type":"ListItem","position":1,"name":"Tips och tricks","item":"https:\/\/limittools.test.consids5.se\/sv\/tips-and-tricks\/"},{"@type":"ListItem","position":2,"name":"Vad \u00e4r en fuktm\u00e4tare och hur fungerar den?"}]},{"@type":"WebSite","@id":"https:\/\/limittools.test.consids5.se\/#website","url":"https:\/\/limittools.test.consids5.se\/","name":"Precision measuring instruments | Limit","description":"Everything can be measured","potentialAction":[{"@type":"SearchAction","target":{"@type":"EntryPoint","urlTemplate":"https:\/\/limittools.test.consids5.se\/?s={search_term_string}"},"query-input":"required name=search_term_string"}],"inLanguage":"sv-SE"}]}},"_links":{"self":[{"href":"https:\/\/limittools.test.consids5.se\/sv\/wp-json\/wp\/v2\/pages\/1299"}],"collection":[{"href":"https:\/\/limittools.test.consids5.se\/sv\/wp-json\/wp\/v2\/pages"}],"about":[{"href":"https:\/\/limittools.test.consids5.se\/sv\/wp-json\/wp\/v2\/types\/page"}],"author":[{"embeddable":true,"href":"https:\/\/limittools.test.consids5.se\/sv\/wp-json\/wp\/v2\/users\/2"}],"replies":[{"embeddable":true,"href":"https:\/\/limittools.test.consids5.se\/sv\/wp-json\/wp\/v2\/comments?post=1299"}],"version-history":[{"count":3,"href":"https:\/\/limittools.test.consids5.se\/sv\/wp-json\/wp\/v2\/pages\/1299\/revisions"}],"predecessor-version":[{"id":1306,"href":"https:\/\/limittools.test.consids5.se\/sv\/wp-json\/wp\/v2\/pages\/1299\/revisions\/1306"}],"up":[{"embeddable":true,"href":"https:\/\/limittools.test.consids5.se\/sv\/wp-json\/wp\/v2\/pages\/1268"}],"wp:featuredmedia":[{"embeddable":true,"href":"https:\/\/limittools.test.consids5.se\/sv\/wp-json\/wp\/v2\/media\/1301"}],"wp:attachment":[{"href":"https:\/\/limittools.test.consids5.se\/sv\/wp-json\/wp\/v2\/media?parent=1299"}],"curies":[{"name":"wp","href":"https:\/\/api.w.org\/{rel}","templated":true}]}}