{"id":1822,"date":"2026-04-08T17:24:25","date_gmt":"2026-04-08T17:24:25","guid":{"rendered":"http:\/\/limit-tools.local\/product\/parallellbitar-0923-b\/"},"modified":"2026-04-08T17:24:25","modified_gmt":"2026-04-08T17:24:25","slug":"parallellbitar-0923-b","status":"publish","type":"product","link":"https:\/\/limittools.test.consids5.se\/sv\/product\/parallellbitar-0923-b\/","title":{"rendered":"PARALLELLBITAR 0923-B"},"content":{"rendered":"<p>Av h\u00e4rdat och slipat fj\u00e4derst\u00e5l. V\u00e5gformiga parallellbitar (tjocklek 0.3 mm) som<br \/>\np g a sin fj\u00e4drande utformning (bredd 0.35-4.5 mm) ers\u00e4tter en hel sats konventionella parallellbitar. \u00c4ven mycket tunna arbetsstycken kan fastsp\u00e4nnas. Tolerans p\u00e5 h\u00f6jd och parallellitet \u00b10.005 mm.<br \/>\nLevereras i etui.<\/p>\n","protected":false},"excerpt":{"rendered":"Av h\u00e4rdat och slipat fj\u00e4derst\u00e5l. V\u00e5gformiga parallellbitar (tjocklek 0.3 mm) som p g a sin fj\u00e4drande utformning (bredd 0.35-4.5 mm) [&hellip;]","protected":false},"featured_media":0,"comment_status":"closed","ping_status":"closed","template":"","meta":{"_acf_changed":false},"product_cat":[253,249],"product_tag":[],"class_list":{"0":"post-1822","1":"product","2":"type-product","3":"status-publish","5":"product_cat-parallellanslag-sv","6":"product_cat-verkstadsmat-sv","8":"first","9":"instock","10":"shipping-taxable","11":"product-type-simple"},"acf":[],"yoast_head":"<!-- This site is optimized with the Yoast SEO plugin v23.2 - https:\/\/yoast.com\/wordpress\/plugins\/seo\/ -->\n<title>PARALLELLBITAR 0923-B - Precision measuring instruments | Limit<\/title>\n<meta name=\"robots\" content=\"index, follow, max-snippet:-1, max-image-preview:large, max-video-preview:-1\" \/>\n<link rel=\"canonical\" href=\"https:\/\/limittools.test.consids5.se\/sv\/product\/parallellbitar-0923-b\/\" \/>\n<meta property=\"og:locale\" content=\"sv_SE\" \/>\n<meta property=\"og:type\" content=\"article\" \/>\n<meta property=\"og:title\" content=\"PARALLELLBITAR 0923-B - Precision measuring instruments | Limit\" \/>\n<meta property=\"og:description\" content=\"Av h\u00e4rdat och slipat fj\u00e4derst\u00e5l. V\u00e5gformiga parallellbitar (tjocklek 0.3 mm) som p g a sin fj\u00e4drande utformning (bredd 0.35-4.5 mm) [&hellip;]\" \/>\n<meta property=\"og:url\" content=\"https:\/\/limittools.test.consids5.se\/sv\/product\/parallellbitar-0923-b\/\" \/>\n<meta property=\"og:site_name\" content=\"Precision measuring instruments | Limit\" \/>\n<meta property=\"article:publisher\" content=\"https:\/\/www.facebook.com\/limittools\/\" \/>\n<meta name=\"twitter:card\" content=\"summary_large_image\" \/>\n<script type=\"application\/ld+json\" class=\"yoast-schema-graph\">{\"@context\":\"https:\/\/schema.org\",\"@graph\":[{\"@type\":\"WebPage\",\"@id\":\"https:\/\/limittools.test.consids5.se\/sv\/product\/parallellbitar-0923-b\/\",\"url\":\"https:\/\/limittools.test.consids5.se\/sv\/product\/parallellbitar-0923-b\/\",\"name\":\"PARALLELLBITAR 0923-B - Precision measuring instruments | Limit\",\"isPartOf\":{\"@id\":\"https:\/\/limittools.test.consids5.se\/#website\"},\"datePublished\":\"2026-04-08T17:24:25+00:00\",\"dateModified\":\"2026-04-08T17:24:25+00:00\",\"breadcrumb\":{\"@id\":\"https:\/\/limittools.test.consids5.se\/sv\/product\/parallellbitar-0923-b\/#breadcrumb\"},\"inLanguage\":\"sv-SE\",\"potentialAction\":[{\"@type\":\"ReadAction\",\"target\":[\"https:\/\/limittools.test.consids5.se\/sv\/product\/parallellbitar-0923-b\/\"]}]},{\"@type\":\"BreadcrumbList\",\"@id\":\"https:\/\/limittools.test.consids5.se\/sv\/product\/parallellbitar-0923-b\/#breadcrumb\",\"itemListElement\":[{\"@type\":\"ListItem\",\"position\":1,\"name\":\"Products\",\"item\":\"https:\/\/limittools.test.consids5.se\/products\/\"},{\"@type\":\"ListItem\",\"position\":2,\"name\":\"PARALLELLBITAR 0923-B\"}]},{\"@type\":\"WebSite\",\"@id\":\"https:\/\/limittools.test.consids5.se\/#website\",\"url\":\"https:\/\/limittools.test.consids5.se\/\",\"name\":\"Precision measuring instruments | Limit\",\"description\":\"Everything can be measured\",\"potentialAction\":[{\"@type\":\"SearchAction\",\"target\":{\"@type\":\"EntryPoint\",\"urlTemplate\":\"https:\/\/limittools.test.consids5.se\/?s={search_term_string}\"},\"query-input\":\"required name=search_term_string\"}],\"inLanguage\":\"sv-SE\"}]}<\/script>\n<!-- \/ Yoast SEO plugin. -->","yoast_head_json":{"title":"PARALLELLBITAR 0923-B - Precision measuring instruments | Limit","robots":{"index":"index","follow":"follow","max-snippet":"max-snippet:-1","max-image-preview":"max-image-preview:large","max-video-preview":"max-video-preview:-1"},"canonical":"https:\/\/limittools.test.consids5.se\/sv\/product\/parallellbitar-0923-b\/","og_locale":"sv_SE","og_type":"article","og_title":"PARALLELLBITAR 0923-B - Precision measuring instruments | Limit","og_description":"Av h\u00e4rdat och slipat fj\u00e4derst\u00e5l. V\u00e5gformiga parallellbitar (tjocklek 0.3 mm) som p g a sin fj\u00e4drande utformning (bredd 0.35-4.5 mm) [&hellip;]","og_url":"https:\/\/limittools.test.consids5.se\/sv\/product\/parallellbitar-0923-b\/","og_site_name":"Precision measuring instruments | Limit","article_publisher":"https:\/\/www.facebook.com\/limittools\/","twitter_card":"summary_large_image","schema":{"@context":"https:\/\/schema.org","@graph":[{"@type":"WebPage","@id":"https:\/\/limittools.test.consids5.se\/sv\/product\/parallellbitar-0923-b\/","url":"https:\/\/limittools.test.consids5.se\/sv\/product\/parallellbitar-0923-b\/","name":"PARALLELLBITAR 0923-B - Precision measuring instruments | Limit","isPartOf":{"@id":"https:\/\/limittools.test.consids5.se\/#website"},"datePublished":"2026-04-08T17:24:25+00:00","dateModified":"2026-04-08T17:24:25+00:00","breadcrumb":{"@id":"https:\/\/limittools.test.consids5.se\/sv\/product\/parallellbitar-0923-b\/#breadcrumb"},"inLanguage":"sv-SE","potentialAction":[{"@type":"ReadAction","target":["https:\/\/limittools.test.consids5.se\/sv\/product\/parallellbitar-0923-b\/"]}]},{"@type":"BreadcrumbList","@id":"https:\/\/limittools.test.consids5.se\/sv\/product\/parallellbitar-0923-b\/#breadcrumb","itemListElement":[{"@type":"ListItem","position":1,"name":"Products","item":"https:\/\/limittools.test.consids5.se\/products\/"},{"@type":"ListItem","position":2,"name":"PARALLELLBITAR 0923-B"}]},{"@type":"WebSite","@id":"https:\/\/limittools.test.consids5.se\/#website","url":"https:\/\/limittools.test.consids5.se\/","name":"Precision measuring instruments | Limit","description":"Everything can be measured","potentialAction":[{"@type":"SearchAction","target":{"@type":"EntryPoint","urlTemplate":"https:\/\/limittools.test.consids5.se\/?s={search_term_string}"},"query-input":"required name=search_term_string"}],"inLanguage":"sv-SE"}]}},"_links":{"self":[{"href":"https:\/\/limittools.test.consids5.se\/sv\/wp-json\/wp\/v2\/product\/1822"}],"collection":[{"href":"https:\/\/limittools.test.consids5.se\/sv\/wp-json\/wp\/v2\/product"}],"about":[{"href":"https:\/\/limittools.test.consids5.se\/sv\/wp-json\/wp\/v2\/types\/product"}],"replies":[{"embeddable":true,"href":"https:\/\/limittools.test.consids5.se\/sv\/wp-json\/wp\/v2\/comments?post=1822"}],"wp:attachment":[{"href":"https:\/\/limittools.test.consids5.se\/sv\/wp-json\/wp\/v2\/media?parent=1822"}],"wp:term":[{"taxonomy":"product_cat","embeddable":true,"href":"https:\/\/limittools.test.consids5.se\/sv\/wp-json\/wp\/v2\/product_cat?post=1822"},{"taxonomy":"product_tag","embeddable":true,"href":"https:\/\/limittools.test.consids5.se\/sv\/wp-json\/wp\/v2\/product_tag?post=1822"}],"curies":[{"name":"wp","href":"https:\/\/api.w.org\/{rel}","templated":true}]}}