{"id":1828,"date":"2026-04-08T17:24:27","date_gmt":"2026-04-08T17:24:27","guid":{"rendered":"http:\/\/limit-tools.local\/product\/displaybox-digital-dro-3m\/"},"modified":"2026-04-08T17:24:27","modified_gmt":"2026-04-08T17:24:27","slug":"displaybox-digital-dro-3m","status":"publish","type":"product","link":"https:\/\/limittools.test.consids5.se\/sv\/product\/displaybox-digital-dro-3m\/","title":{"rendered":"DISPLAYBOX DIGITAL DRO-3M"},"content":{"rendered":"<p>F\u00f6r inst\u00e4llning och positionering av svarvar och fr\u00e4smaskiner.<br \/>\n151390101. 3-axlig displayenhet f\u00f6r fr\u00e4smaskiner. Displayenheten har bl.a. funktioner f\u00f6r kurvfr\u00e4sning, vinkelfr\u00e4sning, fickfr\u00e4sning, linj\u00e4r och cirkul\u00e4r h\u00e5lbild, verktygskompensation m.m. Minne f\u00f6r 200 koordinatinst\u00e4llningar.<br \/>\nKomplett inklusive arm och monteringstillbeh\u00f6r.<br \/>\n151390200. 2-axlig displayenhet f\u00f6r svarvar. Displayenheten har bl.a. funktioner f\u00f6r radie\/diameter inst\u00e4llning, verktygsv\u00e4xling, m\u00e4ta konicitet. Minne f\u00f6r 200 koordinatinst\u00e4llningar.<br \/>\nKomplett inklusive arm och monteringstillbeh\u00f6r<br \/>\nUtrustningen uppfyller CE l\u00e5gsp\u00e4nningsdirektiv 73\/23\/EEC samt 89\/336\/EEC.<br \/>\nLinj\u00e4ra skalor (ing\u00e5r ej) med fotoelektrisk avl\u00e4sningsteknik. Komplett inkl. kabel, skyddspl\u00e5t och monteringstillbeh\u00f6r. Se artikelnr. 151390309 m.fl.<\/p>\n","protected":false},"excerpt":{"rendered":"F\u00f6r inst\u00e4llning och positionering av svarvar och fr\u00e4smaskiner. 151390101. 3-axlig displayenhet f\u00f6r fr\u00e4smaskiner. Displayenheten har bl.a. funktioner f\u00f6r kurvfr\u00e4sning, vinkelfr\u00e4sning, [&hellip;]","protected":false},"featured_media":0,"comment_status":"closed","ping_status":"closed","template":"","meta":{"_acf_changed":false},"product_cat":[250,249],"product_tag":[],"class_list":{"0":"post-1828","1":"product","2":"type-product","3":"status-publish","5":"product_cat-skalor-sv","6":"product_cat-verkstadsmat-sv","8":"first","9":"instock","10":"shipping-taxable","11":"product-type-simple"},"acf":[],"yoast_head":"<!-- This site is optimized with the Yoast SEO plugin v23.2 - https:\/\/yoast.com\/wordpress\/plugins\/seo\/ -->\n<title>DISPLAYBOX DIGITAL DRO-3M - Precision measuring instruments | Limit<\/title>\n<meta name=\"robots\" content=\"index, follow, max-snippet:-1, max-image-preview:large, max-video-preview:-1\" \/>\n<link rel=\"canonical\" href=\"https:\/\/limittools.test.consids5.se\/sv\/product\/displaybox-digital-dro-3m\/\" \/>\n<meta property=\"og:locale\" content=\"sv_SE\" \/>\n<meta property=\"og:type\" content=\"article\" \/>\n<meta property=\"og:title\" content=\"DISPLAYBOX DIGITAL DRO-3M - Precision measuring instruments | Limit\" \/>\n<meta property=\"og:description\" content=\"F\u00f6r inst\u00e4llning och positionering av svarvar och fr\u00e4smaskiner. 151390101. 3-axlig displayenhet f\u00f6r fr\u00e4smaskiner. Displayenheten har bl.a. funktioner f\u00f6r kurvfr\u00e4sning, vinkelfr\u00e4sning, [&hellip;]\" \/>\n<meta property=\"og:url\" content=\"https:\/\/limittools.test.consids5.se\/sv\/product\/displaybox-digital-dro-3m\/\" \/>\n<meta property=\"og:site_name\" content=\"Precision measuring instruments | Limit\" \/>\n<meta property=\"article:publisher\" content=\"https:\/\/www.facebook.com\/limittools\/\" \/>\n<meta name=\"twitter:card\" content=\"summary_large_image\" \/>\n<meta name=\"twitter:label1\" content=\"Est. reading time\" \/>\n\t<meta name=\"twitter:data1\" content=\"1 minute\" \/>\n<script type=\"application\/ld+json\" class=\"yoast-schema-graph\">{\"@context\":\"https:\/\/schema.org\",\"@graph\":[{\"@type\":\"WebPage\",\"@id\":\"https:\/\/limittools.test.consids5.se\/sv\/product\/displaybox-digital-dro-3m\/\",\"url\":\"https:\/\/limittools.test.consids5.se\/sv\/product\/displaybox-digital-dro-3m\/\",\"name\":\"DISPLAYBOX DIGITAL DRO-3M - Precision measuring instruments | Limit\",\"isPartOf\":{\"@id\":\"https:\/\/limittools.test.consids5.se\/#website\"},\"datePublished\":\"2026-04-08T17:24:27+00:00\",\"dateModified\":\"2026-04-08T17:24:27+00:00\",\"breadcrumb\":{\"@id\":\"https:\/\/limittools.test.consids5.se\/sv\/product\/displaybox-digital-dro-3m\/#breadcrumb\"},\"inLanguage\":\"sv-SE\",\"potentialAction\":[{\"@type\":\"ReadAction\",\"target\":[\"https:\/\/limittools.test.consids5.se\/sv\/product\/displaybox-digital-dro-3m\/\"]}]},{\"@type\":\"BreadcrumbList\",\"@id\":\"https:\/\/limittools.test.consids5.se\/sv\/product\/displaybox-digital-dro-3m\/#breadcrumb\",\"itemListElement\":[{\"@type\":\"ListItem\",\"position\":1,\"name\":\"Products\",\"item\":\"https:\/\/limittools.test.consids5.se\/products\/\"},{\"@type\":\"ListItem\",\"position\":2,\"name\":\"DISPLAYBOX DIGITAL DRO-3M\"}]},{\"@type\":\"WebSite\",\"@id\":\"https:\/\/limittools.test.consids5.se\/#website\",\"url\":\"https:\/\/limittools.test.consids5.se\/\",\"name\":\"Precision measuring instruments | Limit\",\"description\":\"Everything can be measured\",\"potentialAction\":[{\"@type\":\"SearchAction\",\"target\":{\"@type\":\"EntryPoint\",\"urlTemplate\":\"https:\/\/limittools.test.consids5.se\/?s={search_term_string}\"},\"query-input\":\"required name=search_term_string\"}],\"inLanguage\":\"sv-SE\"}]}<\/script>\n<!-- \/ Yoast SEO plugin. -->","yoast_head_json":{"title":"DISPLAYBOX DIGITAL DRO-3M - Precision measuring instruments | Limit","robots":{"index":"index","follow":"follow","max-snippet":"max-snippet:-1","max-image-preview":"max-image-preview:large","max-video-preview":"max-video-preview:-1"},"canonical":"https:\/\/limittools.test.consids5.se\/sv\/product\/displaybox-digital-dro-3m\/","og_locale":"sv_SE","og_type":"article","og_title":"DISPLAYBOX DIGITAL DRO-3M - Precision measuring instruments | Limit","og_description":"F\u00f6r inst\u00e4llning och positionering av svarvar och fr\u00e4smaskiner. 151390101. 3-axlig displayenhet f\u00f6r fr\u00e4smaskiner. Displayenheten har bl.a. funktioner f\u00f6r kurvfr\u00e4sning, vinkelfr\u00e4sning, [&hellip;]","og_url":"https:\/\/limittools.test.consids5.se\/sv\/product\/displaybox-digital-dro-3m\/","og_site_name":"Precision measuring instruments | Limit","article_publisher":"https:\/\/www.facebook.com\/limittools\/","twitter_card":"summary_large_image","twitter_misc":{"Est. reading time":"1 minute"},"schema":{"@context":"https:\/\/schema.org","@graph":[{"@type":"WebPage","@id":"https:\/\/limittools.test.consids5.se\/sv\/product\/displaybox-digital-dro-3m\/","url":"https:\/\/limittools.test.consids5.se\/sv\/product\/displaybox-digital-dro-3m\/","name":"DISPLAYBOX DIGITAL DRO-3M - Precision measuring instruments | Limit","isPartOf":{"@id":"https:\/\/limittools.test.consids5.se\/#website"},"datePublished":"2026-04-08T17:24:27+00:00","dateModified":"2026-04-08T17:24:27+00:00","breadcrumb":{"@id":"https:\/\/limittools.test.consids5.se\/sv\/product\/displaybox-digital-dro-3m\/#breadcrumb"},"inLanguage":"sv-SE","potentialAction":[{"@type":"ReadAction","target":["https:\/\/limittools.test.consids5.se\/sv\/product\/displaybox-digital-dro-3m\/"]}]},{"@type":"BreadcrumbList","@id":"https:\/\/limittools.test.consids5.se\/sv\/product\/displaybox-digital-dro-3m\/#breadcrumb","itemListElement":[{"@type":"ListItem","position":1,"name":"Products","item":"https:\/\/limittools.test.consids5.se\/products\/"},{"@type":"ListItem","position":2,"name":"DISPLAYBOX DIGITAL DRO-3M"}]},{"@type":"WebSite","@id":"https:\/\/limittools.test.consids5.se\/#website","url":"https:\/\/limittools.test.consids5.se\/","name":"Precision measuring instruments | Limit","description":"Everything can be measured","potentialAction":[{"@type":"SearchAction","target":{"@type":"EntryPoint","urlTemplate":"https:\/\/limittools.test.consids5.se\/?s={search_term_string}"},"query-input":"required name=search_term_string"}],"inLanguage":"sv-SE"}]}},"_links":{"self":[{"href":"https:\/\/limittools.test.consids5.se\/sv\/wp-json\/wp\/v2\/product\/1828"}],"collection":[{"href":"https:\/\/limittools.test.consids5.se\/sv\/wp-json\/wp\/v2\/product"}],"about":[{"href":"https:\/\/limittools.test.consids5.se\/sv\/wp-json\/wp\/v2\/types\/product"}],"replies":[{"embeddable":true,"href":"https:\/\/limittools.test.consids5.se\/sv\/wp-json\/wp\/v2\/comments?post=1828"}],"wp:attachment":[{"href":"https:\/\/limittools.test.consids5.se\/sv\/wp-json\/wp\/v2\/media?parent=1828"}],"wp:term":[{"taxonomy":"product_cat","embeddable":true,"href":"https:\/\/limittools.test.consids5.se\/sv\/wp-json\/wp\/v2\/product_cat?post=1828"},{"taxonomy":"product_tag","embeddable":true,"href":"https:\/\/limittools.test.consids5.se\/sv\/wp-json\/wp\/v2\/product_tag?post=1828"}],"curies":[{"name":"wp","href":"https:\/\/api.w.org\/{rel}","templated":true}]}}