{"id":1915,"date":"2025-01-22T07:46:07","date_gmt":"2025-01-22T07:46:07","guid":{"rendered":"http:\/\/limit-tools.local\/product\/mikrometer-for-ror-0-25mm\/"},"modified":"2025-01-22T07:46:07","modified_gmt":"2025-01-22T07:46:07","slug":"mikrometer-for-ror-0-25mm","status":"publish","type":"product","link":"https:\/\/limittools.test.consids5.se\/sv\/product\/mikrometer-for-ror-0-25mm\/","title":{"rendered":"MIKROMETER F\u00d6R R\u00d6R 0-25MM"},"content":{"rendered":"<p>Digital r\u00f6rmikrometer. Vattenskyddad IP 54. Smidd bygel med mattf\u00f6rkromad skala. H\u00e4rdad spindel med dubbla sf\u00e4riska m\u00e4tytor. Friktionshylsa och l\u00e5svred. Omkopplingsbar mellan mm och eng. tum. Automatisk avst\u00e4ngning. DIN 863. Batteri typ SR44, ing\u00e5r.<\/p>\n","protected":false},"excerpt":{"rendered":"Digital r\u00f6rmikrometer. Vattenskyddad IP 54. Smidd bygel med mattf\u00f6rkromad skala. H\u00e4rdad spindel med dubbla sf\u00e4riska m\u00e4tytor. Friktionshylsa och l\u00e5svred. Omkopplingsbar [&hellip;]","protected":false},"featured_media":0,"comment_status":"closed","ping_status":"closed","template":"","meta":{"_acf_changed":false},"product_cat":[1323,249],"product_tag":[],"class_list":{"0":"post-1915","1":"product","2":"type-product","3":"status-publish","5":"product_cat-mikrometrar-sv-verkstadsmat-sv-2","6":"product_cat-verkstadsmat-sv","8":"first","9":"instock","10":"shipping-taxable","11":"product-type-simple"},"acf":[],"yoast_head":"<!-- This site is optimized with the Yoast SEO plugin v23.2 - https:\/\/yoast.com\/wordpress\/plugins\/seo\/ -->\n<title>MIKROMETER F\u00d6R R\u00d6R 0-25MM - Precision measuring instruments | Limit<\/title>\n<meta name=\"robots\" content=\"index, follow, max-snippet:-1, max-image-preview:large, max-video-preview:-1\" \/>\n<link rel=\"canonical\" href=\"https:\/\/limittools.test.consids5.se\/sv\/product\/mikrometer-for-ror-0-25mm\/\" \/>\n<meta property=\"og:locale\" content=\"sv_SE\" \/>\n<meta property=\"og:type\" content=\"article\" \/>\n<meta property=\"og:title\" content=\"MIKROMETER F\u00d6R R\u00d6R 0-25MM - Precision measuring instruments | Limit\" \/>\n<meta property=\"og:description\" content=\"Digital r\u00f6rmikrometer. Vattenskyddad IP 54. Smidd bygel med mattf\u00f6rkromad skala. H\u00e4rdad spindel med dubbla sf\u00e4riska m\u00e4tytor. Friktionshylsa och l\u00e5svred. Omkopplingsbar [&hellip;]\" \/>\n<meta property=\"og:url\" content=\"https:\/\/limittools.test.consids5.se\/sv\/product\/mikrometer-for-ror-0-25mm\/\" \/>\n<meta property=\"og:site_name\" content=\"Precision measuring instruments | Limit\" \/>\n<meta property=\"article:publisher\" content=\"https:\/\/www.facebook.com\/limittools\/\" \/>\n<meta name=\"twitter:card\" content=\"summary_large_image\" \/>\n<script type=\"application\/ld+json\" class=\"yoast-schema-graph\">{\"@context\":\"https:\/\/schema.org\",\"@graph\":[{\"@type\":\"WebPage\",\"@id\":\"https:\/\/limittools.test.consids5.se\/sv\/product\/mikrometer-for-ror-0-25mm\/\",\"url\":\"https:\/\/limittools.test.consids5.se\/sv\/product\/mikrometer-for-ror-0-25mm\/\",\"name\":\"MIKROMETER F\u00d6R R\u00d6R 0-25MM - Precision measuring instruments | Limit\",\"isPartOf\":{\"@id\":\"https:\/\/limittools.test.consids5.se\/#website\"},\"datePublished\":\"2025-01-22T07:46:07+00:00\",\"dateModified\":\"2025-01-22T07:46:07+00:00\",\"breadcrumb\":{\"@id\":\"https:\/\/limittools.test.consids5.se\/sv\/product\/mikrometer-for-ror-0-25mm\/#breadcrumb\"},\"inLanguage\":\"sv-SE\",\"potentialAction\":[{\"@type\":\"ReadAction\",\"target\":[\"https:\/\/limittools.test.consids5.se\/sv\/product\/mikrometer-for-ror-0-25mm\/\"]}]},{\"@type\":\"BreadcrumbList\",\"@id\":\"https:\/\/limittools.test.consids5.se\/sv\/product\/mikrometer-for-ror-0-25mm\/#breadcrumb\",\"itemListElement\":[{\"@type\":\"ListItem\",\"position\":1,\"name\":\"Products\",\"item\":\"https:\/\/limittools.test.consids5.se\/products\/\"},{\"@type\":\"ListItem\",\"position\":2,\"name\":\"MIKROMETER F\u00d6R R\u00d6R 0-25MM\"}]},{\"@type\":\"WebSite\",\"@id\":\"https:\/\/limittools.test.consids5.se\/#website\",\"url\":\"https:\/\/limittools.test.consids5.se\/\",\"name\":\"Precision measuring instruments | Limit\",\"description\":\"Everything can be measured\",\"potentialAction\":[{\"@type\":\"SearchAction\",\"target\":{\"@type\":\"EntryPoint\",\"urlTemplate\":\"https:\/\/limittools.test.consids5.se\/?s={search_term_string}\"},\"query-input\":\"required name=search_term_string\"}],\"inLanguage\":\"sv-SE\"}]}<\/script>\n<!-- \/ Yoast SEO plugin. -->","yoast_head_json":{"title":"MIKROMETER F\u00d6R R\u00d6R 0-25MM - Precision measuring instruments | Limit","robots":{"index":"index","follow":"follow","max-snippet":"max-snippet:-1","max-image-preview":"max-image-preview:large","max-video-preview":"max-video-preview:-1"},"canonical":"https:\/\/limittools.test.consids5.se\/sv\/product\/mikrometer-for-ror-0-25mm\/","og_locale":"sv_SE","og_type":"article","og_title":"MIKROMETER F\u00d6R R\u00d6R 0-25MM - Precision measuring instruments | Limit","og_description":"Digital r\u00f6rmikrometer. Vattenskyddad IP 54. Smidd bygel med mattf\u00f6rkromad skala. H\u00e4rdad spindel med dubbla sf\u00e4riska m\u00e4tytor. Friktionshylsa och l\u00e5svred. Omkopplingsbar [&hellip;]","og_url":"https:\/\/limittools.test.consids5.se\/sv\/product\/mikrometer-for-ror-0-25mm\/","og_site_name":"Precision measuring instruments | Limit","article_publisher":"https:\/\/www.facebook.com\/limittools\/","twitter_card":"summary_large_image","schema":{"@context":"https:\/\/schema.org","@graph":[{"@type":"WebPage","@id":"https:\/\/limittools.test.consids5.se\/sv\/product\/mikrometer-for-ror-0-25mm\/","url":"https:\/\/limittools.test.consids5.se\/sv\/product\/mikrometer-for-ror-0-25mm\/","name":"MIKROMETER F\u00d6R R\u00d6R 0-25MM - Precision measuring instruments | Limit","isPartOf":{"@id":"https:\/\/limittools.test.consids5.se\/#website"},"datePublished":"2025-01-22T07:46:07+00:00","dateModified":"2025-01-22T07:46:07+00:00","breadcrumb":{"@id":"https:\/\/limittools.test.consids5.se\/sv\/product\/mikrometer-for-ror-0-25mm\/#breadcrumb"},"inLanguage":"sv-SE","potentialAction":[{"@type":"ReadAction","target":["https:\/\/limittools.test.consids5.se\/sv\/product\/mikrometer-for-ror-0-25mm\/"]}]},{"@type":"BreadcrumbList","@id":"https:\/\/limittools.test.consids5.se\/sv\/product\/mikrometer-for-ror-0-25mm\/#breadcrumb","itemListElement":[{"@type":"ListItem","position":1,"name":"Products","item":"https:\/\/limittools.test.consids5.se\/products\/"},{"@type":"ListItem","position":2,"name":"MIKROMETER F\u00d6R R\u00d6R 0-25MM"}]},{"@type":"WebSite","@id":"https:\/\/limittools.test.consids5.se\/#website","url":"https:\/\/limittools.test.consids5.se\/","name":"Precision measuring instruments | Limit","description":"Everything can be measured","potentialAction":[{"@type":"SearchAction","target":{"@type":"EntryPoint","urlTemplate":"https:\/\/limittools.test.consids5.se\/?s={search_term_string}"},"query-input":"required name=search_term_string"}],"inLanguage":"sv-SE"}]}},"_links":{"self":[{"href":"https:\/\/limittools.test.consids5.se\/sv\/wp-json\/wp\/v2\/product\/1915"}],"collection":[{"href":"https:\/\/limittools.test.consids5.se\/sv\/wp-json\/wp\/v2\/product"}],"about":[{"href":"https:\/\/limittools.test.consids5.se\/sv\/wp-json\/wp\/v2\/types\/product"}],"replies":[{"embeddable":true,"href":"https:\/\/limittools.test.consids5.se\/sv\/wp-json\/wp\/v2\/comments?post=1915"}],"wp:attachment":[{"href":"https:\/\/limittools.test.consids5.se\/sv\/wp-json\/wp\/v2\/media?parent=1915"}],"wp:term":[{"taxonomy":"product_cat","embeddable":true,"href":"https:\/\/limittools.test.consids5.se\/sv\/wp-json\/wp\/v2\/product_cat?post=1915"},{"taxonomy":"product_tag","embeddable":true,"href":"https:\/\/limittools.test.consids5.se\/sv\/wp-json\/wp\/v2\/product_tag?post=1915"}],"curies":[{"name":"wp","href":"https:\/\/api.w.org\/{rel}","templated":true}]}}