{"id":1925,"date":"2026-04-08T17:25:12","date_gmt":"2026-04-08T17:25:12","guid":{"rendered":"http:\/\/limit-tools.local\/product\/fuktmatare-limit-6200\/"},"modified":"2026-04-08T17:25:12","modified_gmt":"2026-04-08T17:25:12","slug":"fuktmatare-limit-6200","status":"publish","type":"product","link":"https:\/\/limittools.test.consids5.se\/sv\/product\/fuktmatare-limit-6200\/","title":{"rendered":"FUKTM\u00c4TARE LIMIT 6200"},"content":{"rendered":"<p>Of\u00f6rst\u00f6rande fuktm\u00e4tare i kompakt design. Instrumentet anv\u00e4nds f\u00f6r att detektera fukt och vattenskador i byggmaterial s\u00e5 som tr\u00e4 och betongkonstruktioner, ner till ett djup av ca 30-40 mm. Det g\u00e5r \u00e4ven att detektera fukt bakom kakel eller under\/bakom olika golv eller v\u00e4ggytskick. Kapacitativ m\u00e4tmetod med ett h\u00f6gfrekvent dielektriskt f\u00e4lt. Ger en snabb indikation av fukthalten i materialet. Detektorn flyttas enkelt \u00f6ver ytan och fuktv\u00e4rdena avl\u00e4ses i instrumentets display. I den bakgrundsbelysta displayen visas ocks\u00e5 lufttemperatur. Temperaturkompenserad f\u00f6r \u00f6kad noggrannhet av m\u00e4tv\u00e4rden. Levereras komplett med 9 V batteri. Manual medf\u00f6ljer.<\/p>\n","protected":false},"excerpt":{"rendered":"Of\u00f6rst\u00f6rande fuktm\u00e4tare i kompakt design. Instrumentet anv\u00e4nds f\u00f6r att detektera fukt och vattenskador i byggmaterial s\u00e5 som tr\u00e4 och betongkonstruktioner, [&hellip;]","protected":false},"featured_media":0,"comment_status":"closed","ping_status":"closed","template":"","meta":{"_acf_changed":false},"product_cat":[1796,525],"product_tag":[],"class_list":{"0":"post-1925","1":"product","2":"type-product","3":"status-publish","5":"product_cat-fuktmatare-sv-klimat-och-miljomat-instrument-sv-12","6":"product_cat-klimat-och-miljomat-instrument-sv","8":"first","9":"instock","10":"shipping-taxable","11":"product-type-simple"},"acf":[],"yoast_head":"<!-- This site is optimized with the Yoast SEO plugin v23.2 - https:\/\/yoast.com\/wordpress\/plugins\/seo\/ -->\n<title>FUKTM\u00c4TARE LIMIT 6200 - Precision measuring instruments | Limit<\/title>\n<meta name=\"robots\" content=\"index, follow, max-snippet:-1, max-image-preview:large, max-video-preview:-1\" \/>\n<link rel=\"canonical\" href=\"https:\/\/limittools.test.consids5.se\/sv\/product\/fuktmatare-limit-6200\/\" \/>\n<meta property=\"og:locale\" content=\"sv_SE\" \/>\n<meta property=\"og:type\" content=\"article\" \/>\n<meta property=\"og:title\" content=\"FUKTM\u00c4TARE LIMIT 6200 - Precision measuring instruments | Limit\" \/>\n<meta property=\"og:description\" content=\"Of\u00f6rst\u00f6rande fuktm\u00e4tare i kompakt design. Instrumentet anv\u00e4nds f\u00f6r att detektera fukt och vattenskador i byggmaterial s\u00e5 som tr\u00e4 och betongkonstruktioner, [&hellip;]\" \/>\n<meta property=\"og:url\" content=\"https:\/\/limittools.test.consids5.se\/sv\/product\/fuktmatare-limit-6200\/\" \/>\n<meta property=\"og:site_name\" content=\"Precision measuring instruments | Limit\" \/>\n<meta property=\"article:publisher\" content=\"https:\/\/www.facebook.com\/limittools\/\" \/>\n<meta name=\"twitter:card\" content=\"summary_large_image\" \/>\n<meta name=\"twitter:label1\" content=\"Est. reading time\" \/>\n\t<meta name=\"twitter:data1\" content=\"1 minute\" \/>\n<script type=\"application\/ld+json\" class=\"yoast-schema-graph\">{\"@context\":\"https:\/\/schema.org\",\"@graph\":[{\"@type\":\"WebPage\",\"@id\":\"https:\/\/limittools.test.consids5.se\/sv\/product\/fuktmatare-limit-6200\/\",\"url\":\"https:\/\/limittools.test.consids5.se\/sv\/product\/fuktmatare-limit-6200\/\",\"name\":\"FUKTM\u00c4TARE LIMIT 6200 - Precision measuring instruments | Limit\",\"isPartOf\":{\"@id\":\"https:\/\/limittools.test.consids5.se\/#website\"},\"datePublished\":\"2026-04-08T17:25:12+00:00\",\"dateModified\":\"2026-04-08T17:25:12+00:00\",\"breadcrumb\":{\"@id\":\"https:\/\/limittools.test.consids5.se\/sv\/product\/fuktmatare-limit-6200\/#breadcrumb\"},\"inLanguage\":\"sv-SE\",\"potentialAction\":[{\"@type\":\"ReadAction\",\"target\":[\"https:\/\/limittools.test.consids5.se\/sv\/product\/fuktmatare-limit-6200\/\"]}]},{\"@type\":\"BreadcrumbList\",\"@id\":\"https:\/\/limittools.test.consids5.se\/sv\/product\/fuktmatare-limit-6200\/#breadcrumb\",\"itemListElement\":[{\"@type\":\"ListItem\",\"position\":1,\"name\":\"Products\",\"item\":\"https:\/\/limittools.test.consids5.se\/products\/\"},{\"@type\":\"ListItem\",\"position\":2,\"name\":\"FUKTM\u00c4TARE LIMIT 6200\"}]},{\"@type\":\"WebSite\",\"@id\":\"https:\/\/limittools.test.consids5.se\/#website\",\"url\":\"https:\/\/limittools.test.consids5.se\/\",\"name\":\"Precision measuring instruments | Limit\",\"description\":\"Everything can be measured\",\"potentialAction\":[{\"@type\":\"SearchAction\",\"target\":{\"@type\":\"EntryPoint\",\"urlTemplate\":\"https:\/\/limittools.test.consids5.se\/?s={search_term_string}\"},\"query-input\":\"required name=search_term_string\"}],\"inLanguage\":\"sv-SE\"}]}<\/script>\n<!-- \/ Yoast SEO plugin. -->","yoast_head_json":{"title":"FUKTM\u00c4TARE LIMIT 6200 - Precision measuring instruments | Limit","robots":{"index":"index","follow":"follow","max-snippet":"max-snippet:-1","max-image-preview":"max-image-preview:large","max-video-preview":"max-video-preview:-1"},"canonical":"https:\/\/limittools.test.consids5.se\/sv\/product\/fuktmatare-limit-6200\/","og_locale":"sv_SE","og_type":"article","og_title":"FUKTM\u00c4TARE LIMIT 6200 - Precision measuring instruments | Limit","og_description":"Of\u00f6rst\u00f6rande fuktm\u00e4tare i kompakt design. Instrumentet anv\u00e4nds f\u00f6r att detektera fukt och vattenskador i byggmaterial s\u00e5 som tr\u00e4 och betongkonstruktioner, [&hellip;]","og_url":"https:\/\/limittools.test.consids5.se\/sv\/product\/fuktmatare-limit-6200\/","og_site_name":"Precision measuring instruments | Limit","article_publisher":"https:\/\/www.facebook.com\/limittools\/","twitter_card":"summary_large_image","twitter_misc":{"Est. reading time":"1 minute"},"schema":{"@context":"https:\/\/schema.org","@graph":[{"@type":"WebPage","@id":"https:\/\/limittools.test.consids5.se\/sv\/product\/fuktmatare-limit-6200\/","url":"https:\/\/limittools.test.consids5.se\/sv\/product\/fuktmatare-limit-6200\/","name":"FUKTM\u00c4TARE LIMIT 6200 - Precision measuring instruments | Limit","isPartOf":{"@id":"https:\/\/limittools.test.consids5.se\/#website"},"datePublished":"2026-04-08T17:25:12+00:00","dateModified":"2026-04-08T17:25:12+00:00","breadcrumb":{"@id":"https:\/\/limittools.test.consids5.se\/sv\/product\/fuktmatare-limit-6200\/#breadcrumb"},"inLanguage":"sv-SE","potentialAction":[{"@type":"ReadAction","target":["https:\/\/limittools.test.consids5.se\/sv\/product\/fuktmatare-limit-6200\/"]}]},{"@type":"BreadcrumbList","@id":"https:\/\/limittools.test.consids5.se\/sv\/product\/fuktmatare-limit-6200\/#breadcrumb","itemListElement":[{"@type":"ListItem","position":1,"name":"Products","item":"https:\/\/limittools.test.consids5.se\/products\/"},{"@type":"ListItem","position":2,"name":"FUKTM\u00c4TARE LIMIT 6200"}]},{"@type":"WebSite","@id":"https:\/\/limittools.test.consids5.se\/#website","url":"https:\/\/limittools.test.consids5.se\/","name":"Precision measuring instruments | Limit","description":"Everything can be measured","potentialAction":[{"@type":"SearchAction","target":{"@type":"EntryPoint","urlTemplate":"https:\/\/limittools.test.consids5.se\/?s={search_term_string}"},"query-input":"required name=search_term_string"}],"inLanguage":"sv-SE"}]}},"_links":{"self":[{"href":"https:\/\/limittools.test.consids5.se\/sv\/wp-json\/wp\/v2\/product\/1925"}],"collection":[{"href":"https:\/\/limittools.test.consids5.se\/sv\/wp-json\/wp\/v2\/product"}],"about":[{"href":"https:\/\/limittools.test.consids5.se\/sv\/wp-json\/wp\/v2\/types\/product"}],"replies":[{"embeddable":true,"href":"https:\/\/limittools.test.consids5.se\/sv\/wp-json\/wp\/v2\/comments?post=1925"}],"wp:attachment":[{"href":"https:\/\/limittools.test.consids5.se\/sv\/wp-json\/wp\/v2\/media?parent=1925"}],"wp:term":[{"taxonomy":"product_cat","embeddable":true,"href":"https:\/\/limittools.test.consids5.se\/sv\/wp-json\/wp\/v2\/product_cat?post=1925"},{"taxonomy":"product_tag","embeddable":true,"href":"https:\/\/limittools.test.consids5.se\/sv\/wp-json\/wp\/v2\/product_tag?post=1925"}],"curies":[{"name":"wp","href":"https:\/\/api.w.org\/{rel}","templated":true}]}}