{"id":1943,"date":"2026-04-08T17:25:23","date_gmt":"2026-04-08T17:25:23","guid":{"rendered":"http:\/\/limit-tools.local\/product\/varvtalsmatare-limit-r2000\/"},"modified":"2026-04-08T17:25:23","modified_gmt":"2026-04-08T17:25:23","slug":"varvtalsmatare-limit-r2000","status":"publish","type":"product","link":"https:\/\/limittools.test.consids5.se\/sv\/product\/varvtalsmatare-limit-r2000\/","title":{"rendered":"VARVTALSM\u00c4TARE LIMIT R2000"},"content":{"rendered":"<p>Varvtalsm\u00e4tare med digital avl\u00e4sning. Kombinerad optisk ber\u00f6ringsfri m\u00e4tning (2.5-100 000 r\/min) och mekanisk avk\u00e4nning med m\u00e4thjul (0.05-2000 m\/min).<br \/>\nOptisk m\u00e4tning: Rikta ljusstr\u00e5len mot en reflekterande tejp eller annan kontrastverkande del p\u00e5 det roterande f\u00f6rem\u00e5let. Avl\u00e4sningsavst\u00e5nd 50-150 mm.<br \/>\nMekanisk avk\u00e4nning med m\u00e4thjul: 30 mm diameter hjul. M\u00e4tning av varvtal alternativt hastighet. Tryck f\u00f6rsiktigt m\u00e4tspetsen mot centrum av det roterande f\u00f6rem\u00e5let f\u00f6r varvtalsm\u00e4tning. Alternativt tryck m\u00e4thjulet mot f\u00f6rem\u00e5let f\u00f6r hastighetsm\u00e4tning. (t.ex. transportband, drivrem eller bands\u00e5gblad.)<br \/>\nMinne sparar sista m\u00e4tningen samt max. och min. v\u00e4rde.<br \/>\nBatteri 4 st 1.5 V LR06. ing\u00e5r ej.<\/p>\n","protected":false},"excerpt":{"rendered":"Varvtalsm\u00e4tare med digital avl\u00e4sning. Kombinerad optisk ber\u00f6ringsfri m\u00e4tning (2.5-100 000 r\/min) och mekanisk avk\u00e4nning med m\u00e4thjul (0.05-2000 m\/min). Optisk m\u00e4tning: [&hellip;]","protected":false},"featured_media":0,"comment_status":"closed","ping_status":"closed","template":"","meta":{"_acf_changed":false},"product_cat":[324,325],"product_tag":[],"class_list":{"0":"post-1943","1":"product","2":"type-product","3":"status-publish","5":"product_cat-inspektion-sv","6":"product_cat-varvtalsmatare-sv","8":"first","9":"instock","10":"shipping-taxable","11":"product-type-simple"},"acf":[],"yoast_head":"<!-- This site is optimized with the Yoast SEO plugin v23.2 - https:\/\/yoast.com\/wordpress\/plugins\/seo\/ -->\n<title>VARVTALSM\u00c4TARE LIMIT R2000 - Precision measuring instruments | Limit<\/title>\n<meta name=\"robots\" content=\"index, follow, max-snippet:-1, max-image-preview:large, max-video-preview:-1\" \/>\n<link rel=\"canonical\" href=\"https:\/\/limittools.test.consids5.se\/sv\/product\/varvtalsmatare-limit-r2000\/\" \/>\n<meta property=\"og:locale\" content=\"sv_SE\" \/>\n<meta property=\"og:type\" content=\"article\" \/>\n<meta property=\"og:title\" content=\"VARVTALSM\u00c4TARE LIMIT R2000 - Precision measuring instruments | Limit\" \/>\n<meta property=\"og:description\" content=\"Varvtalsm\u00e4tare med digital avl\u00e4sning. Kombinerad optisk ber\u00f6ringsfri m\u00e4tning (2.5-100 000 r\/min) och mekanisk avk\u00e4nning med m\u00e4thjul (0.05-2000 m\/min). Optisk m\u00e4tning: [&hellip;]\" \/>\n<meta property=\"og:url\" content=\"https:\/\/limittools.test.consids5.se\/sv\/product\/varvtalsmatare-limit-r2000\/\" \/>\n<meta property=\"og:site_name\" content=\"Precision measuring instruments | Limit\" \/>\n<meta property=\"article:publisher\" content=\"https:\/\/www.facebook.com\/limittools\/\" \/>\n<meta name=\"twitter:card\" content=\"summary_large_image\" \/>\n<meta name=\"twitter:label1\" content=\"Est. reading time\" \/>\n\t<meta name=\"twitter:data1\" content=\"1 minute\" \/>\n<script type=\"application\/ld+json\" class=\"yoast-schema-graph\">{\"@context\":\"https:\/\/schema.org\",\"@graph\":[{\"@type\":\"WebPage\",\"@id\":\"https:\/\/limittools.test.consids5.se\/sv\/product\/varvtalsmatare-limit-r2000\/\",\"url\":\"https:\/\/limittools.test.consids5.se\/sv\/product\/varvtalsmatare-limit-r2000\/\",\"name\":\"VARVTALSM\u00c4TARE LIMIT R2000 - Precision measuring instruments | Limit\",\"isPartOf\":{\"@id\":\"https:\/\/limittools.test.consids5.se\/#website\"},\"datePublished\":\"2026-04-08T17:25:23+00:00\",\"dateModified\":\"2026-04-08T17:25:23+00:00\",\"breadcrumb\":{\"@id\":\"https:\/\/limittools.test.consids5.se\/sv\/product\/varvtalsmatare-limit-r2000\/#breadcrumb\"},\"inLanguage\":\"sv-SE\",\"potentialAction\":[{\"@type\":\"ReadAction\",\"target\":[\"https:\/\/limittools.test.consids5.se\/sv\/product\/varvtalsmatare-limit-r2000\/\"]}]},{\"@type\":\"BreadcrumbList\",\"@id\":\"https:\/\/limittools.test.consids5.se\/sv\/product\/varvtalsmatare-limit-r2000\/#breadcrumb\",\"itemListElement\":[{\"@type\":\"ListItem\",\"position\":1,\"name\":\"Products\",\"item\":\"https:\/\/limittools.test.consids5.se\/products\/\"},{\"@type\":\"ListItem\",\"position\":2,\"name\":\"VARVTALSM\u00c4TARE LIMIT R2000\"}]},{\"@type\":\"WebSite\",\"@id\":\"https:\/\/limittools.test.consids5.se\/#website\",\"url\":\"https:\/\/limittools.test.consids5.se\/\",\"name\":\"Precision measuring instruments | Limit\",\"description\":\"Everything can be measured\",\"potentialAction\":[{\"@type\":\"SearchAction\",\"target\":{\"@type\":\"EntryPoint\",\"urlTemplate\":\"https:\/\/limittools.test.consids5.se\/?s={search_term_string}\"},\"query-input\":\"required name=search_term_string\"}],\"inLanguage\":\"sv-SE\"}]}<\/script>\n<!-- \/ Yoast SEO plugin. -->","yoast_head_json":{"title":"VARVTALSM\u00c4TARE LIMIT R2000 - Precision measuring instruments | Limit","robots":{"index":"index","follow":"follow","max-snippet":"max-snippet:-1","max-image-preview":"max-image-preview:large","max-video-preview":"max-video-preview:-1"},"canonical":"https:\/\/limittools.test.consids5.se\/sv\/product\/varvtalsmatare-limit-r2000\/","og_locale":"sv_SE","og_type":"article","og_title":"VARVTALSM\u00c4TARE LIMIT R2000 - Precision measuring instruments | Limit","og_description":"Varvtalsm\u00e4tare med digital avl\u00e4sning. Kombinerad optisk ber\u00f6ringsfri m\u00e4tning (2.5-100 000 r\/min) och mekanisk avk\u00e4nning med m\u00e4thjul (0.05-2000 m\/min). Optisk m\u00e4tning: [&hellip;]","og_url":"https:\/\/limittools.test.consids5.se\/sv\/product\/varvtalsmatare-limit-r2000\/","og_site_name":"Precision measuring instruments | Limit","article_publisher":"https:\/\/www.facebook.com\/limittools\/","twitter_card":"summary_large_image","twitter_misc":{"Est. reading time":"1 minute"},"schema":{"@context":"https:\/\/schema.org","@graph":[{"@type":"WebPage","@id":"https:\/\/limittools.test.consids5.se\/sv\/product\/varvtalsmatare-limit-r2000\/","url":"https:\/\/limittools.test.consids5.se\/sv\/product\/varvtalsmatare-limit-r2000\/","name":"VARVTALSM\u00c4TARE LIMIT R2000 - Precision measuring instruments | Limit","isPartOf":{"@id":"https:\/\/limittools.test.consids5.se\/#website"},"datePublished":"2026-04-08T17:25:23+00:00","dateModified":"2026-04-08T17:25:23+00:00","breadcrumb":{"@id":"https:\/\/limittools.test.consids5.se\/sv\/product\/varvtalsmatare-limit-r2000\/#breadcrumb"},"inLanguage":"sv-SE","potentialAction":[{"@type":"ReadAction","target":["https:\/\/limittools.test.consids5.se\/sv\/product\/varvtalsmatare-limit-r2000\/"]}]},{"@type":"BreadcrumbList","@id":"https:\/\/limittools.test.consids5.se\/sv\/product\/varvtalsmatare-limit-r2000\/#breadcrumb","itemListElement":[{"@type":"ListItem","position":1,"name":"Products","item":"https:\/\/limittools.test.consids5.se\/products\/"},{"@type":"ListItem","position":2,"name":"VARVTALSM\u00c4TARE LIMIT R2000"}]},{"@type":"WebSite","@id":"https:\/\/limittools.test.consids5.se\/#website","url":"https:\/\/limittools.test.consids5.se\/","name":"Precision measuring instruments | Limit","description":"Everything can be measured","potentialAction":[{"@type":"SearchAction","target":{"@type":"EntryPoint","urlTemplate":"https:\/\/limittools.test.consids5.se\/?s={search_term_string}"},"query-input":"required name=search_term_string"}],"inLanguage":"sv-SE"}]}},"_links":{"self":[{"href":"https:\/\/limittools.test.consids5.se\/sv\/wp-json\/wp\/v2\/product\/1943"}],"collection":[{"href":"https:\/\/limittools.test.consids5.se\/sv\/wp-json\/wp\/v2\/product"}],"about":[{"href":"https:\/\/limittools.test.consids5.se\/sv\/wp-json\/wp\/v2\/types\/product"}],"replies":[{"embeddable":true,"href":"https:\/\/limittools.test.consids5.se\/sv\/wp-json\/wp\/v2\/comments?post=1943"}],"wp:attachment":[{"href":"https:\/\/limittools.test.consids5.se\/sv\/wp-json\/wp\/v2\/media?parent=1943"}],"wp:term":[{"taxonomy":"product_cat","embeddable":true,"href":"https:\/\/limittools.test.consids5.se\/sv\/wp-json\/wp\/v2\/product_cat?post=1943"},{"taxonomy":"product_tag","embeddable":true,"href":"https:\/\/limittools.test.consids5.se\/sv\/wp-json\/wp\/v2\/product_tag?post=1943"}],"curies":[{"name":"wp","href":"https:\/\/api.w.org\/{rel}","templated":true}]}}