{"id":1999,"date":"2026-04-08T17:25:55","date_gmt":"2026-04-08T17:25:55","guid":{"rendered":"http:\/\/limit-tools.local\/product\/hojdritsmatt-digitalt-500-mm\/"},"modified":"2026-04-08T17:25:55","modified_gmt":"2026-04-08T17:25:55","slug":"hojdritsmatt-digitalt-500-mm","status":"publish","type":"product","link":"https:\/\/limittools.test.consids5.se\/sv\/product\/hojdritsmatt-digitalt-500-mm\/","title":{"rendered":"H\u00d6JDRITSM\u00c5TT DIGITALT 500 MM"},"content":{"rendered":"<p>Av rostfritt st\u00e5l. Kontrastrik LCD-display. Omst\u00e4llbar m\u00e4triktning samt mellan mm och eng. tum. Nollst\u00e4llningsknapp. Holdfunktion. DIN 862. 8 mm f\u00e4ste f\u00f6r m\u00e4tklocka inkluderat. M\u00e4tklocka ing\u00e5r ej. Batterityp CR2032, ing\u00e5r.<\/p>\n","protected":false},"excerpt":{"rendered":"Av rostfritt st\u00e5l. Kontrastrik LCD-display. Omst\u00e4llbar m\u00e4triktning samt mellan mm och eng. tum. Nollst\u00e4llningsknapp. Holdfunktion. DIN 862. 8 mm f\u00e4ste [&hellip;]","protected":false},"featured_media":0,"comment_status":"closed","ping_status":"closed","template":"","meta":{"_acf_changed":false},"product_cat":[268,249],"product_tag":[],"class_list":{"0":"post-1999","1":"product","2":"type-product","3":"status-publish","5":"product_cat-hojdritsmatt-sv","6":"product_cat-verkstadsmat-sv","8":"first","9":"instock","10":"shipping-taxable","11":"product-type-simple"},"acf":[],"yoast_head":"<!-- This site is optimized with the Yoast SEO plugin v23.2 - https:\/\/yoast.com\/wordpress\/plugins\/seo\/ -->\n<title>H\u00d6JDRITSM\u00c5TT DIGITALT 500 MM - Precision measuring instruments | Limit<\/title>\n<meta name=\"robots\" content=\"index, follow, max-snippet:-1, max-image-preview:large, max-video-preview:-1\" \/>\n<link rel=\"canonical\" href=\"https:\/\/limittools.test.consids5.se\/sv\/product\/hojdritsmatt-digitalt-500-mm\/\" \/>\n<meta property=\"og:locale\" content=\"sv_SE\" \/>\n<meta property=\"og:type\" content=\"article\" \/>\n<meta property=\"og:title\" content=\"H\u00d6JDRITSM\u00c5TT DIGITALT 500 MM - Precision measuring instruments | Limit\" \/>\n<meta property=\"og:description\" content=\"Av rostfritt st\u00e5l. Kontrastrik LCD-display. Omst\u00e4llbar m\u00e4triktning samt mellan mm och eng. tum. Nollst\u00e4llningsknapp. Holdfunktion. DIN 862. 8 mm f\u00e4ste [&hellip;]\" \/>\n<meta property=\"og:url\" content=\"https:\/\/limittools.test.consids5.se\/sv\/product\/hojdritsmatt-digitalt-500-mm\/\" \/>\n<meta property=\"og:site_name\" content=\"Precision measuring instruments | Limit\" \/>\n<meta property=\"article:publisher\" content=\"https:\/\/www.facebook.com\/limittools\/\" \/>\n<meta name=\"twitter:card\" content=\"summary_large_image\" \/>\n<script type=\"application\/ld+json\" class=\"yoast-schema-graph\">{\"@context\":\"https:\/\/schema.org\",\"@graph\":[{\"@type\":\"WebPage\",\"@id\":\"https:\/\/limittools.test.consids5.se\/sv\/product\/hojdritsmatt-digitalt-500-mm\/\",\"url\":\"https:\/\/limittools.test.consids5.se\/sv\/product\/hojdritsmatt-digitalt-500-mm\/\",\"name\":\"H\u00d6JDRITSM\u00c5TT DIGITALT 500 MM - Precision measuring instruments | Limit\",\"isPartOf\":{\"@id\":\"https:\/\/limittools.test.consids5.se\/#website\"},\"datePublished\":\"2026-04-08T17:25:55+00:00\",\"dateModified\":\"2026-04-08T17:25:55+00:00\",\"breadcrumb\":{\"@id\":\"https:\/\/limittools.test.consids5.se\/sv\/product\/hojdritsmatt-digitalt-500-mm\/#breadcrumb\"},\"inLanguage\":\"sv-SE\",\"potentialAction\":[{\"@type\":\"ReadAction\",\"target\":[\"https:\/\/limittools.test.consids5.se\/sv\/product\/hojdritsmatt-digitalt-500-mm\/\"]}]},{\"@type\":\"BreadcrumbList\",\"@id\":\"https:\/\/limittools.test.consids5.se\/sv\/product\/hojdritsmatt-digitalt-500-mm\/#breadcrumb\",\"itemListElement\":[{\"@type\":\"ListItem\",\"position\":1,\"name\":\"Products\",\"item\":\"https:\/\/limittools.test.consids5.se\/products\/\"},{\"@type\":\"ListItem\",\"position\":2,\"name\":\"H\u00d6JDRITSM\u00c5TT DIGITALT 500 MM\"}]},{\"@type\":\"WebSite\",\"@id\":\"https:\/\/limittools.test.consids5.se\/#website\",\"url\":\"https:\/\/limittools.test.consids5.se\/\",\"name\":\"Precision measuring instruments | Limit\",\"description\":\"Everything can be measured\",\"potentialAction\":[{\"@type\":\"SearchAction\",\"target\":{\"@type\":\"EntryPoint\",\"urlTemplate\":\"https:\/\/limittools.test.consids5.se\/?s={search_term_string}\"},\"query-input\":\"required name=search_term_string\"}],\"inLanguage\":\"sv-SE\"}]}<\/script>\n<!-- \/ Yoast SEO plugin. -->","yoast_head_json":{"title":"H\u00d6JDRITSM\u00c5TT DIGITALT 500 MM - Precision measuring instruments | Limit","robots":{"index":"index","follow":"follow","max-snippet":"max-snippet:-1","max-image-preview":"max-image-preview:large","max-video-preview":"max-video-preview:-1"},"canonical":"https:\/\/limittools.test.consids5.se\/sv\/product\/hojdritsmatt-digitalt-500-mm\/","og_locale":"sv_SE","og_type":"article","og_title":"H\u00d6JDRITSM\u00c5TT DIGITALT 500 MM - Precision measuring instruments | Limit","og_description":"Av rostfritt st\u00e5l. Kontrastrik LCD-display. Omst\u00e4llbar m\u00e4triktning samt mellan mm och eng. tum. Nollst\u00e4llningsknapp. Holdfunktion. DIN 862. 8 mm f\u00e4ste [&hellip;]","og_url":"https:\/\/limittools.test.consids5.se\/sv\/product\/hojdritsmatt-digitalt-500-mm\/","og_site_name":"Precision measuring instruments | Limit","article_publisher":"https:\/\/www.facebook.com\/limittools\/","twitter_card":"summary_large_image","schema":{"@context":"https:\/\/schema.org","@graph":[{"@type":"WebPage","@id":"https:\/\/limittools.test.consids5.se\/sv\/product\/hojdritsmatt-digitalt-500-mm\/","url":"https:\/\/limittools.test.consids5.se\/sv\/product\/hojdritsmatt-digitalt-500-mm\/","name":"H\u00d6JDRITSM\u00c5TT DIGITALT 500 MM - Precision measuring instruments | Limit","isPartOf":{"@id":"https:\/\/limittools.test.consids5.se\/#website"},"datePublished":"2026-04-08T17:25:55+00:00","dateModified":"2026-04-08T17:25:55+00:00","breadcrumb":{"@id":"https:\/\/limittools.test.consids5.se\/sv\/product\/hojdritsmatt-digitalt-500-mm\/#breadcrumb"},"inLanguage":"sv-SE","potentialAction":[{"@type":"ReadAction","target":["https:\/\/limittools.test.consids5.se\/sv\/product\/hojdritsmatt-digitalt-500-mm\/"]}]},{"@type":"BreadcrumbList","@id":"https:\/\/limittools.test.consids5.se\/sv\/product\/hojdritsmatt-digitalt-500-mm\/#breadcrumb","itemListElement":[{"@type":"ListItem","position":1,"name":"Products","item":"https:\/\/limittools.test.consids5.se\/products\/"},{"@type":"ListItem","position":2,"name":"H\u00d6JDRITSM\u00c5TT DIGITALT 500 MM"}]},{"@type":"WebSite","@id":"https:\/\/limittools.test.consids5.se\/#website","url":"https:\/\/limittools.test.consids5.se\/","name":"Precision measuring instruments | Limit","description":"Everything can be measured","potentialAction":[{"@type":"SearchAction","target":{"@type":"EntryPoint","urlTemplate":"https:\/\/limittools.test.consids5.se\/?s={search_term_string}"},"query-input":"required name=search_term_string"}],"inLanguage":"sv-SE"}]}},"_links":{"self":[{"href":"https:\/\/limittools.test.consids5.se\/sv\/wp-json\/wp\/v2\/product\/1999"}],"collection":[{"href":"https:\/\/limittools.test.consids5.se\/sv\/wp-json\/wp\/v2\/product"}],"about":[{"href":"https:\/\/limittools.test.consids5.se\/sv\/wp-json\/wp\/v2\/types\/product"}],"replies":[{"embeddable":true,"href":"https:\/\/limittools.test.consids5.se\/sv\/wp-json\/wp\/v2\/comments?post=1999"}],"wp:attachment":[{"href":"https:\/\/limittools.test.consids5.se\/sv\/wp-json\/wp\/v2\/media?parent=1999"}],"wp:term":[{"taxonomy":"product_cat","embeddable":true,"href":"https:\/\/limittools.test.consids5.se\/sv\/wp-json\/wp\/v2\/product_cat?post=1999"},{"taxonomy":"product_tag","embeddable":true,"href":"https:\/\/limittools.test.consids5.se\/sv\/wp-json\/wp\/v2\/product_tag?post=1999"}],"curies":[{"name":"wp","href":"https:\/\/api.w.org\/{rel}","templated":true}]}}