{"id":2014,"date":"2019-10-21T12:08:47","date_gmt":"2019-10-21T12:08:47","guid":{"rendered":"http:\/\/limit-tools.local\/product\/mobilvag-lw-mkp-elw\/"},"modified":"2019-10-21T12:08:47","modified_gmt":"2019-10-21T12:08:47","slug":"mobilvag-lw-mkp-elw","status":"publish","type":"product","link":"https:\/\/limittools.test.consids5.se\/sv\/product\/mobilvag-lw-mkp-elw\/","title":{"rendered":"MOBILV\u00c5G LW-MKP\/ELW"},"content":{"rendered":"<p>Mobilv\u00e5g, som spar tid genom att du kan v\u00e4ga p\u00e5 plats utan att flytta godset till station\u00e4r v\u00e5g. Stabil konstruktion baserad p\u00e5 4 kraftiga lastceller som med optimal placering ger r\u00e4tt vikt \u00e4ven vid ocentrerad last. H\u00f6g noggrannhet som motsvarar \u00b1 1 enhet i displayuppl\u00f6sningen. Instrumentet sitter skyddat placerat i ett kraftigt metallh\u00f6lje. Tydlig LED-display. LW-MKP\/ELW = Verifierbart utf\u00f6rande. Automatisk nolls\u00f6kning, tara-funktion. Levereras inkl. uppladdningsbart batteri 6V\/4Ah och batteriladdare.<\/p>\n","protected":false},"excerpt":{"rendered":"Mobilv\u00e5g, som spar tid genom att du kan v\u00e4ga p\u00e5 plats utan att flytta godset till station\u00e4r v\u00e5g. Stabil konstruktion [&hellip;]","protected":false},"featured_media":0,"comment_status":"closed","ping_status":"closed","template":"","meta":{"_acf_changed":false},"product_cat":[353,306],"product_tag":[],"class_list":{"0":"post-2014","1":"product","2":"type-product","3":"status-publish","5":"product_cat-mobilvagar-sv","6":"product_cat-vagar-sv","8":"first","9":"instock","10":"shipping-taxable","11":"product-type-simple"},"acf":[],"yoast_head":"<!-- This site is optimized with the Yoast SEO plugin v23.2 - https:\/\/yoast.com\/wordpress\/plugins\/seo\/ -->\n<title>MOBILV\u00c5G LW-MKP\/ELW - Precision measuring instruments | Limit<\/title>\n<meta name=\"robots\" content=\"index, follow, max-snippet:-1, max-image-preview:large, max-video-preview:-1\" \/>\n<link rel=\"canonical\" href=\"https:\/\/limittools.test.consids5.se\/sv\/product\/mobilvag-lw-mkp-elw\/\" \/>\n<meta property=\"og:locale\" content=\"sv_SE\" \/>\n<meta property=\"og:type\" content=\"article\" \/>\n<meta property=\"og:title\" content=\"MOBILV\u00c5G LW-MKP\/ELW - Precision measuring instruments | Limit\" \/>\n<meta property=\"og:description\" content=\"Mobilv\u00e5g, som spar tid genom att du kan v\u00e4ga p\u00e5 plats utan att flytta godset till station\u00e4r v\u00e5g. Stabil konstruktion [&hellip;]\" \/>\n<meta property=\"og:url\" content=\"https:\/\/limittools.test.consids5.se\/sv\/product\/mobilvag-lw-mkp-elw\/\" \/>\n<meta property=\"og:site_name\" content=\"Precision measuring instruments | Limit\" \/>\n<meta property=\"article:publisher\" content=\"https:\/\/www.facebook.com\/limittools\/\" \/>\n<meta name=\"twitter:card\" content=\"summary_large_image\" \/>\n<script type=\"application\/ld+json\" class=\"yoast-schema-graph\">{\"@context\":\"https:\/\/schema.org\",\"@graph\":[{\"@type\":\"WebPage\",\"@id\":\"https:\/\/limittools.test.consids5.se\/sv\/product\/mobilvag-lw-mkp-elw\/\",\"url\":\"https:\/\/limittools.test.consids5.se\/sv\/product\/mobilvag-lw-mkp-elw\/\",\"name\":\"MOBILV\u00c5G LW-MKP\/ELW - Precision measuring instruments | Limit\",\"isPartOf\":{\"@id\":\"https:\/\/limittools.test.consids5.se\/#website\"},\"datePublished\":\"2019-10-21T12:08:47+00:00\",\"dateModified\":\"2019-10-21T12:08:47+00:00\",\"breadcrumb\":{\"@id\":\"https:\/\/limittools.test.consids5.se\/sv\/product\/mobilvag-lw-mkp-elw\/#breadcrumb\"},\"inLanguage\":\"sv-SE\",\"potentialAction\":[{\"@type\":\"ReadAction\",\"target\":[\"https:\/\/limittools.test.consids5.se\/sv\/product\/mobilvag-lw-mkp-elw\/\"]}]},{\"@type\":\"BreadcrumbList\",\"@id\":\"https:\/\/limittools.test.consids5.se\/sv\/product\/mobilvag-lw-mkp-elw\/#breadcrumb\",\"itemListElement\":[{\"@type\":\"ListItem\",\"position\":1,\"name\":\"Products\",\"item\":\"https:\/\/limittools.test.consids5.se\/products\/\"},{\"@type\":\"ListItem\",\"position\":2,\"name\":\"MOBILV\u00c5G LW-MKP\/ELW\"}]},{\"@type\":\"WebSite\",\"@id\":\"https:\/\/limittools.test.consids5.se\/#website\",\"url\":\"https:\/\/limittools.test.consids5.se\/\",\"name\":\"Precision measuring instruments | Limit\",\"description\":\"Everything can be measured\",\"potentialAction\":[{\"@type\":\"SearchAction\",\"target\":{\"@type\":\"EntryPoint\",\"urlTemplate\":\"https:\/\/limittools.test.consids5.se\/?s={search_term_string}\"},\"query-input\":\"required name=search_term_string\"}],\"inLanguage\":\"sv-SE\"}]}<\/script>\n<!-- \/ Yoast SEO plugin. -->","yoast_head_json":{"title":"MOBILV\u00c5G LW-MKP\/ELW - Precision measuring instruments | Limit","robots":{"index":"index","follow":"follow","max-snippet":"max-snippet:-1","max-image-preview":"max-image-preview:large","max-video-preview":"max-video-preview:-1"},"canonical":"https:\/\/limittools.test.consids5.se\/sv\/product\/mobilvag-lw-mkp-elw\/","og_locale":"sv_SE","og_type":"article","og_title":"MOBILV\u00c5G LW-MKP\/ELW - Precision measuring instruments | Limit","og_description":"Mobilv\u00e5g, som spar tid genom att du kan v\u00e4ga p\u00e5 plats utan att flytta godset till station\u00e4r v\u00e5g. Stabil konstruktion [&hellip;]","og_url":"https:\/\/limittools.test.consids5.se\/sv\/product\/mobilvag-lw-mkp-elw\/","og_site_name":"Precision measuring instruments | Limit","article_publisher":"https:\/\/www.facebook.com\/limittools\/","twitter_card":"summary_large_image","schema":{"@context":"https:\/\/schema.org","@graph":[{"@type":"WebPage","@id":"https:\/\/limittools.test.consids5.se\/sv\/product\/mobilvag-lw-mkp-elw\/","url":"https:\/\/limittools.test.consids5.se\/sv\/product\/mobilvag-lw-mkp-elw\/","name":"MOBILV\u00c5G LW-MKP\/ELW - Precision measuring instruments | Limit","isPartOf":{"@id":"https:\/\/limittools.test.consids5.se\/#website"},"datePublished":"2019-10-21T12:08:47+00:00","dateModified":"2019-10-21T12:08:47+00:00","breadcrumb":{"@id":"https:\/\/limittools.test.consids5.se\/sv\/product\/mobilvag-lw-mkp-elw\/#breadcrumb"},"inLanguage":"sv-SE","potentialAction":[{"@type":"ReadAction","target":["https:\/\/limittools.test.consids5.se\/sv\/product\/mobilvag-lw-mkp-elw\/"]}]},{"@type":"BreadcrumbList","@id":"https:\/\/limittools.test.consids5.se\/sv\/product\/mobilvag-lw-mkp-elw\/#breadcrumb","itemListElement":[{"@type":"ListItem","position":1,"name":"Products","item":"https:\/\/limittools.test.consids5.se\/products\/"},{"@type":"ListItem","position":2,"name":"MOBILV\u00c5G LW-MKP\/ELW"}]},{"@type":"WebSite","@id":"https:\/\/limittools.test.consids5.se\/#website","url":"https:\/\/limittools.test.consids5.se\/","name":"Precision measuring instruments | Limit","description":"Everything can be measured","potentialAction":[{"@type":"SearchAction","target":{"@type":"EntryPoint","urlTemplate":"https:\/\/limittools.test.consids5.se\/?s={search_term_string}"},"query-input":"required name=search_term_string"}],"inLanguage":"sv-SE"}]}},"_links":{"self":[{"href":"https:\/\/limittools.test.consids5.se\/sv\/wp-json\/wp\/v2\/product\/2014"}],"collection":[{"href":"https:\/\/limittools.test.consids5.se\/sv\/wp-json\/wp\/v2\/product"}],"about":[{"href":"https:\/\/limittools.test.consids5.se\/sv\/wp-json\/wp\/v2\/types\/product"}],"replies":[{"embeddable":true,"href":"https:\/\/limittools.test.consids5.se\/sv\/wp-json\/wp\/v2\/comments?post=2014"}],"wp:attachment":[{"href":"https:\/\/limittools.test.consids5.se\/sv\/wp-json\/wp\/v2\/media?parent=2014"}],"wp:term":[{"taxonomy":"product_cat","embeddable":true,"href":"https:\/\/limittools.test.consids5.se\/sv\/wp-json\/wp\/v2\/product_cat?post=2014"},{"taxonomy":"product_tag","embeddable":true,"href":"https:\/\/limittools.test.consids5.se\/sv\/wp-json\/wp\/v2\/product_tag?post=2014"}],"curies":[{"name":"wp","href":"https:\/\/api.w.org\/{rel}","templated":true}]}}