{"id":2029,"date":"2026-04-08T17:26:08","date_gmt":"2026-04-08T17:26:08","guid":{"rendered":"http:\/\/limit-tools.local\/product\/skjutmatt-digitalt-cdl-200mm-i\/"},"modified":"2026-04-08T17:26:08","modified_gmt":"2026-04-08T17:26:08","slug":"skjutmatt-digitalt-cdl-200mm-i","status":"publish","type":"product","link":"https:\/\/limittools.test.consids5.se\/sv\/product\/skjutmatt-digitalt-cdl-200mm-i\/","title":{"rendered":"SKJUTM\u00c5TT DIGITALT CDL 200MM I"},"content":{"rendered":"<p>Digitalt skjutm\u00e5tt IP67 med elektronikenhet i metall. IP67-klassning vilket inneb\u00e4r damm- och vattent\u00e4tt f\u00f6r b\u00e4sta motst\u00e5ndskraft mot vatten, oljor och sk\u00e4rv\u00e4tskor. Med Absolut-system och tillf\u00e4llig nollpunktsf\u00f6rflyttning. Premiumkvalitet d\u00e4r stor omsorg lagts p\u00e5 detaljer och finish.<br \/>\nMycket mjuk och j\u00e4mn sk\u00e4nkelr\u00f6relse d\u00e5 ing\u00e5ende delar har slipats in i flera steg. Rostfria, h\u00e4rdade och precisionsslipade m\u00e4tsk\u00e4nklar. Sk\u00e4nkeltjocklek 3,5 till 4 mm som ger h\u00f6g stabilitet. LCD-display med 9 mm h\u00f6ga och tydliga siffror. 4-funktion. Processor med snabb uppdateringhastighet (3 m\/sek.)<br \/>\nOmst\u00e4llbar mellan mm och eng. tum. F\u00f6rsett med rektangul\u00e4r djupm\u00e5ttsticka och spetsar f\u00f6r inv\u00e4ndig m\u00e4tning. Tillverkad enligt DIN 862. Levereras i etui med kontrollintyg. Batterityp CR2016, ing\u00e5r.<\/p>\n","protected":false},"excerpt":{"rendered":"Digitalt skjutm\u00e5tt IP67 med elektronikenhet i metall. IP67-klassning vilket inneb\u00e4r damm- och vattent\u00e4tt f\u00f6r b\u00e4sta motst\u00e5ndskraft mot vatten, oljor och [&hellip;]","protected":false},"featured_media":0,"comment_status":"closed","ping_status":"closed","template":"","meta":{"_acf_changed":false},"product_cat":[359,249],"product_tag":[],"class_list":{"0":"post-2029","1":"product","2":"type-product","3":"status-publish","5":"product_cat-digitala-skjutmatt-sv","6":"product_cat-verkstadsmat-sv","8":"first","9":"instock","10":"shipping-taxable","11":"product-type-simple"},"acf":[],"yoast_head":"<!-- This site is optimized with the Yoast SEO plugin v23.2 - https:\/\/yoast.com\/wordpress\/plugins\/seo\/ -->\n<title>SKJUTM\u00c5TT DIGITALT CDL 200MM I - Precision measuring instruments | Limit<\/title>\n<meta name=\"robots\" content=\"index, follow, max-snippet:-1, max-image-preview:large, max-video-preview:-1\" \/>\n<link rel=\"canonical\" href=\"https:\/\/limittools.test.consids5.se\/sv\/product\/skjutmatt-digitalt-cdl-200mm-i\/\" \/>\n<meta property=\"og:locale\" content=\"sv_SE\" \/>\n<meta property=\"og:type\" content=\"article\" \/>\n<meta property=\"og:title\" content=\"SKJUTM\u00c5TT DIGITALT CDL 200MM I - Precision measuring instruments | Limit\" \/>\n<meta property=\"og:description\" content=\"Digitalt skjutm\u00e5tt IP67 med elektronikenhet i metall. IP67-klassning vilket inneb\u00e4r damm- och vattent\u00e4tt f\u00f6r b\u00e4sta motst\u00e5ndskraft mot vatten, oljor och [&hellip;]\" \/>\n<meta property=\"og:url\" content=\"https:\/\/limittools.test.consids5.se\/sv\/product\/skjutmatt-digitalt-cdl-200mm-i\/\" \/>\n<meta property=\"og:site_name\" content=\"Precision measuring instruments | Limit\" \/>\n<meta property=\"article:publisher\" content=\"https:\/\/www.facebook.com\/limittools\/\" \/>\n<meta name=\"twitter:card\" content=\"summary_large_image\" \/>\n<meta name=\"twitter:label1\" content=\"Est. reading time\" \/>\n\t<meta name=\"twitter:data1\" content=\"1 minute\" \/>\n<script type=\"application\/ld+json\" class=\"yoast-schema-graph\">{\"@context\":\"https:\/\/schema.org\",\"@graph\":[{\"@type\":\"WebPage\",\"@id\":\"https:\/\/limittools.test.consids5.se\/sv\/product\/skjutmatt-digitalt-cdl-200mm-i\/\",\"url\":\"https:\/\/limittools.test.consids5.se\/sv\/product\/skjutmatt-digitalt-cdl-200mm-i\/\",\"name\":\"SKJUTM\u00c5TT DIGITALT CDL 200MM I - Precision measuring instruments | Limit\",\"isPartOf\":{\"@id\":\"https:\/\/limittools.test.consids5.se\/#website\"},\"datePublished\":\"2026-04-08T17:26:08+00:00\",\"dateModified\":\"2026-04-08T17:26:08+00:00\",\"breadcrumb\":{\"@id\":\"https:\/\/limittools.test.consids5.se\/sv\/product\/skjutmatt-digitalt-cdl-200mm-i\/#breadcrumb\"},\"inLanguage\":\"sv-SE\",\"potentialAction\":[{\"@type\":\"ReadAction\",\"target\":[\"https:\/\/limittools.test.consids5.se\/sv\/product\/skjutmatt-digitalt-cdl-200mm-i\/\"]}]},{\"@type\":\"BreadcrumbList\",\"@id\":\"https:\/\/limittools.test.consids5.se\/sv\/product\/skjutmatt-digitalt-cdl-200mm-i\/#breadcrumb\",\"itemListElement\":[{\"@type\":\"ListItem\",\"position\":1,\"name\":\"Products\",\"item\":\"https:\/\/limittools.test.consids5.se\/products\/\"},{\"@type\":\"ListItem\",\"position\":2,\"name\":\"SKJUTM\u00c5TT DIGITALT CDL 200MM I\"}]},{\"@type\":\"WebSite\",\"@id\":\"https:\/\/limittools.test.consids5.se\/#website\",\"url\":\"https:\/\/limittools.test.consids5.se\/\",\"name\":\"Precision measuring instruments | Limit\",\"description\":\"Everything can be measured\",\"potentialAction\":[{\"@type\":\"SearchAction\",\"target\":{\"@type\":\"EntryPoint\",\"urlTemplate\":\"https:\/\/limittools.test.consids5.se\/?s={search_term_string}\"},\"query-input\":\"required name=search_term_string\"}],\"inLanguage\":\"sv-SE\"}]}<\/script>\n<!-- \/ Yoast SEO plugin. -->","yoast_head_json":{"title":"SKJUTM\u00c5TT DIGITALT CDL 200MM I - Precision measuring instruments | Limit","robots":{"index":"index","follow":"follow","max-snippet":"max-snippet:-1","max-image-preview":"max-image-preview:large","max-video-preview":"max-video-preview:-1"},"canonical":"https:\/\/limittools.test.consids5.se\/sv\/product\/skjutmatt-digitalt-cdl-200mm-i\/","og_locale":"sv_SE","og_type":"article","og_title":"SKJUTM\u00c5TT DIGITALT CDL 200MM I - Precision measuring instruments | Limit","og_description":"Digitalt skjutm\u00e5tt IP67 med elektronikenhet i metall. IP67-klassning vilket inneb\u00e4r damm- och vattent\u00e4tt f\u00f6r b\u00e4sta motst\u00e5ndskraft mot vatten, oljor och [&hellip;]","og_url":"https:\/\/limittools.test.consids5.se\/sv\/product\/skjutmatt-digitalt-cdl-200mm-i\/","og_site_name":"Precision measuring instruments | Limit","article_publisher":"https:\/\/www.facebook.com\/limittools\/","twitter_card":"summary_large_image","twitter_misc":{"Est. reading time":"1 minute"},"schema":{"@context":"https:\/\/schema.org","@graph":[{"@type":"WebPage","@id":"https:\/\/limittools.test.consids5.se\/sv\/product\/skjutmatt-digitalt-cdl-200mm-i\/","url":"https:\/\/limittools.test.consids5.se\/sv\/product\/skjutmatt-digitalt-cdl-200mm-i\/","name":"SKJUTM\u00c5TT DIGITALT CDL 200MM I - Precision measuring instruments | Limit","isPartOf":{"@id":"https:\/\/limittools.test.consids5.se\/#website"},"datePublished":"2026-04-08T17:26:08+00:00","dateModified":"2026-04-08T17:26:08+00:00","breadcrumb":{"@id":"https:\/\/limittools.test.consids5.se\/sv\/product\/skjutmatt-digitalt-cdl-200mm-i\/#breadcrumb"},"inLanguage":"sv-SE","potentialAction":[{"@type":"ReadAction","target":["https:\/\/limittools.test.consids5.se\/sv\/product\/skjutmatt-digitalt-cdl-200mm-i\/"]}]},{"@type":"BreadcrumbList","@id":"https:\/\/limittools.test.consids5.se\/sv\/product\/skjutmatt-digitalt-cdl-200mm-i\/#breadcrumb","itemListElement":[{"@type":"ListItem","position":1,"name":"Products","item":"https:\/\/limittools.test.consids5.se\/products\/"},{"@type":"ListItem","position":2,"name":"SKJUTM\u00c5TT DIGITALT CDL 200MM I"}]},{"@type":"WebSite","@id":"https:\/\/limittools.test.consids5.se\/#website","url":"https:\/\/limittools.test.consids5.se\/","name":"Precision measuring instruments | Limit","description":"Everything can be measured","potentialAction":[{"@type":"SearchAction","target":{"@type":"EntryPoint","urlTemplate":"https:\/\/limittools.test.consids5.se\/?s={search_term_string}"},"query-input":"required name=search_term_string"}],"inLanguage":"sv-SE"}]}},"_links":{"self":[{"href":"https:\/\/limittools.test.consids5.se\/sv\/wp-json\/wp\/v2\/product\/2029"}],"collection":[{"href":"https:\/\/limittools.test.consids5.se\/sv\/wp-json\/wp\/v2\/product"}],"about":[{"href":"https:\/\/limittools.test.consids5.se\/sv\/wp-json\/wp\/v2\/types\/product"}],"replies":[{"embeddable":true,"href":"https:\/\/limittools.test.consids5.se\/sv\/wp-json\/wp\/v2\/comments?post=2029"}],"wp:attachment":[{"href":"https:\/\/limittools.test.consids5.se\/sv\/wp-json\/wp\/v2\/media?parent=2029"}],"wp:term":[{"taxonomy":"product_cat","embeddable":true,"href":"https:\/\/limittools.test.consids5.se\/sv\/wp-json\/wp\/v2\/product_cat?post=2029"},{"taxonomy":"product_tag","embeddable":true,"href":"https:\/\/limittools.test.consids5.se\/sv\/wp-json\/wp\/v2\/product_tag?post=2029"}],"curies":[{"name":"wp","href":"https:\/\/api.w.org\/{rel}","templated":true}]}}