{"id":2147,"date":"2026-04-08T17:27:06","date_gmt":"2026-04-08T17:27:06","guid":{"rendered":"http:\/\/limit-tools.local\/product\/ytskiktsmatare-limit-5100\/"},"modified":"2026-04-08T17:27:06","modified_gmt":"2026-04-08T17:27:06","slug":"ytskiktsmatare-limit-5100","status":"publish","type":"product","link":"https:\/\/limittools.test.consids5.se\/sv\/product\/ytskiktsmatare-limit-5100\/","title":{"rendered":"YTSKIKTSM\u00c4TARE LIMIT 5100"},"content":{"rendered":"<p>M\u00e4ter skikttjockleken av lacker, plast, zink etc. p\u00e5 olika metaller. Klarar b\u00e5de att m\u00e4ta p\u00e5 underliggande magnetiska metaller och omagnetiska metaller som koppar, aluminium, rostfritt st\u00e5l etc. Enkel att kalibrera med bifogade kontrollfilmer. Svensk bruksanvisning. Automatisk avst\u00e4ngning efter 2 minuter.<br \/>\nUppl\u00f6sning 0-100 \u00b5m: 0.1 \u00b5m<br \/>\nUppl\u00f6sning 100-1000 \u00b5m: 1 \u00b5m<\/p>\n","protected":false},"excerpt":{"rendered":"M\u00e4ter skikttjockleken av lacker, plast, zink etc. p\u00e5 olika metaller. Klarar b\u00e5de att m\u00e4ta p\u00e5 underliggande magnetiska metaller och omagnetiska [&hellip;]","protected":false},"featured_media":0,"comment_status":"closed","ping_status":"closed","template":"","meta":{"_acf_changed":false},"product_cat":[324,398],"product_tag":[],"class_list":{"0":"post-2147","1":"product","2":"type-product","3":"status-publish","5":"product_cat-inspektion-sv","6":"product_cat-ytskiktsmatare-sv","8":"first","9":"instock","10":"shipping-taxable","11":"product-type-simple"},"acf":[],"yoast_head":"<!-- This site is optimized with the Yoast SEO plugin v23.2 - https:\/\/yoast.com\/wordpress\/plugins\/seo\/ -->\n<title>YTSKIKTSM\u00c4TARE LIMIT 5100 - Precision measuring instruments | Limit<\/title>\n<meta name=\"robots\" content=\"index, follow, max-snippet:-1, max-image-preview:large, max-video-preview:-1\" \/>\n<link rel=\"canonical\" href=\"https:\/\/limittools.test.consids5.se\/sv\/product\/ytskiktsmatare-limit-5100\/\" \/>\n<meta property=\"og:locale\" content=\"sv_SE\" \/>\n<meta property=\"og:type\" content=\"article\" \/>\n<meta property=\"og:title\" content=\"YTSKIKTSM\u00c4TARE LIMIT 5100 - Precision measuring instruments | Limit\" \/>\n<meta property=\"og:description\" content=\"M\u00e4ter skikttjockleken av lacker, plast, zink etc. p\u00e5 olika metaller. Klarar b\u00e5de att m\u00e4ta p\u00e5 underliggande magnetiska metaller och omagnetiska [&hellip;]\" \/>\n<meta property=\"og:url\" content=\"https:\/\/limittools.test.consids5.se\/sv\/product\/ytskiktsmatare-limit-5100\/\" \/>\n<meta property=\"og:site_name\" content=\"Precision measuring instruments | Limit\" \/>\n<meta property=\"article:publisher\" content=\"https:\/\/www.facebook.com\/limittools\/\" \/>\n<meta name=\"twitter:card\" content=\"summary_large_image\" \/>\n<script type=\"application\/ld+json\" class=\"yoast-schema-graph\">{\"@context\":\"https:\/\/schema.org\",\"@graph\":[{\"@type\":\"WebPage\",\"@id\":\"https:\/\/limittools.test.consids5.se\/sv\/product\/ytskiktsmatare-limit-5100\/\",\"url\":\"https:\/\/limittools.test.consids5.se\/sv\/product\/ytskiktsmatare-limit-5100\/\",\"name\":\"YTSKIKTSM\u00c4TARE LIMIT 5100 - Precision measuring instruments | Limit\",\"isPartOf\":{\"@id\":\"https:\/\/limittools.test.consids5.se\/#website\"},\"datePublished\":\"2026-04-08T17:27:06+00:00\",\"dateModified\":\"2026-04-08T17:27:06+00:00\",\"breadcrumb\":{\"@id\":\"https:\/\/limittools.test.consids5.se\/sv\/product\/ytskiktsmatare-limit-5100\/#breadcrumb\"},\"inLanguage\":\"sv-SE\",\"potentialAction\":[{\"@type\":\"ReadAction\",\"target\":[\"https:\/\/limittools.test.consids5.se\/sv\/product\/ytskiktsmatare-limit-5100\/\"]}]},{\"@type\":\"BreadcrumbList\",\"@id\":\"https:\/\/limittools.test.consids5.se\/sv\/product\/ytskiktsmatare-limit-5100\/#breadcrumb\",\"itemListElement\":[{\"@type\":\"ListItem\",\"position\":1,\"name\":\"Products\",\"item\":\"https:\/\/limittools.test.consids5.se\/products\/\"},{\"@type\":\"ListItem\",\"position\":2,\"name\":\"YTSKIKTSM\u00c4TARE LIMIT 5100\"}]},{\"@type\":\"WebSite\",\"@id\":\"https:\/\/limittools.test.consids5.se\/#website\",\"url\":\"https:\/\/limittools.test.consids5.se\/\",\"name\":\"Precision measuring instruments | Limit\",\"description\":\"Everything can be measured\",\"potentialAction\":[{\"@type\":\"SearchAction\",\"target\":{\"@type\":\"EntryPoint\",\"urlTemplate\":\"https:\/\/limittools.test.consids5.se\/?s={search_term_string}\"},\"query-input\":\"required name=search_term_string\"}],\"inLanguage\":\"sv-SE\"}]}<\/script>\n<!-- \/ Yoast SEO plugin. -->","yoast_head_json":{"title":"YTSKIKTSM\u00c4TARE LIMIT 5100 - Precision measuring instruments | Limit","robots":{"index":"index","follow":"follow","max-snippet":"max-snippet:-1","max-image-preview":"max-image-preview:large","max-video-preview":"max-video-preview:-1"},"canonical":"https:\/\/limittools.test.consids5.se\/sv\/product\/ytskiktsmatare-limit-5100\/","og_locale":"sv_SE","og_type":"article","og_title":"YTSKIKTSM\u00c4TARE LIMIT 5100 - Precision measuring instruments | Limit","og_description":"M\u00e4ter skikttjockleken av lacker, plast, zink etc. p\u00e5 olika metaller. Klarar b\u00e5de att m\u00e4ta p\u00e5 underliggande magnetiska metaller och omagnetiska [&hellip;]","og_url":"https:\/\/limittools.test.consids5.se\/sv\/product\/ytskiktsmatare-limit-5100\/","og_site_name":"Precision measuring instruments | Limit","article_publisher":"https:\/\/www.facebook.com\/limittools\/","twitter_card":"summary_large_image","schema":{"@context":"https:\/\/schema.org","@graph":[{"@type":"WebPage","@id":"https:\/\/limittools.test.consids5.se\/sv\/product\/ytskiktsmatare-limit-5100\/","url":"https:\/\/limittools.test.consids5.se\/sv\/product\/ytskiktsmatare-limit-5100\/","name":"YTSKIKTSM\u00c4TARE LIMIT 5100 - Precision measuring instruments | Limit","isPartOf":{"@id":"https:\/\/limittools.test.consids5.se\/#website"},"datePublished":"2026-04-08T17:27:06+00:00","dateModified":"2026-04-08T17:27:06+00:00","breadcrumb":{"@id":"https:\/\/limittools.test.consids5.se\/sv\/product\/ytskiktsmatare-limit-5100\/#breadcrumb"},"inLanguage":"sv-SE","potentialAction":[{"@type":"ReadAction","target":["https:\/\/limittools.test.consids5.se\/sv\/product\/ytskiktsmatare-limit-5100\/"]}]},{"@type":"BreadcrumbList","@id":"https:\/\/limittools.test.consids5.se\/sv\/product\/ytskiktsmatare-limit-5100\/#breadcrumb","itemListElement":[{"@type":"ListItem","position":1,"name":"Products","item":"https:\/\/limittools.test.consids5.se\/products\/"},{"@type":"ListItem","position":2,"name":"YTSKIKTSM\u00c4TARE LIMIT 5100"}]},{"@type":"WebSite","@id":"https:\/\/limittools.test.consids5.se\/#website","url":"https:\/\/limittools.test.consids5.se\/","name":"Precision measuring instruments | Limit","description":"Everything can be measured","potentialAction":[{"@type":"SearchAction","target":{"@type":"EntryPoint","urlTemplate":"https:\/\/limittools.test.consids5.se\/?s={search_term_string}"},"query-input":"required name=search_term_string"}],"inLanguage":"sv-SE"}]}},"_links":{"self":[{"href":"https:\/\/limittools.test.consids5.se\/sv\/wp-json\/wp\/v2\/product\/2147"}],"collection":[{"href":"https:\/\/limittools.test.consids5.se\/sv\/wp-json\/wp\/v2\/product"}],"about":[{"href":"https:\/\/limittools.test.consids5.se\/sv\/wp-json\/wp\/v2\/types\/product"}],"replies":[{"embeddable":true,"href":"https:\/\/limittools.test.consids5.se\/sv\/wp-json\/wp\/v2\/comments?post=2147"}],"wp:attachment":[{"href":"https:\/\/limittools.test.consids5.se\/sv\/wp-json\/wp\/v2\/media?parent=2147"}],"wp:term":[{"taxonomy":"product_cat","embeddable":true,"href":"https:\/\/limittools.test.consids5.se\/sv\/wp-json\/wp\/v2\/product_cat?post=2147"},{"taxonomy":"product_tag","embeddable":true,"href":"https:\/\/limittools.test.consids5.se\/sv\/wp-json\/wp\/v2\/product_tag?post=2147"}],"curies":[{"name":"wp","href":"https:\/\/api.w.org\/{rel}","templated":true}]}}