{"id":2162,"date":"2026-04-08T17:27:16","date_gmt":"2026-04-08T17:27:16","guid":{"rendered":"http:\/\/limit-tools.local\/product\/indikatorklocka-stotsk10-001\/"},"modified":"2026-04-08T17:27:16","modified_gmt":"2026-04-08T17:27:16","slug":"indikatorklocka-stotsk10-001","status":"publish","type":"product","link":"https:\/\/limittools.test.consids5.se\/sv\/product\/indikatorklocka-stotsk10-001\/","title":{"rendered":"INDIKATORKLOCKA ST\u00d6TSK10\/0,01"},"content":{"rendered":"<p>I st\u00f6ts\u00e4kert utf\u00f6rande. Med vridbar skala och tv\u00e5 st\u00e4llbara toleransm\u00e4rken. Extra visare som visar hela mm. Stommen av kraftig plast. Utbytbar m\u00e4tspets. Utan f\u00e4st\u00f6ra (kan ej f\u00f6rses med f\u00e4st\u00f6ra). Tolerans enligt DIN 878.<\/p>\n","protected":false},"excerpt":{"rendered":"I st\u00f6ts\u00e4kert utf\u00f6rande. Med vridbar skala och tv\u00e5 st\u00e4llbara toleransm\u00e4rken. Extra visare som visar hela mm. Stommen av kraftig plast. [&hellip;]","protected":false},"featured_media":0,"comment_status":"closed","ping_status":"closed","template":"","meta":{"_acf_changed":false},"product_cat":[365,249],"product_tag":[],"class_list":{"0":"post-2162","1":"product","2":"type-product","3":"status-publish","5":"product_cat-indikatorklockor-sv","6":"product_cat-verkstadsmat-sv","8":"first","9":"instock","10":"shipping-taxable","11":"product-type-simple"},"acf":[],"yoast_head":"<!-- This site is optimized with the Yoast SEO plugin v23.2 - https:\/\/yoast.com\/wordpress\/plugins\/seo\/ -->\n<title>INDIKATORKLOCKA ST\u00d6TSK10\/0,01 - Precision measuring instruments | Limit<\/title>\n<meta name=\"robots\" content=\"index, follow, max-snippet:-1, max-image-preview:large, max-video-preview:-1\" \/>\n<link rel=\"canonical\" href=\"https:\/\/limittools.test.consids5.se\/sv\/product\/indikatorklocka-stotsk10-001\/\" \/>\n<meta property=\"og:locale\" content=\"sv_SE\" \/>\n<meta property=\"og:type\" content=\"article\" \/>\n<meta property=\"og:title\" content=\"INDIKATORKLOCKA ST\u00d6TSK10\/0,01 - Precision measuring instruments | Limit\" \/>\n<meta property=\"og:description\" content=\"I st\u00f6ts\u00e4kert utf\u00f6rande. Med vridbar skala och tv\u00e5 st\u00e4llbara toleransm\u00e4rken. Extra visare som visar hela mm. Stommen av kraftig plast. [&hellip;]\" \/>\n<meta property=\"og:url\" content=\"https:\/\/limittools.test.consids5.se\/sv\/product\/indikatorklocka-stotsk10-001\/\" \/>\n<meta property=\"og:site_name\" content=\"Precision measuring instruments | Limit\" \/>\n<meta property=\"article:publisher\" content=\"https:\/\/www.facebook.com\/limittools\/\" \/>\n<meta name=\"twitter:card\" content=\"summary_large_image\" \/>\n<script type=\"application\/ld+json\" class=\"yoast-schema-graph\">{\"@context\":\"https:\/\/schema.org\",\"@graph\":[{\"@type\":\"WebPage\",\"@id\":\"https:\/\/limittools.test.consids5.se\/sv\/product\/indikatorklocka-stotsk10-001\/\",\"url\":\"https:\/\/limittools.test.consids5.se\/sv\/product\/indikatorklocka-stotsk10-001\/\",\"name\":\"INDIKATORKLOCKA ST\u00d6TSK10\/0,01 - Precision measuring instruments | Limit\",\"isPartOf\":{\"@id\":\"https:\/\/limittools.test.consids5.se\/#website\"},\"datePublished\":\"2026-04-08T17:27:16+00:00\",\"dateModified\":\"2026-04-08T17:27:16+00:00\",\"breadcrumb\":{\"@id\":\"https:\/\/limittools.test.consids5.se\/sv\/product\/indikatorklocka-stotsk10-001\/#breadcrumb\"},\"inLanguage\":\"sv-SE\",\"potentialAction\":[{\"@type\":\"ReadAction\",\"target\":[\"https:\/\/limittools.test.consids5.se\/sv\/product\/indikatorklocka-stotsk10-001\/\"]}]},{\"@type\":\"BreadcrumbList\",\"@id\":\"https:\/\/limittools.test.consids5.se\/sv\/product\/indikatorklocka-stotsk10-001\/#breadcrumb\",\"itemListElement\":[{\"@type\":\"ListItem\",\"position\":1,\"name\":\"Products\",\"item\":\"https:\/\/limittools.test.consids5.se\/products\/\"},{\"@type\":\"ListItem\",\"position\":2,\"name\":\"INDIKATORKLOCKA ST\u00d6TSK10\/0,01\"}]},{\"@type\":\"WebSite\",\"@id\":\"https:\/\/limittools.test.consids5.se\/#website\",\"url\":\"https:\/\/limittools.test.consids5.se\/\",\"name\":\"Precision measuring instruments | Limit\",\"description\":\"Everything can be measured\",\"potentialAction\":[{\"@type\":\"SearchAction\",\"target\":{\"@type\":\"EntryPoint\",\"urlTemplate\":\"https:\/\/limittools.test.consids5.se\/?s={search_term_string}\"},\"query-input\":\"required name=search_term_string\"}],\"inLanguage\":\"sv-SE\"}]}<\/script>\n<!-- \/ Yoast SEO plugin. -->","yoast_head_json":{"title":"INDIKATORKLOCKA ST\u00d6TSK10\/0,01 - Precision measuring instruments | Limit","robots":{"index":"index","follow":"follow","max-snippet":"max-snippet:-1","max-image-preview":"max-image-preview:large","max-video-preview":"max-video-preview:-1"},"canonical":"https:\/\/limittools.test.consids5.se\/sv\/product\/indikatorklocka-stotsk10-001\/","og_locale":"sv_SE","og_type":"article","og_title":"INDIKATORKLOCKA ST\u00d6TSK10\/0,01 - Precision measuring instruments | Limit","og_description":"I st\u00f6ts\u00e4kert utf\u00f6rande. Med vridbar skala och tv\u00e5 st\u00e4llbara toleransm\u00e4rken. Extra visare som visar hela mm. Stommen av kraftig plast. [&hellip;]","og_url":"https:\/\/limittools.test.consids5.se\/sv\/product\/indikatorklocka-stotsk10-001\/","og_site_name":"Precision measuring instruments | Limit","article_publisher":"https:\/\/www.facebook.com\/limittools\/","twitter_card":"summary_large_image","schema":{"@context":"https:\/\/schema.org","@graph":[{"@type":"WebPage","@id":"https:\/\/limittools.test.consids5.se\/sv\/product\/indikatorklocka-stotsk10-001\/","url":"https:\/\/limittools.test.consids5.se\/sv\/product\/indikatorklocka-stotsk10-001\/","name":"INDIKATORKLOCKA ST\u00d6TSK10\/0,01 - Precision measuring instruments | Limit","isPartOf":{"@id":"https:\/\/limittools.test.consids5.se\/#website"},"datePublished":"2026-04-08T17:27:16+00:00","dateModified":"2026-04-08T17:27:16+00:00","breadcrumb":{"@id":"https:\/\/limittools.test.consids5.se\/sv\/product\/indikatorklocka-stotsk10-001\/#breadcrumb"},"inLanguage":"sv-SE","potentialAction":[{"@type":"ReadAction","target":["https:\/\/limittools.test.consids5.se\/sv\/product\/indikatorklocka-stotsk10-001\/"]}]},{"@type":"BreadcrumbList","@id":"https:\/\/limittools.test.consids5.se\/sv\/product\/indikatorklocka-stotsk10-001\/#breadcrumb","itemListElement":[{"@type":"ListItem","position":1,"name":"Products","item":"https:\/\/limittools.test.consids5.se\/products\/"},{"@type":"ListItem","position":2,"name":"INDIKATORKLOCKA ST\u00d6TSK10\/0,01"}]},{"@type":"WebSite","@id":"https:\/\/limittools.test.consids5.se\/#website","url":"https:\/\/limittools.test.consids5.se\/","name":"Precision measuring instruments | Limit","description":"Everything can be measured","potentialAction":[{"@type":"SearchAction","target":{"@type":"EntryPoint","urlTemplate":"https:\/\/limittools.test.consids5.se\/?s={search_term_string}"},"query-input":"required name=search_term_string"}],"inLanguage":"sv-SE"}]}},"_links":{"self":[{"href":"https:\/\/limittools.test.consids5.se\/sv\/wp-json\/wp\/v2\/product\/2162"}],"collection":[{"href":"https:\/\/limittools.test.consids5.se\/sv\/wp-json\/wp\/v2\/product"}],"about":[{"href":"https:\/\/limittools.test.consids5.se\/sv\/wp-json\/wp\/v2\/types\/product"}],"replies":[{"embeddable":true,"href":"https:\/\/limittools.test.consids5.se\/sv\/wp-json\/wp\/v2\/comments?post=2162"}],"wp:attachment":[{"href":"https:\/\/limittools.test.consids5.se\/sv\/wp-json\/wp\/v2\/media?parent=2162"}],"wp:term":[{"taxonomy":"product_cat","embeddable":true,"href":"https:\/\/limittools.test.consids5.se\/sv\/wp-json\/wp\/v2\/product_cat?post=2162"},{"taxonomy":"product_tag","embeddable":true,"href":"https:\/\/limittools.test.consids5.se\/sv\/wp-json\/wp\/v2\/product_tag?post=2162"}],"curies":[{"name":"wp","href":"https:\/\/api.w.org\/{rel}","templated":true}]}}