{"id":2177,"date":"2026-04-08T17:27:22","date_gmt":"2026-04-08T17:27:22","guid":{"rendered":"http:\/\/limit-tools.local\/product\/godstjockleksmat-limit-5600\/"},"modified":"2026-04-08T17:27:22","modified_gmt":"2026-04-08T17:27:22","slug":"godstjockleksmat-limit-5600","status":"publish","type":"product","link":"https:\/\/limittools.test.consids5.se\/sv\/product\/godstjockleksmat-limit-5600\/","title":{"rendered":"GODSTJOCKLEKSM\u00c4T LIMIT 5600"},"content":{"rendered":"<p>Digitalt instrument som m\u00e4ter godstjockleken med ultraljudsteknik p\u00e5 de flesta homogena material. Att m\u00e4ta godstjockleken med ultraljudsteknik \u00e4r speciellt l\u00e4mpligt n\u00e4r det endast finns \u00e5tkomlighet fr\u00e5n en sida. T.ex. r\u00f6r, tankar, cisterner, glaskonstruktioner m.m. L\u00e4mpliga material att m\u00e4ta godstjocklek med ultraljudstekniken \u00e4r metaller, glas och plaster. F\u00f6ruts\u00e4ttningen \u00e4r att materialet \u00e4r homogent, att b\u00e5da sidor \u00e4r parallella samt att ytorna inte \u00e4r alltf\u00f6r oj\u00e4mna. Automatisk avst\u00e4ngning efter 2 minuter. M\u00e4tprobe diameter 8 mm. Uppl\u00f6sning: &lt;10 mm = 0.01 mm<br \/>\nBatterierityp AA, ing\u00e5r ej.<\/p>\n","protected":false},"excerpt":{"rendered":"Digitalt instrument som m\u00e4ter godstjockleken med ultraljudsteknik p\u00e5 de flesta homogena material. Att m\u00e4ta godstjockleken med ultraljudsteknik \u00e4r speciellt l\u00e4mpligt [&hellip;]","protected":false},"featured_media":0,"comment_status":"closed","ping_status":"closed","template":"","meta":{"_acf_changed":false},"product_cat":[324,407],"product_tag":[],"class_list":{"0":"post-2177","1":"product","2":"type-product","3":"status-publish","5":"product_cat-inspektion-sv","6":"product_cat-tjockleksmatare-sv","8":"first","9":"instock","10":"shipping-taxable","11":"product-type-simple"},"acf":[],"yoast_head":"<!-- This site is optimized with the Yoast SEO plugin v23.2 - https:\/\/yoast.com\/wordpress\/plugins\/seo\/ -->\n<title>GODSTJOCKLEKSM\u00c4T LIMIT 5600 - Precision measuring instruments | Limit<\/title>\n<meta name=\"robots\" content=\"index, follow, max-snippet:-1, max-image-preview:large, max-video-preview:-1\" \/>\n<link rel=\"canonical\" href=\"https:\/\/limittools.test.consids5.se\/sv\/product\/godstjockleksmat-limit-5600\/\" \/>\n<meta property=\"og:locale\" content=\"sv_SE\" \/>\n<meta property=\"og:type\" content=\"article\" \/>\n<meta property=\"og:title\" content=\"GODSTJOCKLEKSM\u00c4T LIMIT 5600 - Precision measuring instruments | Limit\" \/>\n<meta property=\"og:description\" content=\"Digitalt instrument som m\u00e4ter godstjockleken med ultraljudsteknik p\u00e5 de flesta homogena material. Att m\u00e4ta godstjockleken med ultraljudsteknik \u00e4r speciellt l\u00e4mpligt [&hellip;]\" \/>\n<meta property=\"og:url\" content=\"https:\/\/limittools.test.consids5.se\/sv\/product\/godstjockleksmat-limit-5600\/\" \/>\n<meta property=\"og:site_name\" content=\"Precision measuring instruments | Limit\" \/>\n<meta property=\"article:publisher\" content=\"https:\/\/www.facebook.com\/limittools\/\" \/>\n<meta name=\"twitter:card\" content=\"summary_large_image\" \/>\n<script type=\"application\/ld+json\" class=\"yoast-schema-graph\">{\"@context\":\"https:\/\/schema.org\",\"@graph\":[{\"@type\":\"WebPage\",\"@id\":\"https:\/\/limittools.test.consids5.se\/sv\/product\/godstjockleksmat-limit-5600\/\",\"url\":\"https:\/\/limittools.test.consids5.se\/sv\/product\/godstjockleksmat-limit-5600\/\",\"name\":\"GODSTJOCKLEKSM\u00c4T LIMIT 5600 - Precision measuring instruments | Limit\",\"isPartOf\":{\"@id\":\"https:\/\/limittools.test.consids5.se\/#website\"},\"datePublished\":\"2026-04-08T17:27:22+00:00\",\"dateModified\":\"2026-04-08T17:27:22+00:00\",\"breadcrumb\":{\"@id\":\"https:\/\/limittools.test.consids5.se\/sv\/product\/godstjockleksmat-limit-5600\/#breadcrumb\"},\"inLanguage\":\"sv-SE\",\"potentialAction\":[{\"@type\":\"ReadAction\",\"target\":[\"https:\/\/limittools.test.consids5.se\/sv\/product\/godstjockleksmat-limit-5600\/\"]}]},{\"@type\":\"BreadcrumbList\",\"@id\":\"https:\/\/limittools.test.consids5.se\/sv\/product\/godstjockleksmat-limit-5600\/#breadcrumb\",\"itemListElement\":[{\"@type\":\"ListItem\",\"position\":1,\"name\":\"Products\",\"item\":\"https:\/\/limittools.test.consids5.se\/products\/\"},{\"@type\":\"ListItem\",\"position\":2,\"name\":\"GODSTJOCKLEKSM\u00c4T LIMIT 5600\"}]},{\"@type\":\"WebSite\",\"@id\":\"https:\/\/limittools.test.consids5.se\/#website\",\"url\":\"https:\/\/limittools.test.consids5.se\/\",\"name\":\"Precision measuring instruments | Limit\",\"description\":\"Everything can be measured\",\"potentialAction\":[{\"@type\":\"SearchAction\",\"target\":{\"@type\":\"EntryPoint\",\"urlTemplate\":\"https:\/\/limittools.test.consids5.se\/?s={search_term_string}\"},\"query-input\":\"required name=search_term_string\"}],\"inLanguage\":\"sv-SE\"}]}<\/script>\n<!-- \/ Yoast SEO plugin. -->","yoast_head_json":{"title":"GODSTJOCKLEKSM\u00c4T LIMIT 5600 - Precision measuring instruments | Limit","robots":{"index":"index","follow":"follow","max-snippet":"max-snippet:-1","max-image-preview":"max-image-preview:large","max-video-preview":"max-video-preview:-1"},"canonical":"https:\/\/limittools.test.consids5.se\/sv\/product\/godstjockleksmat-limit-5600\/","og_locale":"sv_SE","og_type":"article","og_title":"GODSTJOCKLEKSM\u00c4T LIMIT 5600 - Precision measuring instruments | Limit","og_description":"Digitalt instrument som m\u00e4ter godstjockleken med ultraljudsteknik p\u00e5 de flesta homogena material. Att m\u00e4ta godstjockleken med ultraljudsteknik \u00e4r speciellt l\u00e4mpligt [&hellip;]","og_url":"https:\/\/limittools.test.consids5.se\/sv\/product\/godstjockleksmat-limit-5600\/","og_site_name":"Precision measuring instruments | Limit","article_publisher":"https:\/\/www.facebook.com\/limittools\/","twitter_card":"summary_large_image","schema":{"@context":"https:\/\/schema.org","@graph":[{"@type":"WebPage","@id":"https:\/\/limittools.test.consids5.se\/sv\/product\/godstjockleksmat-limit-5600\/","url":"https:\/\/limittools.test.consids5.se\/sv\/product\/godstjockleksmat-limit-5600\/","name":"GODSTJOCKLEKSM\u00c4T LIMIT 5600 - Precision measuring instruments | Limit","isPartOf":{"@id":"https:\/\/limittools.test.consids5.se\/#website"},"datePublished":"2026-04-08T17:27:22+00:00","dateModified":"2026-04-08T17:27:22+00:00","breadcrumb":{"@id":"https:\/\/limittools.test.consids5.se\/sv\/product\/godstjockleksmat-limit-5600\/#breadcrumb"},"inLanguage":"sv-SE","potentialAction":[{"@type":"ReadAction","target":["https:\/\/limittools.test.consids5.se\/sv\/product\/godstjockleksmat-limit-5600\/"]}]},{"@type":"BreadcrumbList","@id":"https:\/\/limittools.test.consids5.se\/sv\/product\/godstjockleksmat-limit-5600\/#breadcrumb","itemListElement":[{"@type":"ListItem","position":1,"name":"Products","item":"https:\/\/limittools.test.consids5.se\/products\/"},{"@type":"ListItem","position":2,"name":"GODSTJOCKLEKSM\u00c4T LIMIT 5600"}]},{"@type":"WebSite","@id":"https:\/\/limittools.test.consids5.se\/#website","url":"https:\/\/limittools.test.consids5.se\/","name":"Precision measuring instruments | Limit","description":"Everything can be measured","potentialAction":[{"@type":"SearchAction","target":{"@type":"EntryPoint","urlTemplate":"https:\/\/limittools.test.consids5.se\/?s={search_term_string}"},"query-input":"required name=search_term_string"}],"inLanguage":"sv-SE"}]}},"_links":{"self":[{"href":"https:\/\/limittools.test.consids5.se\/sv\/wp-json\/wp\/v2\/product\/2177"}],"collection":[{"href":"https:\/\/limittools.test.consids5.se\/sv\/wp-json\/wp\/v2\/product"}],"about":[{"href":"https:\/\/limittools.test.consids5.se\/sv\/wp-json\/wp\/v2\/types\/product"}],"replies":[{"embeddable":true,"href":"https:\/\/limittools.test.consids5.se\/sv\/wp-json\/wp\/v2\/comments?post=2177"}],"wp:attachment":[{"href":"https:\/\/limittools.test.consids5.se\/sv\/wp-json\/wp\/v2\/media?parent=2177"}],"wp:term":[{"taxonomy":"product_cat","embeddable":true,"href":"https:\/\/limittools.test.consids5.se\/sv\/wp-json\/wp\/v2\/product_cat?post=2177"},{"taxonomy":"product_tag","embeddable":true,"href":"https:\/\/limittools.test.consids5.se\/sv\/wp-json\/wp\/v2\/product_tag?post=2177"}],"curies":[{"name":"wp","href":"https:\/\/api.w.org\/{rel}","templated":true}]}}