{"id":2223,"date":"2021-11-29T13:50:28","date_gmt":"2021-11-29T13:50:28","guid":{"rendered":"http:\/\/limit-tools.local\/product\/radiematare-digital-limit-5700\/"},"modified":"2021-11-29T13:50:28","modified_gmt":"2021-11-29T13:50:28","slug":"radiematare-digital-limit-5700","status":"publish","type":"product","link":"https:\/\/limittools.test.consids5.se\/sv\/product\/radiematare-digital-limit-5700\/","title":{"rendered":"RADIEM\u00c4TARE DIGITAL LIMIT 5700"},"content":{"rendered":"<p>Digital radiem\u00e4tare f\u00f6r st\u00f6rre radier. L\u00e4mpligt att m\u00e4ta radier p\u00e5 plastdetaljer, formar, pl\u00e5tar, karosser, m\u00f6belytor, r\u00f6r etc. M\u00e4ter b\u00e5de konvexa och konkava ytor. Enkel att anv\u00e4nda. Montera m\u00e4tklockan p\u00e5 benfixturen. Nollst\u00e4ll m\u00e4tklockan mot ett plant underlag. H\u00e5ll benfixturen mot ytan och radien avl\u00e4ses direkt p\u00e5 m\u00e4tklockan. Batterityp CR2032, ing\u00e5r.<\/p>\n","protected":false},"excerpt":{"rendered":"Digital radiem\u00e4tare f\u00f6r st\u00f6rre radier. L\u00e4mpligt att m\u00e4ta radier p\u00e5 plastdetaljer, formar, pl\u00e5tar, karosser, m\u00f6belytor, r\u00f6r etc. M\u00e4ter b\u00e5de konvexa [&hellip;]","protected":false},"featured_media":0,"comment_status":"closed","ping_status":"closed","template":"","meta":{"_acf_changed":false},"product_cat":[256,249],"product_tag":[],"class_list":{"0":"post-2223","1":"product","2":"type-product","3":"status-publish","5":"product_cat-radiematare-sv","6":"product_cat-verkstadsmat-sv","8":"first","9":"instock","10":"shipping-taxable","11":"product-type-simple"},"acf":[],"yoast_head":"<!-- This site is optimized with the Yoast SEO plugin v23.2 - https:\/\/yoast.com\/wordpress\/plugins\/seo\/ -->\n<title>RADIEM\u00c4TARE DIGITAL LIMIT 5700 - Precision measuring instruments | Limit<\/title>\n<meta name=\"robots\" content=\"index, follow, max-snippet:-1, max-image-preview:large, max-video-preview:-1\" \/>\n<link rel=\"canonical\" href=\"https:\/\/limittools.test.consids5.se\/sv\/product\/radiematare-digital-limit-5700\/\" \/>\n<meta property=\"og:locale\" content=\"sv_SE\" \/>\n<meta property=\"og:type\" content=\"article\" \/>\n<meta property=\"og:title\" content=\"RADIEM\u00c4TARE DIGITAL LIMIT 5700 - Precision measuring instruments | Limit\" \/>\n<meta property=\"og:description\" content=\"Digital radiem\u00e4tare f\u00f6r st\u00f6rre radier. L\u00e4mpligt att m\u00e4ta radier p\u00e5 plastdetaljer, formar, pl\u00e5tar, karosser, m\u00f6belytor, r\u00f6r etc. M\u00e4ter b\u00e5de konvexa [&hellip;]\" \/>\n<meta property=\"og:url\" content=\"https:\/\/limittools.test.consids5.se\/sv\/product\/radiematare-digital-limit-5700\/\" \/>\n<meta property=\"og:site_name\" content=\"Precision measuring instruments | Limit\" \/>\n<meta property=\"article:publisher\" content=\"https:\/\/www.facebook.com\/limittools\/\" \/>\n<meta name=\"twitter:card\" content=\"summary_large_image\" \/>\n<script type=\"application\/ld+json\" class=\"yoast-schema-graph\">{\"@context\":\"https:\/\/schema.org\",\"@graph\":[{\"@type\":\"WebPage\",\"@id\":\"https:\/\/limittools.test.consids5.se\/sv\/product\/radiematare-digital-limit-5700\/\",\"url\":\"https:\/\/limittools.test.consids5.se\/sv\/product\/radiematare-digital-limit-5700\/\",\"name\":\"RADIEM\u00c4TARE DIGITAL LIMIT 5700 - Precision measuring instruments | Limit\",\"isPartOf\":{\"@id\":\"https:\/\/limittools.test.consids5.se\/#website\"},\"datePublished\":\"2021-11-29T13:50:28+00:00\",\"dateModified\":\"2021-11-29T13:50:28+00:00\",\"breadcrumb\":{\"@id\":\"https:\/\/limittools.test.consids5.se\/sv\/product\/radiematare-digital-limit-5700\/#breadcrumb\"},\"inLanguage\":\"sv-SE\",\"potentialAction\":[{\"@type\":\"ReadAction\",\"target\":[\"https:\/\/limittools.test.consids5.se\/sv\/product\/radiematare-digital-limit-5700\/\"]}]},{\"@type\":\"BreadcrumbList\",\"@id\":\"https:\/\/limittools.test.consids5.se\/sv\/product\/radiematare-digital-limit-5700\/#breadcrumb\",\"itemListElement\":[{\"@type\":\"ListItem\",\"position\":1,\"name\":\"Products\",\"item\":\"https:\/\/limittools.test.consids5.se\/products\/\"},{\"@type\":\"ListItem\",\"position\":2,\"name\":\"RADIEM\u00c4TARE DIGITAL LIMIT 5700\"}]},{\"@type\":\"WebSite\",\"@id\":\"https:\/\/limittools.test.consids5.se\/#website\",\"url\":\"https:\/\/limittools.test.consids5.se\/\",\"name\":\"Precision measuring instruments | Limit\",\"description\":\"Everything can be measured\",\"potentialAction\":[{\"@type\":\"SearchAction\",\"target\":{\"@type\":\"EntryPoint\",\"urlTemplate\":\"https:\/\/limittools.test.consids5.se\/?s={search_term_string}\"},\"query-input\":\"required name=search_term_string\"}],\"inLanguage\":\"sv-SE\"}]}<\/script>\n<!-- \/ Yoast SEO plugin. -->","yoast_head_json":{"title":"RADIEM\u00c4TARE DIGITAL LIMIT 5700 - Precision measuring instruments | Limit","robots":{"index":"index","follow":"follow","max-snippet":"max-snippet:-1","max-image-preview":"max-image-preview:large","max-video-preview":"max-video-preview:-1"},"canonical":"https:\/\/limittools.test.consids5.se\/sv\/product\/radiematare-digital-limit-5700\/","og_locale":"sv_SE","og_type":"article","og_title":"RADIEM\u00c4TARE DIGITAL LIMIT 5700 - Precision measuring instruments | Limit","og_description":"Digital radiem\u00e4tare f\u00f6r st\u00f6rre radier. L\u00e4mpligt att m\u00e4ta radier p\u00e5 plastdetaljer, formar, pl\u00e5tar, karosser, m\u00f6belytor, r\u00f6r etc. M\u00e4ter b\u00e5de konvexa [&hellip;]","og_url":"https:\/\/limittools.test.consids5.se\/sv\/product\/radiematare-digital-limit-5700\/","og_site_name":"Precision measuring instruments | Limit","article_publisher":"https:\/\/www.facebook.com\/limittools\/","twitter_card":"summary_large_image","schema":{"@context":"https:\/\/schema.org","@graph":[{"@type":"WebPage","@id":"https:\/\/limittools.test.consids5.se\/sv\/product\/radiematare-digital-limit-5700\/","url":"https:\/\/limittools.test.consids5.se\/sv\/product\/radiematare-digital-limit-5700\/","name":"RADIEM\u00c4TARE DIGITAL LIMIT 5700 - Precision measuring instruments | Limit","isPartOf":{"@id":"https:\/\/limittools.test.consids5.se\/#website"},"datePublished":"2021-11-29T13:50:28+00:00","dateModified":"2021-11-29T13:50:28+00:00","breadcrumb":{"@id":"https:\/\/limittools.test.consids5.se\/sv\/product\/radiematare-digital-limit-5700\/#breadcrumb"},"inLanguage":"sv-SE","potentialAction":[{"@type":"ReadAction","target":["https:\/\/limittools.test.consids5.se\/sv\/product\/radiematare-digital-limit-5700\/"]}]},{"@type":"BreadcrumbList","@id":"https:\/\/limittools.test.consids5.se\/sv\/product\/radiematare-digital-limit-5700\/#breadcrumb","itemListElement":[{"@type":"ListItem","position":1,"name":"Products","item":"https:\/\/limittools.test.consids5.se\/products\/"},{"@type":"ListItem","position":2,"name":"RADIEM\u00c4TARE DIGITAL LIMIT 5700"}]},{"@type":"WebSite","@id":"https:\/\/limittools.test.consids5.se\/#website","url":"https:\/\/limittools.test.consids5.se\/","name":"Precision measuring instruments | Limit","description":"Everything can be measured","potentialAction":[{"@type":"SearchAction","target":{"@type":"EntryPoint","urlTemplate":"https:\/\/limittools.test.consids5.se\/?s={search_term_string}"},"query-input":"required name=search_term_string"}],"inLanguage":"sv-SE"}]}},"_links":{"self":[{"href":"https:\/\/limittools.test.consids5.se\/sv\/wp-json\/wp\/v2\/product\/2223"}],"collection":[{"href":"https:\/\/limittools.test.consids5.se\/sv\/wp-json\/wp\/v2\/product"}],"about":[{"href":"https:\/\/limittools.test.consids5.se\/sv\/wp-json\/wp\/v2\/types\/product"}],"replies":[{"embeddable":true,"href":"https:\/\/limittools.test.consids5.se\/sv\/wp-json\/wp\/v2\/comments?post=2223"}],"wp:attachment":[{"href":"https:\/\/limittools.test.consids5.se\/sv\/wp-json\/wp\/v2\/media?parent=2223"}],"wp:term":[{"taxonomy":"product_cat","embeddable":true,"href":"https:\/\/limittools.test.consids5.se\/sv\/wp-json\/wp\/v2\/product_cat?post=2223"},{"taxonomy":"product_tag","embeddable":true,"href":"https:\/\/limittools.test.consids5.se\/sv\/wp-json\/wp\/v2\/product_tag?post=2223"}],"curies":[{"name":"wp","href":"https:\/\/api.w.org\/{rel}","templated":true}]}}