{"id":2268,"date":"2026-04-08T17:28:08","date_gmt":"2026-04-08T17:28:08","guid":{"rendered":"http:\/\/limit-tools.local\/product\/ytjamnhetsmatare-limit-4700\/"},"modified":"2026-04-08T17:28:08","modified_gmt":"2026-04-08T17:28:08","slug":"ytjamnhetsmatare-limit-4700","status":"publish","type":"product","link":"https:\/\/limittools.test.consids5.se\/sv\/product\/ytjamnhetsmatare-limit-4700\/","title":{"rendered":"YTJ\u00c4MNHETSM\u00c4TARE LIMIT 4700"},"content":{"rendered":"<p>Portabel ytj\u00e4mnhetsm\u00e4tare f\u00f6r enkel och flexibel m\u00e4tning av olika ytj\u00e4mnhetsparametrar. Diamantspets med differentialinduktiv givare. Motordriven armr\u00f6relse med inst\u00e4llbara m\u00e4tl\u00e4ngder. Minne f\u00f6r de senaste 7 m\u00e4tningarna. Justerbart h\u00f6jdst\u00f6d (0.23 mm) p\u00e5 sensorns baksida. Automatisk avst\u00e4ngning efter 5 minuter.<br \/>\nParametrar: Ra-Rq-Rz-Rt. Cut of l\u00e4ngder 0.25 &#8211; 0.8 &#8211; 2.5 mm. Profil digital filter: Gaussian, RC, PC-RC.<br \/>\nM\u00e4ttryck 4 mN<br \/>\nLevereras komplett med ytj\u00e4mnhetslikare, 4&#215;1,5V AAA batteri och svensk bruksanvisning.<br \/>\nExtra tillbeh\u00f6r: Kraftigt och stabilt stativ. Ytj\u00e4mnhetsm\u00e4taren monteras p\u00e5 stativet. Vev f\u00f6r enkel och exakt h\u00f6jdomst\u00e4llning. Max. h\u00f6jd 200 mm. PC-kabel med mjukvara. RS 232 interface.<\/p>\n","protected":false},"excerpt":{"rendered":"Portabel ytj\u00e4mnhetsm\u00e4tare f\u00f6r enkel och flexibel m\u00e4tning av olika ytj\u00e4mnhetsparametrar. Diamantspets med differentialinduktiv givare. Motordriven armr\u00f6relse med inst\u00e4llbara m\u00e4tl\u00e4ngder. Minne [&hellip;]","protected":false},"featured_media":0,"comment_status":"closed","ping_status":"closed","template":"","meta":{"_acf_changed":false},"product_cat":[324,423],"product_tag":[],"class_list":{"0":"post-2268","1":"product","2":"type-product","3":"status-publish","5":"product_cat-inspektion-sv","6":"product_cat-ytjamnhetsmatare-sv","8":"first","9":"instock","10":"shipping-taxable","11":"product-type-simple"},"acf":[],"yoast_head":"<!-- This site is optimized with the Yoast SEO plugin v23.2 - https:\/\/yoast.com\/wordpress\/plugins\/seo\/ -->\n<title>YTJ\u00c4MNHETSM\u00c4TARE LIMIT 4700 - Precision measuring instruments | Limit<\/title>\n<meta name=\"robots\" content=\"index, follow, max-snippet:-1, max-image-preview:large, max-video-preview:-1\" \/>\n<link rel=\"canonical\" href=\"https:\/\/limittools.test.consids5.se\/sv\/product\/ytjamnhetsmatare-limit-4700\/\" \/>\n<meta property=\"og:locale\" content=\"sv_SE\" \/>\n<meta property=\"og:type\" content=\"article\" \/>\n<meta property=\"og:title\" content=\"YTJ\u00c4MNHETSM\u00c4TARE LIMIT 4700 - Precision measuring instruments | Limit\" \/>\n<meta property=\"og:description\" content=\"Portabel ytj\u00e4mnhetsm\u00e4tare f\u00f6r enkel och flexibel m\u00e4tning av olika ytj\u00e4mnhetsparametrar. Diamantspets med differentialinduktiv givare. Motordriven armr\u00f6relse med inst\u00e4llbara m\u00e4tl\u00e4ngder. Minne [&hellip;]\" \/>\n<meta property=\"og:url\" content=\"https:\/\/limittools.test.consids5.se\/sv\/product\/ytjamnhetsmatare-limit-4700\/\" \/>\n<meta property=\"og:site_name\" content=\"Precision measuring instruments | Limit\" \/>\n<meta property=\"article:publisher\" content=\"https:\/\/www.facebook.com\/limittools\/\" \/>\n<meta name=\"twitter:card\" content=\"summary_large_image\" \/>\n<meta name=\"twitter:label1\" content=\"Est. reading time\" \/>\n\t<meta name=\"twitter:data1\" content=\"1 minute\" \/>\n<script type=\"application\/ld+json\" class=\"yoast-schema-graph\">{\"@context\":\"https:\/\/schema.org\",\"@graph\":[{\"@type\":\"WebPage\",\"@id\":\"https:\/\/limittools.test.consids5.se\/sv\/product\/ytjamnhetsmatare-limit-4700\/\",\"url\":\"https:\/\/limittools.test.consids5.se\/sv\/product\/ytjamnhetsmatare-limit-4700\/\",\"name\":\"YTJ\u00c4MNHETSM\u00c4TARE LIMIT 4700 - Precision measuring instruments | Limit\",\"isPartOf\":{\"@id\":\"https:\/\/limittools.test.consids5.se\/#website\"},\"datePublished\":\"2026-04-08T17:28:08+00:00\",\"dateModified\":\"2026-04-08T17:28:08+00:00\",\"breadcrumb\":{\"@id\":\"https:\/\/limittools.test.consids5.se\/sv\/product\/ytjamnhetsmatare-limit-4700\/#breadcrumb\"},\"inLanguage\":\"sv-SE\",\"potentialAction\":[{\"@type\":\"ReadAction\",\"target\":[\"https:\/\/limittools.test.consids5.se\/sv\/product\/ytjamnhetsmatare-limit-4700\/\"]}]},{\"@type\":\"BreadcrumbList\",\"@id\":\"https:\/\/limittools.test.consids5.se\/sv\/product\/ytjamnhetsmatare-limit-4700\/#breadcrumb\",\"itemListElement\":[{\"@type\":\"ListItem\",\"position\":1,\"name\":\"Products\",\"item\":\"https:\/\/limittools.test.consids5.se\/products\/\"},{\"@type\":\"ListItem\",\"position\":2,\"name\":\"YTJ\u00c4MNHETSM\u00c4TARE LIMIT 4700\"}]},{\"@type\":\"WebSite\",\"@id\":\"https:\/\/limittools.test.consids5.se\/#website\",\"url\":\"https:\/\/limittools.test.consids5.se\/\",\"name\":\"Precision measuring instruments | Limit\",\"description\":\"Everything can be measured\",\"potentialAction\":[{\"@type\":\"SearchAction\",\"target\":{\"@type\":\"EntryPoint\",\"urlTemplate\":\"https:\/\/limittools.test.consids5.se\/?s={search_term_string}\"},\"query-input\":\"required name=search_term_string\"}],\"inLanguage\":\"sv-SE\"}]}<\/script>\n<!-- \/ Yoast SEO plugin. -->","yoast_head_json":{"title":"YTJ\u00c4MNHETSM\u00c4TARE LIMIT 4700 - Precision measuring instruments | Limit","robots":{"index":"index","follow":"follow","max-snippet":"max-snippet:-1","max-image-preview":"max-image-preview:large","max-video-preview":"max-video-preview:-1"},"canonical":"https:\/\/limittools.test.consids5.se\/sv\/product\/ytjamnhetsmatare-limit-4700\/","og_locale":"sv_SE","og_type":"article","og_title":"YTJ\u00c4MNHETSM\u00c4TARE LIMIT 4700 - Precision measuring instruments | Limit","og_description":"Portabel ytj\u00e4mnhetsm\u00e4tare f\u00f6r enkel och flexibel m\u00e4tning av olika ytj\u00e4mnhetsparametrar. Diamantspets med differentialinduktiv givare. Motordriven armr\u00f6relse med inst\u00e4llbara m\u00e4tl\u00e4ngder. Minne [&hellip;]","og_url":"https:\/\/limittools.test.consids5.se\/sv\/product\/ytjamnhetsmatare-limit-4700\/","og_site_name":"Precision measuring instruments | Limit","article_publisher":"https:\/\/www.facebook.com\/limittools\/","twitter_card":"summary_large_image","twitter_misc":{"Est. reading time":"1 minute"},"schema":{"@context":"https:\/\/schema.org","@graph":[{"@type":"WebPage","@id":"https:\/\/limittools.test.consids5.se\/sv\/product\/ytjamnhetsmatare-limit-4700\/","url":"https:\/\/limittools.test.consids5.se\/sv\/product\/ytjamnhetsmatare-limit-4700\/","name":"YTJ\u00c4MNHETSM\u00c4TARE LIMIT 4700 - Precision measuring instruments | Limit","isPartOf":{"@id":"https:\/\/limittools.test.consids5.se\/#website"},"datePublished":"2026-04-08T17:28:08+00:00","dateModified":"2026-04-08T17:28:08+00:00","breadcrumb":{"@id":"https:\/\/limittools.test.consids5.se\/sv\/product\/ytjamnhetsmatare-limit-4700\/#breadcrumb"},"inLanguage":"sv-SE","potentialAction":[{"@type":"ReadAction","target":["https:\/\/limittools.test.consids5.se\/sv\/product\/ytjamnhetsmatare-limit-4700\/"]}]},{"@type":"BreadcrumbList","@id":"https:\/\/limittools.test.consids5.se\/sv\/product\/ytjamnhetsmatare-limit-4700\/#breadcrumb","itemListElement":[{"@type":"ListItem","position":1,"name":"Products","item":"https:\/\/limittools.test.consids5.se\/products\/"},{"@type":"ListItem","position":2,"name":"YTJ\u00c4MNHETSM\u00c4TARE LIMIT 4700"}]},{"@type":"WebSite","@id":"https:\/\/limittools.test.consids5.se\/#website","url":"https:\/\/limittools.test.consids5.se\/","name":"Precision measuring instruments | Limit","description":"Everything can be measured","potentialAction":[{"@type":"SearchAction","target":{"@type":"EntryPoint","urlTemplate":"https:\/\/limittools.test.consids5.se\/?s={search_term_string}"},"query-input":"required name=search_term_string"}],"inLanguage":"sv-SE"}]}},"_links":{"self":[{"href":"https:\/\/limittools.test.consids5.se\/sv\/wp-json\/wp\/v2\/product\/2268"}],"collection":[{"href":"https:\/\/limittools.test.consids5.se\/sv\/wp-json\/wp\/v2\/product"}],"about":[{"href":"https:\/\/limittools.test.consids5.se\/sv\/wp-json\/wp\/v2\/types\/product"}],"replies":[{"embeddable":true,"href":"https:\/\/limittools.test.consids5.se\/sv\/wp-json\/wp\/v2\/comments?post=2268"}],"wp:attachment":[{"href":"https:\/\/limittools.test.consids5.se\/sv\/wp-json\/wp\/v2\/media?parent=2268"}],"wp:term":[{"taxonomy":"product_cat","embeddable":true,"href":"https:\/\/limittools.test.consids5.se\/sv\/wp-json\/wp\/v2\/product_cat?post=2268"},{"taxonomy":"product_tag","embeddable":true,"href":"https:\/\/limittools.test.consids5.se\/sv\/wp-json\/wp\/v2\/product_tag?post=2268"}],"curies":[{"name":"wp","href":"https:\/\/api.w.org\/{rel}","templated":true}]}}