{"id":2271,"date":"2026-04-08T17:28:10","date_gmt":"2026-04-08T17:28:10","guid":{"rendered":"http:\/\/limit-tools.local\/product\/pallvag-limit-luw-2001\/"},"modified":"2026-04-08T17:28:10","modified_gmt":"2026-04-08T17:28:10","slug":"pallvag-limit-luw-2001","status":"publish","type":"product","link":"https:\/\/limittools.test.consids5.se\/sv\/product\/pallvag-limit-luw-2001\/","title":{"rendered":"PALLV\u00c5G LIMIT LUW-2001"},"content":{"rendered":"<p>LUW-2001. En U-v\u00e5g \/ pallv\u00e5g baserad p\u00e5 4 lastceller med en kapacitet p\u00e5 2000 \u00d7 0.5 kg. Levereras med en displayenhet som kan vara frist\u00e5ende, alternativt f\u00e4stas p\u00e5 v\u00e4gg med medf\u00f6ljande v\u00e4ggf\u00e4ste. LED-display med 30 mm stora siffror. Funktionsval f\u00f6r noll, tara, checkv\u00e4gning, r\u00e4kning, ackumulering och peak -hold. Integrerade transporthjul f\u00f6r enkel f\u00f6rflyttning.\u00a0Laddningsbart batteri\u00a0samt n\u00e4tadapter\/laddare ing\u00e5r.<\/p>\n","protected":false},"excerpt":{"rendered":"LUW-2001. En U-v\u00e5g \/ pallv\u00e5g baserad p\u00e5 4 lastceller med en kapacitet p\u00e5 2000 \u00d7 0.5 kg. Levereras med en [&hellip;]","protected":false},"featured_media":0,"comment_status":"closed","ping_status":"closed","template":"","meta":{"_acf_changed":false},"product_cat":[1624,306],"product_tag":[],"class_list":{"0":"post-2271","1":"product","2":"type-product","3":"status-publish","5":"product_cat-pallvagar-sv","6":"product_cat-vagar-sv","8":"first","9":"instock","10":"shipping-taxable","11":"product-type-simple"},"acf":[],"yoast_head":"<!-- This site is optimized with the Yoast SEO plugin v23.2 - https:\/\/yoast.com\/wordpress\/plugins\/seo\/ -->\n<title>PALLV\u00c5G LIMIT LUW-2001 - Precision measuring instruments | Limit<\/title>\n<meta name=\"robots\" content=\"index, follow, max-snippet:-1, max-image-preview:large, max-video-preview:-1\" \/>\n<link rel=\"canonical\" href=\"https:\/\/limittools.test.consids5.se\/sv\/product\/pallvag-limit-luw-2001\/\" \/>\n<meta property=\"og:locale\" content=\"sv_SE\" \/>\n<meta property=\"og:type\" content=\"article\" \/>\n<meta property=\"og:title\" content=\"PALLV\u00c5G LIMIT LUW-2001 - Precision measuring instruments | Limit\" \/>\n<meta property=\"og:description\" content=\"LUW-2001. En U-v\u00e5g \/ pallv\u00e5g baserad p\u00e5 4 lastceller med en kapacitet p\u00e5 2000 \u00d7 0.5 kg. Levereras med en [&hellip;]\" \/>\n<meta property=\"og:url\" content=\"https:\/\/limittools.test.consids5.se\/sv\/product\/pallvag-limit-luw-2001\/\" \/>\n<meta property=\"og:site_name\" content=\"Precision measuring instruments | Limit\" \/>\n<meta property=\"article:publisher\" content=\"https:\/\/www.facebook.com\/limittools\/\" \/>\n<meta name=\"twitter:card\" content=\"summary_large_image\" \/>\n<script type=\"application\/ld+json\" class=\"yoast-schema-graph\">{\"@context\":\"https:\/\/schema.org\",\"@graph\":[{\"@type\":\"WebPage\",\"@id\":\"https:\/\/limittools.test.consids5.se\/sv\/product\/pallvag-limit-luw-2001\/\",\"url\":\"https:\/\/limittools.test.consids5.se\/sv\/product\/pallvag-limit-luw-2001\/\",\"name\":\"PALLV\u00c5G LIMIT LUW-2001 - Precision measuring instruments | Limit\",\"isPartOf\":{\"@id\":\"https:\/\/limittools.test.consids5.se\/#website\"},\"datePublished\":\"2026-04-08T17:28:10+00:00\",\"dateModified\":\"2026-04-08T17:28:10+00:00\",\"breadcrumb\":{\"@id\":\"https:\/\/limittools.test.consids5.se\/sv\/product\/pallvag-limit-luw-2001\/#breadcrumb\"},\"inLanguage\":\"sv-SE\",\"potentialAction\":[{\"@type\":\"ReadAction\",\"target\":[\"https:\/\/limittools.test.consids5.se\/sv\/product\/pallvag-limit-luw-2001\/\"]}]},{\"@type\":\"BreadcrumbList\",\"@id\":\"https:\/\/limittools.test.consids5.se\/sv\/product\/pallvag-limit-luw-2001\/#breadcrumb\",\"itemListElement\":[{\"@type\":\"ListItem\",\"position\":1,\"name\":\"Products\",\"item\":\"https:\/\/limittools.test.consids5.se\/products\/\"},{\"@type\":\"ListItem\",\"position\":2,\"name\":\"PALLV\u00c5G LIMIT LUW-2001\"}]},{\"@type\":\"WebSite\",\"@id\":\"https:\/\/limittools.test.consids5.se\/#website\",\"url\":\"https:\/\/limittools.test.consids5.se\/\",\"name\":\"Precision measuring instruments | Limit\",\"description\":\"Everything can be measured\",\"potentialAction\":[{\"@type\":\"SearchAction\",\"target\":{\"@type\":\"EntryPoint\",\"urlTemplate\":\"https:\/\/limittools.test.consids5.se\/?s={search_term_string}\"},\"query-input\":\"required name=search_term_string\"}],\"inLanguage\":\"sv-SE\"}]}<\/script>\n<!-- \/ Yoast SEO plugin. -->","yoast_head_json":{"title":"PALLV\u00c5G LIMIT LUW-2001 - Precision measuring instruments | Limit","robots":{"index":"index","follow":"follow","max-snippet":"max-snippet:-1","max-image-preview":"max-image-preview:large","max-video-preview":"max-video-preview:-1"},"canonical":"https:\/\/limittools.test.consids5.se\/sv\/product\/pallvag-limit-luw-2001\/","og_locale":"sv_SE","og_type":"article","og_title":"PALLV\u00c5G LIMIT LUW-2001 - Precision measuring instruments | Limit","og_description":"LUW-2001. En U-v\u00e5g \/ pallv\u00e5g baserad p\u00e5 4 lastceller med en kapacitet p\u00e5 2000 \u00d7 0.5 kg. Levereras med en [&hellip;]","og_url":"https:\/\/limittools.test.consids5.se\/sv\/product\/pallvag-limit-luw-2001\/","og_site_name":"Precision measuring instruments | Limit","article_publisher":"https:\/\/www.facebook.com\/limittools\/","twitter_card":"summary_large_image","schema":{"@context":"https:\/\/schema.org","@graph":[{"@type":"WebPage","@id":"https:\/\/limittools.test.consids5.se\/sv\/product\/pallvag-limit-luw-2001\/","url":"https:\/\/limittools.test.consids5.se\/sv\/product\/pallvag-limit-luw-2001\/","name":"PALLV\u00c5G LIMIT LUW-2001 - Precision measuring instruments | Limit","isPartOf":{"@id":"https:\/\/limittools.test.consids5.se\/#website"},"datePublished":"2026-04-08T17:28:10+00:00","dateModified":"2026-04-08T17:28:10+00:00","breadcrumb":{"@id":"https:\/\/limittools.test.consids5.se\/sv\/product\/pallvag-limit-luw-2001\/#breadcrumb"},"inLanguage":"sv-SE","potentialAction":[{"@type":"ReadAction","target":["https:\/\/limittools.test.consids5.se\/sv\/product\/pallvag-limit-luw-2001\/"]}]},{"@type":"BreadcrumbList","@id":"https:\/\/limittools.test.consids5.se\/sv\/product\/pallvag-limit-luw-2001\/#breadcrumb","itemListElement":[{"@type":"ListItem","position":1,"name":"Products","item":"https:\/\/limittools.test.consids5.se\/products\/"},{"@type":"ListItem","position":2,"name":"PALLV\u00c5G LIMIT LUW-2001"}]},{"@type":"WebSite","@id":"https:\/\/limittools.test.consids5.se\/#website","url":"https:\/\/limittools.test.consids5.se\/","name":"Precision measuring instruments | Limit","description":"Everything can be measured","potentialAction":[{"@type":"SearchAction","target":{"@type":"EntryPoint","urlTemplate":"https:\/\/limittools.test.consids5.se\/?s={search_term_string}"},"query-input":"required name=search_term_string"}],"inLanguage":"sv-SE"}]}},"_links":{"self":[{"href":"https:\/\/limittools.test.consids5.se\/sv\/wp-json\/wp\/v2\/product\/2271"}],"collection":[{"href":"https:\/\/limittools.test.consids5.se\/sv\/wp-json\/wp\/v2\/product"}],"about":[{"href":"https:\/\/limittools.test.consids5.se\/sv\/wp-json\/wp\/v2\/types\/product"}],"replies":[{"embeddable":true,"href":"https:\/\/limittools.test.consids5.se\/sv\/wp-json\/wp\/v2\/comments?post=2271"}],"wp:attachment":[{"href":"https:\/\/limittools.test.consids5.se\/sv\/wp-json\/wp\/v2\/media?parent=2271"}],"wp:term":[{"taxonomy":"product_cat","embeddable":true,"href":"https:\/\/limittools.test.consids5.se\/sv\/wp-json\/wp\/v2\/product_cat?post=2271"},{"taxonomy":"product_tag","embeddable":true,"href":"https:\/\/limittools.test.consids5.se\/sv\/wp-json\/wp\/v2\/product_tag?post=2271"}],"curies":[{"name":"wp","href":"https:\/\/api.w.org\/{rel}","templated":true}]}}