{"id":2305,"date":"2025-01-22T07:47:40","date_gmt":"2025-01-22T07:47:40","guid":{"rendered":"http:\/\/limit-tools.local\/product\/korslaser-limit-1001-g\/"},"modified":"2025-01-22T07:47:40","modified_gmt":"2025-01-22T07:47:40","slug":"korslaser-limit-1001-g","status":"publish","type":"product","link":"https:\/\/limittools.test.consids5.se\/sv\/product\/korslaser-limit-1001-g\/","title":{"rendered":"KORSLASER LIMIT 1001 G"},"content":{"rendered":"<p>Kompakt gr\u00f6n korslaser med gr\u00f6nt laserljus som upplevs upp till fyra g\u00e5nger skarpare f\u00f6r \u00f6gonen. En horisontal och en vertikal linje. Den vertikala linjen n\u00e5r 90 grader upp i taket. Linjerna kan t\u00e4ndas var f\u00f6r sig eller tillsammans. Sj\u00e4lvnivellerande med magnetisk pendeld\u00e4mpningsom varnar med blinkande laser och ljud n\u00e4r lasern ej klarar att nivellera, funktioen kan kopplas ifr\u00e5n f\u00f6r att visa en lutande linje. En mekanisk l\u00e5sning av pendelmekanismen fungerar som b\u00e5de huvudstr\u00f6mbrytare och transports\u00e4kring. 2 st laserdioder klass 2M, 15 mw 515-520 nm. Kan anv\u00e4ndas utomhus eller i ljusa lokaler med en separat lasermottagare (17862-0308 ing\u00e5r ej).<br \/>\nLevereras med f\u00e4ste f\u00f6r stativ\/v\u00e4ggmontering, reflektortavla, mjuk v\u00e4ska och 3st AA batterier.<br \/>\nAdapter 181120205 kan beh\u00f6vas till tillbeh\u00f6ren 181120106, 200570109, 178650800, 178680104 &#038; 178690103.<\/p>\n","protected":false},"excerpt":{"rendered":"Kompakt gr\u00f6n korslaser med gr\u00f6nt laserljus som upplevs upp till fyra g\u00e5nger skarpare f\u00f6r \u00f6gonen. En horisontal och en vertikal [&hellip;]","protected":false},"featured_media":0,"comment_status":"closed","ping_status":"closed","template":"","meta":{"_acf_changed":false},"product_cat":[1554,284],"product_tag":[],"class_list":{"0":"post-2305","1":"product","2":"type-product","3":"status-publish","5":"product_cat-korslaser-sv-laserinstrument-sv","6":"product_cat-laserinstrument-sv","8":"first","9":"instock","10":"shipping-taxable","11":"product-type-simple"},"acf":[],"yoast_head":"<!-- This site is optimized with the Yoast SEO plugin v23.2 - https:\/\/yoast.com\/wordpress\/plugins\/seo\/ -->\n<title>KORSLASER LIMIT 1001 G - Precision measuring instruments | Limit<\/title>\n<meta name=\"robots\" content=\"index, follow, max-snippet:-1, max-image-preview:large, max-video-preview:-1\" \/>\n<link rel=\"canonical\" href=\"https:\/\/limittools.test.consids5.se\/sv\/product\/korslaser-limit-1001-g\/\" \/>\n<meta property=\"og:locale\" content=\"sv_SE\" \/>\n<meta property=\"og:type\" content=\"article\" \/>\n<meta property=\"og:title\" content=\"KORSLASER LIMIT 1001 G - Precision measuring instruments | Limit\" \/>\n<meta property=\"og:description\" content=\"Kompakt gr\u00f6n korslaser med gr\u00f6nt laserljus som upplevs upp till fyra g\u00e5nger skarpare f\u00f6r \u00f6gonen. En horisontal och en vertikal [&hellip;]\" \/>\n<meta property=\"og:url\" content=\"https:\/\/limittools.test.consids5.se\/sv\/product\/korslaser-limit-1001-g\/\" \/>\n<meta property=\"og:site_name\" content=\"Precision measuring instruments | Limit\" \/>\n<meta property=\"article:publisher\" content=\"https:\/\/www.facebook.com\/limittools\/\" \/>\n<meta name=\"twitter:card\" content=\"summary_large_image\" \/>\n<meta name=\"twitter:label1\" content=\"Est. reading time\" \/>\n\t<meta name=\"twitter:data1\" content=\"1 minute\" \/>\n<script type=\"application\/ld+json\" class=\"yoast-schema-graph\">{\"@context\":\"https:\/\/schema.org\",\"@graph\":[{\"@type\":\"WebPage\",\"@id\":\"https:\/\/limittools.test.consids5.se\/sv\/product\/korslaser-limit-1001-g\/\",\"url\":\"https:\/\/limittools.test.consids5.se\/sv\/product\/korslaser-limit-1001-g\/\",\"name\":\"KORSLASER LIMIT 1001 G - Precision measuring instruments | Limit\",\"isPartOf\":{\"@id\":\"https:\/\/limittools.test.consids5.se\/#website\"},\"datePublished\":\"2025-01-22T07:47:40+00:00\",\"dateModified\":\"2025-01-22T07:47:40+00:00\",\"breadcrumb\":{\"@id\":\"https:\/\/limittools.test.consids5.se\/sv\/product\/korslaser-limit-1001-g\/#breadcrumb\"},\"inLanguage\":\"sv-SE\",\"potentialAction\":[{\"@type\":\"ReadAction\",\"target\":[\"https:\/\/limittools.test.consids5.se\/sv\/product\/korslaser-limit-1001-g\/\"]}]},{\"@type\":\"BreadcrumbList\",\"@id\":\"https:\/\/limittools.test.consids5.se\/sv\/product\/korslaser-limit-1001-g\/#breadcrumb\",\"itemListElement\":[{\"@type\":\"ListItem\",\"position\":1,\"name\":\"Products\",\"item\":\"https:\/\/limittools.test.consids5.se\/products\/\"},{\"@type\":\"ListItem\",\"position\":2,\"name\":\"KORSLASER LIMIT 1001 G\"}]},{\"@type\":\"WebSite\",\"@id\":\"https:\/\/limittools.test.consids5.se\/#website\",\"url\":\"https:\/\/limittools.test.consids5.se\/\",\"name\":\"Precision measuring instruments | Limit\",\"description\":\"Everything can be measured\",\"potentialAction\":[{\"@type\":\"SearchAction\",\"target\":{\"@type\":\"EntryPoint\",\"urlTemplate\":\"https:\/\/limittools.test.consids5.se\/?s={search_term_string}\"},\"query-input\":\"required name=search_term_string\"}],\"inLanguage\":\"sv-SE\"}]}<\/script>\n<!-- \/ Yoast SEO plugin. -->","yoast_head_json":{"title":"KORSLASER LIMIT 1001 G - Precision measuring instruments | Limit","robots":{"index":"index","follow":"follow","max-snippet":"max-snippet:-1","max-image-preview":"max-image-preview:large","max-video-preview":"max-video-preview:-1"},"canonical":"https:\/\/limittools.test.consids5.se\/sv\/product\/korslaser-limit-1001-g\/","og_locale":"sv_SE","og_type":"article","og_title":"KORSLASER LIMIT 1001 G - Precision measuring instruments | Limit","og_description":"Kompakt gr\u00f6n korslaser med gr\u00f6nt laserljus som upplevs upp till fyra g\u00e5nger skarpare f\u00f6r \u00f6gonen. En horisontal och en vertikal [&hellip;]","og_url":"https:\/\/limittools.test.consids5.se\/sv\/product\/korslaser-limit-1001-g\/","og_site_name":"Precision measuring instruments | Limit","article_publisher":"https:\/\/www.facebook.com\/limittools\/","twitter_card":"summary_large_image","twitter_misc":{"Est. reading time":"1 minute"},"schema":{"@context":"https:\/\/schema.org","@graph":[{"@type":"WebPage","@id":"https:\/\/limittools.test.consids5.se\/sv\/product\/korslaser-limit-1001-g\/","url":"https:\/\/limittools.test.consids5.se\/sv\/product\/korslaser-limit-1001-g\/","name":"KORSLASER LIMIT 1001 G - Precision measuring instruments | Limit","isPartOf":{"@id":"https:\/\/limittools.test.consids5.se\/#website"},"datePublished":"2025-01-22T07:47:40+00:00","dateModified":"2025-01-22T07:47:40+00:00","breadcrumb":{"@id":"https:\/\/limittools.test.consids5.se\/sv\/product\/korslaser-limit-1001-g\/#breadcrumb"},"inLanguage":"sv-SE","potentialAction":[{"@type":"ReadAction","target":["https:\/\/limittools.test.consids5.se\/sv\/product\/korslaser-limit-1001-g\/"]}]},{"@type":"BreadcrumbList","@id":"https:\/\/limittools.test.consids5.se\/sv\/product\/korslaser-limit-1001-g\/#breadcrumb","itemListElement":[{"@type":"ListItem","position":1,"name":"Products","item":"https:\/\/limittools.test.consids5.se\/products\/"},{"@type":"ListItem","position":2,"name":"KORSLASER LIMIT 1001 G"}]},{"@type":"WebSite","@id":"https:\/\/limittools.test.consids5.se\/#website","url":"https:\/\/limittools.test.consids5.se\/","name":"Precision measuring instruments | Limit","description":"Everything can be measured","potentialAction":[{"@type":"SearchAction","target":{"@type":"EntryPoint","urlTemplate":"https:\/\/limittools.test.consids5.se\/?s={search_term_string}"},"query-input":"required name=search_term_string"}],"inLanguage":"sv-SE"}]}},"_links":{"self":[{"href":"https:\/\/limittools.test.consids5.se\/sv\/wp-json\/wp\/v2\/product\/2305"}],"collection":[{"href":"https:\/\/limittools.test.consids5.se\/sv\/wp-json\/wp\/v2\/product"}],"about":[{"href":"https:\/\/limittools.test.consids5.se\/sv\/wp-json\/wp\/v2\/types\/product"}],"replies":[{"embeddable":true,"href":"https:\/\/limittools.test.consids5.se\/sv\/wp-json\/wp\/v2\/comments?post=2305"}],"wp:attachment":[{"href":"https:\/\/limittools.test.consids5.se\/sv\/wp-json\/wp\/v2\/media?parent=2305"}],"wp:term":[{"taxonomy":"product_cat","embeddable":true,"href":"https:\/\/limittools.test.consids5.se\/sv\/wp-json\/wp\/v2\/product_cat?post=2305"},{"taxonomy":"product_tag","embeddable":true,"href":"https:\/\/limittools.test.consids5.se\/sv\/wp-json\/wp\/v2\/product_tag?post=2305"}],"curies":[{"name":"wp","href":"https:\/\/api.w.org\/{rel}","templated":true}]}}