{"id":2368,"date":"2026-04-08T17:29:07","date_gmt":"2026-04-08T17:29:07","guid":{"rendered":"http:\/\/limit-tools.local\/product\/bokstavsstampel-24434-6mm\/"},"modified":"2026-04-08T17:29:07","modified_gmt":"2026-04-08T17:29:07","slug":"bokstavsstampel-24434-6mm","status":"publish","type":"product","link":"https:\/\/limittools.test.consids5.se\/sv\/product\/bokstavsstampel-24434-6mm\/","title":{"rendered":"BOKSTAVSST\u00c4MPEL 24434-6MM"},"content":{"rendered":"<p>St\u00e4mplar f\u00f6r st\u00e5l och metall. 27 bokstavsst\u00e4mplar A-Z och &amp;-tecken. F\u00f6r st\u00e4mpling i material med dragh\u00e5llfastighet upp till 150 kp\/mm\u00b2. L\u00e4mpliga f\u00f6r st\u00e4mpling i rostfritt st\u00e5l. Nickelpl\u00e4terade f\u00f6r att skydda mot f\u00f6rorening genom transferering av metall partiklar. Packade i plastl\u00e5da.<br \/>\nF\u00f6r st\u00e4mpling av rostfritt st\u00e5l.<br \/>\nSymboler enligt DIN 1451.<br \/>\nH\u00e4rdade i gravyrsidan enligt 58-61 HRC.<br \/>\nFasade kanter mot st\u00e4mpelyta f\u00f6r b\u00e4ttre siktning.<br \/>\nVarje st\u00e4mpel m\u00e4rkt med: Symbol, symbolstorlek och internationell \u00f6gonskydds-symbol.<br \/>\nLevereras i en stark slagt\u00e5lig plastl\u00e5da.<br \/>\nL\u00f6sa st\u00e4mplar g\u00e5r att k\u00f6pa mixat, dock minst 5st \/ order.<\/p>\n","protected":false},"excerpt":{"rendered":"St\u00e4mplar f\u00f6r st\u00e5l och metall. 27 bokstavsst\u00e4mplar A-Z och &amp;-tecken. F\u00f6r st\u00e4mpling i material med dragh\u00e5llfastighet upp till 150 kp\/mm\u00b2. [&hellip;]","protected":false},"featured_media":0,"comment_status":"closed","ping_status":"closed","template":"","meta":{"_acf_changed":false},"product_cat":[265,249],"product_tag":[],"class_list":{"0":"post-2368","1":"product","2":"type-product","3":"status-publish","5":"product_cat-stamplar-sv","6":"product_cat-verkstadsmat-sv","8":"first","9":"instock","10":"shipping-taxable","11":"product-type-simple"},"acf":[],"yoast_head":"<!-- This site is optimized with the Yoast SEO plugin v23.2 - https:\/\/yoast.com\/wordpress\/plugins\/seo\/ -->\n<title>BOKSTAVSST\u00c4MPEL 24434-6MM - Precision measuring instruments | Limit<\/title>\n<meta name=\"robots\" content=\"index, follow, max-snippet:-1, max-image-preview:large, max-video-preview:-1\" \/>\n<link rel=\"canonical\" href=\"https:\/\/limittools.test.consids5.se\/sv\/product\/bokstavsstampel-24434-6mm\/\" \/>\n<meta property=\"og:locale\" content=\"sv_SE\" \/>\n<meta property=\"og:type\" content=\"article\" \/>\n<meta property=\"og:title\" content=\"BOKSTAVSST\u00c4MPEL 24434-6MM - Precision measuring instruments | Limit\" \/>\n<meta property=\"og:description\" content=\"St\u00e4mplar f\u00f6r st\u00e5l och metall. 27 bokstavsst\u00e4mplar A-Z och &amp;-tecken. F\u00f6r st\u00e4mpling i material med dragh\u00e5llfastighet upp till 150 kp\/mm\u00b2. [&hellip;]\" \/>\n<meta property=\"og:url\" content=\"https:\/\/limittools.test.consids5.se\/sv\/product\/bokstavsstampel-24434-6mm\/\" \/>\n<meta property=\"og:site_name\" content=\"Precision measuring instruments | Limit\" \/>\n<meta property=\"article:publisher\" content=\"https:\/\/www.facebook.com\/limittools\/\" \/>\n<meta name=\"twitter:card\" content=\"summary_large_image\" \/>\n<meta name=\"twitter:label1\" content=\"Est. reading time\" \/>\n\t<meta name=\"twitter:data1\" content=\"1 minute\" \/>\n<script type=\"application\/ld+json\" class=\"yoast-schema-graph\">{\"@context\":\"https:\/\/schema.org\",\"@graph\":[{\"@type\":\"WebPage\",\"@id\":\"https:\/\/limittools.test.consids5.se\/sv\/product\/bokstavsstampel-24434-6mm\/\",\"url\":\"https:\/\/limittools.test.consids5.se\/sv\/product\/bokstavsstampel-24434-6mm\/\",\"name\":\"BOKSTAVSST\u00c4MPEL 24434-6MM - Precision measuring instruments | Limit\",\"isPartOf\":{\"@id\":\"https:\/\/limittools.test.consids5.se\/#website\"},\"datePublished\":\"2026-04-08T17:29:07+00:00\",\"dateModified\":\"2026-04-08T17:29:07+00:00\",\"breadcrumb\":{\"@id\":\"https:\/\/limittools.test.consids5.se\/sv\/product\/bokstavsstampel-24434-6mm\/#breadcrumb\"},\"inLanguage\":\"sv-SE\",\"potentialAction\":[{\"@type\":\"ReadAction\",\"target\":[\"https:\/\/limittools.test.consids5.se\/sv\/product\/bokstavsstampel-24434-6mm\/\"]}]},{\"@type\":\"BreadcrumbList\",\"@id\":\"https:\/\/limittools.test.consids5.se\/sv\/product\/bokstavsstampel-24434-6mm\/#breadcrumb\",\"itemListElement\":[{\"@type\":\"ListItem\",\"position\":1,\"name\":\"Products\",\"item\":\"https:\/\/limittools.test.consids5.se\/products\/\"},{\"@type\":\"ListItem\",\"position\":2,\"name\":\"BOKSTAVSST\u00c4MPEL 24434-6MM\"}]},{\"@type\":\"WebSite\",\"@id\":\"https:\/\/limittools.test.consids5.se\/#website\",\"url\":\"https:\/\/limittools.test.consids5.se\/\",\"name\":\"Precision measuring instruments | Limit\",\"description\":\"Everything can be measured\",\"potentialAction\":[{\"@type\":\"SearchAction\",\"target\":{\"@type\":\"EntryPoint\",\"urlTemplate\":\"https:\/\/limittools.test.consids5.se\/?s={search_term_string}\"},\"query-input\":\"required name=search_term_string\"}],\"inLanguage\":\"sv-SE\"}]}<\/script>\n<!-- \/ Yoast SEO plugin. -->","yoast_head_json":{"title":"BOKSTAVSST\u00c4MPEL 24434-6MM - Precision measuring instruments | Limit","robots":{"index":"index","follow":"follow","max-snippet":"max-snippet:-1","max-image-preview":"max-image-preview:large","max-video-preview":"max-video-preview:-1"},"canonical":"https:\/\/limittools.test.consids5.se\/sv\/product\/bokstavsstampel-24434-6mm\/","og_locale":"sv_SE","og_type":"article","og_title":"BOKSTAVSST\u00c4MPEL 24434-6MM - Precision measuring instruments | Limit","og_description":"St\u00e4mplar f\u00f6r st\u00e5l och metall. 27 bokstavsst\u00e4mplar A-Z och &amp;-tecken. F\u00f6r st\u00e4mpling i material med dragh\u00e5llfastighet upp till 150 kp\/mm\u00b2. [&hellip;]","og_url":"https:\/\/limittools.test.consids5.se\/sv\/product\/bokstavsstampel-24434-6mm\/","og_site_name":"Precision measuring instruments | Limit","article_publisher":"https:\/\/www.facebook.com\/limittools\/","twitter_card":"summary_large_image","twitter_misc":{"Est. reading time":"1 minute"},"schema":{"@context":"https:\/\/schema.org","@graph":[{"@type":"WebPage","@id":"https:\/\/limittools.test.consids5.se\/sv\/product\/bokstavsstampel-24434-6mm\/","url":"https:\/\/limittools.test.consids5.se\/sv\/product\/bokstavsstampel-24434-6mm\/","name":"BOKSTAVSST\u00c4MPEL 24434-6MM - Precision measuring instruments | Limit","isPartOf":{"@id":"https:\/\/limittools.test.consids5.se\/#website"},"datePublished":"2026-04-08T17:29:07+00:00","dateModified":"2026-04-08T17:29:07+00:00","breadcrumb":{"@id":"https:\/\/limittools.test.consids5.se\/sv\/product\/bokstavsstampel-24434-6mm\/#breadcrumb"},"inLanguage":"sv-SE","potentialAction":[{"@type":"ReadAction","target":["https:\/\/limittools.test.consids5.se\/sv\/product\/bokstavsstampel-24434-6mm\/"]}]},{"@type":"BreadcrumbList","@id":"https:\/\/limittools.test.consids5.se\/sv\/product\/bokstavsstampel-24434-6mm\/#breadcrumb","itemListElement":[{"@type":"ListItem","position":1,"name":"Products","item":"https:\/\/limittools.test.consids5.se\/products\/"},{"@type":"ListItem","position":2,"name":"BOKSTAVSST\u00c4MPEL 24434-6MM"}]},{"@type":"WebSite","@id":"https:\/\/limittools.test.consids5.se\/#website","url":"https:\/\/limittools.test.consids5.se\/","name":"Precision measuring instruments | Limit","description":"Everything can be measured","potentialAction":[{"@type":"SearchAction","target":{"@type":"EntryPoint","urlTemplate":"https:\/\/limittools.test.consids5.se\/?s={search_term_string}"},"query-input":"required name=search_term_string"}],"inLanguage":"sv-SE"}]}},"_links":{"self":[{"href":"https:\/\/limittools.test.consids5.se\/sv\/wp-json\/wp\/v2\/product\/2368"}],"collection":[{"href":"https:\/\/limittools.test.consids5.se\/sv\/wp-json\/wp\/v2\/product"}],"about":[{"href":"https:\/\/limittools.test.consids5.se\/sv\/wp-json\/wp\/v2\/types\/product"}],"replies":[{"embeddable":true,"href":"https:\/\/limittools.test.consids5.se\/sv\/wp-json\/wp\/v2\/comments?post=2368"}],"wp:attachment":[{"href":"https:\/\/limittools.test.consids5.se\/sv\/wp-json\/wp\/v2\/media?parent=2368"}],"wp:term":[{"taxonomy":"product_cat","embeddable":true,"href":"https:\/\/limittools.test.consids5.se\/sv\/wp-json\/wp\/v2\/product_cat?post=2368"},{"taxonomy":"product_tag","embeddable":true,"href":"https:\/\/limittools.test.consids5.se\/sv\/wp-json\/wp\/v2\/product_tag?post=2368"}],"curies":[{"name":"wp","href":"https:\/\/api.w.org\/{rel}","templated":true}]}}