{"id":2393,"date":"2026-04-08T17:29:19","date_gmt":"2026-04-08T17:29:19","guid":{"rendered":"http:\/\/limit-tools.local\/product\/skjutmatt-invandigt-30-300mm\/"},"modified":"2026-04-08T17:29:19","modified_gmt":"2026-04-08T17:29:19","slug":"skjutmatt-invandigt-30-300mm","status":"publish","type":"product","link":"https:\/\/limittools.test.consids5.se\/sv\/product\/skjutmatt-invandigt-30-300mm\/","title":{"rendered":"SKJUTM\u00c5TT INV\u00c4NDIGT 30-300MM"},"content":{"rendered":"<p>Av h\u00e4rdat verktygsst\u00e5l och med fininst\u00e4llning. F\u00f6r innerm\u00e4tning av inre sp\u00e5rdiameter.<br \/>\n128170107 har dubbla m\u00e4tsk\u00e4nklar.<\/p>\n","protected":false},"excerpt":{"rendered":"Av h\u00e4rdat verktygsst\u00e5l och med fininst\u00e4llning. F\u00f6r innerm\u00e4tning av inre sp\u00e5rdiameter. 128170107 har dubbla m\u00e4tsk\u00e4nklar.","protected":false},"featured_media":0,"comment_status":"closed","ping_status":"closed","template":"","meta":{"_acf_changed":false},"product_cat":[277,249],"product_tag":[],"class_list":{"0":"post-2393","1":"product","2":"type-product","3":"status-publish","5":"product_cat-analoga-skjutmatt-sv","6":"product_cat-verkstadsmat-sv","8":"first","9":"instock","10":"shipping-taxable","11":"product-type-simple"},"acf":[],"yoast_head":"<!-- This site is optimized with the Yoast SEO plugin v23.2 - https:\/\/yoast.com\/wordpress\/plugins\/seo\/ -->\n<title>SKJUTM\u00c5TT INV\u00c4NDIGT 30-300MM - Precision measuring instruments | Limit<\/title>\n<meta name=\"robots\" content=\"index, follow, max-snippet:-1, max-image-preview:large, max-video-preview:-1\" \/>\n<link rel=\"canonical\" href=\"https:\/\/limittools.test.consids5.se\/sv\/product\/skjutmatt-invandigt-30-300mm\/\" \/>\n<meta property=\"og:locale\" content=\"sv_SE\" \/>\n<meta property=\"og:type\" content=\"article\" \/>\n<meta property=\"og:title\" content=\"SKJUTM\u00c5TT INV\u00c4NDIGT 30-300MM - Precision measuring instruments | Limit\" \/>\n<meta property=\"og:description\" content=\"Av h\u00e4rdat verktygsst\u00e5l och med fininst\u00e4llning. F\u00f6r innerm\u00e4tning av inre sp\u00e5rdiameter. 128170107 har dubbla m\u00e4tsk\u00e4nklar.\" \/>\n<meta property=\"og:url\" content=\"https:\/\/limittools.test.consids5.se\/sv\/product\/skjutmatt-invandigt-30-300mm\/\" \/>\n<meta property=\"og:site_name\" content=\"Precision measuring instruments | Limit\" \/>\n<meta property=\"article:publisher\" content=\"https:\/\/www.facebook.com\/limittools\/\" \/>\n<meta name=\"twitter:card\" content=\"summary_large_image\" \/>\n<script type=\"application\/ld+json\" class=\"yoast-schema-graph\">{\"@context\":\"https:\/\/schema.org\",\"@graph\":[{\"@type\":\"WebPage\",\"@id\":\"https:\/\/limittools.test.consids5.se\/sv\/product\/skjutmatt-invandigt-30-300mm\/\",\"url\":\"https:\/\/limittools.test.consids5.se\/sv\/product\/skjutmatt-invandigt-30-300mm\/\",\"name\":\"SKJUTM\u00c5TT INV\u00c4NDIGT 30-300MM - Precision measuring instruments | Limit\",\"isPartOf\":{\"@id\":\"https:\/\/limittools.test.consids5.se\/#website\"},\"datePublished\":\"2026-04-08T17:29:19+00:00\",\"dateModified\":\"2026-04-08T17:29:19+00:00\",\"breadcrumb\":{\"@id\":\"https:\/\/limittools.test.consids5.se\/sv\/product\/skjutmatt-invandigt-30-300mm\/#breadcrumb\"},\"inLanguage\":\"sv-SE\",\"potentialAction\":[{\"@type\":\"ReadAction\",\"target\":[\"https:\/\/limittools.test.consids5.se\/sv\/product\/skjutmatt-invandigt-30-300mm\/\"]}]},{\"@type\":\"BreadcrumbList\",\"@id\":\"https:\/\/limittools.test.consids5.se\/sv\/product\/skjutmatt-invandigt-30-300mm\/#breadcrumb\",\"itemListElement\":[{\"@type\":\"ListItem\",\"position\":1,\"name\":\"Products\",\"item\":\"https:\/\/limittools.test.consids5.se\/products\/\"},{\"@type\":\"ListItem\",\"position\":2,\"name\":\"SKJUTM\u00c5TT INV\u00c4NDIGT 30-300MM\"}]},{\"@type\":\"WebSite\",\"@id\":\"https:\/\/limittools.test.consids5.se\/#website\",\"url\":\"https:\/\/limittools.test.consids5.se\/\",\"name\":\"Precision measuring instruments | Limit\",\"description\":\"Everything can be measured\",\"potentialAction\":[{\"@type\":\"SearchAction\",\"target\":{\"@type\":\"EntryPoint\",\"urlTemplate\":\"https:\/\/limittools.test.consids5.se\/?s={search_term_string}\"},\"query-input\":\"required name=search_term_string\"}],\"inLanguage\":\"sv-SE\"}]}<\/script>\n<!-- \/ Yoast SEO plugin. -->","yoast_head_json":{"title":"SKJUTM\u00c5TT INV\u00c4NDIGT 30-300MM - Precision measuring instruments | Limit","robots":{"index":"index","follow":"follow","max-snippet":"max-snippet:-1","max-image-preview":"max-image-preview:large","max-video-preview":"max-video-preview:-1"},"canonical":"https:\/\/limittools.test.consids5.se\/sv\/product\/skjutmatt-invandigt-30-300mm\/","og_locale":"sv_SE","og_type":"article","og_title":"SKJUTM\u00c5TT INV\u00c4NDIGT 30-300MM - Precision measuring instruments | Limit","og_description":"Av h\u00e4rdat verktygsst\u00e5l och med fininst\u00e4llning. F\u00f6r innerm\u00e4tning av inre sp\u00e5rdiameter. 128170107 har dubbla m\u00e4tsk\u00e4nklar.","og_url":"https:\/\/limittools.test.consids5.se\/sv\/product\/skjutmatt-invandigt-30-300mm\/","og_site_name":"Precision measuring instruments | Limit","article_publisher":"https:\/\/www.facebook.com\/limittools\/","twitter_card":"summary_large_image","schema":{"@context":"https:\/\/schema.org","@graph":[{"@type":"WebPage","@id":"https:\/\/limittools.test.consids5.se\/sv\/product\/skjutmatt-invandigt-30-300mm\/","url":"https:\/\/limittools.test.consids5.se\/sv\/product\/skjutmatt-invandigt-30-300mm\/","name":"SKJUTM\u00c5TT INV\u00c4NDIGT 30-300MM - Precision measuring instruments | Limit","isPartOf":{"@id":"https:\/\/limittools.test.consids5.se\/#website"},"datePublished":"2026-04-08T17:29:19+00:00","dateModified":"2026-04-08T17:29:19+00:00","breadcrumb":{"@id":"https:\/\/limittools.test.consids5.se\/sv\/product\/skjutmatt-invandigt-30-300mm\/#breadcrumb"},"inLanguage":"sv-SE","potentialAction":[{"@type":"ReadAction","target":["https:\/\/limittools.test.consids5.se\/sv\/product\/skjutmatt-invandigt-30-300mm\/"]}]},{"@type":"BreadcrumbList","@id":"https:\/\/limittools.test.consids5.se\/sv\/product\/skjutmatt-invandigt-30-300mm\/#breadcrumb","itemListElement":[{"@type":"ListItem","position":1,"name":"Products","item":"https:\/\/limittools.test.consids5.se\/products\/"},{"@type":"ListItem","position":2,"name":"SKJUTM\u00c5TT INV\u00c4NDIGT 30-300MM"}]},{"@type":"WebSite","@id":"https:\/\/limittools.test.consids5.se\/#website","url":"https:\/\/limittools.test.consids5.se\/","name":"Precision measuring instruments | Limit","description":"Everything can be measured","potentialAction":[{"@type":"SearchAction","target":{"@type":"EntryPoint","urlTemplate":"https:\/\/limittools.test.consids5.se\/?s={search_term_string}"},"query-input":"required name=search_term_string"}],"inLanguage":"sv-SE"}]}},"_links":{"self":[{"href":"https:\/\/limittools.test.consids5.se\/sv\/wp-json\/wp\/v2\/product\/2393"}],"collection":[{"href":"https:\/\/limittools.test.consids5.se\/sv\/wp-json\/wp\/v2\/product"}],"about":[{"href":"https:\/\/limittools.test.consids5.se\/sv\/wp-json\/wp\/v2\/types\/product"}],"replies":[{"embeddable":true,"href":"https:\/\/limittools.test.consids5.se\/sv\/wp-json\/wp\/v2\/comments?post=2393"}],"wp:attachment":[{"href":"https:\/\/limittools.test.consids5.se\/sv\/wp-json\/wp\/v2\/media?parent=2393"}],"wp:term":[{"taxonomy":"product_cat","embeddable":true,"href":"https:\/\/limittools.test.consids5.se\/sv\/wp-json\/wp\/v2\/product_cat?post=2393"},{"taxonomy":"product_tag","embeddable":true,"href":"https:\/\/limittools.test.consids5.se\/sv\/wp-json\/wp\/v2\/product_tag?post=2393"}],"curies":[{"name":"wp","href":"https:\/\/api.w.org\/{rel}","templated":true}]}}