{"id":2453,"date":"2025-01-22T08:34:19","date_gmt":"2025-01-22T08:34:19","guid":{"rendered":"http:\/\/limit-tools.local\/product\/multimeter-limit-500-auto-2\/"},"modified":"2025-01-22T08:34:19","modified_gmt":"2025-01-22T08:34:19","slug":"multimeter-limit-500-auto","status":"publish","type":"product","link":"https:\/\/limittools.test.consids5.se\/sv\/product\/multimeter-limit-500-auto\/","title":{"rendered":"MULTIMETER LIMIT 500 AUTO"},"content":{"rendered":"<p>Digital fordonsmultimeter.  L\u00e4mplig f\u00f6r bil-, b\u00e5t- och motormekaniker. Stor display som \u00e4ven anvisar r\u00e4tt kabelanslutningskontakt och valt m\u00e4tomr\u00e5de. F\u00f6r m\u00e4tning av lik-\/v\u00e4xelsp\u00e4nning, likstr\u00f6m, resistans, kamvinkel och varvtal. Dessutom diodtest, kontinuitetstest med summer, datahold, batterikapacitetsvarning.<br \/>\nLevereras komplett med testkablar, batterier samt svensk och norsk instruktionsbok. Gummih\u00f6lje och utf\u00e4llbart b\u00e4nkst\u00f6d.<br \/>\nSkall\u00e4ngd 1999. Isolation CAT II 1000 V \/ CAT III 600 V enligt IEC 61010. S\u00e4krad till 10 A.<\/p>\n","protected":false},"excerpt":{"rendered":"Digital fordonsmultimeter. L\u00e4mplig f\u00f6r bil-, b\u00e5t- och motormekaniker. Stor display som \u00e4ven anvisar r\u00e4tt kabelanslutningskontakt och valt m\u00e4tomr\u00e5de. F\u00f6r m\u00e4tning [&hellip;]","protected":false},"featured_media":0,"comment_status":"closed","ping_status":"closed","template":"","meta":{"_acf_changed":false},"product_cat":[343,420],"product_tag":[],"class_list":{"0":"post-2453","1":"product","2":"type-product","3":"status-publish","5":"product_cat-eltest-sv","6":"product_cat-multimetrar-sv","8":"first","9":"instock","10":"shipping-taxable","11":"product-type-simple"},"acf":[],"yoast_head":"<!-- This site is optimized with the Yoast SEO plugin v23.2 - https:\/\/yoast.com\/wordpress\/plugins\/seo\/ -->\n<title>MULTIMETER LIMIT 500 AUTO - Precision measuring instruments | Limit<\/title>\n<meta name=\"robots\" content=\"index, follow, max-snippet:-1, max-image-preview:large, max-video-preview:-1\" \/>\n<link rel=\"canonical\" href=\"https:\/\/limittools.test.consids5.se\/sv\/product\/multimeter-limit-500-auto\/\" \/>\n<meta property=\"og:locale\" content=\"sv_SE\" \/>\n<meta property=\"og:type\" content=\"article\" \/>\n<meta property=\"og:title\" content=\"MULTIMETER LIMIT 500 AUTO - Precision measuring instruments | Limit\" \/>\n<meta property=\"og:description\" content=\"Digital fordonsmultimeter. L\u00e4mplig f\u00f6r bil-, b\u00e5t- och motormekaniker. Stor display som \u00e4ven anvisar r\u00e4tt kabelanslutningskontakt och valt m\u00e4tomr\u00e5de. F\u00f6r m\u00e4tning [&hellip;]\" \/>\n<meta property=\"og:url\" content=\"https:\/\/limittools.test.consids5.se\/sv\/product\/multimeter-limit-500-auto\/\" \/>\n<meta property=\"og:site_name\" content=\"Precision measuring instruments | Limit\" \/>\n<meta property=\"article:publisher\" content=\"https:\/\/www.facebook.com\/limittools\/\" \/>\n<meta name=\"twitter:card\" content=\"summary_large_image\" \/>\n<script type=\"application\/ld+json\" class=\"yoast-schema-graph\">{\"@context\":\"https:\/\/schema.org\",\"@graph\":[{\"@type\":\"WebPage\",\"@id\":\"https:\/\/limittools.test.consids5.se\/sv\/product\/multimeter-limit-500-auto\/\",\"url\":\"https:\/\/limittools.test.consids5.se\/sv\/product\/multimeter-limit-500-auto\/\",\"name\":\"MULTIMETER LIMIT 500 AUTO - Precision measuring instruments | Limit\",\"isPartOf\":{\"@id\":\"https:\/\/limittools.test.consids5.se\/#website\"},\"datePublished\":\"2025-01-22T08:34:19+00:00\",\"dateModified\":\"2025-01-22T08:34:19+00:00\",\"breadcrumb\":{\"@id\":\"https:\/\/limittools.test.consids5.se\/sv\/product\/multimeter-limit-500-auto\/#breadcrumb\"},\"inLanguage\":\"sv-SE\",\"potentialAction\":[{\"@type\":\"ReadAction\",\"target\":[\"https:\/\/limittools.test.consids5.se\/sv\/product\/multimeter-limit-500-auto\/\"]}]},{\"@type\":\"BreadcrumbList\",\"@id\":\"https:\/\/limittools.test.consids5.se\/sv\/product\/multimeter-limit-500-auto\/#breadcrumb\",\"itemListElement\":[{\"@type\":\"ListItem\",\"position\":1,\"name\":\"Products\",\"item\":\"https:\/\/limittools.test.consids5.se\/products\/\"},{\"@type\":\"ListItem\",\"position\":2,\"name\":\"MULTIMETER LIMIT 500 AUTO\"}]},{\"@type\":\"WebSite\",\"@id\":\"https:\/\/limittools.test.consids5.se\/#website\",\"url\":\"https:\/\/limittools.test.consids5.se\/\",\"name\":\"Precision measuring instruments | Limit\",\"description\":\"Everything can be measured\",\"potentialAction\":[{\"@type\":\"SearchAction\",\"target\":{\"@type\":\"EntryPoint\",\"urlTemplate\":\"https:\/\/limittools.test.consids5.se\/?s={search_term_string}\"},\"query-input\":\"required name=search_term_string\"}],\"inLanguage\":\"sv-SE\"}]}<\/script>\n<!-- \/ Yoast SEO plugin. -->","yoast_head_json":{"title":"MULTIMETER LIMIT 500 AUTO - Precision measuring instruments | Limit","robots":{"index":"index","follow":"follow","max-snippet":"max-snippet:-1","max-image-preview":"max-image-preview:large","max-video-preview":"max-video-preview:-1"},"canonical":"https:\/\/limittools.test.consids5.se\/sv\/product\/multimeter-limit-500-auto\/","og_locale":"sv_SE","og_type":"article","og_title":"MULTIMETER LIMIT 500 AUTO - Precision measuring instruments | Limit","og_description":"Digital fordonsmultimeter. L\u00e4mplig f\u00f6r bil-, b\u00e5t- och motormekaniker. Stor display som \u00e4ven anvisar r\u00e4tt kabelanslutningskontakt och valt m\u00e4tomr\u00e5de. F\u00f6r m\u00e4tning [&hellip;]","og_url":"https:\/\/limittools.test.consids5.se\/sv\/product\/multimeter-limit-500-auto\/","og_site_name":"Precision measuring instruments | Limit","article_publisher":"https:\/\/www.facebook.com\/limittools\/","twitter_card":"summary_large_image","schema":{"@context":"https:\/\/schema.org","@graph":[{"@type":"WebPage","@id":"https:\/\/limittools.test.consids5.se\/sv\/product\/multimeter-limit-500-auto\/","url":"https:\/\/limittools.test.consids5.se\/sv\/product\/multimeter-limit-500-auto\/","name":"MULTIMETER LIMIT 500 AUTO - Precision measuring instruments | Limit","isPartOf":{"@id":"https:\/\/limittools.test.consids5.se\/#website"},"datePublished":"2025-01-22T08:34:19+00:00","dateModified":"2025-01-22T08:34:19+00:00","breadcrumb":{"@id":"https:\/\/limittools.test.consids5.se\/sv\/product\/multimeter-limit-500-auto\/#breadcrumb"},"inLanguage":"sv-SE","potentialAction":[{"@type":"ReadAction","target":["https:\/\/limittools.test.consids5.se\/sv\/product\/multimeter-limit-500-auto\/"]}]},{"@type":"BreadcrumbList","@id":"https:\/\/limittools.test.consids5.se\/sv\/product\/multimeter-limit-500-auto\/#breadcrumb","itemListElement":[{"@type":"ListItem","position":1,"name":"Products","item":"https:\/\/limittools.test.consids5.se\/products\/"},{"@type":"ListItem","position":2,"name":"MULTIMETER LIMIT 500 AUTO"}]},{"@type":"WebSite","@id":"https:\/\/limittools.test.consids5.se\/#website","url":"https:\/\/limittools.test.consids5.se\/","name":"Precision measuring instruments | Limit","description":"Everything can be measured","potentialAction":[{"@type":"SearchAction","target":{"@type":"EntryPoint","urlTemplate":"https:\/\/limittools.test.consids5.se\/?s={search_term_string}"},"query-input":"required name=search_term_string"}],"inLanguage":"sv-SE"}]}},"_links":{"self":[{"href":"https:\/\/limittools.test.consids5.se\/sv\/wp-json\/wp\/v2\/product\/2453"}],"collection":[{"href":"https:\/\/limittools.test.consids5.se\/sv\/wp-json\/wp\/v2\/product"}],"about":[{"href":"https:\/\/limittools.test.consids5.se\/sv\/wp-json\/wp\/v2\/types\/product"}],"replies":[{"embeddable":true,"href":"https:\/\/limittools.test.consids5.se\/sv\/wp-json\/wp\/v2\/comments?post=2453"}],"wp:attachment":[{"href":"https:\/\/limittools.test.consids5.se\/sv\/wp-json\/wp\/v2\/media?parent=2453"}],"wp:term":[{"taxonomy":"product_cat","embeddable":true,"href":"https:\/\/limittools.test.consids5.se\/sv\/wp-json\/wp\/v2\/product_cat?post=2453"},{"taxonomy":"product_tag","embeddable":true,"href":"https:\/\/limittools.test.consids5.se\/sv\/wp-json\/wp\/v2\/product_tag?post=2453"}],"curies":[{"name":"wp","href":"https:\/\/api.w.org\/{rel}","templated":true}]}}