{"id":2599,"date":"2026-04-08T17:30:54","date_gmt":"2026-04-08T17:30:54","guid":{"rendered":"http:\/\/limit-tools.local\/product\/ir-termometer-limit97-ip-65\/"},"modified":"2026-04-08T17:30:54","modified_gmt":"2026-04-08T17:30:54","slug":"ir-termometer-limit97-ip-65","status":"publish","type":"product","link":"https:\/\/limittools.test.consids5.se\/sv\/product\/ir-termometer-limit97-ip-65\/","title":{"rendered":"IR-TERMOMETER LIMIT97 IP 65"},"content":{"rendered":"<p>V\u00e5r nya IR-termometer LIMIT 97 \u00e4r en gedigen och t\u00e5lig produkt. Den anv\u00e4nder Infrar\u00f6d m\u00e4tning med dubbla punkter som snabbt m\u00e4ter temperaturen exakt. Med en IP 65 klassning klarar den av tuffa milj\u00f6er. Du kan st\u00e4llas in att m\u00e4ta \u00b0C eller \u00b0F men ocks\u00e5 olika material och ytor, memorera max och min och anv\u00e4nda den i m\u00f6rka utrymmen d\u00e5 den har LCD display och backlight. Batterityp 9V ing\u00e5r.<\/p>\n","protected":false},"excerpt":{"rendered":"V\u00e5r nya IR-termometer LIMIT 97 \u00e4r en gedigen och t\u00e5lig produkt. Den anv\u00e4nder Infrar\u00f6d m\u00e4tning med dubbla punkter som snabbt [&hellip;]","protected":false},"featured_media":0,"comment_status":"closed","ping_status":"closed","template":"","meta":{"_acf_changed":false},"product_cat":[1801,525],"product_tag":[],"class_list":{"0":"post-2599","1":"product","2":"type-product","3":"status-publish","5":"product_cat-ir-termometrar-sv-klimat-och-miljomat-instrument-sv-26","6":"product_cat-klimat-och-miljomat-instrument-sv","8":"first","9":"instock","10":"shipping-taxable","11":"product-type-simple"},"acf":[],"yoast_head":"<!-- This site is optimized with the Yoast SEO plugin v23.2 - https:\/\/yoast.com\/wordpress\/plugins\/seo\/ -->\n<title>IR-TERMOMETER LIMIT97 IP 65 - Precision measuring instruments | Limit<\/title>\n<meta name=\"robots\" content=\"index, follow, max-snippet:-1, max-image-preview:large, max-video-preview:-1\" \/>\n<link rel=\"canonical\" href=\"https:\/\/limittools.test.consids5.se\/sv\/product\/ir-termometer-limit97-ip-65\/\" \/>\n<meta property=\"og:locale\" content=\"sv_SE\" \/>\n<meta property=\"og:type\" content=\"article\" \/>\n<meta property=\"og:title\" content=\"IR-TERMOMETER LIMIT97 IP 65 - Precision measuring instruments | Limit\" \/>\n<meta property=\"og:description\" content=\"V\u00e5r nya IR-termometer LIMIT 97 \u00e4r en gedigen och t\u00e5lig produkt. Den anv\u00e4nder Infrar\u00f6d m\u00e4tning med dubbla punkter som snabbt [&hellip;]\" \/>\n<meta property=\"og:url\" content=\"https:\/\/limittools.test.consids5.se\/sv\/product\/ir-termometer-limit97-ip-65\/\" \/>\n<meta property=\"og:site_name\" content=\"Precision measuring instruments | Limit\" \/>\n<meta property=\"article:publisher\" content=\"https:\/\/www.facebook.com\/limittools\/\" \/>\n<meta name=\"twitter:card\" content=\"summary_large_image\" \/>\n<script type=\"application\/ld+json\" class=\"yoast-schema-graph\">{\"@context\":\"https:\/\/schema.org\",\"@graph\":[{\"@type\":\"WebPage\",\"@id\":\"https:\/\/limittools.test.consids5.se\/sv\/product\/ir-termometer-limit97-ip-65\/\",\"url\":\"https:\/\/limittools.test.consids5.se\/sv\/product\/ir-termometer-limit97-ip-65\/\",\"name\":\"IR-TERMOMETER LIMIT97 IP 65 - Precision measuring instruments | Limit\",\"isPartOf\":{\"@id\":\"https:\/\/limittools.test.consids5.se\/#website\"},\"datePublished\":\"2026-04-08T17:30:54+00:00\",\"dateModified\":\"2026-04-08T17:30:54+00:00\",\"breadcrumb\":{\"@id\":\"https:\/\/limittools.test.consids5.se\/sv\/product\/ir-termometer-limit97-ip-65\/#breadcrumb\"},\"inLanguage\":\"sv-SE\",\"potentialAction\":[{\"@type\":\"ReadAction\",\"target\":[\"https:\/\/limittools.test.consids5.se\/sv\/product\/ir-termometer-limit97-ip-65\/\"]}]},{\"@type\":\"BreadcrumbList\",\"@id\":\"https:\/\/limittools.test.consids5.se\/sv\/product\/ir-termometer-limit97-ip-65\/#breadcrumb\",\"itemListElement\":[{\"@type\":\"ListItem\",\"position\":1,\"name\":\"Products\",\"item\":\"https:\/\/limittools.test.consids5.se\/products\/\"},{\"@type\":\"ListItem\",\"position\":2,\"name\":\"IR-TERMOMETER LIMIT97 IP 65\"}]},{\"@type\":\"WebSite\",\"@id\":\"https:\/\/limittools.test.consids5.se\/#website\",\"url\":\"https:\/\/limittools.test.consids5.se\/\",\"name\":\"Precision measuring instruments | Limit\",\"description\":\"Everything can be measured\",\"potentialAction\":[{\"@type\":\"SearchAction\",\"target\":{\"@type\":\"EntryPoint\",\"urlTemplate\":\"https:\/\/limittools.test.consids5.se\/?s={search_term_string}\"},\"query-input\":\"required name=search_term_string\"}],\"inLanguage\":\"sv-SE\"}]}<\/script>\n<!-- \/ Yoast SEO plugin. -->","yoast_head_json":{"title":"IR-TERMOMETER LIMIT97 IP 65 - Precision measuring instruments | Limit","robots":{"index":"index","follow":"follow","max-snippet":"max-snippet:-1","max-image-preview":"max-image-preview:large","max-video-preview":"max-video-preview:-1"},"canonical":"https:\/\/limittools.test.consids5.se\/sv\/product\/ir-termometer-limit97-ip-65\/","og_locale":"sv_SE","og_type":"article","og_title":"IR-TERMOMETER LIMIT97 IP 65 - Precision measuring instruments | Limit","og_description":"V\u00e5r nya IR-termometer LIMIT 97 \u00e4r en gedigen och t\u00e5lig produkt. Den anv\u00e4nder Infrar\u00f6d m\u00e4tning med dubbla punkter som snabbt [&hellip;]","og_url":"https:\/\/limittools.test.consids5.se\/sv\/product\/ir-termometer-limit97-ip-65\/","og_site_name":"Precision measuring instruments | Limit","article_publisher":"https:\/\/www.facebook.com\/limittools\/","twitter_card":"summary_large_image","schema":{"@context":"https:\/\/schema.org","@graph":[{"@type":"WebPage","@id":"https:\/\/limittools.test.consids5.se\/sv\/product\/ir-termometer-limit97-ip-65\/","url":"https:\/\/limittools.test.consids5.se\/sv\/product\/ir-termometer-limit97-ip-65\/","name":"IR-TERMOMETER LIMIT97 IP 65 - Precision measuring instruments | Limit","isPartOf":{"@id":"https:\/\/limittools.test.consids5.se\/#website"},"datePublished":"2026-04-08T17:30:54+00:00","dateModified":"2026-04-08T17:30:54+00:00","breadcrumb":{"@id":"https:\/\/limittools.test.consids5.se\/sv\/product\/ir-termometer-limit97-ip-65\/#breadcrumb"},"inLanguage":"sv-SE","potentialAction":[{"@type":"ReadAction","target":["https:\/\/limittools.test.consids5.se\/sv\/product\/ir-termometer-limit97-ip-65\/"]}]},{"@type":"BreadcrumbList","@id":"https:\/\/limittools.test.consids5.se\/sv\/product\/ir-termometer-limit97-ip-65\/#breadcrumb","itemListElement":[{"@type":"ListItem","position":1,"name":"Products","item":"https:\/\/limittools.test.consids5.se\/products\/"},{"@type":"ListItem","position":2,"name":"IR-TERMOMETER LIMIT97 IP 65"}]},{"@type":"WebSite","@id":"https:\/\/limittools.test.consids5.se\/#website","url":"https:\/\/limittools.test.consids5.se\/","name":"Precision measuring instruments | Limit","description":"Everything can be measured","potentialAction":[{"@type":"SearchAction","target":{"@type":"EntryPoint","urlTemplate":"https:\/\/limittools.test.consids5.se\/?s={search_term_string}"},"query-input":"required name=search_term_string"}],"inLanguage":"sv-SE"}]}},"_links":{"self":[{"href":"https:\/\/limittools.test.consids5.se\/sv\/wp-json\/wp\/v2\/product\/2599"}],"collection":[{"href":"https:\/\/limittools.test.consids5.se\/sv\/wp-json\/wp\/v2\/product"}],"about":[{"href":"https:\/\/limittools.test.consids5.se\/sv\/wp-json\/wp\/v2\/types\/product"}],"replies":[{"embeddable":true,"href":"https:\/\/limittools.test.consids5.se\/sv\/wp-json\/wp\/v2\/comments?post=2599"}],"wp:attachment":[{"href":"https:\/\/limittools.test.consids5.se\/sv\/wp-json\/wp\/v2\/media?parent=2599"}],"wp:term":[{"taxonomy":"product_cat","embeddable":true,"href":"https:\/\/limittools.test.consids5.se\/sv\/wp-json\/wp\/v2\/product_cat?post=2599"},{"taxonomy":"product_tag","embeddable":true,"href":"https:\/\/limittools.test.consids5.se\/sv\/wp-json\/wp\/v2\/product_tag?post=2599"}],"curies":[{"name":"wp","href":"https:\/\/api.w.org\/{rel}","templated":true}]}}