{"id":2623,"date":"2026-04-08T17:31:06","date_gmt":"2026-04-08T17:31:06","guid":{"rendered":"http:\/\/limit-tools.local\/product\/passbitar-87st-5272-din-861-2\/"},"modified":"2026-04-08T17:31:06","modified_gmt":"2026-04-08T17:31:06","slug":"passbitar-87st-din-iso-3650-2","status":"publish","type":"product","link":"https:\/\/limittools.test.consids5.se\/sv\/product\/passbitar-87st-din-iso-3650-2\/","title":{"rendered":"PASSBITAR 87ST DIN ISO 3650\/2"},"content":{"rendered":"<p>Tillverkade av h\u00e4rdat specialst\u00e5l. Slipade och handl\u00e4ppade. Levereras i tr\u00e4etui.<br \/>\nDIN 861\/2. L\u00e4mpliga f\u00f6r kontroll och inst\u00e4llning av m\u00e4tklockor, verkstadsm\u00e5tt och liknande.<br \/>\nDIN 861\/1. L\u00e4mpliga f\u00f6r kontroll av tolkar, m\u00e4tinstrument samt av syningsarbeten i m\u00e4trum.<br \/>\nS\u00e4ljes endast i hela satser.<\/p>\n","protected":false},"excerpt":{"rendered":"Tillverkade av h\u00e4rdat specialst\u00e5l. Slipade och handl\u00e4ppade. Levereras i tr\u00e4etui. DIN 861\/2. L\u00e4mpliga f\u00f6r kontroll och inst\u00e4llning av m\u00e4tklockor, verkstadsm\u00e5tt [&hellip;]","protected":false},"featured_media":0,"comment_status":"closed","ping_status":"closed","template":"","meta":{"_acf_changed":false},"product_cat":[410,249],"product_tag":[],"class_list":{"0":"post-2623","1":"product","2":"type-product","3":"status-publish","5":"product_cat-passbitsats-sv","6":"product_cat-verkstadsmat-sv","8":"first","9":"instock","10":"shipping-taxable","11":"product-type-simple"},"acf":[],"yoast_head":"<!-- This site is optimized with the Yoast SEO plugin v23.2 - https:\/\/yoast.com\/wordpress\/plugins\/seo\/ -->\n<title>PASSBITAR 87ST DIN ISO 3650\/2 - Precision measuring instruments | Limit<\/title>\n<meta name=\"robots\" content=\"index, follow, max-snippet:-1, max-image-preview:large, max-video-preview:-1\" \/>\n<link rel=\"canonical\" href=\"https:\/\/limittools.test.consids5.se\/sv\/product\/passbitar-87st-din-iso-3650-2\/\" \/>\n<meta property=\"og:locale\" content=\"sv_SE\" \/>\n<meta property=\"og:type\" content=\"article\" \/>\n<meta property=\"og:title\" content=\"PASSBITAR 87ST DIN ISO 3650\/2 - Precision measuring instruments | Limit\" \/>\n<meta property=\"og:description\" content=\"Tillverkade av h\u00e4rdat specialst\u00e5l. Slipade och handl\u00e4ppade. Levereras i tr\u00e4etui. DIN 861\/2. L\u00e4mpliga f\u00f6r kontroll och inst\u00e4llning av m\u00e4tklockor, verkstadsm\u00e5tt [&hellip;]\" \/>\n<meta property=\"og:url\" content=\"https:\/\/limittools.test.consids5.se\/sv\/product\/passbitar-87st-din-iso-3650-2\/\" \/>\n<meta property=\"og:site_name\" content=\"Precision measuring instruments | Limit\" \/>\n<meta property=\"article:publisher\" content=\"https:\/\/www.facebook.com\/limittools\/\" \/>\n<meta name=\"twitter:card\" content=\"summary_large_image\" \/>\n<script type=\"application\/ld+json\" class=\"yoast-schema-graph\">{\"@context\":\"https:\/\/schema.org\",\"@graph\":[{\"@type\":\"WebPage\",\"@id\":\"https:\/\/limittools.test.consids5.se\/sv\/product\/passbitar-87st-din-iso-3650-2\/\",\"url\":\"https:\/\/limittools.test.consids5.se\/sv\/product\/passbitar-87st-din-iso-3650-2\/\",\"name\":\"PASSBITAR 87ST DIN ISO 3650\/2 - Precision measuring instruments | Limit\",\"isPartOf\":{\"@id\":\"https:\/\/limittools.test.consids5.se\/#website\"},\"datePublished\":\"2026-04-08T17:31:06+00:00\",\"dateModified\":\"2026-04-08T17:31:06+00:00\",\"breadcrumb\":{\"@id\":\"https:\/\/limittools.test.consids5.se\/sv\/product\/passbitar-87st-din-iso-3650-2\/#breadcrumb\"},\"inLanguage\":\"sv-SE\",\"potentialAction\":[{\"@type\":\"ReadAction\",\"target\":[\"https:\/\/limittools.test.consids5.se\/sv\/product\/passbitar-87st-din-iso-3650-2\/\"]}]},{\"@type\":\"BreadcrumbList\",\"@id\":\"https:\/\/limittools.test.consids5.se\/sv\/product\/passbitar-87st-din-iso-3650-2\/#breadcrumb\",\"itemListElement\":[{\"@type\":\"ListItem\",\"position\":1,\"name\":\"Products\",\"item\":\"https:\/\/limittools.test.consids5.se\/products\/\"},{\"@type\":\"ListItem\",\"position\":2,\"name\":\"PASSBITAR 87ST DIN ISO 3650\/2\"}]},{\"@type\":\"WebSite\",\"@id\":\"https:\/\/limittools.test.consids5.se\/#website\",\"url\":\"https:\/\/limittools.test.consids5.se\/\",\"name\":\"Precision measuring instruments | Limit\",\"description\":\"Everything can be measured\",\"potentialAction\":[{\"@type\":\"SearchAction\",\"target\":{\"@type\":\"EntryPoint\",\"urlTemplate\":\"https:\/\/limittools.test.consids5.se\/?s={search_term_string}\"},\"query-input\":\"required name=search_term_string\"}],\"inLanguage\":\"sv-SE\"}]}<\/script>\n<!-- \/ Yoast SEO plugin. -->","yoast_head_json":{"title":"PASSBITAR 87ST DIN ISO 3650\/2 - Precision measuring instruments | Limit","robots":{"index":"index","follow":"follow","max-snippet":"max-snippet:-1","max-image-preview":"max-image-preview:large","max-video-preview":"max-video-preview:-1"},"canonical":"https:\/\/limittools.test.consids5.se\/sv\/product\/passbitar-87st-din-iso-3650-2\/","og_locale":"sv_SE","og_type":"article","og_title":"PASSBITAR 87ST DIN ISO 3650\/2 - Precision measuring instruments | Limit","og_description":"Tillverkade av h\u00e4rdat specialst\u00e5l. Slipade och handl\u00e4ppade. Levereras i tr\u00e4etui. DIN 861\/2. L\u00e4mpliga f\u00f6r kontroll och inst\u00e4llning av m\u00e4tklockor, verkstadsm\u00e5tt [&hellip;]","og_url":"https:\/\/limittools.test.consids5.se\/sv\/product\/passbitar-87st-din-iso-3650-2\/","og_site_name":"Precision measuring instruments | Limit","article_publisher":"https:\/\/www.facebook.com\/limittools\/","twitter_card":"summary_large_image","schema":{"@context":"https:\/\/schema.org","@graph":[{"@type":"WebPage","@id":"https:\/\/limittools.test.consids5.se\/sv\/product\/passbitar-87st-din-iso-3650-2\/","url":"https:\/\/limittools.test.consids5.se\/sv\/product\/passbitar-87st-din-iso-3650-2\/","name":"PASSBITAR 87ST DIN ISO 3650\/2 - Precision measuring instruments | Limit","isPartOf":{"@id":"https:\/\/limittools.test.consids5.se\/#website"},"datePublished":"2026-04-08T17:31:06+00:00","dateModified":"2026-04-08T17:31:06+00:00","breadcrumb":{"@id":"https:\/\/limittools.test.consids5.se\/sv\/product\/passbitar-87st-din-iso-3650-2\/#breadcrumb"},"inLanguage":"sv-SE","potentialAction":[{"@type":"ReadAction","target":["https:\/\/limittools.test.consids5.se\/sv\/product\/passbitar-87st-din-iso-3650-2\/"]}]},{"@type":"BreadcrumbList","@id":"https:\/\/limittools.test.consids5.se\/sv\/product\/passbitar-87st-din-iso-3650-2\/#breadcrumb","itemListElement":[{"@type":"ListItem","position":1,"name":"Products","item":"https:\/\/limittools.test.consids5.se\/products\/"},{"@type":"ListItem","position":2,"name":"PASSBITAR 87ST DIN ISO 3650\/2"}]},{"@type":"WebSite","@id":"https:\/\/limittools.test.consids5.se\/#website","url":"https:\/\/limittools.test.consids5.se\/","name":"Precision measuring instruments | Limit","description":"Everything can be measured","potentialAction":[{"@type":"SearchAction","target":{"@type":"EntryPoint","urlTemplate":"https:\/\/limittools.test.consids5.se\/?s={search_term_string}"},"query-input":"required name=search_term_string"}],"inLanguage":"sv-SE"}]}},"_links":{"self":[{"href":"https:\/\/limittools.test.consids5.se\/sv\/wp-json\/wp\/v2\/product\/2623"}],"collection":[{"href":"https:\/\/limittools.test.consids5.se\/sv\/wp-json\/wp\/v2\/product"}],"about":[{"href":"https:\/\/limittools.test.consids5.se\/sv\/wp-json\/wp\/v2\/types\/product"}],"replies":[{"embeddable":true,"href":"https:\/\/limittools.test.consids5.se\/sv\/wp-json\/wp\/v2\/comments?post=2623"}],"wp:attachment":[{"href":"https:\/\/limittools.test.consids5.se\/sv\/wp-json\/wp\/v2\/media?parent=2623"}],"wp:term":[{"taxonomy":"product_cat","embeddable":true,"href":"https:\/\/limittools.test.consids5.se\/sv\/wp-json\/wp\/v2\/product_cat?post=2623"},{"taxonomy":"product_tag","embeddable":true,"href":"https:\/\/limittools.test.consids5.se\/sv\/wp-json\/wp\/v2\/product_tag?post=2623"}],"curies":[{"name":"wp","href":"https:\/\/api.w.org\/{rel}","templated":true}]}}