{"id":2686,"date":"2025-01-22T08:35:50","date_gmt":"2025-01-22T08:35:50","guid":{"rendered":"http:\/\/limit-tools.local\/product\/vibrationsmatare-limit-4800\/"},"modified":"2025-01-22T08:35:50","modified_gmt":"2025-01-22T08:35:50","slug":"vibrationsmatare-limit-4800","status":"publish","type":"product","link":"https:\/\/limittools.test.consids5.se\/sv\/product\/vibrationsmatare-limit-4800\/","title":{"rendered":"VIBRATIONSM\u00c4TARE LIMIT 4800"},"content":{"rendered":"<p>Vibrationsm\u00e4tare f\u00f6r kontroll av maskiner, elektriska och pneumatiska handverktyg etc. Att m\u00e4ta vibrationer \u00e4r ett viktigt s\u00e4tt att f\u00f6rhindra ergonomiska skador p\u00e5 m\u00e4nniskor, samt att f\u00f6rebygga kommande underh\u00e5ll p\u00e5 maskiner. Levereras med sensor(diameter 25 mm) med magnetisk fot och bruksanvisning.<br \/>\nF\u00f6rskjutning 2000 \u00b5m<\/p>\n","protected":false},"excerpt":{"rendered":"Vibrationsm\u00e4tare f\u00f6r kontroll av maskiner, elektriska och pneumatiska handverktyg etc. Att m\u00e4ta vibrationer \u00e4r ett viktigt s\u00e4tt att f\u00f6rhindra ergonomiska [&hellip;]","protected":false},"featured_media":0,"comment_status":"closed","ping_status":"closed","template":"","meta":{"_acf_changed":false},"product_cat":[324,447],"product_tag":[],"class_list":{"0":"post-2686","1":"product","2":"type-product","3":"status-publish","5":"product_cat-inspektion-sv","6":"product_cat-vibrationsmatare-sv","8":"first","9":"instock","10":"shipping-taxable","11":"product-type-simple"},"acf":[],"yoast_head":"<!-- This site is optimized with the Yoast SEO plugin v23.2 - https:\/\/yoast.com\/wordpress\/plugins\/seo\/ -->\n<title>VIBRATIONSM\u00c4TARE LIMIT 4800 - Precision measuring instruments | Limit<\/title>\n<meta name=\"robots\" content=\"index, follow, max-snippet:-1, max-image-preview:large, max-video-preview:-1\" \/>\n<link rel=\"canonical\" href=\"https:\/\/limittools.test.consids5.se\/sv\/product\/vibrationsmatare-limit-4800\/\" \/>\n<meta property=\"og:locale\" content=\"sv_SE\" \/>\n<meta property=\"og:type\" content=\"article\" \/>\n<meta property=\"og:title\" content=\"VIBRATIONSM\u00c4TARE LIMIT 4800 - Precision measuring instruments | Limit\" \/>\n<meta property=\"og:description\" content=\"Vibrationsm\u00e4tare f\u00f6r kontroll av maskiner, elektriska och pneumatiska handverktyg etc. Att m\u00e4ta vibrationer \u00e4r ett viktigt s\u00e4tt att f\u00f6rhindra ergonomiska [&hellip;]\" \/>\n<meta property=\"og:url\" content=\"https:\/\/limittools.test.consids5.se\/sv\/product\/vibrationsmatare-limit-4800\/\" \/>\n<meta property=\"og:site_name\" content=\"Precision measuring instruments | Limit\" \/>\n<meta property=\"article:publisher\" content=\"https:\/\/www.facebook.com\/limittools\/\" \/>\n<meta name=\"twitter:card\" content=\"summary_large_image\" \/>\n<script type=\"application\/ld+json\" class=\"yoast-schema-graph\">{\"@context\":\"https:\/\/schema.org\",\"@graph\":[{\"@type\":\"WebPage\",\"@id\":\"https:\/\/limittools.test.consids5.se\/sv\/product\/vibrationsmatare-limit-4800\/\",\"url\":\"https:\/\/limittools.test.consids5.se\/sv\/product\/vibrationsmatare-limit-4800\/\",\"name\":\"VIBRATIONSM\u00c4TARE LIMIT 4800 - Precision measuring instruments | Limit\",\"isPartOf\":{\"@id\":\"https:\/\/limittools.test.consids5.se\/#website\"},\"datePublished\":\"2025-01-22T08:35:50+00:00\",\"dateModified\":\"2025-01-22T08:35:50+00:00\",\"breadcrumb\":{\"@id\":\"https:\/\/limittools.test.consids5.se\/sv\/product\/vibrationsmatare-limit-4800\/#breadcrumb\"},\"inLanguage\":\"sv-SE\",\"potentialAction\":[{\"@type\":\"ReadAction\",\"target\":[\"https:\/\/limittools.test.consids5.se\/sv\/product\/vibrationsmatare-limit-4800\/\"]}]},{\"@type\":\"BreadcrumbList\",\"@id\":\"https:\/\/limittools.test.consids5.se\/sv\/product\/vibrationsmatare-limit-4800\/#breadcrumb\",\"itemListElement\":[{\"@type\":\"ListItem\",\"position\":1,\"name\":\"Products\",\"item\":\"https:\/\/limittools.test.consids5.se\/products\/\"},{\"@type\":\"ListItem\",\"position\":2,\"name\":\"VIBRATIONSM\u00c4TARE LIMIT 4800\"}]},{\"@type\":\"WebSite\",\"@id\":\"https:\/\/limittools.test.consids5.se\/#website\",\"url\":\"https:\/\/limittools.test.consids5.se\/\",\"name\":\"Precision measuring instruments | Limit\",\"description\":\"Everything can be measured\",\"potentialAction\":[{\"@type\":\"SearchAction\",\"target\":{\"@type\":\"EntryPoint\",\"urlTemplate\":\"https:\/\/limittools.test.consids5.se\/?s={search_term_string}\"},\"query-input\":\"required name=search_term_string\"}],\"inLanguage\":\"sv-SE\"}]}<\/script>\n<!-- \/ Yoast SEO plugin. -->","yoast_head_json":{"title":"VIBRATIONSM\u00c4TARE LIMIT 4800 - Precision measuring instruments | Limit","robots":{"index":"index","follow":"follow","max-snippet":"max-snippet:-1","max-image-preview":"max-image-preview:large","max-video-preview":"max-video-preview:-1"},"canonical":"https:\/\/limittools.test.consids5.se\/sv\/product\/vibrationsmatare-limit-4800\/","og_locale":"sv_SE","og_type":"article","og_title":"VIBRATIONSM\u00c4TARE LIMIT 4800 - Precision measuring instruments | Limit","og_description":"Vibrationsm\u00e4tare f\u00f6r kontroll av maskiner, elektriska och pneumatiska handverktyg etc. Att m\u00e4ta vibrationer \u00e4r ett viktigt s\u00e4tt att f\u00f6rhindra ergonomiska [&hellip;]","og_url":"https:\/\/limittools.test.consids5.se\/sv\/product\/vibrationsmatare-limit-4800\/","og_site_name":"Precision measuring instruments | Limit","article_publisher":"https:\/\/www.facebook.com\/limittools\/","twitter_card":"summary_large_image","schema":{"@context":"https:\/\/schema.org","@graph":[{"@type":"WebPage","@id":"https:\/\/limittools.test.consids5.se\/sv\/product\/vibrationsmatare-limit-4800\/","url":"https:\/\/limittools.test.consids5.se\/sv\/product\/vibrationsmatare-limit-4800\/","name":"VIBRATIONSM\u00c4TARE LIMIT 4800 - Precision measuring instruments | Limit","isPartOf":{"@id":"https:\/\/limittools.test.consids5.se\/#website"},"datePublished":"2025-01-22T08:35:50+00:00","dateModified":"2025-01-22T08:35:50+00:00","breadcrumb":{"@id":"https:\/\/limittools.test.consids5.se\/sv\/product\/vibrationsmatare-limit-4800\/#breadcrumb"},"inLanguage":"sv-SE","potentialAction":[{"@type":"ReadAction","target":["https:\/\/limittools.test.consids5.se\/sv\/product\/vibrationsmatare-limit-4800\/"]}]},{"@type":"BreadcrumbList","@id":"https:\/\/limittools.test.consids5.se\/sv\/product\/vibrationsmatare-limit-4800\/#breadcrumb","itemListElement":[{"@type":"ListItem","position":1,"name":"Products","item":"https:\/\/limittools.test.consids5.se\/products\/"},{"@type":"ListItem","position":2,"name":"VIBRATIONSM\u00c4TARE LIMIT 4800"}]},{"@type":"WebSite","@id":"https:\/\/limittools.test.consids5.se\/#website","url":"https:\/\/limittools.test.consids5.se\/","name":"Precision measuring instruments | Limit","description":"Everything can be measured","potentialAction":[{"@type":"SearchAction","target":{"@type":"EntryPoint","urlTemplate":"https:\/\/limittools.test.consids5.se\/?s={search_term_string}"},"query-input":"required name=search_term_string"}],"inLanguage":"sv-SE"}]}},"_links":{"self":[{"href":"https:\/\/limittools.test.consids5.se\/sv\/wp-json\/wp\/v2\/product\/2686"}],"collection":[{"href":"https:\/\/limittools.test.consids5.se\/sv\/wp-json\/wp\/v2\/product"}],"about":[{"href":"https:\/\/limittools.test.consids5.se\/sv\/wp-json\/wp\/v2\/types\/product"}],"replies":[{"embeddable":true,"href":"https:\/\/limittools.test.consids5.se\/sv\/wp-json\/wp\/v2\/comments?post=2686"}],"wp:attachment":[{"href":"https:\/\/limittools.test.consids5.se\/sv\/wp-json\/wp\/v2\/media?parent=2686"}],"wp:term":[{"taxonomy":"product_cat","embeddable":true,"href":"https:\/\/limittools.test.consids5.se\/sv\/wp-json\/wp\/v2\/product_cat?post=2686"},{"taxonomy":"product_tag","embeddable":true,"href":"https:\/\/limittools.test.consids5.se\/sv\/wp-json\/wp\/v2\/product_tag?post=2686"}],"curies":[{"name":"wp","href":"https:\/\/api.w.org\/{rel}","templated":true}]}}