{"id":2693,"date":"2026-04-08T17:31:46","date_gmt":"2026-04-08T17:31:46","guid":{"rendered":"http:\/\/limit-tools.local\/product\/v-block-par-102\/"},"modified":"2026-04-08T17:31:46","modified_gmt":"2026-04-08T17:31:46","slug":"v-block-par-102","status":"publish","type":"product","link":"https:\/\/limittools.test.consids5.se\/sv\/product\/v-block-par-102\/","title":{"rendered":"V-BLOCK PAR 102"},"content":{"rendered":"<p>Av sp\u00e4nningsfritt gjutgods. Parvis noggrant bearbetade. Undersidan och V-sp\u00e5ret \u00e4r parallella med en noggrannhet max. 0.03 mm. V-sp\u00e5rets vinkel 90\u00b0.<\/p>\n","protected":false},"excerpt":{"rendered":"Av sp\u00e4nningsfritt gjutgods. Parvis noggrant bearbetade. Undersidan och V-sp\u00e5ret \u00e4r parallella med en noggrannhet max. 0.03 mm. V-sp\u00e5rets vinkel 90\u00b0.","protected":false},"featured_media":0,"comment_status":"closed","ping_status":"closed","template":"","meta":{"_acf_changed":false},"product_cat":[347,249],"product_tag":[],"class_list":{"0":"post-2693","1":"product","2":"type-product","3":"status-publish","5":"product_cat-v-block-sv","6":"product_cat-verkstadsmat-sv","8":"first","9":"instock","10":"shipping-taxable","11":"product-type-simple"},"acf":[],"yoast_head":"<!-- This site is optimized with the Yoast SEO plugin v23.2 - https:\/\/yoast.com\/wordpress\/plugins\/seo\/ -->\n<title>V-BLOCK PAR 102 - Precision measuring instruments | Limit<\/title>\n<meta name=\"robots\" content=\"index, follow, max-snippet:-1, max-image-preview:large, max-video-preview:-1\" \/>\n<link rel=\"canonical\" href=\"https:\/\/limittools.test.consids5.se\/sv\/product\/v-block-par-102\/\" \/>\n<meta property=\"og:locale\" content=\"sv_SE\" \/>\n<meta property=\"og:type\" content=\"article\" \/>\n<meta property=\"og:title\" content=\"V-BLOCK PAR 102 - Precision measuring instruments | Limit\" \/>\n<meta property=\"og:description\" content=\"Av sp\u00e4nningsfritt gjutgods. Parvis noggrant bearbetade. Undersidan och V-sp\u00e5ret \u00e4r parallella med en noggrannhet max. 0.03 mm. V-sp\u00e5rets vinkel 90\u00b0.\" \/>\n<meta property=\"og:url\" content=\"https:\/\/limittools.test.consids5.se\/sv\/product\/v-block-par-102\/\" \/>\n<meta property=\"og:site_name\" content=\"Precision measuring instruments | Limit\" \/>\n<meta property=\"article:publisher\" content=\"https:\/\/www.facebook.com\/limittools\/\" \/>\n<meta name=\"twitter:card\" content=\"summary_large_image\" \/>\n<script type=\"application\/ld+json\" class=\"yoast-schema-graph\">{\"@context\":\"https:\/\/schema.org\",\"@graph\":[{\"@type\":\"WebPage\",\"@id\":\"https:\/\/limittools.test.consids5.se\/sv\/product\/v-block-par-102\/\",\"url\":\"https:\/\/limittools.test.consids5.se\/sv\/product\/v-block-par-102\/\",\"name\":\"V-BLOCK PAR 102 - Precision measuring instruments | Limit\",\"isPartOf\":{\"@id\":\"https:\/\/limittools.test.consids5.se\/#website\"},\"datePublished\":\"2026-04-08T17:31:46+00:00\",\"dateModified\":\"2026-04-08T17:31:46+00:00\",\"breadcrumb\":{\"@id\":\"https:\/\/limittools.test.consids5.se\/sv\/product\/v-block-par-102\/#breadcrumb\"},\"inLanguage\":\"sv-SE\",\"potentialAction\":[{\"@type\":\"ReadAction\",\"target\":[\"https:\/\/limittools.test.consids5.se\/sv\/product\/v-block-par-102\/\"]}]},{\"@type\":\"BreadcrumbList\",\"@id\":\"https:\/\/limittools.test.consids5.se\/sv\/product\/v-block-par-102\/#breadcrumb\",\"itemListElement\":[{\"@type\":\"ListItem\",\"position\":1,\"name\":\"Products\",\"item\":\"https:\/\/limittools.test.consids5.se\/products\/\"},{\"@type\":\"ListItem\",\"position\":2,\"name\":\"V-BLOCK PAR 102\"}]},{\"@type\":\"WebSite\",\"@id\":\"https:\/\/limittools.test.consids5.se\/#website\",\"url\":\"https:\/\/limittools.test.consids5.se\/\",\"name\":\"Precision measuring instruments | Limit\",\"description\":\"Everything can be measured\",\"potentialAction\":[{\"@type\":\"SearchAction\",\"target\":{\"@type\":\"EntryPoint\",\"urlTemplate\":\"https:\/\/limittools.test.consids5.se\/?s={search_term_string}\"},\"query-input\":\"required name=search_term_string\"}],\"inLanguage\":\"sv-SE\"}]}<\/script>\n<!-- \/ Yoast SEO plugin. -->","yoast_head_json":{"title":"V-BLOCK PAR 102 - Precision measuring instruments | Limit","robots":{"index":"index","follow":"follow","max-snippet":"max-snippet:-1","max-image-preview":"max-image-preview:large","max-video-preview":"max-video-preview:-1"},"canonical":"https:\/\/limittools.test.consids5.se\/sv\/product\/v-block-par-102\/","og_locale":"sv_SE","og_type":"article","og_title":"V-BLOCK PAR 102 - Precision measuring instruments | Limit","og_description":"Av sp\u00e4nningsfritt gjutgods. Parvis noggrant bearbetade. Undersidan och V-sp\u00e5ret \u00e4r parallella med en noggrannhet max. 0.03 mm. V-sp\u00e5rets vinkel 90\u00b0.","og_url":"https:\/\/limittools.test.consids5.se\/sv\/product\/v-block-par-102\/","og_site_name":"Precision measuring instruments | Limit","article_publisher":"https:\/\/www.facebook.com\/limittools\/","twitter_card":"summary_large_image","schema":{"@context":"https:\/\/schema.org","@graph":[{"@type":"WebPage","@id":"https:\/\/limittools.test.consids5.se\/sv\/product\/v-block-par-102\/","url":"https:\/\/limittools.test.consids5.se\/sv\/product\/v-block-par-102\/","name":"V-BLOCK PAR 102 - Precision measuring instruments | Limit","isPartOf":{"@id":"https:\/\/limittools.test.consids5.se\/#website"},"datePublished":"2026-04-08T17:31:46+00:00","dateModified":"2026-04-08T17:31:46+00:00","breadcrumb":{"@id":"https:\/\/limittools.test.consids5.se\/sv\/product\/v-block-par-102\/#breadcrumb"},"inLanguage":"sv-SE","potentialAction":[{"@type":"ReadAction","target":["https:\/\/limittools.test.consids5.se\/sv\/product\/v-block-par-102\/"]}]},{"@type":"BreadcrumbList","@id":"https:\/\/limittools.test.consids5.se\/sv\/product\/v-block-par-102\/#breadcrumb","itemListElement":[{"@type":"ListItem","position":1,"name":"Products","item":"https:\/\/limittools.test.consids5.se\/products\/"},{"@type":"ListItem","position":2,"name":"V-BLOCK PAR 102"}]},{"@type":"WebSite","@id":"https:\/\/limittools.test.consids5.se\/#website","url":"https:\/\/limittools.test.consids5.se\/","name":"Precision measuring instruments | Limit","description":"Everything can be measured","potentialAction":[{"@type":"SearchAction","target":{"@type":"EntryPoint","urlTemplate":"https:\/\/limittools.test.consids5.se\/?s={search_term_string}"},"query-input":"required name=search_term_string"}],"inLanguage":"sv-SE"}]}},"_links":{"self":[{"href":"https:\/\/limittools.test.consids5.se\/sv\/wp-json\/wp\/v2\/product\/2693"}],"collection":[{"href":"https:\/\/limittools.test.consids5.se\/sv\/wp-json\/wp\/v2\/product"}],"about":[{"href":"https:\/\/limittools.test.consids5.se\/sv\/wp-json\/wp\/v2\/types\/product"}],"replies":[{"embeddable":true,"href":"https:\/\/limittools.test.consids5.se\/sv\/wp-json\/wp\/v2\/comments?post=2693"}],"wp:attachment":[{"href":"https:\/\/limittools.test.consids5.se\/sv\/wp-json\/wp\/v2\/media?parent=2693"}],"wp:term":[{"taxonomy":"product_cat","embeddable":true,"href":"https:\/\/limittools.test.consids5.se\/sv\/wp-json\/wp\/v2\/product_cat?post=2693"},{"taxonomy":"product_tag","embeddable":true,"href":"https:\/\/limittools.test.consids5.se\/sv\/wp-json\/wp\/v2\/product_tag?post=2693"}],"curies":[{"name":"wp","href":"https:\/\/api.w.org\/{rel}","templated":true}]}}