{"id":2729,"date":"2026-04-08T17:32:03","date_gmt":"2026-04-08T17:32:03","guid":{"rendered":"http:\/\/limit-tools.local\/product\/hangvag-kc-8-25-kg\/"},"modified":"2026-04-08T17:32:03","modified_gmt":"2026-04-08T17:32:03","slug":"hangvag-kc-8-25-kg","status":"publish","type":"product","link":"https:\/\/limittools.test.consids5.se\/sv\/product\/hangvag-kc-8-25-kg\/","title":{"rendered":"H\u00c4NGV\u00c5G KC-8 25 KG"},"content":{"rendered":"<p>H\u00e4ngv\u00e5gar l\u00e4mpliga f\u00f6r diverse h\u00e4ngande och dragande v\u00e4gningsbehov. Noggrannheten \u00e4r h\u00f6gre \u00e4n en gradering\/delning.<br \/>\nKC-serien. Analoga. Har skyddsglas av acryl, skruv f\u00f6r nollpunktsjustering (tarering).<br \/>\nCLH4-serien. Elektroniska med 14 mm h\u00f6ga siffror och snabbtareringstangent. Krokar och \u00f6glor av st\u00e5l. Batteridrift 2 st 1.5V typ AA ing\u00e5r.<\/p>\n","protected":false},"excerpt":{"rendered":"H\u00e4ngv\u00e5gar l\u00e4mpliga f\u00f6r diverse h\u00e4ngande och dragande v\u00e4gningsbehov. Noggrannheten \u00e4r h\u00f6gre \u00e4n en gradering\/delning. KC-serien. Analoga. Har skyddsglas av acryl, [&hellip;]","protected":false},"featured_media":0,"comment_status":"closed","ping_status":"closed","template":"","meta":{"_acf_changed":false},"product_cat":[383,306],"product_tag":[],"class_list":{"0":"post-2729","1":"product","2":"type-product","3":"status-publish","5":"product_cat-hangvagar-sv","6":"product_cat-vagar-sv","8":"first","9":"instock","10":"shipping-taxable","11":"product-type-simple"},"acf":[],"yoast_head":"<!-- This site is optimized with the Yoast SEO plugin v23.2 - https:\/\/yoast.com\/wordpress\/plugins\/seo\/ -->\n<title>H\u00c4NGV\u00c5G KC-8 25 KG - Precision measuring instruments | Limit<\/title>\n<meta name=\"robots\" content=\"index, follow, max-snippet:-1, max-image-preview:large, max-video-preview:-1\" \/>\n<link rel=\"canonical\" href=\"https:\/\/limittools.test.consids5.se\/sv\/product\/hangvag-kc-8-25-kg\/\" \/>\n<meta property=\"og:locale\" content=\"sv_SE\" \/>\n<meta property=\"og:type\" content=\"article\" \/>\n<meta property=\"og:title\" content=\"H\u00c4NGV\u00c5G KC-8 25 KG - Precision measuring instruments | Limit\" \/>\n<meta property=\"og:description\" content=\"H\u00e4ngv\u00e5gar l\u00e4mpliga f\u00f6r diverse h\u00e4ngande och dragande v\u00e4gningsbehov. Noggrannheten \u00e4r h\u00f6gre \u00e4n en gradering\/delning. KC-serien. Analoga. Har skyddsglas av acryl, [&hellip;]\" \/>\n<meta property=\"og:url\" content=\"https:\/\/limittools.test.consids5.se\/sv\/product\/hangvag-kc-8-25-kg\/\" \/>\n<meta property=\"og:site_name\" content=\"Precision measuring instruments | Limit\" \/>\n<meta property=\"article:publisher\" content=\"https:\/\/www.facebook.com\/limittools\/\" \/>\n<meta name=\"twitter:card\" content=\"summary_large_image\" \/>\n<script type=\"application\/ld+json\" class=\"yoast-schema-graph\">{\"@context\":\"https:\/\/schema.org\",\"@graph\":[{\"@type\":\"WebPage\",\"@id\":\"https:\/\/limittools.test.consids5.se\/sv\/product\/hangvag-kc-8-25-kg\/\",\"url\":\"https:\/\/limittools.test.consids5.se\/sv\/product\/hangvag-kc-8-25-kg\/\",\"name\":\"H\u00c4NGV\u00c5G KC-8 25 KG - Precision measuring instruments | Limit\",\"isPartOf\":{\"@id\":\"https:\/\/limittools.test.consids5.se\/#website\"},\"datePublished\":\"2026-04-08T17:32:03+00:00\",\"dateModified\":\"2026-04-08T17:32:03+00:00\",\"breadcrumb\":{\"@id\":\"https:\/\/limittools.test.consids5.se\/sv\/product\/hangvag-kc-8-25-kg\/#breadcrumb\"},\"inLanguage\":\"sv-SE\",\"potentialAction\":[{\"@type\":\"ReadAction\",\"target\":[\"https:\/\/limittools.test.consids5.se\/sv\/product\/hangvag-kc-8-25-kg\/\"]}]},{\"@type\":\"BreadcrumbList\",\"@id\":\"https:\/\/limittools.test.consids5.se\/sv\/product\/hangvag-kc-8-25-kg\/#breadcrumb\",\"itemListElement\":[{\"@type\":\"ListItem\",\"position\":1,\"name\":\"Products\",\"item\":\"https:\/\/limittools.test.consids5.se\/products\/\"},{\"@type\":\"ListItem\",\"position\":2,\"name\":\"H\u00c4NGV\u00c5G KC-8 25 KG\"}]},{\"@type\":\"WebSite\",\"@id\":\"https:\/\/limittools.test.consids5.se\/#website\",\"url\":\"https:\/\/limittools.test.consids5.se\/\",\"name\":\"Precision measuring instruments | Limit\",\"description\":\"Everything can be measured\",\"potentialAction\":[{\"@type\":\"SearchAction\",\"target\":{\"@type\":\"EntryPoint\",\"urlTemplate\":\"https:\/\/limittools.test.consids5.se\/?s={search_term_string}\"},\"query-input\":\"required name=search_term_string\"}],\"inLanguage\":\"sv-SE\"}]}<\/script>\n<!-- \/ Yoast SEO plugin. -->","yoast_head_json":{"title":"H\u00c4NGV\u00c5G KC-8 25 KG - Precision measuring instruments | Limit","robots":{"index":"index","follow":"follow","max-snippet":"max-snippet:-1","max-image-preview":"max-image-preview:large","max-video-preview":"max-video-preview:-1"},"canonical":"https:\/\/limittools.test.consids5.se\/sv\/product\/hangvag-kc-8-25-kg\/","og_locale":"sv_SE","og_type":"article","og_title":"H\u00c4NGV\u00c5G KC-8 25 KG - Precision measuring instruments | Limit","og_description":"H\u00e4ngv\u00e5gar l\u00e4mpliga f\u00f6r diverse h\u00e4ngande och dragande v\u00e4gningsbehov. Noggrannheten \u00e4r h\u00f6gre \u00e4n en gradering\/delning. KC-serien. Analoga. Har skyddsglas av acryl, [&hellip;]","og_url":"https:\/\/limittools.test.consids5.se\/sv\/product\/hangvag-kc-8-25-kg\/","og_site_name":"Precision measuring instruments | Limit","article_publisher":"https:\/\/www.facebook.com\/limittools\/","twitter_card":"summary_large_image","schema":{"@context":"https:\/\/schema.org","@graph":[{"@type":"WebPage","@id":"https:\/\/limittools.test.consids5.se\/sv\/product\/hangvag-kc-8-25-kg\/","url":"https:\/\/limittools.test.consids5.se\/sv\/product\/hangvag-kc-8-25-kg\/","name":"H\u00c4NGV\u00c5G KC-8 25 KG - Precision measuring instruments | Limit","isPartOf":{"@id":"https:\/\/limittools.test.consids5.se\/#website"},"datePublished":"2026-04-08T17:32:03+00:00","dateModified":"2026-04-08T17:32:03+00:00","breadcrumb":{"@id":"https:\/\/limittools.test.consids5.se\/sv\/product\/hangvag-kc-8-25-kg\/#breadcrumb"},"inLanguage":"sv-SE","potentialAction":[{"@type":"ReadAction","target":["https:\/\/limittools.test.consids5.se\/sv\/product\/hangvag-kc-8-25-kg\/"]}]},{"@type":"BreadcrumbList","@id":"https:\/\/limittools.test.consids5.se\/sv\/product\/hangvag-kc-8-25-kg\/#breadcrumb","itemListElement":[{"@type":"ListItem","position":1,"name":"Products","item":"https:\/\/limittools.test.consids5.se\/products\/"},{"@type":"ListItem","position":2,"name":"H\u00c4NGV\u00c5G KC-8 25 KG"}]},{"@type":"WebSite","@id":"https:\/\/limittools.test.consids5.se\/#website","url":"https:\/\/limittools.test.consids5.se\/","name":"Precision measuring instruments | Limit","description":"Everything can be measured","potentialAction":[{"@type":"SearchAction","target":{"@type":"EntryPoint","urlTemplate":"https:\/\/limittools.test.consids5.se\/?s={search_term_string}"},"query-input":"required name=search_term_string"}],"inLanguage":"sv-SE"}]}},"_links":{"self":[{"href":"https:\/\/limittools.test.consids5.se\/sv\/wp-json\/wp\/v2\/product\/2729"}],"collection":[{"href":"https:\/\/limittools.test.consids5.se\/sv\/wp-json\/wp\/v2\/product"}],"about":[{"href":"https:\/\/limittools.test.consids5.se\/sv\/wp-json\/wp\/v2\/types\/product"}],"replies":[{"embeddable":true,"href":"https:\/\/limittools.test.consids5.se\/sv\/wp-json\/wp\/v2\/comments?post=2729"}],"wp:attachment":[{"href":"https:\/\/limittools.test.consids5.se\/sv\/wp-json\/wp\/v2\/media?parent=2729"}],"wp:term":[{"taxonomy":"product_cat","embeddable":true,"href":"https:\/\/limittools.test.consids5.se\/sv\/wp-json\/wp\/v2\/product_cat?post=2729"},{"taxonomy":"product_tag","embeddable":true,"href":"https:\/\/limittools.test.consids5.se\/sv\/wp-json\/wp\/v2\/product_tag?post=2729"}],"curies":[{"name":"wp","href":"https:\/\/api.w.org\/{rel}","templated":true}]}}