{"id":2760,"date":"2025-01-22T08:36:20","date_gmt":"2025-01-22T08:36:20","guid":{"rendered":"http:\/\/limit-tools.local\/product\/korslaser-360v2-r\/"},"modified":"2025-01-22T08:36:20","modified_gmt":"2025-01-22T08:36:20","slug":"korslaser-360v2-r","status":"publish","type":"product","link":"https:\/\/limittools.test.consids5.se\/sv\/product\/korslaser-360v2-r\/","title":{"rendered":"KORSLASER 360V2-R"},"content":{"rendered":"<p>Linjelaser med en horisontal linje 360\u00ba runt om och tv\u00e5 vertikala linjer som t\u00e4nds 90 grader vinkelr\u00e4tt till varandra. Linjerna kan t\u00e4ndas var f\u00f6r sig eller samtidigt. Sj\u00e4lvnivellerande med magnetisk pendeld\u00e4mpning som varnar med blinkande laser och ljud n\u00e4r lasern ej klarar att nivellera, funktioen kan kopplas ifr\u00e5n f\u00f6r att visa en lutande linje. En mekanisk l\u00e5sning av pendelmekanismen fungerar som b\u00e5de huvudstr\u00f6mbrytare och transports\u00e4kring. Limit 360V2 har \u00e4ven pulserande ljus f\u00f6r anv\u00e4ndning utomhus eller i ljusa lokaler ihop med en separat lasermottagare (ing\u00e5r ej).<br \/>\nLevereras med reflektortavla, mjuk v\u00e4ska och batterier.<br \/>\nAdapter 181120205 kan beh\u00f6vas till tillbeh\u00f6ren 181120106, 200570109, 178650800, 178680104 &#038; 178690103.<\/p>\n","protected":false},"excerpt":{"rendered":"Linjelaser med en horisontal linje 360\u00ba runt om och tv\u00e5 vertikala linjer som t\u00e4nds 90 grader vinkelr\u00e4tt till varandra. Linjerna [&hellip;]","protected":false},"featured_media":0,"comment_status":"closed","ping_status":"closed","template":"","meta":{"_acf_changed":false},"product_cat":[427,284],"product_tag":[],"class_list":{"0":"post-2760","1":"product","2":"type-product","3":"status-publish","5":"product_cat-korslaser-sv","6":"product_cat-laserinstrument-sv","8":"first","9":"instock","10":"shipping-taxable","11":"product-type-simple"},"acf":[],"yoast_head":"<!-- This site is optimized with the Yoast SEO plugin v23.2 - https:\/\/yoast.com\/wordpress\/plugins\/seo\/ -->\n<title>KORSLASER 360V2-R - Precision measuring instruments | Limit<\/title>\n<meta name=\"robots\" content=\"index, follow, max-snippet:-1, max-image-preview:large, max-video-preview:-1\" \/>\n<link rel=\"canonical\" href=\"https:\/\/limittools.test.consids5.se\/sv\/product\/korslaser-360v2-r\/\" \/>\n<meta property=\"og:locale\" content=\"sv_SE\" \/>\n<meta property=\"og:type\" content=\"article\" \/>\n<meta property=\"og:title\" content=\"KORSLASER 360V2-R - Precision measuring instruments | Limit\" \/>\n<meta property=\"og:description\" content=\"Linjelaser med en horisontal linje 360\u00ba runt om och tv\u00e5 vertikala linjer som t\u00e4nds 90 grader vinkelr\u00e4tt till varandra. Linjerna [&hellip;]\" \/>\n<meta property=\"og:url\" content=\"https:\/\/limittools.test.consids5.se\/sv\/product\/korslaser-360v2-r\/\" \/>\n<meta property=\"og:site_name\" content=\"Precision measuring instruments | Limit\" \/>\n<meta property=\"article:publisher\" content=\"https:\/\/www.facebook.com\/limittools\/\" \/>\n<meta name=\"twitter:card\" content=\"summary_large_image\" \/>\n<meta name=\"twitter:label1\" content=\"Est. reading time\" \/>\n\t<meta name=\"twitter:data1\" content=\"1 minute\" \/>\n<script type=\"application\/ld+json\" class=\"yoast-schema-graph\">{\"@context\":\"https:\/\/schema.org\",\"@graph\":[{\"@type\":\"WebPage\",\"@id\":\"https:\/\/limittools.test.consids5.se\/sv\/product\/korslaser-360v2-r\/\",\"url\":\"https:\/\/limittools.test.consids5.se\/sv\/product\/korslaser-360v2-r\/\",\"name\":\"KORSLASER 360V2-R - Precision measuring instruments | Limit\",\"isPartOf\":{\"@id\":\"https:\/\/limittools.test.consids5.se\/#website\"},\"datePublished\":\"2025-01-22T08:36:20+00:00\",\"dateModified\":\"2025-01-22T08:36:20+00:00\",\"breadcrumb\":{\"@id\":\"https:\/\/limittools.test.consids5.se\/sv\/product\/korslaser-360v2-r\/#breadcrumb\"},\"inLanguage\":\"sv-SE\",\"potentialAction\":[{\"@type\":\"ReadAction\",\"target\":[\"https:\/\/limittools.test.consids5.se\/sv\/product\/korslaser-360v2-r\/\"]}]},{\"@type\":\"BreadcrumbList\",\"@id\":\"https:\/\/limittools.test.consids5.se\/sv\/product\/korslaser-360v2-r\/#breadcrumb\",\"itemListElement\":[{\"@type\":\"ListItem\",\"position\":1,\"name\":\"Products\",\"item\":\"https:\/\/limittools.test.consids5.se\/products\/\"},{\"@type\":\"ListItem\",\"position\":2,\"name\":\"KORSLASER 360V2-R\"}]},{\"@type\":\"WebSite\",\"@id\":\"https:\/\/limittools.test.consids5.se\/#website\",\"url\":\"https:\/\/limittools.test.consids5.se\/\",\"name\":\"Precision measuring instruments | Limit\",\"description\":\"Everything can be measured\",\"potentialAction\":[{\"@type\":\"SearchAction\",\"target\":{\"@type\":\"EntryPoint\",\"urlTemplate\":\"https:\/\/limittools.test.consids5.se\/?s={search_term_string}\"},\"query-input\":\"required name=search_term_string\"}],\"inLanguage\":\"sv-SE\"}]}<\/script>\n<!-- \/ Yoast SEO plugin. -->","yoast_head_json":{"title":"KORSLASER 360V2-R - Precision measuring instruments | Limit","robots":{"index":"index","follow":"follow","max-snippet":"max-snippet:-1","max-image-preview":"max-image-preview:large","max-video-preview":"max-video-preview:-1"},"canonical":"https:\/\/limittools.test.consids5.se\/sv\/product\/korslaser-360v2-r\/","og_locale":"sv_SE","og_type":"article","og_title":"KORSLASER 360V2-R - Precision measuring instruments | Limit","og_description":"Linjelaser med en horisontal linje 360\u00ba runt om och tv\u00e5 vertikala linjer som t\u00e4nds 90 grader vinkelr\u00e4tt till varandra. Linjerna [&hellip;]","og_url":"https:\/\/limittools.test.consids5.se\/sv\/product\/korslaser-360v2-r\/","og_site_name":"Precision measuring instruments | Limit","article_publisher":"https:\/\/www.facebook.com\/limittools\/","twitter_card":"summary_large_image","twitter_misc":{"Est. reading time":"1 minute"},"schema":{"@context":"https:\/\/schema.org","@graph":[{"@type":"WebPage","@id":"https:\/\/limittools.test.consids5.se\/sv\/product\/korslaser-360v2-r\/","url":"https:\/\/limittools.test.consids5.se\/sv\/product\/korslaser-360v2-r\/","name":"KORSLASER 360V2-R - Precision measuring instruments | Limit","isPartOf":{"@id":"https:\/\/limittools.test.consids5.se\/#website"},"datePublished":"2025-01-22T08:36:20+00:00","dateModified":"2025-01-22T08:36:20+00:00","breadcrumb":{"@id":"https:\/\/limittools.test.consids5.se\/sv\/product\/korslaser-360v2-r\/#breadcrumb"},"inLanguage":"sv-SE","potentialAction":[{"@type":"ReadAction","target":["https:\/\/limittools.test.consids5.se\/sv\/product\/korslaser-360v2-r\/"]}]},{"@type":"BreadcrumbList","@id":"https:\/\/limittools.test.consids5.se\/sv\/product\/korslaser-360v2-r\/#breadcrumb","itemListElement":[{"@type":"ListItem","position":1,"name":"Products","item":"https:\/\/limittools.test.consids5.se\/products\/"},{"@type":"ListItem","position":2,"name":"KORSLASER 360V2-R"}]},{"@type":"WebSite","@id":"https:\/\/limittools.test.consids5.se\/#website","url":"https:\/\/limittools.test.consids5.se\/","name":"Precision measuring instruments | Limit","description":"Everything can be measured","potentialAction":[{"@type":"SearchAction","target":{"@type":"EntryPoint","urlTemplate":"https:\/\/limittools.test.consids5.se\/?s={search_term_string}"},"query-input":"required name=search_term_string"}],"inLanguage":"sv-SE"}]}},"_links":{"self":[{"href":"https:\/\/limittools.test.consids5.se\/sv\/wp-json\/wp\/v2\/product\/2760"}],"collection":[{"href":"https:\/\/limittools.test.consids5.se\/sv\/wp-json\/wp\/v2\/product"}],"about":[{"href":"https:\/\/limittools.test.consids5.se\/sv\/wp-json\/wp\/v2\/types\/product"}],"replies":[{"embeddable":true,"href":"https:\/\/limittools.test.consids5.se\/sv\/wp-json\/wp\/v2\/comments?post=2760"}],"wp:attachment":[{"href":"https:\/\/limittools.test.consids5.se\/sv\/wp-json\/wp\/v2\/media?parent=2760"}],"wp:term":[{"taxonomy":"product_cat","embeddable":true,"href":"https:\/\/limittools.test.consids5.se\/sv\/wp-json\/wp\/v2\/product_cat?post=2760"},{"taxonomy":"product_tag","embeddable":true,"href":"https:\/\/limittools.test.consids5.se\/sv\/wp-json\/wp\/v2\/product_tag?post=2760"}],"curies":[{"name":"wp","href":"https:\/\/api.w.org\/{rel}","templated":true}]}}