{"id":2790,"date":"2026-04-08T17:32:24","date_gmt":"2026-04-08T17:32:24","guid":{"rendered":"http:\/\/limit-tools.local\/product\/sifferstampel-5175-8\/"},"modified":"2026-04-08T17:32:24","modified_gmt":"2026-04-08T17:32:24","slug":"sifferstampel-5175-8","status":"publish","type":"product","link":"https:\/\/limittools.test.consids5.se\/sv\/product\/sifferstampel-5175-8\/","title":{"rendered":"SIFFERST\u00c4MPEL 5175-8"},"content":{"rendered":"<p>Limit St\u00e4mplar f\u00f6r h\u00e5rt st\u00e5l. 9 sifferst\u00e4mplar 0-9. F\u00f6r st\u00e4mpling i material med dragh\u00e5llfastighet upp till 200 kp\/mm\u00b2. Tillverkade i h\u00e4rdat st\u00e5l med tempererat stanshuvud. Packade i plastl\u00e5da.<br \/>\nTillverkade enligt to DIN 7353.<br \/>\nSymboler enligt DIN 1451 (smal).<br \/>\nH\u00e4rdade i gravyrsidan enligt 58-61 HRC.<br \/>\nFasade kanter mot st\u00e4mpelyta f\u00f6r b\u00e4ttre siktning.<br \/>\nVarje st\u00e4mpel m\u00e4rkt med: Symbol, symbolstorlek och internationell \u00f6gonskydds-symbol.<br \/>\nLevereras i en stark slagt\u00e5lig plastl\u00e5da.<br \/>\nL\u00f6sa st\u00e4mplar g\u00e5r att k\u00f6pa mixat, dock minst 5st \/ order.<\/p>\n","protected":false},"excerpt":{"rendered":"Limit St\u00e4mplar f\u00f6r h\u00e5rt st\u00e5l. 9 sifferst\u00e4mplar 0-9. F\u00f6r st\u00e4mpling i material med dragh\u00e5llfastighet upp till 200 kp\/mm\u00b2. Tillverkade i [&hellip;]","protected":false},"featured_media":0,"comment_status":"closed","ping_status":"closed","template":"","meta":{"_acf_changed":false},"product_cat":[265,249],"product_tag":[],"class_list":{"0":"post-2790","1":"product","2":"type-product","3":"status-publish","5":"product_cat-stamplar-sv","6":"product_cat-verkstadsmat-sv","8":"first","9":"instock","10":"shipping-taxable","11":"product-type-simple"},"acf":[],"yoast_head":"<!-- This site is optimized with the Yoast SEO plugin v23.2 - https:\/\/yoast.com\/wordpress\/plugins\/seo\/ -->\n<title>SIFFERST\u00c4MPEL 5175-8 - Precision measuring instruments | Limit<\/title>\n<meta name=\"robots\" content=\"index, follow, max-snippet:-1, max-image-preview:large, max-video-preview:-1\" \/>\n<link rel=\"canonical\" href=\"https:\/\/limittools.test.consids5.se\/sv\/product\/sifferstampel-5175-8\/\" \/>\n<meta property=\"og:locale\" content=\"sv_SE\" \/>\n<meta property=\"og:type\" content=\"article\" \/>\n<meta property=\"og:title\" content=\"SIFFERST\u00c4MPEL 5175-8 - Precision measuring instruments | Limit\" \/>\n<meta property=\"og:description\" content=\"Limit St\u00e4mplar f\u00f6r h\u00e5rt st\u00e5l. 9 sifferst\u00e4mplar 0-9. F\u00f6r st\u00e4mpling i material med dragh\u00e5llfastighet upp till 200 kp\/mm\u00b2. Tillverkade i [&hellip;]\" \/>\n<meta property=\"og:url\" content=\"https:\/\/limittools.test.consids5.se\/sv\/product\/sifferstampel-5175-8\/\" \/>\n<meta property=\"og:site_name\" content=\"Precision measuring instruments | Limit\" \/>\n<meta property=\"article:publisher\" content=\"https:\/\/www.facebook.com\/limittools\/\" \/>\n<meta name=\"twitter:card\" content=\"summary_large_image\" \/>\n<script type=\"application\/ld+json\" class=\"yoast-schema-graph\">{\"@context\":\"https:\/\/schema.org\",\"@graph\":[{\"@type\":\"WebPage\",\"@id\":\"https:\/\/limittools.test.consids5.se\/sv\/product\/sifferstampel-5175-8\/\",\"url\":\"https:\/\/limittools.test.consids5.se\/sv\/product\/sifferstampel-5175-8\/\",\"name\":\"SIFFERST\u00c4MPEL 5175-8 - Precision measuring instruments | Limit\",\"isPartOf\":{\"@id\":\"https:\/\/limittools.test.consids5.se\/#website\"},\"datePublished\":\"2026-04-08T17:32:24+00:00\",\"dateModified\":\"2026-04-08T17:32:24+00:00\",\"breadcrumb\":{\"@id\":\"https:\/\/limittools.test.consids5.se\/sv\/product\/sifferstampel-5175-8\/#breadcrumb\"},\"inLanguage\":\"sv-SE\",\"potentialAction\":[{\"@type\":\"ReadAction\",\"target\":[\"https:\/\/limittools.test.consids5.se\/sv\/product\/sifferstampel-5175-8\/\"]}]},{\"@type\":\"BreadcrumbList\",\"@id\":\"https:\/\/limittools.test.consids5.se\/sv\/product\/sifferstampel-5175-8\/#breadcrumb\",\"itemListElement\":[{\"@type\":\"ListItem\",\"position\":1,\"name\":\"Products\",\"item\":\"https:\/\/limittools.test.consids5.se\/products\/\"},{\"@type\":\"ListItem\",\"position\":2,\"name\":\"SIFFERST\u00c4MPEL 5175-8\"}]},{\"@type\":\"WebSite\",\"@id\":\"https:\/\/limittools.test.consids5.se\/#website\",\"url\":\"https:\/\/limittools.test.consids5.se\/\",\"name\":\"Precision measuring instruments | Limit\",\"description\":\"Everything can be measured\",\"potentialAction\":[{\"@type\":\"SearchAction\",\"target\":{\"@type\":\"EntryPoint\",\"urlTemplate\":\"https:\/\/limittools.test.consids5.se\/?s={search_term_string}\"},\"query-input\":\"required name=search_term_string\"}],\"inLanguage\":\"sv-SE\"}]}<\/script>\n<!-- \/ Yoast SEO plugin. -->","yoast_head_json":{"title":"SIFFERST\u00c4MPEL 5175-8 - Precision measuring instruments | Limit","robots":{"index":"index","follow":"follow","max-snippet":"max-snippet:-1","max-image-preview":"max-image-preview:large","max-video-preview":"max-video-preview:-1"},"canonical":"https:\/\/limittools.test.consids5.se\/sv\/product\/sifferstampel-5175-8\/","og_locale":"sv_SE","og_type":"article","og_title":"SIFFERST\u00c4MPEL 5175-8 - Precision measuring instruments | Limit","og_description":"Limit St\u00e4mplar f\u00f6r h\u00e5rt st\u00e5l. 9 sifferst\u00e4mplar 0-9. F\u00f6r st\u00e4mpling i material med dragh\u00e5llfastighet upp till 200 kp\/mm\u00b2. Tillverkade i [&hellip;]","og_url":"https:\/\/limittools.test.consids5.se\/sv\/product\/sifferstampel-5175-8\/","og_site_name":"Precision measuring instruments | Limit","article_publisher":"https:\/\/www.facebook.com\/limittools\/","twitter_card":"summary_large_image","schema":{"@context":"https:\/\/schema.org","@graph":[{"@type":"WebPage","@id":"https:\/\/limittools.test.consids5.se\/sv\/product\/sifferstampel-5175-8\/","url":"https:\/\/limittools.test.consids5.se\/sv\/product\/sifferstampel-5175-8\/","name":"SIFFERST\u00c4MPEL 5175-8 - Precision measuring instruments | Limit","isPartOf":{"@id":"https:\/\/limittools.test.consids5.se\/#website"},"datePublished":"2026-04-08T17:32:24+00:00","dateModified":"2026-04-08T17:32:24+00:00","breadcrumb":{"@id":"https:\/\/limittools.test.consids5.se\/sv\/product\/sifferstampel-5175-8\/#breadcrumb"},"inLanguage":"sv-SE","potentialAction":[{"@type":"ReadAction","target":["https:\/\/limittools.test.consids5.se\/sv\/product\/sifferstampel-5175-8\/"]}]},{"@type":"BreadcrumbList","@id":"https:\/\/limittools.test.consids5.se\/sv\/product\/sifferstampel-5175-8\/#breadcrumb","itemListElement":[{"@type":"ListItem","position":1,"name":"Products","item":"https:\/\/limittools.test.consids5.se\/products\/"},{"@type":"ListItem","position":2,"name":"SIFFERST\u00c4MPEL 5175-8"}]},{"@type":"WebSite","@id":"https:\/\/limittools.test.consids5.se\/#website","url":"https:\/\/limittools.test.consids5.se\/","name":"Precision measuring instruments | Limit","description":"Everything can be measured","potentialAction":[{"@type":"SearchAction","target":{"@type":"EntryPoint","urlTemplate":"https:\/\/limittools.test.consids5.se\/?s={search_term_string}"},"query-input":"required name=search_term_string"}],"inLanguage":"sv-SE"}]}},"_links":{"self":[{"href":"https:\/\/limittools.test.consids5.se\/sv\/wp-json\/wp\/v2\/product\/2790"}],"collection":[{"href":"https:\/\/limittools.test.consids5.se\/sv\/wp-json\/wp\/v2\/product"}],"about":[{"href":"https:\/\/limittools.test.consids5.se\/sv\/wp-json\/wp\/v2\/types\/product"}],"replies":[{"embeddable":true,"href":"https:\/\/limittools.test.consids5.se\/sv\/wp-json\/wp\/v2\/comments?post=2790"}],"wp:attachment":[{"href":"https:\/\/limittools.test.consids5.se\/sv\/wp-json\/wp\/v2\/media?parent=2790"}],"wp:term":[{"taxonomy":"product_cat","embeddable":true,"href":"https:\/\/limittools.test.consids5.se\/sv\/wp-json\/wp\/v2\/product_cat?post=2790"},{"taxonomy":"product_tag","embeddable":true,"href":"https:\/\/limittools.test.consids5.se\/sv\/wp-json\/wp\/v2\/product_tag?post=2790"}],"curies":[{"name":"wp","href":"https:\/\/api.w.org\/{rel}","templated":true}]}}