{"id":2854,"date":"2025-10-25T22:13:06","date_gmt":"2025-10-25T22:13:06","guid":{"rendered":"http:\/\/limit-tools.local\/product\/korspunktlaser-1002-hvp-r\/"},"modified":"2025-10-25T22:13:06","modified_gmt":"2025-10-25T22:13:06","slug":"korspunktlaser-1002-hvp-r","status":"publish","type":"product","link":"https:\/\/limittools.test.consids5.se\/sv\/product\/korspunktlaser-1002-hvp-r\/","title":{"rendered":"KORSPUNKTLASER 1002 HVP-R"},"content":{"rendered":"<p>Kombinerad korslaser och punktlaser med starka och skarpa r\u00f6da laserlinjer. En horisontal och en vertikal linje och 5 punkter. Den vertikala linjen n\u00e5r 115 grader upp i taket. Linjerna och punkterna kan t\u00e4ndas var f\u00f6r sig eller tillsammans. Sj\u00e4lvnivellerande med magnetisk pendeld\u00e4mpning som varnar med blinkande laser och ljud n\u00e4r lasern ej klarar att nivellera.  Huvudstr\u00f6mbrytaren ger mekanisk l\u00e5sning av pendeln fungerar d\u00e4rmed som transports\u00e4kring.<br \/>\nKan anv\u00e4ndas utomhus eller i ljusa lokaler med en separat lasermottagare (ing\u00e5r ej).<br \/>\n2 st laserdioder 15 mw, 635 nm f\u00f6r linjerna och 1 st 10 mw, 635 nm f\u00f6r punkterna.<br \/>\nLevereras tillsammans f\u00e4ste f\u00f6r stativ\/v\u00e4ggmontering, reflektortavla, mjuk v\u00e4ska och batterier.<\/p>\n","protected":false},"excerpt":{"rendered":"Kombinerad korslaser och punktlaser med starka och skarpa r\u00f6da laserlinjer. En horisontal och en vertikal linje och 5 punkter. Den [&hellip;]","protected":false},"featured_media":0,"comment_status":"closed","ping_status":"closed","template":"","meta":{"_acf_changed":false},"product_cat":[427,284],"product_tag":[],"class_list":{"0":"post-2854","1":"product","2":"type-product","3":"status-publish","5":"product_cat-korslaser-sv","6":"product_cat-laserinstrument-sv","8":"first","9":"instock","10":"shipping-taxable","11":"product-type-simple"},"acf":[],"yoast_head":"<!-- This site is optimized with the Yoast SEO plugin v23.2 - https:\/\/yoast.com\/wordpress\/plugins\/seo\/ -->\n<title>KORSPUNKTLASER 1002 HVP-R - Precision measuring instruments | Limit<\/title>\n<meta name=\"robots\" content=\"index, follow, max-snippet:-1, max-image-preview:large, max-video-preview:-1\" \/>\n<link rel=\"canonical\" href=\"https:\/\/limittools.test.consids5.se\/sv\/product\/korspunktlaser-1002-hvp-r\/\" \/>\n<meta property=\"og:locale\" content=\"sv_SE\" \/>\n<meta property=\"og:type\" content=\"article\" \/>\n<meta property=\"og:title\" content=\"KORSPUNKTLASER 1002 HVP-R - Precision measuring instruments | Limit\" \/>\n<meta property=\"og:description\" content=\"Kombinerad korslaser och punktlaser med starka och skarpa r\u00f6da laserlinjer. En horisontal och en vertikal linje och 5 punkter. Den [&hellip;]\" \/>\n<meta property=\"og:url\" content=\"https:\/\/limittools.test.consids5.se\/sv\/product\/korspunktlaser-1002-hvp-r\/\" \/>\n<meta property=\"og:site_name\" content=\"Precision measuring instruments | Limit\" \/>\n<meta property=\"article:publisher\" content=\"https:\/\/www.facebook.com\/limittools\/\" \/>\n<meta name=\"twitter:card\" content=\"summary_large_image\" \/>\n<meta name=\"twitter:label1\" content=\"Est. reading time\" \/>\n\t<meta name=\"twitter:data1\" content=\"1 minute\" \/>\n<script type=\"application\/ld+json\" class=\"yoast-schema-graph\">{\"@context\":\"https:\/\/schema.org\",\"@graph\":[{\"@type\":\"WebPage\",\"@id\":\"https:\/\/limittools.test.consids5.se\/sv\/product\/korspunktlaser-1002-hvp-r\/\",\"url\":\"https:\/\/limittools.test.consids5.se\/sv\/product\/korspunktlaser-1002-hvp-r\/\",\"name\":\"KORSPUNKTLASER 1002 HVP-R - Precision measuring instruments | Limit\",\"isPartOf\":{\"@id\":\"https:\/\/limittools.test.consids5.se\/#website\"},\"datePublished\":\"2025-10-25T22:13:06+00:00\",\"dateModified\":\"2025-10-25T22:13:06+00:00\",\"breadcrumb\":{\"@id\":\"https:\/\/limittools.test.consids5.se\/sv\/product\/korspunktlaser-1002-hvp-r\/#breadcrumb\"},\"inLanguage\":\"sv-SE\",\"potentialAction\":[{\"@type\":\"ReadAction\",\"target\":[\"https:\/\/limittools.test.consids5.se\/sv\/product\/korspunktlaser-1002-hvp-r\/\"]}]},{\"@type\":\"BreadcrumbList\",\"@id\":\"https:\/\/limittools.test.consids5.se\/sv\/product\/korspunktlaser-1002-hvp-r\/#breadcrumb\",\"itemListElement\":[{\"@type\":\"ListItem\",\"position\":1,\"name\":\"Products\",\"item\":\"https:\/\/limittools.test.consids5.se\/products\/\"},{\"@type\":\"ListItem\",\"position\":2,\"name\":\"KORSPUNKTLASER 1002 HVP-R\"}]},{\"@type\":\"WebSite\",\"@id\":\"https:\/\/limittools.test.consids5.se\/#website\",\"url\":\"https:\/\/limittools.test.consids5.se\/\",\"name\":\"Precision measuring instruments | Limit\",\"description\":\"Everything can be measured\",\"potentialAction\":[{\"@type\":\"SearchAction\",\"target\":{\"@type\":\"EntryPoint\",\"urlTemplate\":\"https:\/\/limittools.test.consids5.se\/?s={search_term_string}\"},\"query-input\":\"required name=search_term_string\"}],\"inLanguage\":\"sv-SE\"}]}<\/script>\n<!-- \/ Yoast SEO plugin. -->","yoast_head_json":{"title":"KORSPUNKTLASER 1002 HVP-R - Precision measuring instruments | Limit","robots":{"index":"index","follow":"follow","max-snippet":"max-snippet:-1","max-image-preview":"max-image-preview:large","max-video-preview":"max-video-preview:-1"},"canonical":"https:\/\/limittools.test.consids5.se\/sv\/product\/korspunktlaser-1002-hvp-r\/","og_locale":"sv_SE","og_type":"article","og_title":"KORSPUNKTLASER 1002 HVP-R - Precision measuring instruments | Limit","og_description":"Kombinerad korslaser och punktlaser med starka och skarpa r\u00f6da laserlinjer. En horisontal och en vertikal linje och 5 punkter. Den [&hellip;]","og_url":"https:\/\/limittools.test.consids5.se\/sv\/product\/korspunktlaser-1002-hvp-r\/","og_site_name":"Precision measuring instruments | Limit","article_publisher":"https:\/\/www.facebook.com\/limittools\/","twitter_card":"summary_large_image","twitter_misc":{"Est. reading time":"1 minute"},"schema":{"@context":"https:\/\/schema.org","@graph":[{"@type":"WebPage","@id":"https:\/\/limittools.test.consids5.se\/sv\/product\/korspunktlaser-1002-hvp-r\/","url":"https:\/\/limittools.test.consids5.se\/sv\/product\/korspunktlaser-1002-hvp-r\/","name":"KORSPUNKTLASER 1002 HVP-R - Precision measuring instruments | Limit","isPartOf":{"@id":"https:\/\/limittools.test.consids5.se\/#website"},"datePublished":"2025-10-25T22:13:06+00:00","dateModified":"2025-10-25T22:13:06+00:00","breadcrumb":{"@id":"https:\/\/limittools.test.consids5.se\/sv\/product\/korspunktlaser-1002-hvp-r\/#breadcrumb"},"inLanguage":"sv-SE","potentialAction":[{"@type":"ReadAction","target":["https:\/\/limittools.test.consids5.se\/sv\/product\/korspunktlaser-1002-hvp-r\/"]}]},{"@type":"BreadcrumbList","@id":"https:\/\/limittools.test.consids5.se\/sv\/product\/korspunktlaser-1002-hvp-r\/#breadcrumb","itemListElement":[{"@type":"ListItem","position":1,"name":"Products","item":"https:\/\/limittools.test.consids5.se\/products\/"},{"@type":"ListItem","position":2,"name":"KORSPUNKTLASER 1002 HVP-R"}]},{"@type":"WebSite","@id":"https:\/\/limittools.test.consids5.se\/#website","url":"https:\/\/limittools.test.consids5.se\/","name":"Precision measuring instruments | Limit","description":"Everything can be measured","potentialAction":[{"@type":"SearchAction","target":{"@type":"EntryPoint","urlTemplate":"https:\/\/limittools.test.consids5.se\/?s={search_term_string}"},"query-input":"required name=search_term_string"}],"inLanguage":"sv-SE"}]}},"_links":{"self":[{"href":"https:\/\/limittools.test.consids5.se\/sv\/wp-json\/wp\/v2\/product\/2854"}],"collection":[{"href":"https:\/\/limittools.test.consids5.se\/sv\/wp-json\/wp\/v2\/product"}],"about":[{"href":"https:\/\/limittools.test.consids5.se\/sv\/wp-json\/wp\/v2\/types\/product"}],"replies":[{"embeddable":true,"href":"https:\/\/limittools.test.consids5.se\/sv\/wp-json\/wp\/v2\/comments?post=2854"}],"wp:attachment":[{"href":"https:\/\/limittools.test.consids5.se\/sv\/wp-json\/wp\/v2\/media?parent=2854"}],"wp:term":[{"taxonomy":"product_cat","embeddable":true,"href":"https:\/\/limittools.test.consids5.se\/sv\/wp-json\/wp\/v2\/product_cat?post=2854"},{"taxonomy":"product_tag","embeddable":true,"href":"https:\/\/limittools.test.consids5.se\/sv\/wp-json\/wp\/v2\/product_tag?post=2854"}],"curies":[{"name":"wp","href":"https:\/\/api.w.org\/{rel}","templated":true}]}}