{"id":2859,"date":"2026-04-08T17:33:02","date_gmt":"2026-04-08T17:33:02","guid":{"rendered":"http:\/\/limit-tools.local\/product\/refraktometer-limit-1800\/"},"modified":"2026-04-08T17:33:02","modified_gmt":"2026-04-08T17:33:02","slug":"refraktometer-limit-1800","status":"publish","type":"product","link":"https:\/\/limittools.test.consids5.se\/sv\/product\/refraktometer-limit-1800\/","title":{"rendered":"REFRAKTOMETER LIMIT 1800"},"content":{"rendered":"<p>Refraktometer f\u00f6r att snabbt och exakt m\u00e4ta koncentrationen p\u00e5 en vattenl\u00f6sning, sk\u00e4rv\u00e4tska och andra industriella l\u00f6sningar. Assisterar maskinoperat\u00f6rer att bibeh\u00e5lla optimal balans mellan vatten och kylv\u00e4ska f\u00f6r att minimera slitage p\u00e5 verktyg och \u00f6ka matning och sk\u00e4rhastigheter. Enkel att fokusera och kalibrera med mini-skruvmejsel som ing\u00e5r. Kraftig, l\u00e4tt robust aluminiumkonstruktion f\u00f6rs\u00e4krar l\u00e5ng livsl\u00e4ngd.<\/p>\n","protected":false},"excerpt":{"rendered":"Refraktometer f\u00f6r att snabbt och exakt m\u00e4ta koncentrationen p\u00e5 en vattenl\u00f6sning, sk\u00e4rv\u00e4tska och andra industriella l\u00f6sningar. Assisterar maskinoperat\u00f6rer att bibeh\u00e5lla [&hellip;]","protected":false},"featured_media":0,"comment_status":"closed","ping_status":"closed","template":"","meta":{"_acf_changed":false},"product_cat":[525,1600],"product_tag":[],"class_list":{"0":"post-2859","1":"product","2":"type-product","3":"status-publish","5":"product_cat-klimat-och-miljomat-instrument-sv","6":"product_cat-refraktometer-sv","8":"first","9":"instock","10":"shipping-taxable","11":"product-type-simple"},"acf":[],"yoast_head":"<!-- This site is optimized with the Yoast SEO plugin v23.2 - https:\/\/yoast.com\/wordpress\/plugins\/seo\/ -->\n<title>REFRAKTOMETER LIMIT 1800 - Precision measuring instruments | Limit<\/title>\n<meta name=\"robots\" content=\"index, follow, max-snippet:-1, max-image-preview:large, max-video-preview:-1\" \/>\n<link rel=\"canonical\" href=\"https:\/\/limittools.test.consids5.se\/sv\/product\/refraktometer-limit-1800\/\" \/>\n<meta property=\"og:locale\" content=\"sv_SE\" \/>\n<meta property=\"og:type\" content=\"article\" \/>\n<meta property=\"og:title\" content=\"REFRAKTOMETER LIMIT 1800 - Precision measuring instruments | Limit\" \/>\n<meta property=\"og:description\" content=\"Refraktometer f\u00f6r att snabbt och exakt m\u00e4ta koncentrationen p\u00e5 en vattenl\u00f6sning, sk\u00e4rv\u00e4tska och andra industriella l\u00f6sningar. Assisterar maskinoperat\u00f6rer att bibeh\u00e5lla [&hellip;]\" \/>\n<meta property=\"og:url\" content=\"https:\/\/limittools.test.consids5.se\/sv\/product\/refraktometer-limit-1800\/\" \/>\n<meta property=\"og:site_name\" content=\"Precision measuring instruments | Limit\" \/>\n<meta property=\"article:publisher\" content=\"https:\/\/www.facebook.com\/limittools\/\" \/>\n<meta name=\"twitter:card\" content=\"summary_large_image\" \/>\n<script type=\"application\/ld+json\" class=\"yoast-schema-graph\">{\"@context\":\"https:\/\/schema.org\",\"@graph\":[{\"@type\":\"WebPage\",\"@id\":\"https:\/\/limittools.test.consids5.se\/sv\/product\/refraktometer-limit-1800\/\",\"url\":\"https:\/\/limittools.test.consids5.se\/sv\/product\/refraktometer-limit-1800\/\",\"name\":\"REFRAKTOMETER LIMIT 1800 - Precision measuring instruments | Limit\",\"isPartOf\":{\"@id\":\"https:\/\/limittools.test.consids5.se\/#website\"},\"datePublished\":\"2026-04-08T17:33:02+00:00\",\"dateModified\":\"2026-04-08T17:33:02+00:00\",\"breadcrumb\":{\"@id\":\"https:\/\/limittools.test.consids5.se\/sv\/product\/refraktometer-limit-1800\/#breadcrumb\"},\"inLanguage\":\"sv-SE\",\"potentialAction\":[{\"@type\":\"ReadAction\",\"target\":[\"https:\/\/limittools.test.consids5.se\/sv\/product\/refraktometer-limit-1800\/\"]}]},{\"@type\":\"BreadcrumbList\",\"@id\":\"https:\/\/limittools.test.consids5.se\/sv\/product\/refraktometer-limit-1800\/#breadcrumb\",\"itemListElement\":[{\"@type\":\"ListItem\",\"position\":1,\"name\":\"Products\",\"item\":\"https:\/\/limittools.test.consids5.se\/products\/\"},{\"@type\":\"ListItem\",\"position\":2,\"name\":\"REFRAKTOMETER LIMIT 1800\"}]},{\"@type\":\"WebSite\",\"@id\":\"https:\/\/limittools.test.consids5.se\/#website\",\"url\":\"https:\/\/limittools.test.consids5.se\/\",\"name\":\"Precision measuring instruments | Limit\",\"description\":\"Everything can be measured\",\"potentialAction\":[{\"@type\":\"SearchAction\",\"target\":{\"@type\":\"EntryPoint\",\"urlTemplate\":\"https:\/\/limittools.test.consids5.se\/?s={search_term_string}\"},\"query-input\":\"required name=search_term_string\"}],\"inLanguage\":\"sv-SE\"}]}<\/script>\n<!-- \/ Yoast SEO plugin. -->","yoast_head_json":{"title":"REFRAKTOMETER LIMIT 1800 - Precision measuring instruments | Limit","robots":{"index":"index","follow":"follow","max-snippet":"max-snippet:-1","max-image-preview":"max-image-preview:large","max-video-preview":"max-video-preview:-1"},"canonical":"https:\/\/limittools.test.consids5.se\/sv\/product\/refraktometer-limit-1800\/","og_locale":"sv_SE","og_type":"article","og_title":"REFRAKTOMETER LIMIT 1800 - Precision measuring instruments | Limit","og_description":"Refraktometer f\u00f6r att snabbt och exakt m\u00e4ta koncentrationen p\u00e5 en vattenl\u00f6sning, sk\u00e4rv\u00e4tska och andra industriella l\u00f6sningar. Assisterar maskinoperat\u00f6rer att bibeh\u00e5lla [&hellip;]","og_url":"https:\/\/limittools.test.consids5.se\/sv\/product\/refraktometer-limit-1800\/","og_site_name":"Precision measuring instruments | Limit","article_publisher":"https:\/\/www.facebook.com\/limittools\/","twitter_card":"summary_large_image","schema":{"@context":"https:\/\/schema.org","@graph":[{"@type":"WebPage","@id":"https:\/\/limittools.test.consids5.se\/sv\/product\/refraktometer-limit-1800\/","url":"https:\/\/limittools.test.consids5.se\/sv\/product\/refraktometer-limit-1800\/","name":"REFRAKTOMETER LIMIT 1800 - Precision measuring instruments | Limit","isPartOf":{"@id":"https:\/\/limittools.test.consids5.se\/#website"},"datePublished":"2026-04-08T17:33:02+00:00","dateModified":"2026-04-08T17:33:02+00:00","breadcrumb":{"@id":"https:\/\/limittools.test.consids5.se\/sv\/product\/refraktometer-limit-1800\/#breadcrumb"},"inLanguage":"sv-SE","potentialAction":[{"@type":"ReadAction","target":["https:\/\/limittools.test.consids5.se\/sv\/product\/refraktometer-limit-1800\/"]}]},{"@type":"BreadcrumbList","@id":"https:\/\/limittools.test.consids5.se\/sv\/product\/refraktometer-limit-1800\/#breadcrumb","itemListElement":[{"@type":"ListItem","position":1,"name":"Products","item":"https:\/\/limittools.test.consids5.se\/products\/"},{"@type":"ListItem","position":2,"name":"REFRAKTOMETER LIMIT 1800"}]},{"@type":"WebSite","@id":"https:\/\/limittools.test.consids5.se\/#website","url":"https:\/\/limittools.test.consids5.se\/","name":"Precision measuring instruments | Limit","description":"Everything can be measured","potentialAction":[{"@type":"SearchAction","target":{"@type":"EntryPoint","urlTemplate":"https:\/\/limittools.test.consids5.se\/?s={search_term_string}"},"query-input":"required name=search_term_string"}],"inLanguage":"sv-SE"}]}},"_links":{"self":[{"href":"https:\/\/limittools.test.consids5.se\/sv\/wp-json\/wp\/v2\/product\/2859"}],"collection":[{"href":"https:\/\/limittools.test.consids5.se\/sv\/wp-json\/wp\/v2\/product"}],"about":[{"href":"https:\/\/limittools.test.consids5.se\/sv\/wp-json\/wp\/v2\/types\/product"}],"replies":[{"embeddable":true,"href":"https:\/\/limittools.test.consids5.se\/sv\/wp-json\/wp\/v2\/comments?post=2859"}],"wp:attachment":[{"href":"https:\/\/limittools.test.consids5.se\/sv\/wp-json\/wp\/v2\/media?parent=2859"}],"wp:term":[{"taxonomy":"product_cat","embeddable":true,"href":"https:\/\/limittools.test.consids5.se\/sv\/wp-json\/wp\/v2\/product_cat?post=2859"},{"taxonomy":"product_tag","embeddable":true,"href":"https:\/\/limittools.test.consids5.se\/sv\/wp-json\/wp\/v2\/product_tag?post=2859"}],"curies":[{"name":"wp","href":"https:\/\/api.w.org\/{rel}","templated":true}]}}