{"id":2898,"date":"2025-01-22T08:37:15","date_gmt":"2025-01-22T08:37:15","guid":{"rendered":"http:\/\/limit-tools.local\/product\/dig-indikatorklocka-125-0001\/"},"modified":"2025-01-22T08:37:15","modified_gmt":"2025-01-22T08:37:15","slug":"dig-indikatorklocka-125-0001","status":"publish","type":"product","link":"https:\/\/limittools.test.consids5.se\/sv\/product\/dig-indikatorklocka-125-0001\/","title":{"rendered":"DIG.INDIKATORKLOCKA 12,5\/0,001"},"content":{"rendered":"<p>Digital m\u00e4tklocka. Toleransfunktion. Omst\u00e4llbar mellan absolut och inkrementalt m\u00e4tv\u00e4rde. Nollst\u00e4llning. Omst\u00e4llbar mellan mm och eng. tum. DIN 878. Batterityp CR2025, ing\u00e5r.<\/p>\n","protected":false},"excerpt":{"rendered":"Digital m\u00e4tklocka. Toleransfunktion. Omst\u00e4llbar mellan absolut och inkrementalt m\u00e4tv\u00e4rde. Nollst\u00e4llning. Omst\u00e4llbar mellan mm och eng. tum. DIN 878. Batterityp CR2025, [&hellip;]","protected":false},"featured_media":0,"comment_status":"closed","ping_status":"closed","template":"","meta":{"_acf_changed":false},"product_cat":[365,249],"product_tag":[],"class_list":{"0":"post-2898","1":"product","2":"type-product","3":"status-publish","5":"product_cat-indikatorklockor-sv","6":"product_cat-verkstadsmat-sv","8":"first","9":"instock","10":"shipping-taxable","11":"product-type-simple"},"acf":[],"yoast_head":"<!-- This site is optimized with the Yoast SEO plugin v23.2 - https:\/\/yoast.com\/wordpress\/plugins\/seo\/ -->\n<title>DIG.INDIKATORKLOCKA 12,5\/0,001 - Precision measuring instruments | Limit<\/title>\n<meta name=\"robots\" content=\"index, follow, max-snippet:-1, max-image-preview:large, max-video-preview:-1\" \/>\n<link rel=\"canonical\" href=\"https:\/\/limittools.test.consids5.se\/sv\/product\/dig-indikatorklocka-125-0001\/\" \/>\n<meta property=\"og:locale\" content=\"sv_SE\" \/>\n<meta property=\"og:type\" content=\"article\" \/>\n<meta property=\"og:title\" content=\"DIG.INDIKATORKLOCKA 12,5\/0,001 - Precision measuring instruments | Limit\" \/>\n<meta property=\"og:description\" content=\"Digital m\u00e4tklocka. Toleransfunktion. Omst\u00e4llbar mellan absolut och inkrementalt m\u00e4tv\u00e4rde. Nollst\u00e4llning. Omst\u00e4llbar mellan mm och eng. tum. DIN 878. Batterityp CR2025, [&hellip;]\" \/>\n<meta property=\"og:url\" content=\"https:\/\/limittools.test.consids5.se\/sv\/product\/dig-indikatorklocka-125-0001\/\" \/>\n<meta property=\"og:site_name\" content=\"Precision measuring instruments | Limit\" \/>\n<meta property=\"article:publisher\" content=\"https:\/\/www.facebook.com\/limittools\/\" \/>\n<meta name=\"twitter:card\" content=\"summary_large_image\" \/>\n<script type=\"application\/ld+json\" class=\"yoast-schema-graph\">{\"@context\":\"https:\/\/schema.org\",\"@graph\":[{\"@type\":\"WebPage\",\"@id\":\"https:\/\/limittools.test.consids5.se\/sv\/product\/dig-indikatorklocka-125-0001\/\",\"url\":\"https:\/\/limittools.test.consids5.se\/sv\/product\/dig-indikatorklocka-125-0001\/\",\"name\":\"DIG.INDIKATORKLOCKA 12,5\/0,001 - Precision measuring instruments | Limit\",\"isPartOf\":{\"@id\":\"https:\/\/limittools.test.consids5.se\/#website\"},\"datePublished\":\"2025-01-22T08:37:15+00:00\",\"dateModified\":\"2025-01-22T08:37:15+00:00\",\"breadcrumb\":{\"@id\":\"https:\/\/limittools.test.consids5.se\/sv\/product\/dig-indikatorklocka-125-0001\/#breadcrumb\"},\"inLanguage\":\"sv-SE\",\"potentialAction\":[{\"@type\":\"ReadAction\",\"target\":[\"https:\/\/limittools.test.consids5.se\/sv\/product\/dig-indikatorklocka-125-0001\/\"]}]},{\"@type\":\"BreadcrumbList\",\"@id\":\"https:\/\/limittools.test.consids5.se\/sv\/product\/dig-indikatorklocka-125-0001\/#breadcrumb\",\"itemListElement\":[{\"@type\":\"ListItem\",\"position\":1,\"name\":\"Products\",\"item\":\"https:\/\/limittools.test.consids5.se\/products\/\"},{\"@type\":\"ListItem\",\"position\":2,\"name\":\"DIG.INDIKATORKLOCKA 12,5\/0,001\"}]},{\"@type\":\"WebSite\",\"@id\":\"https:\/\/limittools.test.consids5.se\/#website\",\"url\":\"https:\/\/limittools.test.consids5.se\/\",\"name\":\"Precision measuring instruments | Limit\",\"description\":\"Everything can be measured\",\"potentialAction\":[{\"@type\":\"SearchAction\",\"target\":{\"@type\":\"EntryPoint\",\"urlTemplate\":\"https:\/\/limittools.test.consids5.se\/?s={search_term_string}\"},\"query-input\":\"required name=search_term_string\"}],\"inLanguage\":\"sv-SE\"}]}<\/script>\n<!-- \/ Yoast SEO plugin. -->","yoast_head_json":{"title":"DIG.INDIKATORKLOCKA 12,5\/0,001 - Precision measuring instruments | Limit","robots":{"index":"index","follow":"follow","max-snippet":"max-snippet:-1","max-image-preview":"max-image-preview:large","max-video-preview":"max-video-preview:-1"},"canonical":"https:\/\/limittools.test.consids5.se\/sv\/product\/dig-indikatorklocka-125-0001\/","og_locale":"sv_SE","og_type":"article","og_title":"DIG.INDIKATORKLOCKA 12,5\/0,001 - Precision measuring instruments | Limit","og_description":"Digital m\u00e4tklocka. Toleransfunktion. Omst\u00e4llbar mellan absolut och inkrementalt m\u00e4tv\u00e4rde. Nollst\u00e4llning. Omst\u00e4llbar mellan mm och eng. tum. DIN 878. Batterityp CR2025, [&hellip;]","og_url":"https:\/\/limittools.test.consids5.se\/sv\/product\/dig-indikatorklocka-125-0001\/","og_site_name":"Precision measuring instruments | Limit","article_publisher":"https:\/\/www.facebook.com\/limittools\/","twitter_card":"summary_large_image","schema":{"@context":"https:\/\/schema.org","@graph":[{"@type":"WebPage","@id":"https:\/\/limittools.test.consids5.se\/sv\/product\/dig-indikatorklocka-125-0001\/","url":"https:\/\/limittools.test.consids5.se\/sv\/product\/dig-indikatorklocka-125-0001\/","name":"DIG.INDIKATORKLOCKA 12,5\/0,001 - Precision measuring instruments | Limit","isPartOf":{"@id":"https:\/\/limittools.test.consids5.se\/#website"},"datePublished":"2025-01-22T08:37:15+00:00","dateModified":"2025-01-22T08:37:15+00:00","breadcrumb":{"@id":"https:\/\/limittools.test.consids5.se\/sv\/product\/dig-indikatorklocka-125-0001\/#breadcrumb"},"inLanguage":"sv-SE","potentialAction":[{"@type":"ReadAction","target":["https:\/\/limittools.test.consids5.se\/sv\/product\/dig-indikatorklocka-125-0001\/"]}]},{"@type":"BreadcrumbList","@id":"https:\/\/limittools.test.consids5.se\/sv\/product\/dig-indikatorklocka-125-0001\/#breadcrumb","itemListElement":[{"@type":"ListItem","position":1,"name":"Products","item":"https:\/\/limittools.test.consids5.se\/products\/"},{"@type":"ListItem","position":2,"name":"DIG.INDIKATORKLOCKA 12,5\/0,001"}]},{"@type":"WebSite","@id":"https:\/\/limittools.test.consids5.se\/#website","url":"https:\/\/limittools.test.consids5.se\/","name":"Precision measuring instruments | Limit","description":"Everything can be measured","potentialAction":[{"@type":"SearchAction","target":{"@type":"EntryPoint","urlTemplate":"https:\/\/limittools.test.consids5.se\/?s={search_term_string}"},"query-input":"required name=search_term_string"}],"inLanguage":"sv-SE"}]}},"_links":{"self":[{"href":"https:\/\/limittools.test.consids5.se\/sv\/wp-json\/wp\/v2\/product\/2898"}],"collection":[{"href":"https:\/\/limittools.test.consids5.se\/sv\/wp-json\/wp\/v2\/product"}],"about":[{"href":"https:\/\/limittools.test.consids5.se\/sv\/wp-json\/wp\/v2\/types\/product"}],"replies":[{"embeddable":true,"href":"https:\/\/limittools.test.consids5.se\/sv\/wp-json\/wp\/v2\/comments?post=2898"}],"wp:attachment":[{"href":"https:\/\/limittools.test.consids5.se\/sv\/wp-json\/wp\/v2\/media?parent=2898"}],"wp:term":[{"taxonomy":"product_cat","embeddable":true,"href":"https:\/\/limittools.test.consids5.se\/sv\/wp-json\/wp\/v2\/product_cat?post=2898"},{"taxonomy":"product_tag","embeddable":true,"href":"https:\/\/limittools.test.consids5.se\/sv\/wp-json\/wp\/v2\/product_tag?post=2898"}],"curies":[{"name":"wp","href":"https:\/\/api.w.org\/{rel}","templated":true}]}}