{"id":2907,"date":"2026-04-08T17:33:30","date_gmt":"2026-04-08T17:33:30","guid":{"rendered":"http:\/\/limit-tools.local\/product\/paketvag-dig-le2-150-150kg\/"},"modified":"2026-04-08T17:33:30","modified_gmt":"2026-04-08T17:33:30","slug":"paketvag-dig-le2-150-150kg","status":"publish","type":"product","link":"https:\/\/limittools.test.consids5.se\/sv\/product\/paketvag-dig-le2-150-150kg\/","title":{"rendered":"PAKETV\u00c5G DIG. LE2-150 150KG"},"content":{"rendered":"<p>Elektronisk paketv\u00e5g med digital visning. Plattform och displayenhet separata.<br \/>\nDisplayenhet kan vara frist\u00e5ende eller f\u00e4st p\u00e5 v\u00e4gg\/stativ. Stor tydlig vidvinkeldisplay med 25 mm h\u00f6ga siffror och bakgrundsbelysning.<br \/>\nFunktionstangenter f\u00f6r noll, viktenhet, tara, netto\/brutto. Rostfri belastningsplatta. N\u00e4t- eller batteridrift. Levereras med laddare och laddningsbart batteri. Batteridrift upp till 80 timmar.<\/p>\n","protected":false},"excerpt":{"rendered":"Elektronisk paketv\u00e5g med digital visning. Plattform och displayenhet separata. Displayenhet kan vara frist\u00e5ende eller f\u00e4st p\u00e5 v\u00e4gg\/stativ. Stor tydlig vidvinkeldisplay [&hellip;]","protected":false},"featured_media":0,"comment_status":"closed","ping_status":"closed","template":"","meta":{"_acf_changed":false},"product_cat":[430,306],"product_tag":[],"class_list":{"0":"post-2907","1":"product","2":"type-product","3":"status-publish","5":"product_cat-paketvagar-sv","6":"product_cat-vagar-sv","8":"first","9":"instock","10":"shipping-taxable","11":"product-type-simple"},"acf":[],"yoast_head":"<!-- This site is optimized with the Yoast SEO plugin v23.2 - https:\/\/yoast.com\/wordpress\/plugins\/seo\/ -->\n<title>PAKETV\u00c5G DIG. LE2-150 150KG - Precision measuring instruments | Limit<\/title>\n<meta name=\"robots\" content=\"index, follow, max-snippet:-1, max-image-preview:large, max-video-preview:-1\" \/>\n<link rel=\"canonical\" href=\"https:\/\/limittools.test.consids5.se\/sv\/product\/paketvag-dig-le2-150-150kg\/\" \/>\n<meta property=\"og:locale\" content=\"sv_SE\" \/>\n<meta property=\"og:type\" content=\"article\" \/>\n<meta property=\"og:title\" content=\"PAKETV\u00c5G DIG. LE2-150 150KG - Precision measuring instruments | Limit\" \/>\n<meta property=\"og:description\" content=\"Elektronisk paketv\u00e5g med digital visning. Plattform och displayenhet separata. Displayenhet kan vara frist\u00e5ende eller f\u00e4st p\u00e5 v\u00e4gg\/stativ. Stor tydlig vidvinkeldisplay [&hellip;]\" \/>\n<meta property=\"og:url\" content=\"https:\/\/limittools.test.consids5.se\/sv\/product\/paketvag-dig-le2-150-150kg\/\" \/>\n<meta property=\"og:site_name\" content=\"Precision measuring instruments | Limit\" \/>\n<meta property=\"article:publisher\" content=\"https:\/\/www.facebook.com\/limittools\/\" \/>\n<meta name=\"twitter:card\" content=\"summary_large_image\" \/>\n<script type=\"application\/ld+json\" class=\"yoast-schema-graph\">{\"@context\":\"https:\/\/schema.org\",\"@graph\":[{\"@type\":\"WebPage\",\"@id\":\"https:\/\/limittools.test.consids5.se\/sv\/product\/paketvag-dig-le2-150-150kg\/\",\"url\":\"https:\/\/limittools.test.consids5.se\/sv\/product\/paketvag-dig-le2-150-150kg\/\",\"name\":\"PAKETV\u00c5G DIG. LE2-150 150KG - Precision measuring instruments | Limit\",\"isPartOf\":{\"@id\":\"https:\/\/limittools.test.consids5.se\/#website\"},\"datePublished\":\"2026-04-08T17:33:30+00:00\",\"dateModified\":\"2026-04-08T17:33:30+00:00\",\"breadcrumb\":{\"@id\":\"https:\/\/limittools.test.consids5.se\/sv\/product\/paketvag-dig-le2-150-150kg\/#breadcrumb\"},\"inLanguage\":\"sv-SE\",\"potentialAction\":[{\"@type\":\"ReadAction\",\"target\":[\"https:\/\/limittools.test.consids5.se\/sv\/product\/paketvag-dig-le2-150-150kg\/\"]}]},{\"@type\":\"BreadcrumbList\",\"@id\":\"https:\/\/limittools.test.consids5.se\/sv\/product\/paketvag-dig-le2-150-150kg\/#breadcrumb\",\"itemListElement\":[{\"@type\":\"ListItem\",\"position\":1,\"name\":\"Products\",\"item\":\"https:\/\/limittools.test.consids5.se\/products\/\"},{\"@type\":\"ListItem\",\"position\":2,\"name\":\"PAKETV\u00c5G DIG. LE2-150 150KG\"}]},{\"@type\":\"WebSite\",\"@id\":\"https:\/\/limittools.test.consids5.se\/#website\",\"url\":\"https:\/\/limittools.test.consids5.se\/\",\"name\":\"Precision measuring instruments | Limit\",\"description\":\"Everything can be measured\",\"potentialAction\":[{\"@type\":\"SearchAction\",\"target\":{\"@type\":\"EntryPoint\",\"urlTemplate\":\"https:\/\/limittools.test.consids5.se\/?s={search_term_string}\"},\"query-input\":\"required name=search_term_string\"}],\"inLanguage\":\"sv-SE\"}]}<\/script>\n<!-- \/ Yoast SEO plugin. -->","yoast_head_json":{"title":"PAKETV\u00c5G DIG. LE2-150 150KG - Precision measuring instruments | Limit","robots":{"index":"index","follow":"follow","max-snippet":"max-snippet:-1","max-image-preview":"max-image-preview:large","max-video-preview":"max-video-preview:-1"},"canonical":"https:\/\/limittools.test.consids5.se\/sv\/product\/paketvag-dig-le2-150-150kg\/","og_locale":"sv_SE","og_type":"article","og_title":"PAKETV\u00c5G DIG. LE2-150 150KG - Precision measuring instruments | Limit","og_description":"Elektronisk paketv\u00e5g med digital visning. Plattform och displayenhet separata. Displayenhet kan vara frist\u00e5ende eller f\u00e4st p\u00e5 v\u00e4gg\/stativ. Stor tydlig vidvinkeldisplay [&hellip;]","og_url":"https:\/\/limittools.test.consids5.se\/sv\/product\/paketvag-dig-le2-150-150kg\/","og_site_name":"Precision measuring instruments | Limit","article_publisher":"https:\/\/www.facebook.com\/limittools\/","twitter_card":"summary_large_image","schema":{"@context":"https:\/\/schema.org","@graph":[{"@type":"WebPage","@id":"https:\/\/limittools.test.consids5.se\/sv\/product\/paketvag-dig-le2-150-150kg\/","url":"https:\/\/limittools.test.consids5.se\/sv\/product\/paketvag-dig-le2-150-150kg\/","name":"PAKETV\u00c5G DIG. LE2-150 150KG - Precision measuring instruments | Limit","isPartOf":{"@id":"https:\/\/limittools.test.consids5.se\/#website"},"datePublished":"2026-04-08T17:33:30+00:00","dateModified":"2026-04-08T17:33:30+00:00","breadcrumb":{"@id":"https:\/\/limittools.test.consids5.se\/sv\/product\/paketvag-dig-le2-150-150kg\/#breadcrumb"},"inLanguage":"sv-SE","potentialAction":[{"@type":"ReadAction","target":["https:\/\/limittools.test.consids5.se\/sv\/product\/paketvag-dig-le2-150-150kg\/"]}]},{"@type":"BreadcrumbList","@id":"https:\/\/limittools.test.consids5.se\/sv\/product\/paketvag-dig-le2-150-150kg\/#breadcrumb","itemListElement":[{"@type":"ListItem","position":1,"name":"Products","item":"https:\/\/limittools.test.consids5.se\/products\/"},{"@type":"ListItem","position":2,"name":"PAKETV\u00c5G DIG. LE2-150 150KG"}]},{"@type":"WebSite","@id":"https:\/\/limittools.test.consids5.se\/#website","url":"https:\/\/limittools.test.consids5.se\/","name":"Precision measuring instruments | Limit","description":"Everything can be measured","potentialAction":[{"@type":"SearchAction","target":{"@type":"EntryPoint","urlTemplate":"https:\/\/limittools.test.consids5.se\/?s={search_term_string}"},"query-input":"required name=search_term_string"}],"inLanguage":"sv-SE"}]}},"_links":{"self":[{"href":"https:\/\/limittools.test.consids5.se\/sv\/wp-json\/wp\/v2\/product\/2907"}],"collection":[{"href":"https:\/\/limittools.test.consids5.se\/sv\/wp-json\/wp\/v2\/product"}],"about":[{"href":"https:\/\/limittools.test.consids5.se\/sv\/wp-json\/wp\/v2\/types\/product"}],"replies":[{"embeddable":true,"href":"https:\/\/limittools.test.consids5.se\/sv\/wp-json\/wp\/v2\/comments?post=2907"}],"wp:attachment":[{"href":"https:\/\/limittools.test.consids5.se\/sv\/wp-json\/wp\/v2\/media?parent=2907"}],"wp:term":[{"taxonomy":"product_cat","embeddable":true,"href":"https:\/\/limittools.test.consids5.se\/sv\/wp-json\/wp\/v2\/product_cat?post=2907"},{"taxonomy":"product_tag","embeddable":true,"href":"https:\/\/limittools.test.consids5.se\/sv\/wp-json\/wp\/v2\/product_tag?post=2907"}],"curies":[{"name":"wp","href":"https:\/\/api.w.org\/{rel}","templated":true}]}}