{"id":2919,"date":"2026-04-08T17:33:39","date_gmt":"2026-04-08T17:33:39","guid":{"rendered":"http:\/\/limit-tools.local\/product\/decibelmatare-limit-7000\/"},"modified":"2026-04-08T17:33:39","modified_gmt":"2026-04-08T17:33:39","slug":"decibelmatare-limit-7000","status":"publish","type":"product","link":"https:\/\/limittools.test.consids5.se\/sv\/product\/decibelmatare-limit-7000\/","title":{"rendered":"DECIBELM\u00c4TARE LIMIT 7000"},"content":{"rendered":"<p>Digital ljudniv\u00e5m\u00e4tare. Tv\u00e5 olika filterkurvor A eller C samt Snabb eller L\u00e5ngsam ljudupptagning. A-filtret motsvarar det m\u00e4nskliga \u00f6rats frekvensk\u00e4nslighet och \u00e4r l\u00e4mpligt vid milj\u00f6m\u00e4ssiga ljudm\u00e4tningar. C-filtret \u00e4r linj\u00e4rt och l\u00e4mpar sig f\u00f6r kontroll av maskiner. Snabb (fast) ljudupptagning anv\u00e4nds d\u00e5 man vill se hastiga ljudtoppar. Det l\u00e5ngsamma l\u00e4get (slow) ger ett stabilt m\u00e4tresultat p\u00e5 ljud som varierar eller pulserar. Ljudet kan m\u00e4tas momentat eller ge ett genomsnittligt v\u00e4rde under en vald tidsperiod, fr\u00e5n 10 sek till 24 timmar. Inbyggt minne f\u00f6r 30 m\u00e4tningar alternativt kan instrumentet anslutas till PC f\u00f6r registrering av m\u00e4tv\u00e4rden. Registrering av max. v\u00e4rde. Alarmfunktion som visar med LED-lampa n\u00e4r ljudniv\u00e5n \u00e4r \u00f6ver ett inst\u00e4llt v\u00e4rde. Andelen m\u00e4tv\u00e4rden som \u00f6verstiger alarmv\u00e4rdet under m\u00e4tperioden kan visas. Inst\u00e4llbar automatisk eller manuell avst\u00e4ngning. Inbyggd kalibreringsfunktion 94 dB. Svensk bruksanvisning. Batteri ing\u00e5r ej.<br \/>\nUppfyller standard IEC 651 Typ 2, ANSI 1,4 Typ 2.<\/p>\n","protected":false},"excerpt":{"rendered":"Digital ljudniv\u00e5m\u00e4tare. Tv\u00e5 olika filterkurvor A eller C samt Snabb eller L\u00e5ngsam ljudupptagning. A-filtret motsvarar det m\u00e4nskliga \u00f6rats frekvensk\u00e4nslighet och [&hellip;]","protected":false},"featured_media":0,"comment_status":"closed","ping_status":"closed","template":"","meta":{"_acf_changed":false},"product_cat":[525,1634],"product_tag":[],"class_list":{"0":"post-2919","1":"product","2":"type-product","3":"status-publish","5":"product_cat-klimat-och-miljomat-instrument-sv","6":"product_cat-ljudnivamatare-sv","8":"first","9":"instock","10":"shipping-taxable","11":"product-type-simple"},"acf":[],"yoast_head":"<!-- This site is optimized with the Yoast SEO plugin v23.2 - https:\/\/yoast.com\/wordpress\/plugins\/seo\/ -->\n<title>DECIBELM\u00c4TARE LIMIT 7000 - Precision measuring instruments | Limit<\/title>\n<meta name=\"robots\" content=\"index, follow, max-snippet:-1, max-image-preview:large, max-video-preview:-1\" \/>\n<link rel=\"canonical\" href=\"https:\/\/limittools.test.consids5.se\/sv\/product\/decibelmatare-limit-7000\/\" \/>\n<meta property=\"og:locale\" content=\"sv_SE\" \/>\n<meta property=\"og:type\" content=\"article\" \/>\n<meta property=\"og:title\" content=\"DECIBELM\u00c4TARE LIMIT 7000 - Precision measuring instruments | Limit\" \/>\n<meta property=\"og:description\" content=\"Digital ljudniv\u00e5m\u00e4tare. Tv\u00e5 olika filterkurvor A eller C samt Snabb eller L\u00e5ngsam ljudupptagning. A-filtret motsvarar det m\u00e4nskliga \u00f6rats frekvensk\u00e4nslighet och [&hellip;]\" \/>\n<meta property=\"og:url\" content=\"https:\/\/limittools.test.consids5.se\/sv\/product\/decibelmatare-limit-7000\/\" \/>\n<meta property=\"og:site_name\" content=\"Precision measuring instruments | Limit\" \/>\n<meta property=\"article:publisher\" content=\"https:\/\/www.facebook.com\/limittools\/\" \/>\n<meta name=\"twitter:card\" content=\"summary_large_image\" \/>\n<meta name=\"twitter:label1\" content=\"Est. reading time\" \/>\n\t<meta name=\"twitter:data1\" content=\"1 minute\" \/>\n<script type=\"application\/ld+json\" class=\"yoast-schema-graph\">{\"@context\":\"https:\/\/schema.org\",\"@graph\":[{\"@type\":\"WebPage\",\"@id\":\"https:\/\/limittools.test.consids5.se\/sv\/product\/decibelmatare-limit-7000\/\",\"url\":\"https:\/\/limittools.test.consids5.se\/sv\/product\/decibelmatare-limit-7000\/\",\"name\":\"DECIBELM\u00c4TARE LIMIT 7000 - Precision measuring instruments | Limit\",\"isPartOf\":{\"@id\":\"https:\/\/limittools.test.consids5.se\/#website\"},\"datePublished\":\"2026-04-08T17:33:39+00:00\",\"dateModified\":\"2026-04-08T17:33:39+00:00\",\"breadcrumb\":{\"@id\":\"https:\/\/limittools.test.consids5.se\/sv\/product\/decibelmatare-limit-7000\/#breadcrumb\"},\"inLanguage\":\"sv-SE\",\"potentialAction\":[{\"@type\":\"ReadAction\",\"target\":[\"https:\/\/limittools.test.consids5.se\/sv\/product\/decibelmatare-limit-7000\/\"]}]},{\"@type\":\"BreadcrumbList\",\"@id\":\"https:\/\/limittools.test.consids5.se\/sv\/product\/decibelmatare-limit-7000\/#breadcrumb\",\"itemListElement\":[{\"@type\":\"ListItem\",\"position\":1,\"name\":\"Products\",\"item\":\"https:\/\/limittools.test.consids5.se\/products\/\"},{\"@type\":\"ListItem\",\"position\":2,\"name\":\"DECIBELM\u00c4TARE LIMIT 7000\"}]},{\"@type\":\"WebSite\",\"@id\":\"https:\/\/limittools.test.consids5.se\/#website\",\"url\":\"https:\/\/limittools.test.consids5.se\/\",\"name\":\"Precision measuring instruments | Limit\",\"description\":\"Everything can be measured\",\"potentialAction\":[{\"@type\":\"SearchAction\",\"target\":{\"@type\":\"EntryPoint\",\"urlTemplate\":\"https:\/\/limittools.test.consids5.se\/?s={search_term_string}\"},\"query-input\":\"required name=search_term_string\"}],\"inLanguage\":\"sv-SE\"}]}<\/script>\n<!-- \/ Yoast SEO plugin. -->","yoast_head_json":{"title":"DECIBELM\u00c4TARE LIMIT 7000 - Precision measuring instruments | Limit","robots":{"index":"index","follow":"follow","max-snippet":"max-snippet:-1","max-image-preview":"max-image-preview:large","max-video-preview":"max-video-preview:-1"},"canonical":"https:\/\/limittools.test.consids5.se\/sv\/product\/decibelmatare-limit-7000\/","og_locale":"sv_SE","og_type":"article","og_title":"DECIBELM\u00c4TARE LIMIT 7000 - Precision measuring instruments | Limit","og_description":"Digital ljudniv\u00e5m\u00e4tare. Tv\u00e5 olika filterkurvor A eller C samt Snabb eller L\u00e5ngsam ljudupptagning. A-filtret motsvarar det m\u00e4nskliga \u00f6rats frekvensk\u00e4nslighet och [&hellip;]","og_url":"https:\/\/limittools.test.consids5.se\/sv\/product\/decibelmatare-limit-7000\/","og_site_name":"Precision measuring instruments | Limit","article_publisher":"https:\/\/www.facebook.com\/limittools\/","twitter_card":"summary_large_image","twitter_misc":{"Est. reading time":"1 minute"},"schema":{"@context":"https:\/\/schema.org","@graph":[{"@type":"WebPage","@id":"https:\/\/limittools.test.consids5.se\/sv\/product\/decibelmatare-limit-7000\/","url":"https:\/\/limittools.test.consids5.se\/sv\/product\/decibelmatare-limit-7000\/","name":"DECIBELM\u00c4TARE LIMIT 7000 - Precision measuring instruments | Limit","isPartOf":{"@id":"https:\/\/limittools.test.consids5.se\/#website"},"datePublished":"2026-04-08T17:33:39+00:00","dateModified":"2026-04-08T17:33:39+00:00","breadcrumb":{"@id":"https:\/\/limittools.test.consids5.se\/sv\/product\/decibelmatare-limit-7000\/#breadcrumb"},"inLanguage":"sv-SE","potentialAction":[{"@type":"ReadAction","target":["https:\/\/limittools.test.consids5.se\/sv\/product\/decibelmatare-limit-7000\/"]}]},{"@type":"BreadcrumbList","@id":"https:\/\/limittools.test.consids5.se\/sv\/product\/decibelmatare-limit-7000\/#breadcrumb","itemListElement":[{"@type":"ListItem","position":1,"name":"Products","item":"https:\/\/limittools.test.consids5.se\/products\/"},{"@type":"ListItem","position":2,"name":"DECIBELM\u00c4TARE LIMIT 7000"}]},{"@type":"WebSite","@id":"https:\/\/limittools.test.consids5.se\/#website","url":"https:\/\/limittools.test.consids5.se\/","name":"Precision measuring instruments | Limit","description":"Everything can be measured","potentialAction":[{"@type":"SearchAction","target":{"@type":"EntryPoint","urlTemplate":"https:\/\/limittools.test.consids5.se\/?s={search_term_string}"},"query-input":"required name=search_term_string"}],"inLanguage":"sv-SE"}]}},"_links":{"self":[{"href":"https:\/\/limittools.test.consids5.se\/sv\/wp-json\/wp\/v2\/product\/2919"}],"collection":[{"href":"https:\/\/limittools.test.consids5.se\/sv\/wp-json\/wp\/v2\/product"}],"about":[{"href":"https:\/\/limittools.test.consids5.se\/sv\/wp-json\/wp\/v2\/types\/product"}],"replies":[{"embeddable":true,"href":"https:\/\/limittools.test.consids5.se\/sv\/wp-json\/wp\/v2\/comments?post=2919"}],"wp:attachment":[{"href":"https:\/\/limittools.test.consids5.se\/sv\/wp-json\/wp\/v2\/media?parent=2919"}],"wp:term":[{"taxonomy":"product_cat","embeddable":true,"href":"https:\/\/limittools.test.consids5.se\/sv\/wp-json\/wp\/v2\/product_cat?post=2919"},{"taxonomy":"product_tag","embeddable":true,"href":"https:\/\/limittools.test.consids5.se\/sv\/wp-json\/wp\/v2\/product_tag?post=2919"}],"curies":[{"name":"wp","href":"https:\/\/api.w.org\/{rel}","templated":true}]}}