{"id":2933,"date":"2026-04-08T17:33:45","date_gmt":"2026-04-08T17:33:45","guid":{"rendered":"http:\/\/limit-tools.local\/product\/hardhetsmatare-limit-4300\/"},"modified":"2026-04-08T17:33:45","modified_gmt":"2026-04-08T17:33:45","slug":"hardhetsmatare-limit-4300","status":"publish","type":"product","link":"https:\/\/limittools.test.consids5.se\/sv\/product\/hardhetsmatare-limit-4300\/","title":{"rendered":"H\u00c5RDHETSM\u00c4TARE LIMIT 4300"},"content":{"rendered":"<p>Portabelt h\u00e5rdhetsm\u00e4tare f\u00f6r de vanligaste metallerna som st\u00e5l, rostfritt st\u00e5l, gjutj\u00e4rn, aluminium, m\u00e4ssing, brons och koppar. Inst\u00e4llbart f\u00f6r m\u00e4tning i Rockwell HRB 38-100 och Rockwell HRC 20-68, Vickers HV 80-940 och Brinell HB 80-647. Separat m\u00e4tprobe underl\u00e4ttar m\u00e4tningar p\u00e5 stora f\u00f6rem\u00e5l och sv\u00e5r\u00e5tkomliga ytor. Enkel att anv\u00e4nda. V\u00e4lj slagriktning, materialkod, skala. H\u00e5ll m\u00e4tproben stabilt mot m\u00e4tobjektet, frig\u00f6r fj\u00e4dermekanismen och avl\u00e4s m\u00e4tv\u00e4rdet, m\u00e4tprobe diameter 20 mm.<\/p>\n","protected":false},"excerpt":{"rendered":"Portabelt h\u00e5rdhetsm\u00e4tare f\u00f6r de vanligaste metallerna som st\u00e5l, rostfritt st\u00e5l, gjutj\u00e4rn, aluminium, m\u00e4ssing, brons och koppar. Inst\u00e4llbart f\u00f6r m\u00e4tning i [&hellip;]","protected":false},"featured_media":0,"comment_status":"closed","ping_status":"closed","template":"","meta":{"_acf_changed":false},"product_cat":[465,324],"product_tag":[],"class_list":{"0":"post-2933","1":"product","2":"type-product","3":"status-publish","5":"product_cat-hardhetsprovare-sv","6":"product_cat-inspektion-sv","8":"first","9":"instock","10":"shipping-taxable","11":"product-type-simple"},"acf":[],"yoast_head":"<!-- This site is optimized with the Yoast SEO plugin v23.2 - https:\/\/yoast.com\/wordpress\/plugins\/seo\/ -->\n<title>H\u00c5RDHETSM\u00c4TARE LIMIT 4300 - Precision measuring instruments | Limit<\/title>\n<meta name=\"robots\" content=\"index, follow, max-snippet:-1, max-image-preview:large, max-video-preview:-1\" \/>\n<link rel=\"canonical\" href=\"https:\/\/limittools.test.consids5.se\/sv\/product\/hardhetsmatare-limit-4300\/\" \/>\n<meta property=\"og:locale\" content=\"sv_SE\" \/>\n<meta property=\"og:type\" content=\"article\" \/>\n<meta property=\"og:title\" content=\"H\u00c5RDHETSM\u00c4TARE LIMIT 4300 - Precision measuring instruments | Limit\" \/>\n<meta property=\"og:description\" content=\"Portabelt h\u00e5rdhetsm\u00e4tare f\u00f6r de vanligaste metallerna som st\u00e5l, rostfritt st\u00e5l, gjutj\u00e4rn, aluminium, m\u00e4ssing, brons och koppar. Inst\u00e4llbart f\u00f6r m\u00e4tning i [&hellip;]\" \/>\n<meta property=\"og:url\" content=\"https:\/\/limittools.test.consids5.se\/sv\/product\/hardhetsmatare-limit-4300\/\" \/>\n<meta property=\"og:site_name\" content=\"Precision measuring instruments | Limit\" \/>\n<meta property=\"article:publisher\" content=\"https:\/\/www.facebook.com\/limittools\/\" \/>\n<meta name=\"twitter:card\" content=\"summary_large_image\" \/>\n<script type=\"application\/ld+json\" class=\"yoast-schema-graph\">{\"@context\":\"https:\/\/schema.org\",\"@graph\":[{\"@type\":\"WebPage\",\"@id\":\"https:\/\/limittools.test.consids5.se\/sv\/product\/hardhetsmatare-limit-4300\/\",\"url\":\"https:\/\/limittools.test.consids5.se\/sv\/product\/hardhetsmatare-limit-4300\/\",\"name\":\"H\u00c5RDHETSM\u00c4TARE LIMIT 4300 - Precision measuring instruments | Limit\",\"isPartOf\":{\"@id\":\"https:\/\/limittools.test.consids5.se\/#website\"},\"datePublished\":\"2026-04-08T17:33:45+00:00\",\"dateModified\":\"2026-04-08T17:33:45+00:00\",\"breadcrumb\":{\"@id\":\"https:\/\/limittools.test.consids5.se\/sv\/product\/hardhetsmatare-limit-4300\/#breadcrumb\"},\"inLanguage\":\"sv-SE\",\"potentialAction\":[{\"@type\":\"ReadAction\",\"target\":[\"https:\/\/limittools.test.consids5.se\/sv\/product\/hardhetsmatare-limit-4300\/\"]}]},{\"@type\":\"BreadcrumbList\",\"@id\":\"https:\/\/limittools.test.consids5.se\/sv\/product\/hardhetsmatare-limit-4300\/#breadcrumb\",\"itemListElement\":[{\"@type\":\"ListItem\",\"position\":1,\"name\":\"Products\",\"item\":\"https:\/\/limittools.test.consids5.se\/products\/\"},{\"@type\":\"ListItem\",\"position\":2,\"name\":\"H\u00c5RDHETSM\u00c4TARE LIMIT 4300\"}]},{\"@type\":\"WebSite\",\"@id\":\"https:\/\/limittools.test.consids5.se\/#website\",\"url\":\"https:\/\/limittools.test.consids5.se\/\",\"name\":\"Precision measuring instruments | Limit\",\"description\":\"Everything can be measured\",\"potentialAction\":[{\"@type\":\"SearchAction\",\"target\":{\"@type\":\"EntryPoint\",\"urlTemplate\":\"https:\/\/limittools.test.consids5.se\/?s={search_term_string}\"},\"query-input\":\"required name=search_term_string\"}],\"inLanguage\":\"sv-SE\"}]}<\/script>\n<!-- \/ Yoast SEO plugin. -->","yoast_head_json":{"title":"H\u00c5RDHETSM\u00c4TARE LIMIT 4300 - Precision measuring instruments | Limit","robots":{"index":"index","follow":"follow","max-snippet":"max-snippet:-1","max-image-preview":"max-image-preview:large","max-video-preview":"max-video-preview:-1"},"canonical":"https:\/\/limittools.test.consids5.se\/sv\/product\/hardhetsmatare-limit-4300\/","og_locale":"sv_SE","og_type":"article","og_title":"H\u00c5RDHETSM\u00c4TARE LIMIT 4300 - Precision measuring instruments | Limit","og_description":"Portabelt h\u00e5rdhetsm\u00e4tare f\u00f6r de vanligaste metallerna som st\u00e5l, rostfritt st\u00e5l, gjutj\u00e4rn, aluminium, m\u00e4ssing, brons och koppar. Inst\u00e4llbart f\u00f6r m\u00e4tning i [&hellip;]","og_url":"https:\/\/limittools.test.consids5.se\/sv\/product\/hardhetsmatare-limit-4300\/","og_site_name":"Precision measuring instruments | Limit","article_publisher":"https:\/\/www.facebook.com\/limittools\/","twitter_card":"summary_large_image","schema":{"@context":"https:\/\/schema.org","@graph":[{"@type":"WebPage","@id":"https:\/\/limittools.test.consids5.se\/sv\/product\/hardhetsmatare-limit-4300\/","url":"https:\/\/limittools.test.consids5.se\/sv\/product\/hardhetsmatare-limit-4300\/","name":"H\u00c5RDHETSM\u00c4TARE LIMIT 4300 - Precision measuring instruments | Limit","isPartOf":{"@id":"https:\/\/limittools.test.consids5.se\/#website"},"datePublished":"2026-04-08T17:33:45+00:00","dateModified":"2026-04-08T17:33:45+00:00","breadcrumb":{"@id":"https:\/\/limittools.test.consids5.se\/sv\/product\/hardhetsmatare-limit-4300\/#breadcrumb"},"inLanguage":"sv-SE","potentialAction":[{"@type":"ReadAction","target":["https:\/\/limittools.test.consids5.se\/sv\/product\/hardhetsmatare-limit-4300\/"]}]},{"@type":"BreadcrumbList","@id":"https:\/\/limittools.test.consids5.se\/sv\/product\/hardhetsmatare-limit-4300\/#breadcrumb","itemListElement":[{"@type":"ListItem","position":1,"name":"Products","item":"https:\/\/limittools.test.consids5.se\/products\/"},{"@type":"ListItem","position":2,"name":"H\u00c5RDHETSM\u00c4TARE LIMIT 4300"}]},{"@type":"WebSite","@id":"https:\/\/limittools.test.consids5.se\/#website","url":"https:\/\/limittools.test.consids5.se\/","name":"Precision measuring instruments | Limit","description":"Everything can be measured","potentialAction":[{"@type":"SearchAction","target":{"@type":"EntryPoint","urlTemplate":"https:\/\/limittools.test.consids5.se\/?s={search_term_string}"},"query-input":"required name=search_term_string"}],"inLanguage":"sv-SE"}]}},"_links":{"self":[{"href":"https:\/\/limittools.test.consids5.se\/sv\/wp-json\/wp\/v2\/product\/2933"}],"collection":[{"href":"https:\/\/limittools.test.consids5.se\/sv\/wp-json\/wp\/v2\/product"}],"about":[{"href":"https:\/\/limittools.test.consids5.se\/sv\/wp-json\/wp\/v2\/types\/product"}],"replies":[{"embeddable":true,"href":"https:\/\/limittools.test.consids5.se\/sv\/wp-json\/wp\/v2\/comments?post=2933"}],"wp:attachment":[{"href":"https:\/\/limittools.test.consids5.se\/sv\/wp-json\/wp\/v2\/media?parent=2933"}],"wp:term":[{"taxonomy":"product_cat","embeddable":true,"href":"https:\/\/limittools.test.consids5.se\/sv\/wp-json\/wp\/v2\/product_cat?post=2933"},{"taxonomy":"product_tag","embeddable":true,"href":"https:\/\/limittools.test.consids5.se\/sv\/wp-json\/wp\/v2\/product_tag?post=2933"}],"curies":[{"name":"wp","href":"https:\/\/api.w.org\/{rel}","templated":true}]}}