{"id":2954,"date":"2026-04-08T17:33:54","date_gmt":"2026-04-08T17:33:54","guid":{"rendered":"http:\/\/limit-tools.local\/product\/hardhetsmat-gummi-limit-4000\/"},"modified":"2026-04-08T17:33:54","modified_gmt":"2026-04-08T17:33:54","slug":"hardhetsmat-gummi-limit-4000","status":"publish","type":"product","link":"https:\/\/limittools.test.consids5.se\/sv\/product\/hardhetsmat-gummi-limit-4000\/","title":{"rendered":"H\u00c5RDHETSM\u00c4T. GUMMI LIMIT 4000"},"content":{"rendered":"<p>M\u00e4ter mjuka materials h\u00e5rdhet som t.ex. gummi, mjuka plastmaterial, l\u00e4der etc.<br \/>\nEn fj\u00e4derbelastad m\u00e4tspets h\u00e5lls mot materialet och h\u00e5rdheten anges i Shore A.<br \/>\nM\u00e4tytan b\u00f6r vara relativs sl\u00e4t och m\u00e4tytans storlek minst 12 mm diameter och m\u00e4tningen skall utf\u00f6ras minst 12 mm fr\u00e5n ytterkant. Kalibrering kan ske mot bifogat testblock. Instrumentet har medelv\u00e4rdesfunktion f\u00f6r 2 till 9 m\u00e4tningar. Automatisk avst\u00e4ngning efter 1 minut. Instrumentet f\u00f6ljer standard enligt DIN 53505, ISO 868, ASTM D 2240.<\/p>\n","protected":false},"excerpt":{"rendered":"M\u00e4ter mjuka materials h\u00e5rdhet som t.ex. gummi, mjuka plastmaterial, l\u00e4der etc. En fj\u00e4derbelastad m\u00e4tspets h\u00e5lls mot materialet och h\u00e5rdheten anges [&hellip;]","protected":false},"featured_media":0,"comment_status":"closed","ping_status":"closed","template":"","meta":{"_acf_changed":false},"product_cat":[465,324],"product_tag":[],"class_list":{"0":"post-2954","1":"product","2":"type-product","3":"status-publish","5":"product_cat-hardhetsprovare-sv","6":"product_cat-inspektion-sv","8":"first","9":"instock","10":"shipping-taxable","11":"product-type-simple"},"acf":[],"yoast_head":"<!-- This site is optimized with the Yoast SEO plugin v23.2 - https:\/\/yoast.com\/wordpress\/plugins\/seo\/ -->\n<title>H\u00c5RDHETSM\u00c4T. GUMMI LIMIT 4000 - Precision measuring instruments | Limit<\/title>\n<meta name=\"robots\" content=\"index, follow, max-snippet:-1, max-image-preview:large, max-video-preview:-1\" \/>\n<link rel=\"canonical\" href=\"https:\/\/limittools.test.consids5.se\/sv\/product\/hardhetsmat-gummi-limit-4000\/\" \/>\n<meta property=\"og:locale\" content=\"sv_SE\" \/>\n<meta property=\"og:type\" content=\"article\" \/>\n<meta property=\"og:title\" content=\"H\u00c5RDHETSM\u00c4T. GUMMI LIMIT 4000 - Precision measuring instruments | Limit\" \/>\n<meta property=\"og:description\" content=\"M\u00e4ter mjuka materials h\u00e5rdhet som t.ex. gummi, mjuka plastmaterial, l\u00e4der etc. En fj\u00e4derbelastad m\u00e4tspets h\u00e5lls mot materialet och h\u00e5rdheten anges [&hellip;]\" \/>\n<meta property=\"og:url\" content=\"https:\/\/limittools.test.consids5.se\/sv\/product\/hardhetsmat-gummi-limit-4000\/\" \/>\n<meta property=\"og:site_name\" content=\"Precision measuring instruments | Limit\" \/>\n<meta property=\"article:publisher\" content=\"https:\/\/www.facebook.com\/limittools\/\" \/>\n<meta name=\"twitter:card\" content=\"summary_large_image\" \/>\n<script type=\"application\/ld+json\" class=\"yoast-schema-graph\">{\"@context\":\"https:\/\/schema.org\",\"@graph\":[{\"@type\":\"WebPage\",\"@id\":\"https:\/\/limittools.test.consids5.se\/sv\/product\/hardhetsmat-gummi-limit-4000\/\",\"url\":\"https:\/\/limittools.test.consids5.se\/sv\/product\/hardhetsmat-gummi-limit-4000\/\",\"name\":\"H\u00c5RDHETSM\u00c4T. GUMMI LIMIT 4000 - Precision measuring instruments | Limit\",\"isPartOf\":{\"@id\":\"https:\/\/limittools.test.consids5.se\/#website\"},\"datePublished\":\"2026-04-08T17:33:54+00:00\",\"dateModified\":\"2026-04-08T17:33:54+00:00\",\"breadcrumb\":{\"@id\":\"https:\/\/limittools.test.consids5.se\/sv\/product\/hardhetsmat-gummi-limit-4000\/#breadcrumb\"},\"inLanguage\":\"sv-SE\",\"potentialAction\":[{\"@type\":\"ReadAction\",\"target\":[\"https:\/\/limittools.test.consids5.se\/sv\/product\/hardhetsmat-gummi-limit-4000\/\"]}]},{\"@type\":\"BreadcrumbList\",\"@id\":\"https:\/\/limittools.test.consids5.se\/sv\/product\/hardhetsmat-gummi-limit-4000\/#breadcrumb\",\"itemListElement\":[{\"@type\":\"ListItem\",\"position\":1,\"name\":\"Products\",\"item\":\"https:\/\/limittools.test.consids5.se\/products\/\"},{\"@type\":\"ListItem\",\"position\":2,\"name\":\"H\u00c5RDHETSM\u00c4T. GUMMI LIMIT 4000\"}]},{\"@type\":\"WebSite\",\"@id\":\"https:\/\/limittools.test.consids5.se\/#website\",\"url\":\"https:\/\/limittools.test.consids5.se\/\",\"name\":\"Precision measuring instruments | Limit\",\"description\":\"Everything can be measured\",\"potentialAction\":[{\"@type\":\"SearchAction\",\"target\":{\"@type\":\"EntryPoint\",\"urlTemplate\":\"https:\/\/limittools.test.consids5.se\/?s={search_term_string}\"},\"query-input\":\"required name=search_term_string\"}],\"inLanguage\":\"sv-SE\"}]}<\/script>\n<!-- \/ Yoast SEO plugin. -->","yoast_head_json":{"title":"H\u00c5RDHETSM\u00c4T. GUMMI LIMIT 4000 - Precision measuring instruments | Limit","robots":{"index":"index","follow":"follow","max-snippet":"max-snippet:-1","max-image-preview":"max-image-preview:large","max-video-preview":"max-video-preview:-1"},"canonical":"https:\/\/limittools.test.consids5.se\/sv\/product\/hardhetsmat-gummi-limit-4000\/","og_locale":"sv_SE","og_type":"article","og_title":"H\u00c5RDHETSM\u00c4T. GUMMI LIMIT 4000 - Precision measuring instruments | Limit","og_description":"M\u00e4ter mjuka materials h\u00e5rdhet som t.ex. gummi, mjuka plastmaterial, l\u00e4der etc. En fj\u00e4derbelastad m\u00e4tspets h\u00e5lls mot materialet och h\u00e5rdheten anges [&hellip;]","og_url":"https:\/\/limittools.test.consids5.se\/sv\/product\/hardhetsmat-gummi-limit-4000\/","og_site_name":"Precision measuring instruments | Limit","article_publisher":"https:\/\/www.facebook.com\/limittools\/","twitter_card":"summary_large_image","schema":{"@context":"https:\/\/schema.org","@graph":[{"@type":"WebPage","@id":"https:\/\/limittools.test.consids5.se\/sv\/product\/hardhetsmat-gummi-limit-4000\/","url":"https:\/\/limittools.test.consids5.se\/sv\/product\/hardhetsmat-gummi-limit-4000\/","name":"H\u00c5RDHETSM\u00c4T. GUMMI LIMIT 4000 - Precision measuring instruments | Limit","isPartOf":{"@id":"https:\/\/limittools.test.consids5.se\/#website"},"datePublished":"2026-04-08T17:33:54+00:00","dateModified":"2026-04-08T17:33:54+00:00","breadcrumb":{"@id":"https:\/\/limittools.test.consids5.se\/sv\/product\/hardhetsmat-gummi-limit-4000\/#breadcrumb"},"inLanguage":"sv-SE","potentialAction":[{"@type":"ReadAction","target":["https:\/\/limittools.test.consids5.se\/sv\/product\/hardhetsmat-gummi-limit-4000\/"]}]},{"@type":"BreadcrumbList","@id":"https:\/\/limittools.test.consids5.se\/sv\/product\/hardhetsmat-gummi-limit-4000\/#breadcrumb","itemListElement":[{"@type":"ListItem","position":1,"name":"Products","item":"https:\/\/limittools.test.consids5.se\/products\/"},{"@type":"ListItem","position":2,"name":"H\u00c5RDHETSM\u00c4T. GUMMI LIMIT 4000"}]},{"@type":"WebSite","@id":"https:\/\/limittools.test.consids5.se\/#website","url":"https:\/\/limittools.test.consids5.se\/","name":"Precision measuring instruments | Limit","description":"Everything can be measured","potentialAction":[{"@type":"SearchAction","target":{"@type":"EntryPoint","urlTemplate":"https:\/\/limittools.test.consids5.se\/?s={search_term_string}"},"query-input":"required name=search_term_string"}],"inLanguage":"sv-SE"}]}},"_links":{"self":[{"href":"https:\/\/limittools.test.consids5.se\/sv\/wp-json\/wp\/v2\/product\/2954"}],"collection":[{"href":"https:\/\/limittools.test.consids5.se\/sv\/wp-json\/wp\/v2\/product"}],"about":[{"href":"https:\/\/limittools.test.consids5.se\/sv\/wp-json\/wp\/v2\/types\/product"}],"replies":[{"embeddable":true,"href":"https:\/\/limittools.test.consids5.se\/sv\/wp-json\/wp\/v2\/comments?post=2954"}],"wp:attachment":[{"href":"https:\/\/limittools.test.consids5.se\/sv\/wp-json\/wp\/v2\/media?parent=2954"}],"wp:term":[{"taxonomy":"product_cat","embeddable":true,"href":"https:\/\/limittools.test.consids5.se\/sv\/wp-json\/wp\/v2\/product_cat?post=2954"},{"taxonomy":"product_tag","embeddable":true,"href":"https:\/\/limittools.test.consids5.se\/sv\/wp-json\/wp\/v2\/product_tag?post=2954"}],"curies":[{"name":"wp","href":"https:\/\/api.w.org\/{rel}","templated":true}]}}