{"id":3104,"date":"2026-04-08T17:35:08","date_gmt":"2026-04-08T17:35:08","guid":{"rendered":"http:\/\/limit-tools.local\/product\/ritsnal-dubb-m-hardm-spets\/"},"modified":"2026-04-08T17:35:08","modified_gmt":"2026-04-08T17:35:08","slug":"ritsnal-dubb-m-hardm-spets","status":"publish","type":"product","link":"https:\/\/limittools.test.consids5.se\/sv\/product\/ritsnal-dubb-m-hardm-spets\/","title":{"rendered":"RITSN\u00c5L DUBB.M.H\u00c5RDM.SPETS"},"content":{"rendered":"<p>Med en rak och en b\u00f6jd ritsspets. H\u00e4rdad. Runt, lettrat skaft. Styckvis f\u00f6rpackade i plastficka.<br \/>\n52530102 med st\u00e5lspets.<br \/>\n52530201 med h\u00e5rdmetallspets.<\/p>\n","protected":false},"excerpt":{"rendered":"Med en rak och en b\u00f6jd ritsspets. H\u00e4rdad. Runt, lettrat skaft. Styckvis f\u00f6rpackade i plastficka. 52530102 med st\u00e5lspets. 52530201 med [&hellip;]","protected":false},"featured_media":0,"comment_status":"closed","ping_status":"closed","template":"","meta":{"_acf_changed":false},"product_cat":[303,249],"product_tag":[],"class_list":{"0":"post-3104","1":"product","2":"type-product","3":"status-publish","5":"product_cat-ritsverktyg-sv","6":"product_cat-verkstadsmat-sv","8":"first","9":"instock","10":"shipping-taxable","11":"product-type-simple"},"acf":[],"yoast_head":"<!-- This site is optimized with the Yoast SEO plugin v23.2 - https:\/\/yoast.com\/wordpress\/plugins\/seo\/ -->\n<title>RITSN\u00c5L DUBB.M.H\u00c5RDM.SPETS - Precision measuring instruments | Limit<\/title>\n<meta name=\"robots\" content=\"index, follow, max-snippet:-1, max-image-preview:large, max-video-preview:-1\" \/>\n<link rel=\"canonical\" href=\"https:\/\/limittools.test.consids5.se\/sv\/product\/ritsnal-dubb-m-hardm-spets\/\" \/>\n<meta property=\"og:locale\" content=\"sv_SE\" \/>\n<meta property=\"og:type\" content=\"article\" \/>\n<meta property=\"og:title\" content=\"RITSN\u00c5L DUBB.M.H\u00c5RDM.SPETS - Precision measuring instruments | Limit\" \/>\n<meta property=\"og:description\" content=\"Med en rak och en b\u00f6jd ritsspets. H\u00e4rdad. Runt, lettrat skaft. Styckvis f\u00f6rpackade i plastficka. 52530102 med st\u00e5lspets. 52530201 med [&hellip;]\" \/>\n<meta property=\"og:url\" content=\"https:\/\/limittools.test.consids5.se\/sv\/product\/ritsnal-dubb-m-hardm-spets\/\" \/>\n<meta property=\"og:site_name\" content=\"Precision measuring instruments | Limit\" \/>\n<meta property=\"article:publisher\" content=\"https:\/\/www.facebook.com\/limittools\/\" \/>\n<meta name=\"twitter:card\" content=\"summary_large_image\" \/>\n<script type=\"application\/ld+json\" class=\"yoast-schema-graph\">{\"@context\":\"https:\/\/schema.org\",\"@graph\":[{\"@type\":\"WebPage\",\"@id\":\"https:\/\/limittools.test.consids5.se\/sv\/product\/ritsnal-dubb-m-hardm-spets\/\",\"url\":\"https:\/\/limittools.test.consids5.se\/sv\/product\/ritsnal-dubb-m-hardm-spets\/\",\"name\":\"RITSN\u00c5L DUBB.M.H\u00c5RDM.SPETS - Precision measuring instruments | Limit\",\"isPartOf\":{\"@id\":\"https:\/\/limittools.test.consids5.se\/#website\"},\"datePublished\":\"2026-04-08T17:35:08+00:00\",\"dateModified\":\"2026-04-08T17:35:08+00:00\",\"breadcrumb\":{\"@id\":\"https:\/\/limittools.test.consids5.se\/sv\/product\/ritsnal-dubb-m-hardm-spets\/#breadcrumb\"},\"inLanguage\":\"sv-SE\",\"potentialAction\":[{\"@type\":\"ReadAction\",\"target\":[\"https:\/\/limittools.test.consids5.se\/sv\/product\/ritsnal-dubb-m-hardm-spets\/\"]}]},{\"@type\":\"BreadcrumbList\",\"@id\":\"https:\/\/limittools.test.consids5.se\/sv\/product\/ritsnal-dubb-m-hardm-spets\/#breadcrumb\",\"itemListElement\":[{\"@type\":\"ListItem\",\"position\":1,\"name\":\"Products\",\"item\":\"https:\/\/limittools.test.consids5.se\/products\/\"},{\"@type\":\"ListItem\",\"position\":2,\"name\":\"RITSN\u00c5L DUBB.M.H\u00c5RDM.SPETS\"}]},{\"@type\":\"WebSite\",\"@id\":\"https:\/\/limittools.test.consids5.se\/#website\",\"url\":\"https:\/\/limittools.test.consids5.se\/\",\"name\":\"Precision measuring instruments | Limit\",\"description\":\"Everything can be measured\",\"potentialAction\":[{\"@type\":\"SearchAction\",\"target\":{\"@type\":\"EntryPoint\",\"urlTemplate\":\"https:\/\/limittools.test.consids5.se\/?s={search_term_string}\"},\"query-input\":\"required name=search_term_string\"}],\"inLanguage\":\"sv-SE\"}]}<\/script>\n<!-- \/ Yoast SEO plugin. -->","yoast_head_json":{"title":"RITSN\u00c5L DUBB.M.H\u00c5RDM.SPETS - Precision measuring instruments | Limit","robots":{"index":"index","follow":"follow","max-snippet":"max-snippet:-1","max-image-preview":"max-image-preview:large","max-video-preview":"max-video-preview:-1"},"canonical":"https:\/\/limittools.test.consids5.se\/sv\/product\/ritsnal-dubb-m-hardm-spets\/","og_locale":"sv_SE","og_type":"article","og_title":"RITSN\u00c5L DUBB.M.H\u00c5RDM.SPETS - Precision measuring instruments | Limit","og_description":"Med en rak och en b\u00f6jd ritsspets. H\u00e4rdad. Runt, lettrat skaft. Styckvis f\u00f6rpackade i plastficka. 52530102 med st\u00e5lspets. 52530201 med [&hellip;]","og_url":"https:\/\/limittools.test.consids5.se\/sv\/product\/ritsnal-dubb-m-hardm-spets\/","og_site_name":"Precision measuring instruments | Limit","article_publisher":"https:\/\/www.facebook.com\/limittools\/","twitter_card":"summary_large_image","schema":{"@context":"https:\/\/schema.org","@graph":[{"@type":"WebPage","@id":"https:\/\/limittools.test.consids5.se\/sv\/product\/ritsnal-dubb-m-hardm-spets\/","url":"https:\/\/limittools.test.consids5.se\/sv\/product\/ritsnal-dubb-m-hardm-spets\/","name":"RITSN\u00c5L DUBB.M.H\u00c5RDM.SPETS - Precision measuring instruments | Limit","isPartOf":{"@id":"https:\/\/limittools.test.consids5.se\/#website"},"datePublished":"2026-04-08T17:35:08+00:00","dateModified":"2026-04-08T17:35:08+00:00","breadcrumb":{"@id":"https:\/\/limittools.test.consids5.se\/sv\/product\/ritsnal-dubb-m-hardm-spets\/#breadcrumb"},"inLanguage":"sv-SE","potentialAction":[{"@type":"ReadAction","target":["https:\/\/limittools.test.consids5.se\/sv\/product\/ritsnal-dubb-m-hardm-spets\/"]}]},{"@type":"BreadcrumbList","@id":"https:\/\/limittools.test.consids5.se\/sv\/product\/ritsnal-dubb-m-hardm-spets\/#breadcrumb","itemListElement":[{"@type":"ListItem","position":1,"name":"Products","item":"https:\/\/limittools.test.consids5.se\/products\/"},{"@type":"ListItem","position":2,"name":"RITSN\u00c5L DUBB.M.H\u00c5RDM.SPETS"}]},{"@type":"WebSite","@id":"https:\/\/limittools.test.consids5.se\/#website","url":"https:\/\/limittools.test.consids5.se\/","name":"Precision measuring instruments | Limit","description":"Everything can be measured","potentialAction":[{"@type":"SearchAction","target":{"@type":"EntryPoint","urlTemplate":"https:\/\/limittools.test.consids5.se\/?s={search_term_string}"},"query-input":"required name=search_term_string"}],"inLanguage":"sv-SE"}]}},"_links":{"self":[{"href":"https:\/\/limittools.test.consids5.se\/sv\/wp-json\/wp\/v2\/product\/3104"}],"collection":[{"href":"https:\/\/limittools.test.consids5.se\/sv\/wp-json\/wp\/v2\/product"}],"about":[{"href":"https:\/\/limittools.test.consids5.se\/sv\/wp-json\/wp\/v2\/types\/product"}],"replies":[{"embeddable":true,"href":"https:\/\/limittools.test.consids5.se\/sv\/wp-json\/wp\/v2\/comments?post=3104"}],"wp:attachment":[{"href":"https:\/\/limittools.test.consids5.se\/sv\/wp-json\/wp\/v2\/media?parent=3104"}],"wp:term":[{"taxonomy":"product_cat","embeddable":true,"href":"https:\/\/limittools.test.consids5.se\/sv\/wp-json\/wp\/v2\/product_cat?post=3104"},{"taxonomy":"product_tag","embeddable":true,"href":"https:\/\/limittools.test.consids5.se\/sv\/wp-json\/wp\/v2\/product_tag?post=3104"}],"curies":[{"name":"wp","href":"https:\/\/api.w.org\/{rel}","templated":true}]}}