{"id":3201,"date":"2025-01-22T08:51:59","date_gmt":"2025-01-22T08:51:59","guid":{"rendered":"http:\/\/limit-tools.local\/product\/inspektionskamera-inspel\/"},"modified":"2025-01-22T08:51:59","modified_gmt":"2025-01-22T08:51:59","slug":"inspektionskamera-inspel","status":"publish","type":"product","link":"https:\/\/limittools.test.consids5.se\/sv\/product\/inspektionskamera-inspel\/","title":{"rendered":"INSPEKTIONSKAMERA INSPEL."},"content":{"rendered":"<p>Inspelningsbar inspektionskamera med 3,5&#8243; f\u00e4rg monitor. Avtagbar monitor med tr\u00e5dl\u00f6s anslutning till kamera enheten upp till 10m. Med SD-kort kan b\u00e5de stillbilder och r\u00f6rliga bilder lagras och senare spelas upp i monitorn eller \u00f6verf\u00f6ras till PC eller TV sk\u00e4rm. Den avtagbara monitorn f\u00f6renklar inspektionen speciellt vid tr\u00e5nga och obekv\u00e4ma utrymmen och n\u00e4r man \u00f6nskar g\u00f6ra en inspektion under en l\u00e4ngre tidsperiod. L\u00e4mplig f\u00f6r inspektion och lokalisering av problem i t.ex. h\u00e5lrum i v\u00e4ggar och murar, avlopp, elsk\u00e5p, motorer etc. \u00c4ven p\u00e5 m\u00f6rka och sv\u00e5rtillg\u00e4ngliga st\u00e4llen. Integrerad LED-belysning i kamerahuvudet med justerbar ljusstyrka Kameran och den b\u00f6jbara armen \u00e4r sj\u00e4lvb\u00e4rande och vattent\u00e4t IP 67.<br \/>\nMed de medf\u00f6ljande tillbeh\u00f6ren s\u00e5som spegel, krok och magnet \u00e4r det enkelt att plocka upp tappade f\u00f6rem\u00e5l. Levereras i robust plastl\u00e5da med 2 GB minneskort, USB kabel och TV anslutnings kabel, f\u00e4rg monitor, krok, magnet, spegel och svensk bruksanvisning. Batterityp AA, ing\u00e5r ej. F\u00f6rl\u00e4ngningsarm 2 meter: kan f\u00f6rl\u00e4ngas i 2 meters l\u00e4ngder upp till \u00f6nskat antal, observera dock att bildkvaliten f\u00f6rs\u00e4mras successivt fr\u00e5n och med ca 7 meter och upp\u00e5t. Passar 5,8 mm kamerahuvud.<\/p>\n","protected":false},"excerpt":{"rendered":"Inspelningsbar inspektionskamera med 3,5&#8243; f\u00e4rg monitor. Avtagbar monitor med tr\u00e5dl\u00f6s anslutning till kamera enheten upp till 10m. Med SD-kort kan [&hellip;]","protected":false},"featured_media":0,"comment_status":"closed","ping_status":"closed","template":"","meta":{"_acf_changed":false},"product_cat":[324,471],"product_tag":[],"class_list":{"0":"post-3201","1":"product","2":"type-product","3":"status-publish","5":"product_cat-inspektion-sv","6":"product_cat-inspektionskameror-sv","8":"first","9":"instock","10":"shipping-taxable","11":"product-type-simple"},"acf":[],"yoast_head":"<!-- This site is optimized with the Yoast SEO plugin v23.2 - https:\/\/yoast.com\/wordpress\/plugins\/seo\/ -->\n<title>INSPEKTIONSKAMERA INSPEL. - Precision measuring instruments | Limit<\/title>\n<meta name=\"robots\" content=\"index, follow, max-snippet:-1, max-image-preview:large, max-video-preview:-1\" \/>\n<link rel=\"canonical\" href=\"https:\/\/limittools.test.consids5.se\/sv\/product\/inspektionskamera-inspel\/\" \/>\n<meta property=\"og:locale\" content=\"sv_SE\" \/>\n<meta property=\"og:type\" content=\"article\" \/>\n<meta property=\"og:title\" content=\"INSPEKTIONSKAMERA INSPEL. - Precision measuring instruments | Limit\" \/>\n<meta property=\"og:description\" content=\"Inspelningsbar inspektionskamera med 3,5&#8243; f\u00e4rg monitor. Avtagbar monitor med tr\u00e5dl\u00f6s anslutning till kamera enheten upp till 10m. Med SD-kort kan [&hellip;]\" \/>\n<meta property=\"og:url\" content=\"https:\/\/limittools.test.consids5.se\/sv\/product\/inspektionskamera-inspel\/\" \/>\n<meta property=\"og:site_name\" content=\"Precision measuring instruments | Limit\" \/>\n<meta property=\"article:publisher\" content=\"https:\/\/www.facebook.com\/limittools\/\" \/>\n<meta name=\"twitter:card\" content=\"summary_large_image\" \/>\n<meta name=\"twitter:label1\" content=\"Est. reading time\" \/>\n\t<meta name=\"twitter:data1\" content=\"1 minute\" \/>\n<script type=\"application\/ld+json\" class=\"yoast-schema-graph\">{\"@context\":\"https:\/\/schema.org\",\"@graph\":[{\"@type\":\"WebPage\",\"@id\":\"https:\/\/limittools.test.consids5.se\/sv\/product\/inspektionskamera-inspel\/\",\"url\":\"https:\/\/limittools.test.consids5.se\/sv\/product\/inspektionskamera-inspel\/\",\"name\":\"INSPEKTIONSKAMERA INSPEL. - Precision measuring instruments | Limit\",\"isPartOf\":{\"@id\":\"https:\/\/limittools.test.consids5.se\/#website\"},\"datePublished\":\"2025-01-22T08:51:59+00:00\",\"dateModified\":\"2025-01-22T08:51:59+00:00\",\"breadcrumb\":{\"@id\":\"https:\/\/limittools.test.consids5.se\/sv\/product\/inspektionskamera-inspel\/#breadcrumb\"},\"inLanguage\":\"sv-SE\",\"potentialAction\":[{\"@type\":\"ReadAction\",\"target\":[\"https:\/\/limittools.test.consids5.se\/sv\/product\/inspektionskamera-inspel\/\"]}]},{\"@type\":\"BreadcrumbList\",\"@id\":\"https:\/\/limittools.test.consids5.se\/sv\/product\/inspektionskamera-inspel\/#breadcrumb\",\"itemListElement\":[{\"@type\":\"ListItem\",\"position\":1,\"name\":\"Products\",\"item\":\"https:\/\/limittools.test.consids5.se\/products\/\"},{\"@type\":\"ListItem\",\"position\":2,\"name\":\"INSPEKTIONSKAMERA INSPEL.\"}]},{\"@type\":\"WebSite\",\"@id\":\"https:\/\/limittools.test.consids5.se\/#website\",\"url\":\"https:\/\/limittools.test.consids5.se\/\",\"name\":\"Precision measuring instruments | Limit\",\"description\":\"Everything can be measured\",\"potentialAction\":[{\"@type\":\"SearchAction\",\"target\":{\"@type\":\"EntryPoint\",\"urlTemplate\":\"https:\/\/limittools.test.consids5.se\/?s={search_term_string}\"},\"query-input\":\"required name=search_term_string\"}],\"inLanguage\":\"sv-SE\"}]}<\/script>\n<!-- \/ Yoast SEO plugin. -->","yoast_head_json":{"title":"INSPEKTIONSKAMERA INSPEL. - Precision measuring instruments | Limit","robots":{"index":"index","follow":"follow","max-snippet":"max-snippet:-1","max-image-preview":"max-image-preview:large","max-video-preview":"max-video-preview:-1"},"canonical":"https:\/\/limittools.test.consids5.se\/sv\/product\/inspektionskamera-inspel\/","og_locale":"sv_SE","og_type":"article","og_title":"INSPEKTIONSKAMERA INSPEL. - Precision measuring instruments | Limit","og_description":"Inspelningsbar inspektionskamera med 3,5&#8243; f\u00e4rg monitor. Avtagbar monitor med tr\u00e5dl\u00f6s anslutning till kamera enheten upp till 10m. Med SD-kort kan [&hellip;]","og_url":"https:\/\/limittools.test.consids5.se\/sv\/product\/inspektionskamera-inspel\/","og_site_name":"Precision measuring instruments | Limit","article_publisher":"https:\/\/www.facebook.com\/limittools\/","twitter_card":"summary_large_image","twitter_misc":{"Est. reading time":"1 minute"},"schema":{"@context":"https:\/\/schema.org","@graph":[{"@type":"WebPage","@id":"https:\/\/limittools.test.consids5.se\/sv\/product\/inspektionskamera-inspel\/","url":"https:\/\/limittools.test.consids5.se\/sv\/product\/inspektionskamera-inspel\/","name":"INSPEKTIONSKAMERA INSPEL. - Precision measuring instruments | Limit","isPartOf":{"@id":"https:\/\/limittools.test.consids5.se\/#website"},"datePublished":"2025-01-22T08:51:59+00:00","dateModified":"2025-01-22T08:51:59+00:00","breadcrumb":{"@id":"https:\/\/limittools.test.consids5.se\/sv\/product\/inspektionskamera-inspel\/#breadcrumb"},"inLanguage":"sv-SE","potentialAction":[{"@type":"ReadAction","target":["https:\/\/limittools.test.consids5.se\/sv\/product\/inspektionskamera-inspel\/"]}]},{"@type":"BreadcrumbList","@id":"https:\/\/limittools.test.consids5.se\/sv\/product\/inspektionskamera-inspel\/#breadcrumb","itemListElement":[{"@type":"ListItem","position":1,"name":"Products","item":"https:\/\/limittools.test.consids5.se\/products\/"},{"@type":"ListItem","position":2,"name":"INSPEKTIONSKAMERA INSPEL."}]},{"@type":"WebSite","@id":"https:\/\/limittools.test.consids5.se\/#website","url":"https:\/\/limittools.test.consids5.se\/","name":"Precision measuring instruments | Limit","description":"Everything can be measured","potentialAction":[{"@type":"SearchAction","target":{"@type":"EntryPoint","urlTemplate":"https:\/\/limittools.test.consids5.se\/?s={search_term_string}"},"query-input":"required name=search_term_string"}],"inLanguage":"sv-SE"}]}},"_links":{"self":[{"href":"https:\/\/limittools.test.consids5.se\/sv\/wp-json\/wp\/v2\/product\/3201"}],"collection":[{"href":"https:\/\/limittools.test.consids5.se\/sv\/wp-json\/wp\/v2\/product"}],"about":[{"href":"https:\/\/limittools.test.consids5.se\/sv\/wp-json\/wp\/v2\/types\/product"}],"replies":[{"embeddable":true,"href":"https:\/\/limittools.test.consids5.se\/sv\/wp-json\/wp\/v2\/comments?post=3201"}],"wp:attachment":[{"href":"https:\/\/limittools.test.consids5.se\/sv\/wp-json\/wp\/v2\/media?parent=3201"}],"wp:term":[{"taxonomy":"product_cat","embeddable":true,"href":"https:\/\/limittools.test.consids5.se\/sv\/wp-json\/wp\/v2\/product_cat?post=3201"},{"taxonomy":"product_tag","embeddable":true,"href":"https:\/\/limittools.test.consids5.se\/sv\/wp-json\/wp\/v2\/product_tag?post=3201"}],"curies":[{"name":"wp","href":"https:\/\/api.w.org\/{rel}","templated":true}]}}