{"id":3294,"date":"2025-01-22T08:52:51","date_gmt":"2025-01-22T08:52:51","guid":{"rendered":"http:\/\/limit-tools.local\/product\/multikorslaser-limit-1080-g\/"},"modified":"2025-01-22T08:52:51","modified_gmt":"2025-01-22T08:52:51","slug":"multikorslaser-limit-1080-g","status":"publish","type":"product","link":"https:\/\/limittools.test.consids5.se\/sv\/product\/multikorslaser-limit-1080-g\/","title":{"rendered":"MULTIKORSLASER LIMIT 1080-G"},"content":{"rendered":"<p>Multikorslaser med gr\u00f6nt laserljus som visar 3 st mycket ljusstarka 360\u00b0-linjer. En horisontell 360\u00b0 linje samt tv\u00e5 vertikala 360\u00b0 linjer som t\u00e4nds 90\u00b0 vinkelr\u00e4tt till varandra. Linjerna kan t\u00e4ndas var f\u00f6r sig eller samtidigt. Laser med gr\u00f6nt ljus upplevs ha 4 ggr b\u00e4ttre synbarhet j\u00e4mf\u00f6rt med r\u00f6tt laserljus, och som d\u00e5 blir mycket anv\u00e4ndbart i ljusstarka milj\u00f6er och\/eller p\u00e5 l\u00e4ngre avst\u00e5nd. Sj\u00e4lvnivellerande med magnetisk pendeld\u00e4mpning. En summerton ljuder och linjerna blinkar n\u00e4r lutningen \u00f6verskrider sj\u00e4lnivelleringsomr\u00e5det. Sj\u00e4lvnivelleringen kan kopplas ifr\u00e5n n\u00e4r man vill visa ett lutande plan genom en mekanisk l\u00e5sning av pendelmekanismen som ocks\u00e5 fungerar som b\u00e5de huvudstr\u00f6mbrytare och transports\u00e4kring. Limit 1080 har \u00e4ven pulserande ljus f\u00f6r anv\u00e4ndning utomhus och i ljusa lokaler ihop med en separat lasermottagare 178620308 (ing\u00e5r ej).<br \/>\nDrivs med AA-batterier eller laddningsbar batteri och laddare (s\u00e4ljs separat). Levereras med justerbart 3-benstativ (237-500 mm), magnetf\u00e4ste, reflektortavla samt AA-batterier i en skyddsv\u00e4ska. Laddningsbart batteri samt laddare finns som tillval (244651006).<br \/>\nAdapter 181120205 kan beh\u00f6vas till tillbeh\u00f6ren 181120106, 200570109, 178650800, 178680104 &#038; 178690103.<\/p>\n","protected":false},"excerpt":{"rendered":"Multikorslaser med gr\u00f6nt laserljus som visar 3 st mycket ljusstarka 360\u00b0-linjer. En horisontell 360\u00b0 linje samt tv\u00e5 vertikala 360\u00b0 linjer [&hellip;]","protected":false},"featured_media":0,"comment_status":"closed","ping_status":"closed","template":"","meta":{"_acf_changed":false},"product_cat":[427,284],"product_tag":[],"class_list":{"0":"post-3294","1":"product","2":"type-product","3":"status-publish","5":"product_cat-korslaser-sv","6":"product_cat-laserinstrument-sv","8":"first","9":"instock","10":"shipping-taxable","11":"product-type-simple"},"acf":[],"yoast_head":"<!-- This site is optimized with the Yoast SEO plugin v23.2 - https:\/\/yoast.com\/wordpress\/plugins\/seo\/ -->\n<title>MULTIKORSLASER LIMIT 1080-G - Precision measuring instruments | Limit<\/title>\n<meta name=\"robots\" content=\"index, follow, max-snippet:-1, max-image-preview:large, max-video-preview:-1\" \/>\n<link rel=\"canonical\" href=\"https:\/\/limittools.test.consids5.se\/sv\/product\/multikorslaser-limit-1080-g\/\" \/>\n<meta property=\"og:locale\" content=\"sv_SE\" \/>\n<meta property=\"og:type\" content=\"article\" \/>\n<meta property=\"og:title\" content=\"MULTIKORSLASER LIMIT 1080-G - Precision measuring instruments | Limit\" \/>\n<meta property=\"og:description\" content=\"Multikorslaser med gr\u00f6nt laserljus som visar 3 st mycket ljusstarka 360\u00b0-linjer. En horisontell 360\u00b0 linje samt tv\u00e5 vertikala 360\u00b0 linjer [&hellip;]\" \/>\n<meta property=\"og:url\" content=\"https:\/\/limittools.test.consids5.se\/sv\/product\/multikorslaser-limit-1080-g\/\" \/>\n<meta property=\"og:site_name\" content=\"Precision measuring instruments | Limit\" \/>\n<meta property=\"article:publisher\" content=\"https:\/\/www.facebook.com\/limittools\/\" \/>\n<meta name=\"twitter:card\" content=\"summary_large_image\" \/>\n<meta name=\"twitter:label1\" content=\"Est. reading time\" \/>\n\t<meta name=\"twitter:data1\" content=\"1 minute\" \/>\n<script type=\"application\/ld+json\" class=\"yoast-schema-graph\">{\"@context\":\"https:\/\/schema.org\",\"@graph\":[{\"@type\":\"WebPage\",\"@id\":\"https:\/\/limittools.test.consids5.se\/sv\/product\/multikorslaser-limit-1080-g\/\",\"url\":\"https:\/\/limittools.test.consids5.se\/sv\/product\/multikorslaser-limit-1080-g\/\",\"name\":\"MULTIKORSLASER LIMIT 1080-G - Precision measuring instruments | Limit\",\"isPartOf\":{\"@id\":\"https:\/\/limittools.test.consids5.se\/#website\"},\"datePublished\":\"2025-01-22T08:52:51+00:00\",\"dateModified\":\"2025-01-22T08:52:51+00:00\",\"breadcrumb\":{\"@id\":\"https:\/\/limittools.test.consids5.se\/sv\/product\/multikorslaser-limit-1080-g\/#breadcrumb\"},\"inLanguage\":\"sv-SE\",\"potentialAction\":[{\"@type\":\"ReadAction\",\"target\":[\"https:\/\/limittools.test.consids5.se\/sv\/product\/multikorslaser-limit-1080-g\/\"]}]},{\"@type\":\"BreadcrumbList\",\"@id\":\"https:\/\/limittools.test.consids5.se\/sv\/product\/multikorslaser-limit-1080-g\/#breadcrumb\",\"itemListElement\":[{\"@type\":\"ListItem\",\"position\":1,\"name\":\"Products\",\"item\":\"https:\/\/limittools.test.consids5.se\/products\/\"},{\"@type\":\"ListItem\",\"position\":2,\"name\":\"MULTIKORSLASER LIMIT 1080-G\"}]},{\"@type\":\"WebSite\",\"@id\":\"https:\/\/limittools.test.consids5.se\/#website\",\"url\":\"https:\/\/limittools.test.consids5.se\/\",\"name\":\"Precision measuring instruments | Limit\",\"description\":\"Everything can be measured\",\"potentialAction\":[{\"@type\":\"SearchAction\",\"target\":{\"@type\":\"EntryPoint\",\"urlTemplate\":\"https:\/\/limittools.test.consids5.se\/?s={search_term_string}\"},\"query-input\":\"required name=search_term_string\"}],\"inLanguage\":\"sv-SE\"}]}<\/script>\n<!-- \/ Yoast SEO plugin. -->","yoast_head_json":{"title":"MULTIKORSLASER LIMIT 1080-G - Precision measuring instruments | Limit","robots":{"index":"index","follow":"follow","max-snippet":"max-snippet:-1","max-image-preview":"max-image-preview:large","max-video-preview":"max-video-preview:-1"},"canonical":"https:\/\/limittools.test.consids5.se\/sv\/product\/multikorslaser-limit-1080-g\/","og_locale":"sv_SE","og_type":"article","og_title":"MULTIKORSLASER LIMIT 1080-G - Precision measuring instruments | Limit","og_description":"Multikorslaser med gr\u00f6nt laserljus som visar 3 st mycket ljusstarka 360\u00b0-linjer. En horisontell 360\u00b0 linje samt tv\u00e5 vertikala 360\u00b0 linjer [&hellip;]","og_url":"https:\/\/limittools.test.consids5.se\/sv\/product\/multikorslaser-limit-1080-g\/","og_site_name":"Precision measuring instruments | Limit","article_publisher":"https:\/\/www.facebook.com\/limittools\/","twitter_card":"summary_large_image","twitter_misc":{"Est. reading time":"1 minute"},"schema":{"@context":"https:\/\/schema.org","@graph":[{"@type":"WebPage","@id":"https:\/\/limittools.test.consids5.se\/sv\/product\/multikorslaser-limit-1080-g\/","url":"https:\/\/limittools.test.consids5.se\/sv\/product\/multikorslaser-limit-1080-g\/","name":"MULTIKORSLASER LIMIT 1080-G - Precision measuring instruments | Limit","isPartOf":{"@id":"https:\/\/limittools.test.consids5.se\/#website"},"datePublished":"2025-01-22T08:52:51+00:00","dateModified":"2025-01-22T08:52:51+00:00","breadcrumb":{"@id":"https:\/\/limittools.test.consids5.se\/sv\/product\/multikorslaser-limit-1080-g\/#breadcrumb"},"inLanguage":"sv-SE","potentialAction":[{"@type":"ReadAction","target":["https:\/\/limittools.test.consids5.se\/sv\/product\/multikorslaser-limit-1080-g\/"]}]},{"@type":"BreadcrumbList","@id":"https:\/\/limittools.test.consids5.se\/sv\/product\/multikorslaser-limit-1080-g\/#breadcrumb","itemListElement":[{"@type":"ListItem","position":1,"name":"Products","item":"https:\/\/limittools.test.consids5.se\/products\/"},{"@type":"ListItem","position":2,"name":"MULTIKORSLASER LIMIT 1080-G"}]},{"@type":"WebSite","@id":"https:\/\/limittools.test.consids5.se\/#website","url":"https:\/\/limittools.test.consids5.se\/","name":"Precision measuring instruments | Limit","description":"Everything can be measured","potentialAction":[{"@type":"SearchAction","target":{"@type":"EntryPoint","urlTemplate":"https:\/\/limittools.test.consids5.se\/?s={search_term_string}"},"query-input":"required name=search_term_string"}],"inLanguage":"sv-SE"}]}},"_links":{"self":[{"href":"https:\/\/limittools.test.consids5.se\/sv\/wp-json\/wp\/v2\/product\/3294"}],"collection":[{"href":"https:\/\/limittools.test.consids5.se\/sv\/wp-json\/wp\/v2\/product"}],"about":[{"href":"https:\/\/limittools.test.consids5.se\/sv\/wp-json\/wp\/v2\/types\/product"}],"replies":[{"embeddable":true,"href":"https:\/\/limittools.test.consids5.se\/sv\/wp-json\/wp\/v2\/comments?post=3294"}],"wp:attachment":[{"href":"https:\/\/limittools.test.consids5.se\/sv\/wp-json\/wp\/v2\/media?parent=3294"}],"wp:term":[{"taxonomy":"product_cat","embeddable":true,"href":"https:\/\/limittools.test.consids5.se\/sv\/wp-json\/wp\/v2\/product_cat?post=3294"},{"taxonomy":"product_tag","embeddable":true,"href":"https:\/\/limittools.test.consids5.se\/sv\/wp-json\/wp\/v2\/product_tag?post=3294"}],"curies":[{"name":"wp","href":"https:\/\/api.w.org\/{rel}","templated":true}]}}