{"id":3315,"date":"2026-04-08T17:37:05","date_gmt":"2026-04-08T17:37:05","guid":{"rendered":"http:\/\/limit-tools.local\/product\/termometer-limit-60\/"},"modified":"2026-04-08T17:37:05","modified_gmt":"2026-04-08T17:37:05","slug":"termometer-limit-60","status":"publish","type":"product","link":"https:\/\/limittools.test.consids5.se\/sv\/product\/termometer-limit-60\/","title":{"rendered":"TERMOMETER LIMIT 60"},"content":{"rendered":"<p>Digital givartermometer.Tv\u00e5 kanaler f\u00f6r samtidig m\u00e4tning med tv\u00e5 olika givare. Upp till 99 m\u00e4tningar kan lagras \u00f6ver tid, antingen med f\u00f6rinst\u00e4llda tidsintervaller eller manuell registrering. Lagrade m\u00e4tningar kan \u00f6verf\u00f6ras till PC.<br \/>\nRegistrerar max.-min.-v\u00e4rde, skillnad mellan m\u00e4tpunkterna. Holdfunktion. Instrumentet \u00e4r enkelt att justera f\u00f6r eventuella m\u00e4tfel fr\u00e5n givare. Displaybelysning. Omst\u00e4llbar mellan \u00b0C och \u00b0F. Varning f\u00f6r l\u00e5g batterisp\u00e4nning. Givare typ K, J och E kan anv\u00e4ndas. Tr\u00e5dgivare max. 260 \u00b0C ing\u00e5r samt USB kabel och mjukvara, batteri och svensk bruksanvisning.<br \/>\n15321-0208 Insticksgivare luft\/v\u00e4tskor typ K -50 till +600 \u00b0C. Givarl\u00e4ngd 180 mm. Kabell\u00e4ngd 1000 mm.<br \/>\n15321-0307 Ytgivare typ K -50 till +500 \u00b0C. Givarl\u00e4ngd 125 mm. Kabell\u00e4ngd 1000 mm.<br \/>\n12860-0301 Tr\u00e5dgivare -50 till +260 \u00b0C. Tr\u00e5dl\u00e4ngd 900 mm.<\/p>\n","protected":false},"excerpt":{"rendered":"Digital givartermometer.Tv\u00e5 kanaler f\u00f6r samtidig m\u00e4tning med tv\u00e5 olika givare. Upp till 99 m\u00e4tningar kan lagras \u00f6ver tid, antingen med [&hellip;]","protected":false},"featured_media":0,"comment_status":"closed","ping_status":"closed","template":"","meta":{"_acf_changed":false},"product_cat":[525,1602],"product_tag":[],"class_list":{"0":"post-3315","1":"product","2":"type-product","3":"status-publish","5":"product_cat-klimat-och-miljomat-instrument-sv","6":"product_cat-termometer-sv","8":"first","9":"instock","10":"shipping-taxable","11":"product-type-simple"},"acf":[],"yoast_head":"<!-- This site is optimized with the Yoast SEO plugin v23.2 - https:\/\/yoast.com\/wordpress\/plugins\/seo\/ -->\n<title>TERMOMETER LIMIT 60 - Precision measuring instruments | Limit<\/title>\n<meta name=\"robots\" content=\"index, follow, max-snippet:-1, max-image-preview:large, max-video-preview:-1\" \/>\n<link rel=\"canonical\" href=\"https:\/\/limittools.test.consids5.se\/sv\/product\/termometer-limit-60\/\" \/>\n<meta property=\"og:locale\" content=\"sv_SE\" \/>\n<meta property=\"og:type\" content=\"article\" \/>\n<meta property=\"og:title\" content=\"TERMOMETER LIMIT 60 - Precision measuring instruments | Limit\" \/>\n<meta property=\"og:description\" content=\"Digital givartermometer.Tv\u00e5 kanaler f\u00f6r samtidig m\u00e4tning med tv\u00e5 olika givare. Upp till 99 m\u00e4tningar kan lagras \u00f6ver tid, antingen med [&hellip;]\" \/>\n<meta property=\"og:url\" content=\"https:\/\/limittools.test.consids5.se\/sv\/product\/termometer-limit-60\/\" \/>\n<meta property=\"og:site_name\" content=\"Precision measuring instruments | Limit\" \/>\n<meta property=\"article:publisher\" content=\"https:\/\/www.facebook.com\/limittools\/\" \/>\n<meta name=\"twitter:card\" content=\"summary_large_image\" \/>\n<meta name=\"twitter:label1\" content=\"Est. reading time\" \/>\n\t<meta name=\"twitter:data1\" content=\"1 minute\" \/>\n<script type=\"application\/ld+json\" class=\"yoast-schema-graph\">{\"@context\":\"https:\/\/schema.org\",\"@graph\":[{\"@type\":\"WebPage\",\"@id\":\"https:\/\/limittools.test.consids5.se\/sv\/product\/termometer-limit-60\/\",\"url\":\"https:\/\/limittools.test.consids5.se\/sv\/product\/termometer-limit-60\/\",\"name\":\"TERMOMETER LIMIT 60 - Precision measuring instruments | Limit\",\"isPartOf\":{\"@id\":\"https:\/\/limittools.test.consids5.se\/#website\"},\"datePublished\":\"2026-04-08T17:37:05+00:00\",\"dateModified\":\"2026-04-08T17:37:05+00:00\",\"breadcrumb\":{\"@id\":\"https:\/\/limittools.test.consids5.se\/sv\/product\/termometer-limit-60\/#breadcrumb\"},\"inLanguage\":\"sv-SE\",\"potentialAction\":[{\"@type\":\"ReadAction\",\"target\":[\"https:\/\/limittools.test.consids5.se\/sv\/product\/termometer-limit-60\/\"]}]},{\"@type\":\"BreadcrumbList\",\"@id\":\"https:\/\/limittools.test.consids5.se\/sv\/product\/termometer-limit-60\/#breadcrumb\",\"itemListElement\":[{\"@type\":\"ListItem\",\"position\":1,\"name\":\"Products\",\"item\":\"https:\/\/limittools.test.consids5.se\/products\/\"},{\"@type\":\"ListItem\",\"position\":2,\"name\":\"TERMOMETER LIMIT 60\"}]},{\"@type\":\"WebSite\",\"@id\":\"https:\/\/limittools.test.consids5.se\/#website\",\"url\":\"https:\/\/limittools.test.consids5.se\/\",\"name\":\"Precision measuring instruments | Limit\",\"description\":\"Everything can be measured\",\"potentialAction\":[{\"@type\":\"SearchAction\",\"target\":{\"@type\":\"EntryPoint\",\"urlTemplate\":\"https:\/\/limittools.test.consids5.se\/?s={search_term_string}\"},\"query-input\":\"required name=search_term_string\"}],\"inLanguage\":\"sv-SE\"}]}<\/script>\n<!-- \/ Yoast SEO plugin. -->","yoast_head_json":{"title":"TERMOMETER LIMIT 60 - Precision measuring instruments | Limit","robots":{"index":"index","follow":"follow","max-snippet":"max-snippet:-1","max-image-preview":"max-image-preview:large","max-video-preview":"max-video-preview:-1"},"canonical":"https:\/\/limittools.test.consids5.se\/sv\/product\/termometer-limit-60\/","og_locale":"sv_SE","og_type":"article","og_title":"TERMOMETER LIMIT 60 - Precision measuring instruments | Limit","og_description":"Digital givartermometer.Tv\u00e5 kanaler f\u00f6r samtidig m\u00e4tning med tv\u00e5 olika givare. Upp till 99 m\u00e4tningar kan lagras \u00f6ver tid, antingen med [&hellip;]","og_url":"https:\/\/limittools.test.consids5.se\/sv\/product\/termometer-limit-60\/","og_site_name":"Precision measuring instruments | Limit","article_publisher":"https:\/\/www.facebook.com\/limittools\/","twitter_card":"summary_large_image","twitter_misc":{"Est. reading time":"1 minute"},"schema":{"@context":"https:\/\/schema.org","@graph":[{"@type":"WebPage","@id":"https:\/\/limittools.test.consids5.se\/sv\/product\/termometer-limit-60\/","url":"https:\/\/limittools.test.consids5.se\/sv\/product\/termometer-limit-60\/","name":"TERMOMETER LIMIT 60 - Precision measuring instruments | Limit","isPartOf":{"@id":"https:\/\/limittools.test.consids5.se\/#website"},"datePublished":"2026-04-08T17:37:05+00:00","dateModified":"2026-04-08T17:37:05+00:00","breadcrumb":{"@id":"https:\/\/limittools.test.consids5.se\/sv\/product\/termometer-limit-60\/#breadcrumb"},"inLanguage":"sv-SE","potentialAction":[{"@type":"ReadAction","target":["https:\/\/limittools.test.consids5.se\/sv\/product\/termometer-limit-60\/"]}]},{"@type":"BreadcrumbList","@id":"https:\/\/limittools.test.consids5.se\/sv\/product\/termometer-limit-60\/#breadcrumb","itemListElement":[{"@type":"ListItem","position":1,"name":"Products","item":"https:\/\/limittools.test.consids5.se\/products\/"},{"@type":"ListItem","position":2,"name":"TERMOMETER LIMIT 60"}]},{"@type":"WebSite","@id":"https:\/\/limittools.test.consids5.se\/#website","url":"https:\/\/limittools.test.consids5.se\/","name":"Precision measuring instruments | Limit","description":"Everything can be measured","potentialAction":[{"@type":"SearchAction","target":{"@type":"EntryPoint","urlTemplate":"https:\/\/limittools.test.consids5.se\/?s={search_term_string}"},"query-input":"required name=search_term_string"}],"inLanguage":"sv-SE"}]}},"_links":{"self":[{"href":"https:\/\/limittools.test.consids5.se\/sv\/wp-json\/wp\/v2\/product\/3315"}],"collection":[{"href":"https:\/\/limittools.test.consids5.se\/sv\/wp-json\/wp\/v2\/product"}],"about":[{"href":"https:\/\/limittools.test.consids5.se\/sv\/wp-json\/wp\/v2\/types\/product"}],"replies":[{"embeddable":true,"href":"https:\/\/limittools.test.consids5.se\/sv\/wp-json\/wp\/v2\/comments?post=3315"}],"wp:attachment":[{"href":"https:\/\/limittools.test.consids5.se\/sv\/wp-json\/wp\/v2\/media?parent=3315"}],"wp:term":[{"taxonomy":"product_cat","embeddable":true,"href":"https:\/\/limittools.test.consids5.se\/sv\/wp-json\/wp\/v2\/product_cat?post=3315"},{"taxonomy":"product_tag","embeddable":true,"href":"https:\/\/limittools.test.consids5.se\/sv\/wp-json\/wp\/v2\/product_tag?post=3315"}],"curies":[{"name":"wp","href":"https:\/\/api.w.org\/{rel}","templated":true}]}}