{"id":3342,"date":"2026-04-08T17:37:24","date_gmt":"2026-04-08T17:37:24","guid":{"rendered":"http:\/\/limit-tools.local\/product\/flansvinkel-300x300\/"},"modified":"2026-04-08T17:37:24","modified_gmt":"2026-04-08T17:37:24","slug":"flansvinkel-300x300","status":"publish","type":"product","link":"https:\/\/limittools.test.consids5.se\/sv\/product\/flansvinkel-300x300\/","title":{"rendered":"FL\u00c4NSVINKEL 300X300"},"content":{"rendered":"<p>F\u00f6r justering eller kontroll av fl\u00e4nsar p\u00e5 r\u00f6r. Av f\u00f6rkromaat st\u00e5l.<\/p>\n","protected":false},"excerpt":{"rendered":"F\u00f6r justering eller kontroll av fl\u00e4nsar p\u00e5 r\u00f6r. Av f\u00f6rkromaat st\u00e5l.","protected":false},"featured_media":0,"comment_status":"closed","ping_status":"closed","template":"","meta":{"_acf_changed":false},"product_cat":[249,479],"product_tag":[],"class_list":{"0":"post-3342","1":"product","2":"type-product","3":"status-publish","5":"product_cat-verkstadsmat-sv","6":"product_cat-vinkelhakar-sv","8":"first","9":"instock","10":"shipping-taxable","11":"product-type-simple"},"acf":[],"yoast_head":"<!-- This site is optimized with the Yoast SEO plugin v23.2 - https:\/\/yoast.com\/wordpress\/plugins\/seo\/ -->\n<title>FL\u00c4NSVINKEL 300X300 - Precision measuring instruments | Limit<\/title>\n<meta name=\"robots\" content=\"index, follow, max-snippet:-1, max-image-preview:large, max-video-preview:-1\" \/>\n<link rel=\"canonical\" href=\"https:\/\/limittools.test.consids5.se\/sv\/product\/flansvinkel-300x300\/\" \/>\n<meta property=\"og:locale\" content=\"sv_SE\" \/>\n<meta property=\"og:type\" content=\"article\" \/>\n<meta property=\"og:title\" content=\"FL\u00c4NSVINKEL 300X300 - Precision measuring instruments | Limit\" \/>\n<meta property=\"og:description\" content=\"F\u00f6r justering eller kontroll av fl\u00e4nsar p\u00e5 r\u00f6r. Av f\u00f6rkromaat st\u00e5l.\" \/>\n<meta property=\"og:url\" content=\"https:\/\/limittools.test.consids5.se\/sv\/product\/flansvinkel-300x300\/\" \/>\n<meta property=\"og:site_name\" content=\"Precision measuring instruments | Limit\" \/>\n<meta property=\"article:publisher\" content=\"https:\/\/www.facebook.com\/limittools\/\" \/>\n<meta name=\"twitter:card\" content=\"summary_large_image\" \/>\n<script type=\"application\/ld+json\" class=\"yoast-schema-graph\">{\"@context\":\"https:\/\/schema.org\",\"@graph\":[{\"@type\":\"WebPage\",\"@id\":\"https:\/\/limittools.test.consids5.se\/sv\/product\/flansvinkel-300x300\/\",\"url\":\"https:\/\/limittools.test.consids5.se\/sv\/product\/flansvinkel-300x300\/\",\"name\":\"FL\u00c4NSVINKEL 300X300 - Precision measuring instruments | Limit\",\"isPartOf\":{\"@id\":\"https:\/\/limittools.test.consids5.se\/#website\"},\"datePublished\":\"2026-04-08T17:37:24+00:00\",\"dateModified\":\"2026-04-08T17:37:24+00:00\",\"breadcrumb\":{\"@id\":\"https:\/\/limittools.test.consids5.se\/sv\/product\/flansvinkel-300x300\/#breadcrumb\"},\"inLanguage\":\"sv-SE\",\"potentialAction\":[{\"@type\":\"ReadAction\",\"target\":[\"https:\/\/limittools.test.consids5.se\/sv\/product\/flansvinkel-300x300\/\"]}]},{\"@type\":\"BreadcrumbList\",\"@id\":\"https:\/\/limittools.test.consids5.se\/sv\/product\/flansvinkel-300x300\/#breadcrumb\",\"itemListElement\":[{\"@type\":\"ListItem\",\"position\":1,\"name\":\"Products\",\"item\":\"https:\/\/limittools.test.consids5.se\/products\/\"},{\"@type\":\"ListItem\",\"position\":2,\"name\":\"FL\u00c4NSVINKEL 300X300\"}]},{\"@type\":\"WebSite\",\"@id\":\"https:\/\/limittools.test.consids5.se\/#website\",\"url\":\"https:\/\/limittools.test.consids5.se\/\",\"name\":\"Precision measuring instruments | Limit\",\"description\":\"Everything can be measured\",\"potentialAction\":[{\"@type\":\"SearchAction\",\"target\":{\"@type\":\"EntryPoint\",\"urlTemplate\":\"https:\/\/limittools.test.consids5.se\/?s={search_term_string}\"},\"query-input\":\"required name=search_term_string\"}],\"inLanguage\":\"sv-SE\"}]}<\/script>\n<!-- \/ Yoast SEO plugin. -->","yoast_head_json":{"title":"FL\u00c4NSVINKEL 300X300 - Precision measuring instruments | Limit","robots":{"index":"index","follow":"follow","max-snippet":"max-snippet:-1","max-image-preview":"max-image-preview:large","max-video-preview":"max-video-preview:-1"},"canonical":"https:\/\/limittools.test.consids5.se\/sv\/product\/flansvinkel-300x300\/","og_locale":"sv_SE","og_type":"article","og_title":"FL\u00c4NSVINKEL 300X300 - Precision measuring instruments | Limit","og_description":"F\u00f6r justering eller kontroll av fl\u00e4nsar p\u00e5 r\u00f6r. Av f\u00f6rkromaat st\u00e5l.","og_url":"https:\/\/limittools.test.consids5.se\/sv\/product\/flansvinkel-300x300\/","og_site_name":"Precision measuring instruments | Limit","article_publisher":"https:\/\/www.facebook.com\/limittools\/","twitter_card":"summary_large_image","schema":{"@context":"https:\/\/schema.org","@graph":[{"@type":"WebPage","@id":"https:\/\/limittools.test.consids5.se\/sv\/product\/flansvinkel-300x300\/","url":"https:\/\/limittools.test.consids5.se\/sv\/product\/flansvinkel-300x300\/","name":"FL\u00c4NSVINKEL 300X300 - Precision measuring instruments | Limit","isPartOf":{"@id":"https:\/\/limittools.test.consids5.se\/#website"},"datePublished":"2026-04-08T17:37:24+00:00","dateModified":"2026-04-08T17:37:24+00:00","breadcrumb":{"@id":"https:\/\/limittools.test.consids5.se\/sv\/product\/flansvinkel-300x300\/#breadcrumb"},"inLanguage":"sv-SE","potentialAction":[{"@type":"ReadAction","target":["https:\/\/limittools.test.consids5.se\/sv\/product\/flansvinkel-300x300\/"]}]},{"@type":"BreadcrumbList","@id":"https:\/\/limittools.test.consids5.se\/sv\/product\/flansvinkel-300x300\/#breadcrumb","itemListElement":[{"@type":"ListItem","position":1,"name":"Products","item":"https:\/\/limittools.test.consids5.se\/products\/"},{"@type":"ListItem","position":2,"name":"FL\u00c4NSVINKEL 300X300"}]},{"@type":"WebSite","@id":"https:\/\/limittools.test.consids5.se\/#website","url":"https:\/\/limittools.test.consids5.se\/","name":"Precision measuring instruments | Limit","description":"Everything can be measured","potentialAction":[{"@type":"SearchAction","target":{"@type":"EntryPoint","urlTemplate":"https:\/\/limittools.test.consids5.se\/?s={search_term_string}"},"query-input":"required name=search_term_string"}],"inLanguage":"sv-SE"}]}},"_links":{"self":[{"href":"https:\/\/limittools.test.consids5.se\/sv\/wp-json\/wp\/v2\/product\/3342"}],"collection":[{"href":"https:\/\/limittools.test.consids5.se\/sv\/wp-json\/wp\/v2\/product"}],"about":[{"href":"https:\/\/limittools.test.consids5.se\/sv\/wp-json\/wp\/v2\/types\/product"}],"replies":[{"embeddable":true,"href":"https:\/\/limittools.test.consids5.se\/sv\/wp-json\/wp\/v2\/comments?post=3342"}],"wp:attachment":[{"href":"https:\/\/limittools.test.consids5.se\/sv\/wp-json\/wp\/v2\/media?parent=3342"}],"wp:term":[{"taxonomy":"product_cat","embeddable":true,"href":"https:\/\/limittools.test.consids5.se\/sv\/wp-json\/wp\/v2\/product_cat?post=3342"},{"taxonomy":"product_tag","embeddable":true,"href":"https:\/\/limittools.test.consids5.se\/sv\/wp-json\/wp\/v2\/product_tag?post=3342"}],"curies":[{"name":"wp","href":"https:\/\/api.w.org\/{rel}","templated":true}]}}